{"id":23523,"date":"2021-10-25T10:24:39","date_gmt":"2021-10-25T08:24:39","guid":{"rendered":"https:\/\/www.maitri.pl\/?post_type=product&#038;p=23523"},"modified":"2023-02-10T12:21:53","modified_gmt":"2023-02-10T11:21:53","slug":"osrodek-zdrowia-dimako-zakup-lekow","status":"publish","type":"product","link":"https:\/\/www.maitri.pl\/fr\/projekt\/osrodek-zdrowia-dimako-zakup-lekow\/","title":{"rendered":"O\u015brodek Zdrowia w Dimako prosi o leki dla chorych i cierpi\u0105cych"},"content":{"rendered":"<h4>Fina\u0142 rozbudowy szpitala<\/h4>\n<p>Nasz O\u015brodek Zdrowia w Dimako funkcjonuje od 16 lat. W tym roku ko\u0144czymy budow\u0119 ostatniego budynku. Prawie od pocz\u0105tku istnienia O\u015brodka przychodzicie nam z pomoc\u0105 w zakupie lek\u00f3w. Dzi\u0119ki Wam mo\u017cemy pomaga\u0107 wszystkim, kt\u00f3rzy przychodz\u0105 do naszego O\u015brodka, tak\u017ce tym kt\u00f3rych nie sta\u0107 na op\u0142acenie leczenia, zrobienie bada\u0144 czy <a href=\"https:\/\/www.maitri.pl\/projekt\/siostry-od-aniolow-pomoc-w-zakupie-lekow\/\" target=\"_blank\" rel=\"noopener\">zakup lek\u00f3w<\/a>. Trudno sobie wyobrazi\u0107 pomoc dla nich bez Waszego wk\u0142adu.<\/p>\n<h4>Wojna, pandemia i anemia<\/h4>\n<p>Ludno\u015b\u0107, kt\u00f3ra przychodzi do nas jest bardzo biedna, \u017cyj\u0105ca g\u0142\u00f3wnie z uprawy ziemi. Do tego dochodzi jeszcze fakt wojny, kt\u00f3ra toczy si\u0119 w angloj\u0119zycznej cz\u0119\u015bci kraju. Coraz to wi\u0119cej ludzi, z region\u00f3w obj\u0119tych wojn\u0105, przesiedla si\u0119 w nasze strony w pogoni za spokojnym \u017cyciem. Ta grupa jest przedmiotem naszej szczeg\u00f3lnej troski, gdy\u017c cz\u0119sto s\u0105 pozbawieni podstawowych \u015brodk\u00f3w do \u017cycia. Leki s\u0105 bardzo drogie. W czasie gdy \u015bwiat walczy z pandemi\u0105 koronawirusa, widzimy \u017ce leki s\u0105 coraz dro\u017csze i coraz trudniej je dosta\u0107. Coraz cz\u0119stsze s\u0105 przypadki silnej anemii u dzieci, ale i u doros\u0142ych.<\/p>\n<h4>Szpital pa\u0144stwowy nie funkcjonuje<\/h4>\n<p>Dzi\u0119ki Waszej pomocy w zakupie podstawowych lek\u00f3w, nasz O\u015brodek Zdrowia mo\u017ce sprawnie funkcjonowa\u0107 i jest gotowy nie\u015b\u0107 pomoc tym najbardziej potrzebuj\u0105cym: kobietom w ci\u0105\u017cy, rannym po wypadkach, wycie\u0144czonym przesiedle\u0144com. Mo\u017cna powiedzie\u0107, \u017ce w obecnej sytuacji jeste\u015bmy jedn\u0105 plac\u00f3wk\u0105 medyczn\u0105 w mie\u015bcie, kt\u00f3ra spe\u0142nia swoj\u0105 funkcj\u0119 wobec chorych. Szpital pa\u0144stwowy prawie nie funkcjonuje. Musimy stawia\u0107 czo\u0142a trudnym przypadkom i sytuacjom. Kwota, o kt\u00f3r\u0105 prosimy pomo\u017ce nam w zakupie lek\u00f3w na okres 3-4 miesi\u0119cy.<\/p>\n<p>Dzi\u0119kujemy Wam z serca za Wasz udzia\u0142 i obiecujemy modlitw\u0119 w Waszej intencji ka\u017cdego dnia.<\/p>\n<h4>Kosztorys:<\/h4>\n<table>\n<tbody>\n<tr>\n<td width=\"33\">1.<\/td>\n<td width=\"313\">AMPICILINE 1 GR \/INJ<\/p>\n<p>&nbsp;<\/td>\n<td width=\"85\">1500 FLC<\/td>\n<td width=\"95\">200 FR CFA<\/td>\n<td width=\"133\">300.000 FR CFA<\/td>\n<\/tr>\n<tr>\n<td width=\"33\">2.<\/td>\n<td width=\"313\">ASPEGIC 900 GR\/ 100 FL<\/p>\n<p>&nbsp;<\/td>\n<td width=\"85\">200 FLC<\/td>\n<td width=\"95\">250<\/td>\n<td width=\"133\">50.000<\/td>\n<\/tr>\n<tr>\n<td width=\"33\">3.<\/td>\n<td width=\"313\">QUININE 300 MG<\/p>\n<p>&nbsp;<\/td>\n<td width=\"85\">6000 CP<\/td>\n<td width=\"95\">45<\/td>\n<td width=\"133\">270.000<\/td>\n<\/tr>\n<tr>\n<td width=\"33\">4.<\/td>\n<td width=\"313\">AMOXICILINE 500 MG GEL<\/p>\n<p>&nbsp;<\/td>\n<td width=\"85\">10000<\/td>\n<td width=\"95\">23<\/td>\n<td width=\"133\">230.000<\/td>\n<\/tr>\n<tr>\n<td width=\"33\">5.<\/td>\n<td width=\"313\">CEFTRIAXONE 1 GR INJ.<\/p>\n<p>&nbsp;<\/td>\n<td width=\"85\">2000 FLC<\/td>\n<td width=\"95\">300<\/td>\n<td width=\"133\">600.000<\/td>\n<\/tr>\n<tr>\n<td width=\"33\">6.<\/td>\n<td width=\"313\">METRONIDAZOL 500 MG INJFL\/100 ML<\/p>\n<p>&nbsp;<\/td>\n<td width=\"85\">200 FLC<\/td>\n<td width=\"95\">400<\/td>\n<td width=\"133\">80.000<\/td>\n<\/tr>\n<tr>\n<td width=\"33\">7.<\/td>\n<td width=\"313\">ARTESUNATE 60 MG INJ<\/p>\n<p>&nbsp;<\/td>\n<td width=\"85\">100<\/td>\n<td width=\"95\">750<\/td>\n<td width=\"133\">75.000<\/td>\n<\/tr>\n<tr>\n<td width=\"33\">8.<\/td>\n<td width=\"313\">ARTEMETHER 80 MG B\/60<\/p>\n<p>&nbsp;<\/td>\n<td width=\"85\">10 BT<\/td>\n<td width=\"95\">10000<\/td>\n<td width=\"133\">100.000<\/td>\n<\/tr>\n<tr>\n<td width=\"33\">9.<\/td>\n<td width=\"313\">PARACETAMOL 500 MG B\/1000<\/p>\n<p>&nbsp;<\/td>\n<td width=\"85\">10 BT<\/td>\n<td width=\"95\">4500<\/td>\n<td width=\"133\">45.000<\/td>\n<\/tr>\n<tr>\n<td width=\"33\">10.<\/td>\n<td width=\"313\">SPASFON CP B\/30<\/p>\n<p>&nbsp;<\/td>\n<td width=\"85\">30 BT<\/td>\n<td width=\"95\">1750<\/td>\n<td width=\"133\">52.500<\/td>\n<\/tr>\n<tr>\n<td width=\"33\">11.<\/td>\n<td width=\"313\">GLUCOSE 5% 500 ML<\/p>\n<p>&nbsp;<\/td>\n<td width=\"85\">500<\/td>\n<td width=\"95\">450<\/td>\n<td width=\"133\">225.000<\/td>\n<\/tr>\n<tr>\n<td width=\"33\">12.<\/p>\n<p>&nbsp;<\/td>\n<td width=\"313\">GELOPLASMA<\/td>\n<td width=\"85\">50<\/td>\n<td width=\"95\">3200<\/td>\n<td width=\"133\">160.000<\/td>\n<\/tr>\n<tr>\n<td width=\"33\">13.<\/p>\n<p>&nbsp;<\/td>\n<td width=\"313\">DICLOFENAC CP<\/td>\n<td width=\"85\">2000<\/td>\n<td width=\"95\">45<\/td>\n<td width=\"133\">90.000<\/td>\n<\/tr>\n<tr>\n<td width=\"33\">14.<\/p>\n<p>&nbsp;<\/td>\n<td width=\"313\">VIT. B COMPLEX INJ<\/td>\n<td width=\"85\">2000<\/td>\n<td width=\"95\">50<\/td>\n<td width=\"133\">100.000<\/td>\n<\/tr>\n<tr>\n<td width=\"33\">15.<\/p>\n<p>&nbsp;<\/td>\n<td width=\"313\">DEXAMETHASON INJ<\/td>\n<td width=\"85\">100<\/td>\n<td width=\"95\">50<\/td>\n<td width=\"133\">50.000<\/td>\n<\/tr>\n<tr>\n<td width=\"33\">16.<\/p>\n<p>&nbsp;<\/td>\n<td width=\"313\">RINGER 500 ML<\/td>\n<td width=\"85\">300<\/td>\n<td width=\"95\">450<\/td>\n<td width=\"133\">135.000<\/td>\n<\/tr>\n<tr>\n<td width=\"33\">17.<\/p>\n<p>&nbsp;<\/td>\n<td width=\"313\">NYSTATINE SYROP<\/td>\n<td width=\"85\">200<\/td>\n<td width=\"95\">550<\/td>\n<td width=\"133\">110.000<\/td>\n<\/tr>\n<tr>\n<td width=\"33\">18<\/td>\n<td width=\"313\">ANALGIN INJ<\/td>\n<td width=\"85\">4000<\/td>\n<td width=\"95\">75<\/td>\n<td width=\"133\">300.000<\/td>\n<\/tr>\n<tr>\n<td width=\"33\"><\/td>\n<td width=\"313\"><strong>PODSUMOWANIE <\/strong>(w miejscowej walucie)<\/td>\n<td width=\"85\">&nbsp;<\/p>\n<p>&nbsp;<\/td>\n<td width=\"95\"><\/td>\n<td width=\"133\"><strong>2 972\u00a0500 FR CFA<\/strong><\/td>\n<\/tr>\n<\/tbody>\n<\/table>\n<p><em>s. Wirgilia Bondel, <a href=\"http:\/\/www.karmelitanki.pl\/\" target=\"_blank\" rel=\"noopener noreferrer\">Zgromadzenie Si\u00f3str Karmelitanek Dzieci\u0105tka Jezus<\/a><\/em><\/p>\n<p><strong>Podsumowanie w miejscowej walucie: 2.972.500 frank\u00f3w CFA<\/strong><\/p>\n<p>Numer projektu:\u00a0<strong>109\/KARML<\/strong><\/p>\n<p style=\"text-align: justify;\"><span style=\"color: #ff0000;\"><span style=\"font-size: large;\"><b>Kwota projektu : 4440 \u20ac<\/b><\/span><\/span><\/p>\n<p><strong>Przekazana kwota 2000\u20ac<\/strong><\/p>\n<p style=\"text-align: justify;\"><span style=\"font-size: large;\"><em><span style=\"color: #999999;\"><span style=\"font-size: medium;\">Stowarzyszenie Ruchu Maitri przeznacza do 10% otrzymanych \u015brodk\u00f3w na koszty funkcjonowania biura i pozyskiwanie funduszy pomocowych.<\/span><\/span><\/em><\/span><\/p>\n<h3 style=\"text-align: justify;\" align=\"JUSTIFY\"><span style=\"color: #808080;\">O\u015brodek Zdrowia w Dimako prosi o leki dla chorych i cierpi\u0105cych<\/span><\/h3>\n<p>&nbsp;<\/p>\n","protected":false},"excerpt":{"rendered":"<p><strong>Projekt:\u00a0<\/strong> <em>s. Wirgilia Bondel, <a href=\"http:\/\/www.karmelitanki.pl\/\" target=\"_blank\" rel=\"noopener noreferrer\">Zgromadzenie Si\u00f3str Karmelitanek Dzieci\u0105tka Jezus<\/a><\/em><br \/>\n<strong>Misja:<\/strong> Dimako, <a href=\"https:\/\/www.maitri.pl\/gdzie-pomagamy\/\" target=\"_blank\" rel=\"noopener noreferrer\">Kamerun<\/a><br \/>\n<strong>Kwota projektu: <span style=\"color: #ff0000;\">4440 \u20ac<\/span><\/strong><\/p>\n","protected":false},"featured_media":23524,"template":"","meta":[],"product_brand":[],"product_cat":[656],"product_tag":[675,658,680,677],"class_list":{"0":"post-23523","1":"product","2":"type-product","3":"status-publish","4":"has-post-thumbnail","6":"product_cat-bez-kategorii","7":"product_tag-dimako","8":"product_tag-kamerun","9":"product_tag-siostra-wirgilia-bondel","10":"product_tag-zgromadzenie-siostr-karmelitanek-dzieciatka-jezus","12":"first","13":"instock","14":"virtual","15":"purchasable","16":"product-type-simple"},"yoast_head":"<!-- This site is optimized with the Yoast SEO plugin v27.2 - https:\/\/yoast.com\/product\/yoast-seo-wordpress\/ -->\n<title>O\u015brodek Zdrowia w Dimako prosi o leki dla chorych i cierpi\u0105cych<\/title>\n<meta name=\"description\" content=\"O\u015brodek Zdrowia w Dimako prosi o leki dla chorych i cierpi\u0105cych. Siostry Karmelitanki z Kamerunu apeluj\u0105 o pomoc darczy\u0144c\u00f3w.\" \/>\n<meta name=\"robots\" content=\"index, follow, max-snippet:-1, max-image-preview:large, max-video-preview:-1\" \/>\n<link rel=\"canonical\" href=\"https:\/\/www.maitri.pl\/projekt\/osrodek-zdrowia-dimako-zakup-lekow\/\" \/>\n<meta property=\"og:locale\" content=\"fr_FR\" \/>\n<meta property=\"og:type\" content=\"article\" \/>\n<meta property=\"og:title\" content=\"O\u015brodek Zdrowia w Dimako prosi o leki dla chorych i cierpi\u0105cych\" \/>\n<meta property=\"og:description\" content=\"O\u015brodek Zdrowia w Dimako prosi o leki dla chorych i cierpi\u0105cych. Siostry Karmelitanki z Kamerunu apeluj\u0105 o pomoc darczy\u0144c\u00f3w.\" \/>\n<meta property=\"og:url\" content=\"https:\/\/www.maitri.pl\/projekt\/osrodek-zdrowia-dimako-zakup-lekow\/\" \/>\n<meta property=\"og:site_name\" content=\"Ruch Maitri - Adopcja Serca pomoc Afryce\" \/>\n<meta property=\"article:publisher\" content=\"https:\/\/www.facebook.com\/MAITRI.Adopcja.Serca.dzieci.Afryki\/\" \/>\n<meta property=\"article:modified_time\" content=\"2023-02-10T11:21:53+00:00\" \/>\n<meta property=\"og:image\" content=\"https:\/\/www.maitri.pl\/wp-content\/uploads\/2021\/10\/109-karml_1.jpg\" \/>\n\t<meta property=\"og:image:width\" content=\"800\" \/>\n\t<meta property=\"og:image:height\" content=\"534\" \/>\n\t<meta property=\"og:image:type\" content=\"image\/jpeg\" \/>\n<meta name=\"twitter:card\" content=\"summary_large_image\" \/>\n<meta name=\"twitter:label1\" content=\"Dur\u00e9e de lecture estim\u00e9e\" \/>\n\t<meta name=\"twitter:data1\" content=\"2 minutes\" \/>\n<script type=\"application\/ld+json\" class=\"yoast-schema-graph\">{\"@context\":\"https:\/\/schema.org\",\"@graph\":[{\"@type\":\"WebPage\",\"@id\":\"https:\/\/www.maitri.pl\/projekt\/osrodek-zdrowia-dimako-zakup-lekow\/\",\"url\":\"https:\/\/www.maitri.pl\/projekt\/osrodek-zdrowia-dimako-zakup-lekow\/\",\"name\":\"O\u015brodek Zdrowia w Dimako prosi o leki dla chorych i cierpi\u0105cych\",\"isPartOf\":{\"@id\":\"https:\/\/www.maitri.pl\/#website\"},\"primaryImageOfPage\":{\"@id\":\"https:\/\/www.maitri.pl\/projekt\/osrodek-zdrowia-dimako-zakup-lekow\/#primaryimage\"},\"image\":{\"@id\":\"https:\/\/www.maitri.pl\/projekt\/osrodek-zdrowia-dimako-zakup-lekow\/#primaryimage\"},\"thumbnailUrl\":\"https:\/\/www.maitri.pl\/wp-content\/uploads\/2021\/10\/109-karml_1.jpg\",\"datePublished\":\"2021-10-25T08:24:39+00:00\",\"dateModified\":\"2023-02-10T11:21:53+00:00\",\"description\":\"O\u015brodek Zdrowia w Dimako prosi o leki dla chorych i cierpi\u0105cych. Siostry Karmelitanki z Kamerunu apeluj\u0105 o pomoc darczy\u0144c\u00f3w.\",\"breadcrumb\":{\"@id\":\"https:\/\/www.maitri.pl\/projekt\/osrodek-zdrowia-dimako-zakup-lekow\/#breadcrumb\"},\"inLanguage\":\"fr-FR\",\"potentialAction\":[{\"@type\":\"ReadAction\",\"target\":[\"https:\/\/www.maitri.pl\/projekt\/osrodek-zdrowia-dimako-zakup-lekow\/\"]}]},{\"@type\":\"ImageObject\",\"inLanguage\":\"fr-FR\",\"@id\":\"https:\/\/www.maitri.pl\/projekt\/osrodek-zdrowia-dimako-zakup-lekow\/#primaryimage\",\"url\":\"https:\/\/www.maitri.pl\/wp-content\/uploads\/2021\/10\/109-karml_1.jpg\",\"contentUrl\":\"https:\/\/www.maitri.pl\/wp-content\/uploads\/2021\/10\/109-karml_1.jpg\",\"width\":800,\"height\":534,\"caption\":\"O\u015brodek Zdrowia w dimako zakup lek\u00f3w pomoc Afryce Ruch Maitri Adopcja Serca pomoc ubogim 01\"},{\"@type\":\"BreadcrumbList\",\"@id\":\"https:\/\/www.maitri.pl\/projekt\/osrodek-zdrowia-dimako-zakup-lekow\/#breadcrumb\",\"itemListElement\":[{\"@type\":\"ListItem\",\"position\":1,\"name\":\"Strona g\u0142\u00f3wna\",\"item\":\"https:\/\/www.maitri.pl\/\"},{\"@type\":\"ListItem\",\"position\":2,\"name\":\"Sklep\",\"item\":\"https:\/\/www.maitri.pl\/sklep\/\"},{\"@type\":\"ListItem\",\"position\":3,\"name\":\"O\u015brodek Zdrowia w Dimako prosi o leki dla chorych i cierpi\u0105cych\"}]},{\"@type\":\"WebSite\",\"@id\":\"https:\/\/www.maitri.pl\/#website\",\"url\":\"https:\/\/www.maitri.pl\/\",\"name\":\"Adopcja Serca Maitri \u2013 pomoc dzieciom w Afryce\",\"description\":\"Adopcja Serca \u2013 adopcja na odleg\u0142o\u015b\u0107, pomoc Afryce, do\u017cywianie i edukacja w Afryce\",\"publisher\":{\"@id\":\"https:\/\/www.maitri.pl\/#organization\"},\"potentialAction\":[{\"@type\":\"SearchAction\",\"target\":{\"@type\":\"EntryPoint\",\"urlTemplate\":\"https:\/\/www.maitri.pl\/?s={search_term_string}\"},\"query-input\":{\"@type\":\"PropertyValueSpecification\",\"valueRequired\":true,\"valueName\":\"search_term_string\"}}],\"inLanguage\":\"fr-FR\"},{\"@type\":\"Organization\",\"@id\":\"https:\/\/www.maitri.pl\/#organization\",\"name\":\"Stowarzyszenie Ruchu Maitri\",\"url\":\"https:\/\/www.maitri.pl\/\",\"logo\":{\"@type\":\"ImageObject\",\"inLanguage\":\"fr-FR\",\"@id\":\"https:\/\/www.maitri.pl\/#\/schema\/logo\/image\/\",\"url\":\"https:\/\/www.maitri.pl\/wp-content\/uploads\/2020\/04\/duze_logo-81.png\",\"contentUrl\":\"https:\/\/www.maitri.pl\/wp-content\/uploads\/2020\/04\/duze_logo-81.png\",\"width\":339,\"height\":321,\"caption\":\"Stowarzyszenie Ruchu Maitri\"},\"image\":{\"@id\":\"https:\/\/www.maitri.pl\/#\/schema\/logo\/image\/\"},\"sameAs\":[\"https:\/\/www.facebook.com\/MAITRI.Adopcja.Serca.dzieci.Afryki\/\"]}]}<\/script>\n<!-- \/ Yoast SEO plugin. -->","yoast_head_json":{"title":"O\u015brodek Zdrowia w Dimako prosi o leki dla chorych i cierpi\u0105cych","description":"O\u015brodek Zdrowia w Dimako prosi o leki dla chorych i cierpi\u0105cych. Siostry Karmelitanki z Kamerunu apeluj\u0105 o pomoc darczy\u0144c\u00f3w.","robots":{"index":"index","follow":"follow","max-snippet":"max-snippet:-1","max-image-preview":"max-image-preview:large","max-video-preview":"max-video-preview:-1"},"canonical":"https:\/\/www.maitri.pl\/projekt\/osrodek-zdrowia-dimako-zakup-lekow\/","og_locale":"fr_FR","og_type":"article","og_title":"O\u015brodek Zdrowia w Dimako prosi o leki dla chorych i cierpi\u0105cych","og_description":"O\u015brodek Zdrowia w Dimako prosi o leki dla chorych i cierpi\u0105cych. Siostry Karmelitanki z Kamerunu apeluj\u0105 o pomoc darczy\u0144c\u00f3w.","og_url":"https:\/\/www.maitri.pl\/projekt\/osrodek-zdrowia-dimako-zakup-lekow\/","og_site_name":"Ruch Maitri - Adopcja Serca pomoc Afryce","article_publisher":"https:\/\/www.facebook.com\/MAITRI.Adopcja.Serca.dzieci.Afryki\/","article_modified_time":"2023-02-10T11:21:53+00:00","og_image":[{"width":800,"height":534,"url":"https:\/\/www.maitri.pl\/wp-content\/uploads\/2021\/10\/109-karml_1.jpg","type":"image\/jpeg"}],"twitter_card":"summary_large_image","twitter_misc":{"Dur\u00e9e de lecture estim\u00e9e":"2 minutes"},"schema":{"@context":"https:\/\/schema.org","@graph":[{"@type":"WebPage","@id":"https:\/\/www.maitri.pl\/projekt\/osrodek-zdrowia-dimako-zakup-lekow\/","url":"https:\/\/www.maitri.pl\/projekt\/osrodek-zdrowia-dimako-zakup-lekow\/","name":"O\u015brodek Zdrowia w Dimako prosi o leki dla chorych i cierpi\u0105cych","isPartOf":{"@id":"https:\/\/www.maitri.pl\/#website"},"primaryImageOfPage":{"@id":"https:\/\/www.maitri.pl\/projekt\/osrodek-zdrowia-dimako-zakup-lekow\/#primaryimage"},"image":{"@id":"https:\/\/www.maitri.pl\/projekt\/osrodek-zdrowia-dimako-zakup-lekow\/#primaryimage"},"thumbnailUrl":"https:\/\/www.maitri.pl\/wp-content\/uploads\/2021\/10\/109-karml_1.jpg","datePublished":"2021-10-25T08:24:39+00:00","dateModified":"2023-02-10T11:21:53+00:00","description":"O\u015brodek Zdrowia w Dimako prosi o leki dla chorych i cierpi\u0105cych. Siostry Karmelitanki z Kamerunu apeluj\u0105 o pomoc darczy\u0144c\u00f3w.","breadcrumb":{"@id":"https:\/\/www.maitri.pl\/projekt\/osrodek-zdrowia-dimako-zakup-lekow\/#breadcrumb"},"inLanguage":"fr-FR","potentialAction":[{"@type":"ReadAction","target":["https:\/\/www.maitri.pl\/projekt\/osrodek-zdrowia-dimako-zakup-lekow\/"]}]},{"@type":"ImageObject","inLanguage":"fr-FR","@id":"https:\/\/www.maitri.pl\/projekt\/osrodek-zdrowia-dimako-zakup-lekow\/#primaryimage","url":"https:\/\/www.maitri.pl\/wp-content\/uploads\/2021\/10\/109-karml_1.jpg","contentUrl":"https:\/\/www.maitri.pl\/wp-content\/uploads\/2021\/10\/109-karml_1.jpg","width":800,"height":534,"caption":"O\u015brodek Zdrowia w dimako zakup lek\u00f3w pomoc Afryce Ruch Maitri Adopcja Serca pomoc ubogim 01"},{"@type":"BreadcrumbList","@id":"https:\/\/www.maitri.pl\/projekt\/osrodek-zdrowia-dimako-zakup-lekow\/#breadcrumb","itemListElement":[{"@type":"ListItem","position":1,"name":"Strona g\u0142\u00f3wna","item":"https:\/\/www.maitri.pl\/"},{"@type":"ListItem","position":2,"name":"Sklep","item":"https:\/\/www.maitri.pl\/sklep\/"},{"@type":"ListItem","position":3,"name":"O\u015brodek Zdrowia w Dimako prosi o leki dla chorych i cierpi\u0105cych"}]},{"@type":"WebSite","@id":"https:\/\/www.maitri.pl\/#website","url":"https:\/\/www.maitri.pl\/","name":"Adopcja Serca Maitri \u2013 pomoc dzieciom w Afryce","description":"Adopcja Serca \u2013 adopcja na odleg\u0142o\u015b\u0107, pomoc Afryce, do\u017cywianie i edukacja w Afryce","publisher":{"@id":"https:\/\/www.maitri.pl\/#organization"},"potentialAction":[{"@type":"SearchAction","target":{"@type":"EntryPoint","urlTemplate":"https:\/\/www.maitri.pl\/?s={search_term_string}"},"query-input":{"@type":"PropertyValueSpecification","valueRequired":true,"valueName":"search_term_string"}}],"inLanguage":"fr-FR"},{"@type":"Organization","@id":"https:\/\/www.maitri.pl\/#organization","name":"Stowarzyszenie Ruchu Maitri","url":"https:\/\/www.maitri.pl\/","logo":{"@type":"ImageObject","inLanguage":"fr-FR","@id":"https:\/\/www.maitri.pl\/#\/schema\/logo\/image\/","url":"https:\/\/www.maitri.pl\/wp-content\/uploads\/2020\/04\/duze_logo-81.png","contentUrl":"https:\/\/www.maitri.pl\/wp-content\/uploads\/2020\/04\/duze_logo-81.png","width":339,"height":321,"caption":"Stowarzyszenie Ruchu Maitri"},"image":{"@id":"https:\/\/www.maitri.pl\/#\/schema\/logo\/image\/"},"sameAs":["https:\/\/www.facebook.com\/MAITRI.Adopcja.Serca.dzieci.Afryki\/"]}]}},"_links":{"self":[{"href":"https:\/\/www.maitri.pl\/fr\/wp-json\/wp\/v2\/product\/23523","targetHints":{"allow":["GET"]}}],"collection":[{"href":"https:\/\/www.maitri.pl\/fr\/wp-json\/wp\/v2\/product"}],"about":[{"href":"https:\/\/www.maitri.pl\/fr\/wp-json\/wp\/v2\/types\/product"}],"wp:featuredmedia":[{"embeddable":true,"href":"https:\/\/www.maitri.pl\/fr\/wp-json\/wp\/v2\/media\/23524"}],"wp:attachment":[{"href":"https:\/\/www.maitri.pl\/fr\/wp-json\/wp\/v2\/media?parent=23523"}],"wp:term":[{"taxonomy":"product_brand","embeddable":true,"href":"https:\/\/www.maitri.pl\/fr\/wp-json\/wp\/v2\/product_brand?post=23523"},{"taxonomy":"product_cat","embeddable":true,"href":"https:\/\/www.maitri.pl\/fr\/wp-json\/wp\/v2\/product_cat?post=23523"},{"taxonomy":"product_tag","embeddable":true,"href":"https:\/\/www.maitri.pl\/fr\/wp-json\/wp\/v2\/product_tag?post=23523"}],"curies":[{"name":"wp","href":"https:\/\/api.w.org\/{rel}","templated":true}]}}