{"id":23481,"date":"2021-10-04T21:27:26","date_gmt":"2021-10-04T19:27:26","guid":{"rendered":"https:\/\/www.maitri.pl\/?post_type=product&#038;p=23481"},"modified":"2023-02-10T12:22:25","modified_gmt":"2023-02-10T11:22:25","slug":"dofinansowanie-obiadow-w-stolowce","status":"publish","type":"product","link":"https:\/\/www.maitri.pl\/fr\/projekt\/dofinansowanie-obiadow-w-stolowce\/","title":{"rendered":"Dofinansowanie obiad\u00f3w w sto\u0142\u00f3wce Szko\u0142y dla Biednych w Mananjary dla 150 dzieci"},"content":{"rendered":"<h4>Edukacja w op\u0142akanym stanie<\/h4>\n<p>Szko\u0142a dla Biednych (Ecole des Pauvres) to jeden z najwa\u017cniejszych projekt\u00f3w pomocowych w diecezji Mananjary na Madagaskarze. Jest skierowana dla najubo\u017cszych dzieci. Szko\u0142a dla Biednych mie\u015bci si\u0119 w jednej z dzielnic miasta Manjary \u2013 Tananbao. Obecnie na nowy rok mamy zapisanych 150 dzieci. Edukacja na Madagaskarze jest w op\u0142akanym stanie. Ci\u0105gle zmieniaj\u0105 si\u0119 ministrowie, programy szkolne, a nawet czas nauki. Dodatkowo nawet szko\u0142y publiczne s\u0105 p\u0142atne. Wiele rodzin, zw\u0142aszcza wielodzietnych, mimo obowi\u0105zku szkolnego nie jest w stanie op\u0142aci\u0107 wysokich koszt\u00f3w edukacji. Co najgorsze, wiele dzieci przychodzi do szko\u0142y g\u0142odnych. Dlatego prosimy o dofinansowanie obiad\u00f3w.<\/p>\n<h4>Za ma\u0142o, by pom\u00f3c wszystkim<\/h4>\n<p>Niestety g\u0142odne dzieci nie maj\u0105 mo\u017cliwo\u015bci uczy\u0107 si\u0119. Nie s\u0105 skoncentrowane, nie mog\u0105 si\u0119 skupi\u0107 na nauce. Zapewniaj\u0105c posi\u0142ek dla uczni\u00f3w staramy si\u0119 je przekona\u0107 do warto\u015bci edukacji. Koszt jednego obiadu dla dziecka to oko\u0142o 450 ariary. Czasami dostajemy pomoc od pojedynczych os\u00f3b, ale to za ma\u0142o by pom\u00f3c wszystkim potrzebuj\u0105cym dzieciom. A wystarczy tylko ok. 1,60 euro, \u017ceby jedno dziecko mia\u0142o zapewniony posi\u0142ek w naszej sto\u0142\u00f3wce przez ca\u0142y miesi\u0105c.<\/p>\n<h4>Jedzenie motywacj\u0105 do nauki<\/h4>\n<p>Sto\u0142\u00f3wka jest dodatkow\u0105 i to bardzo du\u017c\u0105 motywacj\u0105 do nauki i uczenia si\u0119. W tym roku wszystkie dzieci, kt\u00f3re przyst\u0105pi\u0142y do pa\u0144stwowego egzaminu na koniec szko\u0142y \u2013 uzyska\u0142y dyplom. Sto\u0142\u00f3wka jest ukrytym zaproszeniem do szko\u0142y. Sk\u0142ania rodzic\u00f3w, kt\u00f3rzy s\u0105 w najtrudniejszej sytuacji do posy\u0142ania dzieci do szko\u0142y. W\u015br\u00f3d uczni\u00f3w s\u0105 podopieczni programu <a href=\"https:\/\/www.maitri.pl\/adopcja-serca\/\" target=\"_blank\" rel=\"noopener\">Adopcja Serca<\/a>. Zach\u0119camy do wsparcia naszej akcji. Dofinansowanie obiad\u00f3w pomo\u017ce nakarmi\u0107 najbiedniejsze dzieci.<\/p>\n<h4><strong>Kosztorys:<\/strong><\/h4>\n<table>\n<tbody>\n<tr>\n<td width=\"34\">LP<\/td>\n<td width=\"227\">OPIS<\/td>\n<td width=\"113\">Jedn. miary<\/td>\n<td width=\"129\">CENA w walucie miejscowej<\/td>\n<td width=\"155\">KWOTA w walucie miejscowej<\/td>\n<\/tr>\n<tr>\n<td width=\"34\">1<\/td>\n<td width=\"227\">Ry\u017c 50 kg<\/td>\n<td width=\"113\">35 work\u00f3w<\/td>\n<td width=\"129\">110.000<\/td>\n<td width=\"155\">3.850.000<\/td>\n<\/tr>\n<tr>\n<td width=\"34\">2<\/td>\n<td width=\"227\">Warzywa suche (groch, fasola)<\/td>\n<td width=\"113\">200 kg<\/td>\n<td width=\"129\">9.000<\/td>\n<td width=\"155\">1.800.000<\/td>\n<\/tr>\n<tr>\n<td width=\"34\">3<\/td>\n<td width=\"227\">Mi\u0119so<\/td>\n<td width=\"113\">130 kg<\/td>\n<td width=\"129\">11.000<\/td>\n<td width=\"155\">1.430.000<\/td>\n<\/tr>\n<tr>\n<td width=\"34\">4<\/td>\n<td width=\"227\">Warzywa \u015bwie\u017ce (marchew, ziemniaki)<\/td>\n<td width=\"113\"><\/td>\n<td width=\"129\"><\/td>\n<td width=\"155\">1.200.000<\/td>\n<\/tr>\n<tr>\n<td width=\"34\">5<\/td>\n<td width=\"227\">Olej, przyprawy<\/td>\n<td width=\"113\"><\/td>\n<td width=\"129\"><\/td>\n<td width=\"155\">1.000.000<\/td>\n<\/tr>\n<tr>\n<td width=\"34\">6<\/td>\n<td width=\"227\">Makaron<\/td>\n<td width=\"113\"><\/td>\n<td width=\"129\"><\/td>\n<td width=\"155\">400.000<\/td>\n<\/tr>\n<tr>\n<td colspan=\"3\" width=\"374\"><strong>PODSUMOWANIE <\/strong>w miejscowej walucie<\/td>\n<td width=\"129\"><\/td>\n<td width=\"155\"><strong>9.680.00<\/strong><\/td>\n<\/tr>\n<\/tbody>\n<\/table>\n<p>o. Adam Brodzik SVD<em>, <\/em><a href=\"https:\/\/werbisci.pl\/index.php\/pl\/\" target=\"_blank\" rel=\"noopener\">Zgromadzenie Ksi\u0119\u017cy Werbist\u00f3w<\/a><\/p>\n<p style=\"text-align: justify;\" align=\"JUSTIFY\"><span style=\"color: #ff0000;\"><span style=\"font-size: large;\"><b>Ca\u0142kowity koszt projektu: 2440 \u20ac<\/b><\/span><\/span><\/p>\n<h3 style=\"text-align: center;\"><strong>Zbi\u00f3rka zako\u0144czona. Zebrana kwota: 2000,00 \u20ac.<\/strong><\/h3>\n<p style=\"text-align: justify;\" align=\"JUSTIFY\">Numer projektu: <strong>03\/DIEMA<\/strong><\/p>\n<p style=\"text-align: justify;\" align=\"JUSTIFY\"><span style=\"color: #808080;\">Stowarzyszenie Ruchu\u00a0<em>Maitri<\/em> przeznacza do 10% otrzymanych \u015brodk\u00f3w na koszty funkcjonowania biura i pozyskiwanie funduszy pomocowych. <\/span><\/p>\n<h3 style=\"text-align: justify;\" align=\"JUSTIFY\"><span style=\"color: #808080;\">Dofinansowanie obiad\u00f3w w sto\u0142\u00f3wce Szko\u0142y dla Biednych w Mananjary dla 150 dzieci<\/span><\/h3>\n","protected":false},"excerpt":{"rendered":"<p><strong>Projekt:\u00a0<\/strong> <em>o. Adam Brodzik SVD, <\/em><a href=\"https:\/\/werbisci.pl\/index.php\/pl\/\" target=\"_blank\" rel=\"noopener\">Zgromadzenie Ksi\u0119\u017cy Werbist\u00f3w<\/a><br \/>\n<strong>Misja:<\/strong> Mananjary, <a href=\"https:\/\/www.maitri.pl\/gdzie-pomagamy\/\" target=\"_blank\" rel=\"noopener\">Madagaskar<\/a><br \/>\n<strong>Kwota projektu: <span style=\"color: #ff0000;\">2440 \u20ac<\/span><\/strong><\/p>\n","protected":false},"featured_media":23482,"template":"","meta":[],"product_brand":[],"product_cat":[656],"product_tag":[693,695,872],"class_list":{"0":"post-23481","1":"product","2":"type-product","3":"status-publish","4":"has-post-thumbnail","6":"product_cat-bez-kategorii","7":"product_tag-madagaskar","8":"product_tag-o-adam-brodzik-svd","9":"product_tag-werbisci","11":"first","12":"instock","13":"virtual","14":"purchasable","15":"product-type-simple"},"yoast_head":"<!-- This site is optimized with the Yoast SEO plugin v27.2 - https:\/\/yoast.com\/product\/yoast-seo-wordpress\/ -->\n<title>Dofinansowanie obiad\u00f3w dla 150 dzieci ze Szko\u0142y dla Biednych<\/title>\n<meta name=\"description\" content=\"Dofinansowanie obiad\u00f3w w sto\u0142\u00f3wce Szko\u0142y dla Biednych w Mananjary na Madagaskarze dla 150 dzieci. Projekt prowadz\u0105 Ksi\u0119\u017ca Werbi\u015bci.\" \/>\n<meta name=\"robots\" content=\"index, follow, max-snippet:-1, max-image-preview:large, max-video-preview:-1\" \/>\n<link rel=\"canonical\" href=\"https:\/\/www.maitri.pl\/projekt\/dofinansowanie-obiadow-w-stolowce\/\" \/>\n<meta property=\"og:locale\" content=\"fr_FR\" \/>\n<meta property=\"og:type\" content=\"article\" \/>\n<meta property=\"og:title\" content=\"Dofinansowanie obiad\u00f3w dla 150 dzieci ze Szko\u0142y dla Biednych\" \/>\n<meta property=\"og:description\" content=\"Dofinansowanie obiad\u00f3w w sto\u0142\u00f3wce Szko\u0142y dla Biednych w Mananjary na Madagaskarze dla 150 dzieci. Projekt prowadz\u0105 Ksi\u0119\u017ca Werbi\u015bci.\" \/>\n<meta property=\"og:url\" content=\"https:\/\/www.maitri.pl\/projekt\/dofinansowanie-obiadow-w-stolowce\/\" \/>\n<meta property=\"og:site_name\" content=\"Ruch Maitri - Adopcja Serca pomoc Afryce\" \/>\n<meta property=\"article:publisher\" content=\"https:\/\/www.facebook.com\/MAITRI.Adopcja.Serca.dzieci.Afryki\/\" \/>\n<meta property=\"article:modified_time\" content=\"2023-02-10T11:22:25+00:00\" \/>\n<meta property=\"og:image\" content=\"https:\/\/www.maitri.pl\/wp-content\/uploads\/2021\/10\/03-diema_1.jpg\" \/>\n\t<meta property=\"og:image:width\" content=\"2061\" \/>\n\t<meta property=\"og:image:height\" content=\"1546\" \/>\n\t<meta property=\"og:image:type\" content=\"image\/jpeg\" \/>\n<meta name=\"twitter:card\" content=\"summary_large_image\" \/>\n<meta name=\"twitter:label1\" content=\"Dur\u00e9e de lecture estim\u00e9e\" \/>\n\t<meta name=\"twitter:data1\" content=\"2 minutes\" \/>\n<script type=\"application\/ld+json\" class=\"yoast-schema-graph\">{\"@context\":\"https:\/\/schema.org\",\"@graph\":[{\"@type\":\"WebPage\",\"@id\":\"https:\/\/www.maitri.pl\/projekt\/dofinansowanie-obiadow-w-stolowce\/\",\"url\":\"https:\/\/www.maitri.pl\/projekt\/dofinansowanie-obiadow-w-stolowce\/\",\"name\":\"Dofinansowanie obiad\u00f3w dla 150 dzieci ze Szko\u0142y dla Biednych\",\"isPartOf\":{\"@id\":\"https:\/\/www.maitri.pl\/#website\"},\"primaryImageOfPage\":{\"@id\":\"https:\/\/www.maitri.pl\/projekt\/dofinansowanie-obiadow-w-stolowce\/#primaryimage\"},\"image\":{\"@id\":\"https:\/\/www.maitri.pl\/projekt\/dofinansowanie-obiadow-w-stolowce\/#primaryimage\"},\"thumbnailUrl\":\"https:\/\/www.maitri.pl\/wp-content\/uploads\/2021\/10\/03-diema_1.jpg\",\"datePublished\":\"2021-10-04T19:27:26+00:00\",\"dateModified\":\"2023-02-10T11:22:25+00:00\",\"description\":\"Dofinansowanie obiad\u00f3w w sto\u0142\u00f3wce Szko\u0142y dla Biednych w Mananjary na Madagaskarze dla 150 dzieci. Projekt prowadz\u0105 Ksi\u0119\u017ca Werbi\u015bci.\",\"breadcrumb\":{\"@id\":\"https:\/\/www.maitri.pl\/projekt\/dofinansowanie-obiadow-w-stolowce\/#breadcrumb\"},\"inLanguage\":\"fr-FR\",\"potentialAction\":[{\"@type\":\"ReadAction\",\"target\":[\"https:\/\/www.maitri.pl\/projekt\/dofinansowanie-obiadow-w-stolowce\/\"]}]},{\"@type\":\"ImageObject\",\"inLanguage\":\"fr-FR\",\"@id\":\"https:\/\/www.maitri.pl\/projekt\/dofinansowanie-obiadow-w-stolowce\/#primaryimage\",\"url\":\"https:\/\/www.maitri.pl\/wp-content\/uploads\/2021\/10\/03-diema_1.jpg\",\"contentUrl\":\"https:\/\/www.maitri.pl\/wp-content\/uploads\/2021\/10\/03-diema_1.jpg\",\"width\":2061,\"height\":1546,\"caption\":\"Dofinansowanie obiad\u00f3w Ruch Maitri Adopcja Serca werbi\u015bci Madagaskar pomoc ubogim pomoc humanitarna 01\"},{\"@type\":\"BreadcrumbList\",\"@id\":\"https:\/\/www.maitri.pl\/projekt\/dofinansowanie-obiadow-w-stolowce\/#breadcrumb\",\"itemListElement\":[{\"@type\":\"ListItem\",\"position\":1,\"name\":\"Strona g\u0142\u00f3wna\",\"item\":\"https:\/\/www.maitri.pl\/\"},{\"@type\":\"ListItem\",\"position\":2,\"name\":\"Sklep\",\"item\":\"https:\/\/www.maitri.pl\/sklep\/\"},{\"@type\":\"ListItem\",\"position\":3,\"name\":\"Dofinansowanie obiad\u00f3w w sto\u0142\u00f3wce Szko\u0142y dla Biednych w Mananjary dla 150 dzieci\"}]},{\"@type\":\"WebSite\",\"@id\":\"https:\/\/www.maitri.pl\/#website\",\"url\":\"https:\/\/www.maitri.pl\/\",\"name\":\"Adopcja Serca Maitri \u2013 pomoc dzieciom w Afryce\",\"description\":\"Adopcja Serca \u2013 adopcja na odleg\u0142o\u015b\u0107, pomoc Afryce, do\u017cywianie i edukacja w Afryce\",\"publisher\":{\"@id\":\"https:\/\/www.maitri.pl\/#organization\"},\"potentialAction\":[{\"@type\":\"SearchAction\",\"target\":{\"@type\":\"EntryPoint\",\"urlTemplate\":\"https:\/\/www.maitri.pl\/?s={search_term_string}\"},\"query-input\":{\"@type\":\"PropertyValueSpecification\",\"valueRequired\":true,\"valueName\":\"search_term_string\"}}],\"inLanguage\":\"fr-FR\"},{\"@type\":\"Organization\",\"@id\":\"https:\/\/www.maitri.pl\/#organization\",\"name\":\"Stowarzyszenie Ruchu Maitri\",\"url\":\"https:\/\/www.maitri.pl\/\",\"logo\":{\"@type\":\"ImageObject\",\"inLanguage\":\"fr-FR\",\"@id\":\"https:\/\/www.maitri.pl\/#\/schema\/logo\/image\/\",\"url\":\"https:\/\/www.maitri.pl\/wp-content\/uploads\/2020\/04\/duze_logo-81.png\",\"contentUrl\":\"https:\/\/www.maitri.pl\/wp-content\/uploads\/2020\/04\/duze_logo-81.png\",\"width\":339,\"height\":321,\"caption\":\"Stowarzyszenie Ruchu Maitri\"},\"image\":{\"@id\":\"https:\/\/www.maitri.pl\/#\/schema\/logo\/image\/\"},\"sameAs\":[\"https:\/\/www.facebook.com\/MAITRI.Adopcja.Serca.dzieci.Afryki\/\"]}]}<\/script>\n<!-- \/ Yoast SEO plugin. -->","yoast_head_json":{"title":"Dofinansowanie obiad\u00f3w dla 150 dzieci ze Szko\u0142y dla Biednych","description":"Dofinansowanie obiad\u00f3w w sto\u0142\u00f3wce Szko\u0142y dla Biednych w Mananjary na Madagaskarze dla 150 dzieci. Projekt prowadz\u0105 Ksi\u0119\u017ca Werbi\u015bci.","robots":{"index":"index","follow":"follow","max-snippet":"max-snippet:-1","max-image-preview":"max-image-preview:large","max-video-preview":"max-video-preview:-1"},"canonical":"https:\/\/www.maitri.pl\/projekt\/dofinansowanie-obiadow-w-stolowce\/","og_locale":"fr_FR","og_type":"article","og_title":"Dofinansowanie obiad\u00f3w dla 150 dzieci ze Szko\u0142y dla Biednych","og_description":"Dofinansowanie obiad\u00f3w w sto\u0142\u00f3wce Szko\u0142y dla Biednych w Mananjary na Madagaskarze dla 150 dzieci. Projekt prowadz\u0105 Ksi\u0119\u017ca Werbi\u015bci.","og_url":"https:\/\/www.maitri.pl\/projekt\/dofinansowanie-obiadow-w-stolowce\/","og_site_name":"Ruch Maitri - Adopcja Serca pomoc Afryce","article_publisher":"https:\/\/www.facebook.com\/MAITRI.Adopcja.Serca.dzieci.Afryki\/","article_modified_time":"2023-02-10T11:22:25+00:00","og_image":[{"width":2061,"height":1546,"url":"https:\/\/www.maitri.pl\/wp-content\/uploads\/2021\/10\/03-diema_1.jpg","type":"image\/jpeg"}],"twitter_card":"summary_large_image","twitter_misc":{"Dur\u00e9e de lecture estim\u00e9e":"2 minutes"},"schema":{"@context":"https:\/\/schema.org","@graph":[{"@type":"WebPage","@id":"https:\/\/www.maitri.pl\/projekt\/dofinansowanie-obiadow-w-stolowce\/","url":"https:\/\/www.maitri.pl\/projekt\/dofinansowanie-obiadow-w-stolowce\/","name":"Dofinansowanie obiad\u00f3w dla 150 dzieci ze Szko\u0142y dla Biednych","isPartOf":{"@id":"https:\/\/www.maitri.pl\/#website"},"primaryImageOfPage":{"@id":"https:\/\/www.maitri.pl\/projekt\/dofinansowanie-obiadow-w-stolowce\/#primaryimage"},"image":{"@id":"https:\/\/www.maitri.pl\/projekt\/dofinansowanie-obiadow-w-stolowce\/#primaryimage"},"thumbnailUrl":"https:\/\/www.maitri.pl\/wp-content\/uploads\/2021\/10\/03-diema_1.jpg","datePublished":"2021-10-04T19:27:26+00:00","dateModified":"2023-02-10T11:22:25+00:00","description":"Dofinansowanie obiad\u00f3w w sto\u0142\u00f3wce Szko\u0142y dla Biednych w Mananjary na Madagaskarze dla 150 dzieci. Projekt prowadz\u0105 Ksi\u0119\u017ca Werbi\u015bci.","breadcrumb":{"@id":"https:\/\/www.maitri.pl\/projekt\/dofinansowanie-obiadow-w-stolowce\/#breadcrumb"},"inLanguage":"fr-FR","potentialAction":[{"@type":"ReadAction","target":["https:\/\/www.maitri.pl\/projekt\/dofinansowanie-obiadow-w-stolowce\/"]}]},{"@type":"ImageObject","inLanguage":"fr-FR","@id":"https:\/\/www.maitri.pl\/projekt\/dofinansowanie-obiadow-w-stolowce\/#primaryimage","url":"https:\/\/www.maitri.pl\/wp-content\/uploads\/2021\/10\/03-diema_1.jpg","contentUrl":"https:\/\/www.maitri.pl\/wp-content\/uploads\/2021\/10\/03-diema_1.jpg","width":2061,"height":1546,"caption":"Dofinansowanie obiad\u00f3w Ruch Maitri Adopcja Serca werbi\u015bci Madagaskar pomoc ubogim pomoc humanitarna 01"},{"@type":"BreadcrumbList","@id":"https:\/\/www.maitri.pl\/projekt\/dofinansowanie-obiadow-w-stolowce\/#breadcrumb","itemListElement":[{"@type":"ListItem","position":1,"name":"Strona g\u0142\u00f3wna","item":"https:\/\/www.maitri.pl\/"},{"@type":"ListItem","position":2,"name":"Sklep","item":"https:\/\/www.maitri.pl\/sklep\/"},{"@type":"ListItem","position":3,"name":"Dofinansowanie obiad\u00f3w w sto\u0142\u00f3wce Szko\u0142y dla Biednych w Mananjary dla 150 dzieci"}]},{"@type":"WebSite","@id":"https:\/\/www.maitri.pl\/#website","url":"https:\/\/www.maitri.pl\/","name":"Adopcja Serca Maitri \u2013 pomoc dzieciom w Afryce","description":"Adopcja Serca \u2013 adopcja na odleg\u0142o\u015b\u0107, pomoc Afryce, do\u017cywianie i edukacja w Afryce","publisher":{"@id":"https:\/\/www.maitri.pl\/#organization"},"potentialAction":[{"@type":"SearchAction","target":{"@type":"EntryPoint","urlTemplate":"https:\/\/www.maitri.pl\/?s={search_term_string}"},"query-input":{"@type":"PropertyValueSpecification","valueRequired":true,"valueName":"search_term_string"}}],"inLanguage":"fr-FR"},{"@type":"Organization","@id":"https:\/\/www.maitri.pl\/#organization","name":"Stowarzyszenie Ruchu Maitri","url":"https:\/\/www.maitri.pl\/","logo":{"@type":"ImageObject","inLanguage":"fr-FR","@id":"https:\/\/www.maitri.pl\/#\/schema\/logo\/image\/","url":"https:\/\/www.maitri.pl\/wp-content\/uploads\/2020\/04\/duze_logo-81.png","contentUrl":"https:\/\/www.maitri.pl\/wp-content\/uploads\/2020\/04\/duze_logo-81.png","width":339,"height":321,"caption":"Stowarzyszenie Ruchu Maitri"},"image":{"@id":"https:\/\/www.maitri.pl\/#\/schema\/logo\/image\/"},"sameAs":["https:\/\/www.facebook.com\/MAITRI.Adopcja.Serca.dzieci.Afryki\/"]}]}},"_links":{"self":[{"href":"https:\/\/www.maitri.pl\/fr\/wp-json\/wp\/v2\/product\/23481","targetHints":{"allow":["GET"]}}],"collection":[{"href":"https:\/\/www.maitri.pl\/fr\/wp-json\/wp\/v2\/product"}],"about":[{"href":"https:\/\/www.maitri.pl\/fr\/wp-json\/wp\/v2\/types\/product"}],"wp:featuredmedia":[{"embeddable":true,"href":"https:\/\/www.maitri.pl\/fr\/wp-json\/wp\/v2\/media\/23482"}],"wp:attachment":[{"href":"https:\/\/www.maitri.pl\/fr\/wp-json\/wp\/v2\/media?parent=23481"}],"wp:term":[{"taxonomy":"product_brand","embeddable":true,"href":"https:\/\/www.maitri.pl\/fr\/wp-json\/wp\/v2\/product_brand?post=23481"},{"taxonomy":"product_cat","embeddable":true,"href":"https:\/\/www.maitri.pl\/fr\/wp-json\/wp\/v2\/product_cat?post=23481"},{"taxonomy":"product_tag","embeddable":true,"href":"https:\/\/www.maitri.pl\/fr\/wp-json\/wp\/v2\/product_tag?post=23481"}],"curies":[{"name":"wp","href":"https:\/\/api.w.org\/{rel}","templated":true}]}}