{"id":23324,"date":"2022-09-12T23:11:54","date_gmt":"2022-09-12T21:11:54","guid":{"rendered":"https:\/\/www.maitri.pl\/?post_type=product&#038;p=23324"},"modified":"2023-02-10T12:14:14","modified_gmt":"2023-02-10T11:14:14","slug":"nepal-wyposazenie-warsztatu-szwaczki","status":"publish","type":"product","link":"https:\/\/www.maitri.pl\/fr\/projekt\/nepal-wyposazenie-warsztatu-szwaczki\/","title":{"rendered":"Nepal: wyposa\u017cenie warsztatu do nauki zawodu szwaczki"},"content":{"rendered":"<h4>Nie ma zawodu, nie ma pracy<\/h4>\n<p>W naszym o\u015brodku Karunika Tuition Center Nepal przyjmujemy starsze dzieci i m\u0142odzie\u017c wywodz\u0105ce si\u0119 z najni\u017cszych kast. Pochodz\u0105 zazwyczaj z rodzin ekstremalnie biednych. Ich rodziny nie maj\u0105 w\u0142asnego pola czy domu. Cz\u0119sto nie maj\u0105 r\u00f3wnie\u017c \u017cadnego wykszta\u0142cenia, o zawodowym nie m\u00f3wi\u0105c. Jest to g\u0142\u00f3wna przyczyna powielania biedy z pokolenia na pokolenie. Powoduje trudno\u015bci w wy\u017cywieniu rodziny w doros\u0142ym \u017cyciu. Opieka medyczna, nie m\u00f3wi\u0105c o wydatkach na kultur\u0119 czy higien\u0119 osobist\u0105 &#8211; to s\u0105 dla wielu nieosi\u0105galne rzeczy. Nawet ubranie jest noszone z dziecka na <a href=\"https:\/\/www.maitri.pl\/adopcja-serca\/\" target=\"_blank\" rel=\"noopener\">dziecko<\/a>. O nowym nie ma mowy. Dlatego wnosimy niniejszym o stworzenie mo\u017cliwo\u015bci udzielenia treningu \u2013 kursu zawodowego dla nastoletnich, m\u0142odych os\u00f3b.<\/p>\n<h4>Pomoc uratuje im \u017cycie<\/h4>\n<p>Pracuj\u0105c z zawodach na kt\u00f3re jest popyt, m\u0142oda osoba b\u0119dzie w stanie prowadzi\u0107 normalne \u017cycie. Bez tego wiele os\u00f3b pracuje poza jakimikolwiek standardami bezpiecze\u0144stwa, cz\u0119sto w pracy poza mo\u017cliwo\u015bciami fizycznymi organizmu. Kobiety nosz\u0105c 30-kg kosze na plecach z ceg\u0142ami, czy tynkiem na budowie to smutny standard. To co zarobi\u0105 ledwo wystarcza na jedzenie danego dnia. Zdarzy\u0142o si\u0119, \u017ce ojcowie kilkorga naszych dzieci zmarli w wieku ok. 40 lat w domach, bez opieki medycznej, na kt\u00f3r\u0105 nie mieli \u015brodk\u00f3w finansowych. Nepal to wci\u0105\u017c bardzo ubogi kraj. Pomoc poprzez udzielenie mo\u017cliwo\u015bci szkolenia zawodowego jest na miar\u0119 dania szansy na lepsze \u017cycie, a cz\u0119sto wr\u0119cz przyczynienie si\u0119 do przed\u0142u\u017cenia \u017cycia. Gdy jedna osoba z rodziny ma regularny doch\u00f3d, jest w stanie pom\u00f3c innym cz\u0142onkom rodziny.<\/p>\n<h4>Kurs i wyprawka<\/h4>\n<p>Warsztat \u00ab\u00a0Trening zawodowy SZWACZKA\u00a0\u00bb prowadzony b\u0119dzie przez okres 12 miesi\u0119cy dla 8 os\u00f3b.\u00a0 Zaj\u0119cia prowadzone b\u0119d\u0105 przez 3-4 nauczycieli \u2013 ka\u017cdy jest specjalist\u0105 w danej dziedzinie. Zaj\u0119cia obejm\u0105 teori\u0119 i praktyk\u0119. Jeden nauczyciel b\u0119dzie mia\u0142 zaj\u0119cia w swojej klasie przez kilka miesi\u0119cy w roku. Po uko\u0144czeniu treningu zawodowego ka\u017cdy uczestnik otrzyma certyfikat uko\u0144czenia oraz podstawowe wyposa\u017cenie materialne w zawodzie na przysz\u0142o\u015b\u0107, jak. maszyna do szycia, nici, no\u017cyczki, etc. Wyprawka b\u0119dzie mie\u0107 warto\u015b\u0107 ok. 120-150 euro.<\/p>\n<h4>Szwaczka to dobry zaw\u00f3d<\/h4>\n<p>Po uko\u0144czeniu kursu m\u0142oda osoba otrzyma maszyn\u0119 do szycia i mo\u017ce pracowa\u0107 we w\u0142asnym zakresie, \u015bwiadcz\u0105c us\u0142ugi dla ludzi w miejscu gdzie mieszka. Mo\u017ce r\u00f3wnie\u017c zatrudni\u0107 si\u0119 w jednym z wielu zak\u0142ad\u00f3w-szwalni dzia\u0142aj\u0105cych w stolicy Nepalu Katmandu. Szwaczka to dobre zaj\u0119cie i zaw\u00f3d wymagaj\u0105cy kwalifikacji. Dzi\u0119ki uko\u0144czeniu kursu m\u0142odzie\u017c otrzyma szans\u0119 na zawodow\u0105 stabilizacj\u0119 i lepsz\u0105 przysz\u0142o\u015b\u0107.<\/p>\n<table>\n<tbody>\n<tr>\n<td colspan=\"6\" width=\"658\">\n<h4><strong>KOSZTORYS <\/strong><\/h4>\n<\/td>\n<\/tr>\n<tr>\n<td width=\"43\">LP<\/td>\n<td width=\"302\"><strong>OPIS<\/strong><\/td>\n<td colspan=\"2\" width=\"109\">Ilo\u015b\u0107\/ jednostki miary (szt)<\/td>\n<td width=\"95\"><strong>Cena<\/strong><\/p>\n<p>(w miejscowej walucie)<\/td>\n<td width=\"110\"><strong>Kwota\u00a0\u00a0\u00a0\u00a0\u00a0\u00a0\u00a0\u00a0\u00a0\u00a0\u00a0\u00a0\u00a0\u00a0\u00a0\u00a0\u00a0\u00a0\u00a0\u00a0\u00a0 <\/strong>(w miejscowej walucie)<\/p>\n<p>NPR<\/td>\n<\/tr>\n<tr>\n<td width=\"43\">1.<\/td>\n<td colspan=\"2\" width=\"303\">Przygotowanie stanowiska szkoleniowego<\/p>\n<p>&#8211; maszyna do szycia szkoleniowa<\/td>\n<td width=\"108\">2<\/td>\n<td width=\"95\">14000<\/td>\n<td width=\"110\">18.000<\/td>\n<\/tr>\n<tr>\n<td width=\"43\">2.<\/td>\n<td colspan=\"2\" width=\"303\">Przygotowanie stanowiska szkoleniowego<\/p>\n<p>&#8211; no\u017cyczki, nici, inne narz\u0119dzia krawieckie<\/td>\n<td width=\"108\">4 pakiety<\/td>\n<td width=\"95\">1500<\/td>\n<td width=\"110\">6.000<\/td>\n<\/tr>\n<tr>\n<td width=\"43\">3.<\/td>\n<td colspan=\"2\" width=\"303\">odzie\u017c robocza<\/td>\n<td width=\"108\">8<\/td>\n<td width=\"95\">900<\/td>\n<td width=\"110\">7.200<\/td>\n<\/tr>\n<tr>\n<td width=\"43\">4.<\/td>\n<td colspan=\"2\" width=\"303\">\u015brodki czysto\u015bci<\/td>\n<td width=\"108\">8 pakiet\u00f3w x12 m-cy = 96 szt<\/td>\n<td width=\"95\">100<\/td>\n<td width=\"110\">9.600<\/td>\n<\/tr>\n<tr>\n<td width=\"43\">5.<\/td>\n<td colspan=\"2\" width=\"303\">Przygotowanie stanowiska szkoleniowego<\/p>\n<p>&#8211; wyposa\u017cenie techniczne \u2013 szkoleniowe<\/td>\n<td width=\"108\">1<\/td>\n<td width=\"95\">10.000<\/td>\n<td width=\"110\">10.000<\/td>\n<\/tr>\n<tr>\n<td width=\"43\">6.<\/td>\n<td colspan=\"2\" width=\"303\">Przygotowanie stanowiska szkoleniowego<\/p>\n<p>A. st\u00f3\u0142<\/p>\n<p>B. lampka<\/p>\n<p>C. krzes\u0142a<\/p>\n<p>D. szafa<\/td>\n<td width=\"108\">&nbsp;<\/p>\n<p>A. 5 szt<\/p>\n<p>B. 5 szt<\/p>\n<p>C. 9 szt<\/p>\n<p>D. 1 szt<\/td>\n<td width=\"95\">&nbsp;<\/p>\n<p>A. 5.000<\/p>\n<p>B. 750<\/p>\n<p>C. 1.900<\/p>\n<p>D. 12.500<\/td>\n<td width=\"110\">&nbsp;<\/p>\n<p>A. 25.000<\/p>\n<p>B. 3.750<\/p>\n<p>C. 17.100<\/p>\n<p>D. 12.500<\/td>\n<\/tr>\n<tr>\n<td width=\"43\">7.<\/td>\n<td colspan=\"2\" width=\"303\">Utrzymanie\/ prowadzenie projektu<\/p>\n<p>Pomieszczenie &#8211; czynsz<\/td>\n<td width=\"108\">12 miesi\u0119cy<\/td>\n<td width=\"95\">2500<\/td>\n<td width=\"110\">30.000<\/td>\n<\/tr>\n<tr>\n<td width=\"43\">8.<\/td>\n<td colspan=\"2\" width=\"303\">Elektryczno\u015b\u0107<\/td>\n<td width=\"108\">12 m-cy<\/td>\n<td width=\"95\">500<\/td>\n<td width=\"110\">6.000<\/td>\n<\/tr>\n<tr>\n<td width=\"43\">9.<\/td>\n<td colspan=\"2\" width=\"303\">Materia\u0142 do nauki szycia \u2013 materia\u0142 ubraniowy, nici, etc.<\/td>\n<td width=\"108\">12 m-cy<\/td>\n<td width=\"95\">1500<\/td>\n<td width=\"110\">18.000<\/td>\n<\/tr>\n<tr>\n<td width=\"43\">10.<\/td>\n<td colspan=\"2\" width=\"303\">Zeszyty, d\u0142ugopisy, linijka, inne do nauki teoria plus modelowanie<\/td>\n<td width=\"108\">12 m-cy<\/td>\n<td width=\"95\">750<\/td>\n<td width=\"110\">9.000<\/td>\n<\/tr>\n<tr>\n<td width=\"43\">11.<\/td>\n<td colspan=\"2\" width=\"303\">Wynagrodzenie nauczyciela<\/td>\n<td width=\"108\">12 m-cy<\/td>\n<td width=\"95\">10.000<\/td>\n<td width=\"110\">120.000<\/td>\n<\/tr>\n<tr>\n<td width=\"43\"><\/td>\n<td colspan=\"2\" width=\"303\"><strong>PODSUMOWANIE <\/strong>(w miejscowej walucie)<\/td>\n<td width=\"108\"><\/td>\n<td width=\"95\"><\/td>\n<td width=\"110\"><strong>292.150<\/strong><\/td>\n<\/tr>\n<\/tbody>\n<\/table>\n<p>Osoba odpowiedzialna: <em>Aleksandra<\/em><em>\u00a0Kurnicka, <a href=\"https:\/\/www.facebook.com\/LittleFeetCharity\/\" target=\"_blank\" rel=\"noopener noreferrer\">Karunika Tuition Center<\/a>, Kathmandu, Nepal<\/em><\/p>\n<p><span style=\"color: #ff0000;\"><span style=\"font-size: large;\"><b>Wnioskowana kwota : 2290 \u20ac<\/b><\/span><\/span><\/p>\n<p><span style=\"color: #999999;\">Stowarzyszenie Ruchu\u00a0<em>Maitri<\/em>\u00a0przeznacza do 10% otrzymanych \u015brodk\u00f3w na koszty funkcjonowania biura i pozyskiwanie funduszy pomocowych.<\/span><\/p>\n<h3><strong><span style=\"color: #999999;\">Nepal: wyposa\u017cenie warsztatu do nauki zawodu szwaczki<\/span><\/strong><\/h3>\n","protected":false},"excerpt":{"rendered":"<p>Nie ma zawodu, nie ma pracy W naszym o\u015brodku Karunika Tuition Center Nepal przyjmujemy starsze dzieci i m\u0142odzie\u017c wywodz\u0105ce si\u0119 z najni\u017cszych kast. Pochodz\u0105 zazwyczaj z rodzin ekstremalnie biednych. Ich rodziny nie maj\u0105 w\u0142asnego pola czy domu. Cz\u0119sto nie maj\u0105 r\u00f3wnie\u017c \u017cadnego wykszta\u0142cenia, o zawodowym nie m\u00f3wi\u0105c. Jest to g\u0142\u00f3wna przyczyna powielania biedy z pokolenia&#8230;<\/p>\n","protected":false},"featured_media":23325,"template":"","meta":[],"product_brand":[],"product_cat":[656],"product_tag":[670,671,672],"class_list":{"0":"post-23324","1":"product","2":"type-product","3":"status-publish","4":"has-post-thumbnail","6":"product_cat-bez-kategorii","7":"product_tag-aleksandra-kurnicka","8":"product_tag-karunika-tuition-center","9":"product_tag-nepal","11":"first","12":"instock","13":"virtual","14":"purchasable","15":"product-type-simple"},"yoast_head":"<!-- This site is optimized with the Yoast SEO plugin v27.2 - https:\/\/yoast.com\/product\/yoast-seo-wordpress\/ -->\n<title>Nepal: wyposa\u017cenie warsztatu do nauki zawodu szwaczki<\/title>\n<meta name=\"description\" content=\"Nepal: wyposa\u017cenie warsztatu do nauki zawodu szwaczki. Aleksandra Kurnicka z Karunika Tuition Center w Kathmandu prosi o wsparcie akcji.\" \/>\n<meta name=\"robots\" content=\"index, follow, max-snippet:-1, max-image-preview:large, max-video-preview:-1\" \/>\n<link rel=\"canonical\" href=\"https:\/\/www.maitri.pl\/projekt\/nepal-wyposazenie-warsztatu-szwaczki\/\" \/>\n<meta property=\"og:locale\" content=\"fr_FR\" \/>\n<meta property=\"og:type\" content=\"article\" \/>\n<meta property=\"og:title\" content=\"Nepal: wyposa\u017cenie warsztatu do nauki zawodu szwaczki\" \/>\n<meta property=\"og:description\" content=\"Nepal: wyposa\u017cenie warsztatu do nauki zawodu szwaczki. Aleksandra Kurnicka z Karunika Tuition Center w Kathmandu prosi o wsparcie akcji.\" \/>\n<meta property=\"og:url\" content=\"https:\/\/www.maitri.pl\/projekt\/nepal-wyposazenie-warsztatu-szwaczki\/\" \/>\n<meta property=\"og:site_name\" content=\"Ruch Maitri - Adopcja Serca pomoc Afryce\" \/>\n<meta property=\"article:publisher\" content=\"https:\/\/www.facebook.com\/MAITRI.Adopcja.Serca.dzieci.Afryki\/\" \/>\n<meta property=\"article:modified_time\" content=\"2023-02-10T11:14:14+00:00\" \/>\n<meta property=\"og:image\" content=\"https:\/\/www.maitri.pl\/wp-content\/uploads\/2021\/08\/20-kartc.jpg\" \/>\n\t<meta property=\"og:image:width\" content=\"1616\" \/>\n\t<meta property=\"og:image:height\" content=\"1078\" \/>\n\t<meta property=\"og:image:type\" content=\"image\/jpeg\" \/>\n<meta name=\"twitter:card\" content=\"summary_large_image\" \/>\n<meta name=\"twitter:label1\" content=\"Dur\u00e9e de lecture estim\u00e9e\" \/>\n\t<meta name=\"twitter:data1\" content=\"4 minutes\" \/>\n<script type=\"application\/ld+json\" class=\"yoast-schema-graph\">{\"@context\":\"https:\/\/schema.org\",\"@graph\":[{\"@type\":\"WebPage\",\"@id\":\"https:\/\/www.maitri.pl\/projekt\/nepal-wyposazenie-warsztatu-szwaczki\/\",\"url\":\"https:\/\/www.maitri.pl\/projekt\/nepal-wyposazenie-warsztatu-szwaczki\/\",\"name\":\"Nepal: wyposa\u017cenie warsztatu do nauki zawodu szwaczki\",\"isPartOf\":{\"@id\":\"https:\/\/www.maitri.pl\/#website\"},\"primaryImageOfPage\":{\"@id\":\"https:\/\/www.maitri.pl\/projekt\/nepal-wyposazenie-warsztatu-szwaczki\/#primaryimage\"},\"image\":{\"@id\":\"https:\/\/www.maitri.pl\/projekt\/nepal-wyposazenie-warsztatu-szwaczki\/#primaryimage\"},\"thumbnailUrl\":\"https:\/\/www.maitri.pl\/wp-content\/uploads\/2021\/08\/20-kartc.jpg\",\"datePublished\":\"2022-09-12T21:11:54+00:00\",\"dateModified\":\"2023-02-10T11:14:14+00:00\",\"description\":\"Nepal: wyposa\u017cenie warsztatu do nauki zawodu szwaczki. Aleksandra Kurnicka z Karunika Tuition Center w Kathmandu prosi o wsparcie akcji.\",\"breadcrumb\":{\"@id\":\"https:\/\/www.maitri.pl\/projekt\/nepal-wyposazenie-warsztatu-szwaczki\/#breadcrumb\"},\"inLanguage\":\"fr-FR\",\"potentialAction\":[{\"@type\":\"ReadAction\",\"target\":[\"https:\/\/www.maitri.pl\/projekt\/nepal-wyposazenie-warsztatu-szwaczki\/\"]}]},{\"@type\":\"ImageObject\",\"inLanguage\":\"fr-FR\",\"@id\":\"https:\/\/www.maitri.pl\/projekt\/nepal-wyposazenie-warsztatu-szwaczki\/#primaryimage\",\"url\":\"https:\/\/www.maitri.pl\/wp-content\/uploads\/2021\/08\/20-kartc.jpg\",\"contentUrl\":\"https:\/\/www.maitri.pl\/wp-content\/uploads\/2021\/08\/20-kartc.jpg\",\"width\":1616,\"height\":1078,\"caption\":\"Nepal Ruch Maitri pomoc ubogim Adopcja Serca wyposa\u017cenie warsztatu 01\"},{\"@type\":\"BreadcrumbList\",\"@id\":\"https:\/\/www.maitri.pl\/projekt\/nepal-wyposazenie-warsztatu-szwaczki\/#breadcrumb\",\"itemListElement\":[{\"@type\":\"ListItem\",\"position\":1,\"name\":\"Strona g\u0142\u00f3wna\",\"item\":\"https:\/\/www.maitri.pl\/\"},{\"@type\":\"ListItem\",\"position\":2,\"name\":\"Sklep\",\"item\":\"https:\/\/www.maitri.pl\/sklep\/\"},{\"@type\":\"ListItem\",\"position\":3,\"name\":\"Nepal: wyposa\u017cenie warsztatu do nauki zawodu szwaczki\"}]},{\"@type\":\"WebSite\",\"@id\":\"https:\/\/www.maitri.pl\/#website\",\"url\":\"https:\/\/www.maitri.pl\/\",\"name\":\"Adopcja Serca Maitri \u2013 pomoc dzieciom w Afryce\",\"description\":\"Adopcja Serca \u2013 adopcja na odleg\u0142o\u015b\u0107, pomoc Afryce, do\u017cywianie i edukacja w Afryce\",\"publisher\":{\"@id\":\"https:\/\/www.maitri.pl\/#organization\"},\"potentialAction\":[{\"@type\":\"SearchAction\",\"target\":{\"@type\":\"EntryPoint\",\"urlTemplate\":\"https:\/\/www.maitri.pl\/?s={search_term_string}\"},\"query-input\":{\"@type\":\"PropertyValueSpecification\",\"valueRequired\":true,\"valueName\":\"search_term_string\"}}],\"inLanguage\":\"fr-FR\"},{\"@type\":\"Organization\",\"@id\":\"https:\/\/www.maitri.pl\/#organization\",\"name\":\"Stowarzyszenie Ruchu Maitri\",\"url\":\"https:\/\/www.maitri.pl\/\",\"logo\":{\"@type\":\"ImageObject\",\"inLanguage\":\"fr-FR\",\"@id\":\"https:\/\/www.maitri.pl\/#\/schema\/logo\/image\/\",\"url\":\"https:\/\/www.maitri.pl\/wp-content\/uploads\/2020\/04\/duze_logo-81.png\",\"contentUrl\":\"https:\/\/www.maitri.pl\/wp-content\/uploads\/2020\/04\/duze_logo-81.png\",\"width\":339,\"height\":321,\"caption\":\"Stowarzyszenie Ruchu Maitri\"},\"image\":{\"@id\":\"https:\/\/www.maitri.pl\/#\/schema\/logo\/image\/\"},\"sameAs\":[\"https:\/\/www.facebook.com\/MAITRI.Adopcja.Serca.dzieci.Afryki\/\"]}]}<\/script>\n<!-- \/ Yoast SEO plugin. -->","yoast_head_json":{"title":"Nepal: wyposa\u017cenie warsztatu do nauki zawodu szwaczki","description":"Nepal: wyposa\u017cenie warsztatu do nauki zawodu szwaczki. Aleksandra Kurnicka z Karunika Tuition Center w Kathmandu prosi o wsparcie akcji.","robots":{"index":"index","follow":"follow","max-snippet":"max-snippet:-1","max-image-preview":"max-image-preview:large","max-video-preview":"max-video-preview:-1"},"canonical":"https:\/\/www.maitri.pl\/projekt\/nepal-wyposazenie-warsztatu-szwaczki\/","og_locale":"fr_FR","og_type":"article","og_title":"Nepal: wyposa\u017cenie warsztatu do nauki zawodu szwaczki","og_description":"Nepal: wyposa\u017cenie warsztatu do nauki zawodu szwaczki. Aleksandra Kurnicka z Karunika Tuition Center w Kathmandu prosi o wsparcie akcji.","og_url":"https:\/\/www.maitri.pl\/projekt\/nepal-wyposazenie-warsztatu-szwaczki\/","og_site_name":"Ruch Maitri - Adopcja Serca pomoc Afryce","article_publisher":"https:\/\/www.facebook.com\/MAITRI.Adopcja.Serca.dzieci.Afryki\/","article_modified_time":"2023-02-10T11:14:14+00:00","og_image":[{"width":1616,"height":1078,"url":"https:\/\/www.maitri.pl\/wp-content\/uploads\/2021\/08\/20-kartc.jpg","type":"image\/jpeg"}],"twitter_card":"summary_large_image","twitter_misc":{"Dur\u00e9e de lecture estim\u00e9e":"4 minutes"},"schema":{"@context":"https:\/\/schema.org","@graph":[{"@type":"WebPage","@id":"https:\/\/www.maitri.pl\/projekt\/nepal-wyposazenie-warsztatu-szwaczki\/","url":"https:\/\/www.maitri.pl\/projekt\/nepal-wyposazenie-warsztatu-szwaczki\/","name":"Nepal: wyposa\u017cenie warsztatu do nauki zawodu szwaczki","isPartOf":{"@id":"https:\/\/www.maitri.pl\/#website"},"primaryImageOfPage":{"@id":"https:\/\/www.maitri.pl\/projekt\/nepal-wyposazenie-warsztatu-szwaczki\/#primaryimage"},"image":{"@id":"https:\/\/www.maitri.pl\/projekt\/nepal-wyposazenie-warsztatu-szwaczki\/#primaryimage"},"thumbnailUrl":"https:\/\/www.maitri.pl\/wp-content\/uploads\/2021\/08\/20-kartc.jpg","datePublished":"2022-09-12T21:11:54+00:00","dateModified":"2023-02-10T11:14:14+00:00","description":"Nepal: wyposa\u017cenie warsztatu do nauki zawodu szwaczki. Aleksandra Kurnicka z Karunika Tuition Center w Kathmandu prosi o wsparcie akcji.","breadcrumb":{"@id":"https:\/\/www.maitri.pl\/projekt\/nepal-wyposazenie-warsztatu-szwaczki\/#breadcrumb"},"inLanguage":"fr-FR","potentialAction":[{"@type":"ReadAction","target":["https:\/\/www.maitri.pl\/projekt\/nepal-wyposazenie-warsztatu-szwaczki\/"]}]},{"@type":"ImageObject","inLanguage":"fr-FR","@id":"https:\/\/www.maitri.pl\/projekt\/nepal-wyposazenie-warsztatu-szwaczki\/#primaryimage","url":"https:\/\/www.maitri.pl\/wp-content\/uploads\/2021\/08\/20-kartc.jpg","contentUrl":"https:\/\/www.maitri.pl\/wp-content\/uploads\/2021\/08\/20-kartc.jpg","width":1616,"height":1078,"caption":"Nepal Ruch Maitri pomoc ubogim Adopcja Serca wyposa\u017cenie warsztatu 01"},{"@type":"BreadcrumbList","@id":"https:\/\/www.maitri.pl\/projekt\/nepal-wyposazenie-warsztatu-szwaczki\/#breadcrumb","itemListElement":[{"@type":"ListItem","position":1,"name":"Strona g\u0142\u00f3wna","item":"https:\/\/www.maitri.pl\/"},{"@type":"ListItem","position":2,"name":"Sklep","item":"https:\/\/www.maitri.pl\/sklep\/"},{"@type":"ListItem","position":3,"name":"Nepal: wyposa\u017cenie warsztatu do nauki zawodu szwaczki"}]},{"@type":"WebSite","@id":"https:\/\/www.maitri.pl\/#website","url":"https:\/\/www.maitri.pl\/","name":"Adopcja Serca Maitri \u2013 pomoc dzieciom w Afryce","description":"Adopcja Serca \u2013 adopcja na odleg\u0142o\u015b\u0107, pomoc Afryce, do\u017cywianie i edukacja w Afryce","publisher":{"@id":"https:\/\/www.maitri.pl\/#organization"},"potentialAction":[{"@type":"SearchAction","target":{"@type":"EntryPoint","urlTemplate":"https:\/\/www.maitri.pl\/?s={search_term_string}"},"query-input":{"@type":"PropertyValueSpecification","valueRequired":true,"valueName":"search_term_string"}}],"inLanguage":"fr-FR"},{"@type":"Organization","@id":"https:\/\/www.maitri.pl\/#organization","name":"Stowarzyszenie Ruchu Maitri","url":"https:\/\/www.maitri.pl\/","logo":{"@type":"ImageObject","inLanguage":"fr-FR","@id":"https:\/\/www.maitri.pl\/#\/schema\/logo\/image\/","url":"https:\/\/www.maitri.pl\/wp-content\/uploads\/2020\/04\/duze_logo-81.png","contentUrl":"https:\/\/www.maitri.pl\/wp-content\/uploads\/2020\/04\/duze_logo-81.png","width":339,"height":321,"caption":"Stowarzyszenie Ruchu Maitri"},"image":{"@id":"https:\/\/www.maitri.pl\/#\/schema\/logo\/image\/"},"sameAs":["https:\/\/www.facebook.com\/MAITRI.Adopcja.Serca.dzieci.Afryki\/"]}]}},"_links":{"self":[{"href":"https:\/\/www.maitri.pl\/fr\/wp-json\/wp\/v2\/product\/23324","targetHints":{"allow":["GET"]}}],"collection":[{"href":"https:\/\/www.maitri.pl\/fr\/wp-json\/wp\/v2\/product"}],"about":[{"href":"https:\/\/www.maitri.pl\/fr\/wp-json\/wp\/v2\/types\/product"}],"wp:featuredmedia":[{"embeddable":true,"href":"https:\/\/www.maitri.pl\/fr\/wp-json\/wp\/v2\/media\/23325"}],"wp:attachment":[{"href":"https:\/\/www.maitri.pl\/fr\/wp-json\/wp\/v2\/media?parent=23324"}],"wp:term":[{"taxonomy":"product_brand","embeddable":true,"href":"https:\/\/www.maitri.pl\/fr\/wp-json\/wp\/v2\/product_brand?post=23324"},{"taxonomy":"product_cat","embeddable":true,"href":"https:\/\/www.maitri.pl\/fr\/wp-json\/wp\/v2\/product_cat?post=23324"},{"taxonomy":"product_tag","embeddable":true,"href":"https:\/\/www.maitri.pl\/fr\/wp-json\/wp\/v2\/product_tag?post=23324"}],"curies":[{"name":"wp","href":"https:\/\/api.w.org\/{rel}","templated":true}]}}