{"id":23296,"date":"2021-08-19T12:42:20","date_gmt":"2021-08-19T10:42:20","guid":{"rendered":"https:\/\/www.maitri.pl\/?post_type=product&#038;p=23296"},"modified":"2023-02-10T12:22:33","modified_gmt":"2023-02-10T11:22:33","slug":"zakup-lekow-laboratorium-essiengbot","status":"publish","type":"product","link":"https:\/\/www.maitri.pl\/fr\/projekt\/zakup-lekow-laboratorium-essiengbot\/","title":{"rendered":"Zakup niezb\u0119dnych lek\u00f3w i reaktyw\u00f3w do laboratorium w misji Essiengbot"},"content":{"rendered":"<h4>Tam ka\u017cdy otrzyma pomoc<\/h4>\n<p>Nasza przychodnia znajduj\u0119 si\u0119 w \u015brodku afryka\u0144skiego lasu, z dala od miasta i dobrej asfaltowej drogi. Ludno\u015b\u0107 utrzymuje si\u0119 g\u0142\u00f3wnie z uprawy roli i polowa\u0144, nie zawsze p\u0142ac\u0105 got\u00f3wk\u0105, niekiedy s\u0105 to banany, kury itp.\u00a0 Co dnia przychodzi do nas ok. 15 os\u00f3b, a poniewa\u017c ich g\u0142\u00f3wnym \u015brodkiem transportu s\u0105 ich w\u0142asne nogi, do przychodni dochodz\u0105 te\u017c noc\u0105. W tamtym roku przyj\u0119li\u015bmy prawie 3 tys. os\u00f3b, tych zarejestrowanych, jednak by\u0142o te\u017c wielu przyj\u0119tych na cito. Pracujemy wi\u0119c 24h na dob\u0119, r\u00f3wnie\u017c w laboratorium.<\/p>\n<h4>Bez lek\u00f3w nie mo\u017cna leczy\u0107<\/h4>\n<p>Nasz g\u0142\u00f3wny problem to bieda tutejszych ludzi. Potrzebujemy pomocy finansowej by m\u00f3c zakupi\u0107 leki, witaminy, syropy dla dzieci, a tak\u017ce antybiotyki &#8211; g\u0142\u00f3wnie w zastrzykach. Pragniemy dalej <a href=\"https:\/\/www.maitri.pl\/adopcja-serca\/\" target=\"_blank\" rel=\"noopener\">pomaga\u0107<\/a> i leczy\u0107 naszych ludzi jednak bez Waszej pomocy nie damy rady. Ludzie przychodz\u0105 do nas z ka\u017cdej strony naszego regionu. \u015awiadczy to o ich ogromnym zaufaniu do nas. Wiedz\u0105, \u017ce nawet jak przynios\u0105 tylko kur\u0119 jako op\u0142at\u0119 za leczenie, to i tak otrzymaj\u0105 opiek\u0119. Nie odmawiamy nikomu. Nie umiemy powiedzie\u0107 \u201enie\u201d, gdy faktura za leczenie przerasta mo\u017cliwo\u015bci pacjenta. Od wielu lat tak pracujemy i ludzie tutejsi o tym wiedz\u0105, dlatego te\u017c zawsze do nas przychodz\u0105. Prosimy Was wi\u0119c o pomoc raz jeszcze, bo bez Was nie damy rady sta\u0107 wci\u0105\u017c na stra\u017cy \u017cycia i zdrowia. Apelujemy o wsparcie dla przychodni i laboratorium.<\/p>\n<table>\n<tbody>\n<tr>\n<td colspan=\"6\" width=\"658\">\n<h3><strong>Kosztorys<\/strong><\/h3>\n<\/td>\n<\/tr>\n<tr>\n<td colspan=\"2\" width=\"35\">LP<\/td>\n<td width=\"184\"><strong>OPIS<\/strong><\/td>\n<td width=\"95\">Jednostki miary<\/td>\n<td width=\"151\">\n<p style=\"text-align: center\"><strong>Cena\u00a0\u00a0\u00a0\u00a0\u00a0\u00a0\u00a0\u00a0\u00a0\u00a0\u00a0\u00a0\u00a0\u00a0\u00a0\u00a0\u00a0\u00a0\u00a0\u00a0\u00a0\u00a0\u00a0\u00a0\u00a0\u00a0\u00a0 <\/strong>(w miejscowej walucie)<\/p>\n<\/td>\n<td width=\"193\">\n<p style=\"text-align: center\"><strong>Kwota\u00a0\u00a0\u00a0\u00a0 \u00a0 \u00a0\u00a0\u00a0\u00a0\u00a0\u00a0\u00a0\u00a0\u00a0\u00a0\u00a0\u00a0\u00a0\u00a0\u00a0\u00a0\u00a0\u00a0\u00a0\u00a0\u00a0\u00a0\u00a0\u00a0\u00a0\u00a0\u00a0 \u00a0 <\/strong>(w miejscowej walucie)<\/p>\n<\/td>\n<\/tr>\n<tr>\n<td width=\"34\">1.<\/td>\n<td colspan=\"2\" width=\"185\">Ceftraxone 1g<\/td>\n<td width=\"95\">amp<\/p>\n<p>&nbsp;<\/td>\n<td width=\"151\">320 frank\u00f3w CFA = 1 amp<\/td>\n<td width=\"193\">320 000 frank\u00f3w CFA = 1000 amp<\/td>\n<\/tr>\n<tr>\n<td width=\"34\">2.<\/td>\n<td colspan=\"2\" width=\"185\">Ampiciline<\/p>\n<p>&nbsp;<\/td>\n<td width=\"95\">Amp<\/td>\n<td width=\"151\">14 000 frank\u00f3w CFA = (100 amp)<\/td>\n<td width=\"193\">140 000 frank\u00f3w CFA = 1000amp<\/td>\n<\/tr>\n<tr>\n<td width=\"34\">3<\/td>\n<td colspan=\"2\" width=\"185\">Arthemeter 1ml\/80mg<\/p>\n<p>&nbsp;<\/td>\n<td width=\"95\">Amp<\/td>\n<td width=\"151\">7 800 frank\u00f3w CFA = (60 amp)<\/td>\n<td width=\"193\">78 000 frank\u00f3w CFA = 600 amp<\/td>\n<\/tr>\n<tr>\n<td width=\"34\">4.<\/td>\n<td colspan=\"2\" width=\"185\">Diclofenac 75mg<\/p>\n<p>&nbsp;<\/td>\n<td width=\"95\">Amp<\/td>\n<td width=\"151\">4500 frank\u00f3w CFA = (100amp)<\/td>\n<td width=\"193\">45 000 frank\u00f3w CFA = 1000 amp<\/td>\n<\/tr>\n<tr>\n<td width=\"34\">5.<\/td>\n<td colspan=\"2\" width=\"185\">Gentamycine<\/p>\n<p>&nbsp;<\/td>\n<td width=\"95\">Amp<\/td>\n<td width=\"151\">6500 frank\u00f3w CFA = (100 amp)<\/td>\n<td width=\"193\">65000 frank\u00f3w CFA = 1000 amp<\/td>\n<\/tr>\n<tr>\n<td width=\"34\">6.<\/td>\n<td colspan=\"2\" width=\"185\">Vitamine B complex<\/p>\n<p>&nbsp;<\/td>\n<td width=\"95\">Amp<\/td>\n<td width=\"151\">4500 frank\u00f3w CFA = 100 amp<\/td>\n<td width=\"193\">45000 frank\u00f3w CFA = 1000 amp<\/td>\n<\/tr>\n<tr>\n<td width=\"34\">7.<\/td>\n<td colspan=\"2\" width=\"185\">Glucose 5%<\/p>\n<p>&nbsp;<\/td>\n<td width=\"95\">kropl\u00f3wka<\/td>\n<td width=\"151\">430 frank\u00f3w CFA = 1 poche<\/td>\n<td width=\"193\">25800 frank\u00f3w CFA = 60 szt<\/td>\n<\/tr>\n<tr>\n<td width=\"34\">8.<\/td>\n<td colspan=\"2\" width=\"185\">Ringer Lactate<\/p>\n<p>&nbsp;<\/td>\n<td width=\"95\">kropl\u00f3wka<\/td>\n<td width=\"151\">430f cfa = 1 poche<\/td>\n<td width=\"193\">25800f cfa=60f cfa<\/td>\n<\/tr>\n<tr>\n<td width=\"34\">9.<\/td>\n<td colspan=\"2\" width=\"185\">Amoxicilline 500mg<\/p>\n<p>&nbsp;<\/td>\n<td width=\"95\">Tabletki<\/td>\n<td width=\"151\">2200 frank\u00f3w CFA = 100 cp<\/td>\n<td width=\"193\">220 000 frank\u00f3w CFA = 10000 cp<\/td>\n<\/tr>\n<tr>\n<td width=\"34\">10.<\/td>\n<td colspan=\"2\" width=\"185\">Calcium 300mg<\/p>\n<p>&nbsp;<\/td>\n<td width=\"95\">Tabletki<\/td>\n<td width=\"151\">5500 frank\u00f3w CFA = 1000 cp<\/td>\n<td width=\"193\">55000 frank\u00f3w CFA = 10000 cp<\/td>\n<\/tr>\n<tr>\n<td width=\"34\">11.<\/td>\n<td colspan=\"2\" width=\"185\">Cilpofloxacine 500mg<\/p>\n<p>&nbsp;<\/td>\n<td width=\"95\">Tabletki<\/td>\n<td width=\"151\">32000 frank\u00f3w CFA = 1000 cp<\/td>\n<td width=\"193\">160 000 frank\u00f3w CFA = 5000 cp<\/td>\n<\/tr>\n<tr>\n<td width=\"34\">12.<\/td>\n<td colspan=\"2\" width=\"185\">Cloxaciline 500mg<\/p>\n<p>&nbsp;<\/td>\n<td width=\"95\">tabletki<\/td>\n<td width=\"151\">30000 frank\u00f3w CFA = 1000 cp<\/td>\n<td width=\"193\">150000 frank\u00f3w CFA = 5000 cp<\/td>\n<\/tr>\n<tr>\n<td width=\"34\">13.<\/td>\n<td colspan=\"2\" width=\"185\">FER (\u017celazo)<\/p>\n<p>&nbsp;<\/td>\n<td width=\"95\">Tabletki<\/td>\n<td width=\"151\">5500 frank\u00f3w CFA = 1000cp<\/td>\n<td width=\"193\">55000 frank\u00f3w CFA = 10000 cp<\/td>\n<\/tr>\n<tr>\n<td width=\"34\">14.<\/td>\n<td colspan=\"2\" width=\"185\">Erytomicine 500mg<\/p>\n<p>&nbsp;<\/td>\n<td width=\"95\">Tabletki<\/td>\n<td width=\"151\">36000 frank\u00f3w CFA = 1000 cp<\/td>\n<td width=\"193\">108 000 frank\u00f3w CFA = 3000 cp<\/td>\n<\/tr>\n<tr>\n<td width=\"34\">15.<\/td>\n<td colspan=\"2\" width=\"185\">Multivitamine sirop<\/p>\n<p>&nbsp;<\/td>\n<td width=\"95\">Syrop<\/td>\n<td width=\"151\">500 frank\u00f3w CFA =<\/p>\n<p>1 syrop<\/td>\n<td width=\"193\">150 000 frank\u00f3w CFA = 300 syrop\u00f3w<\/td>\n<\/tr>\n<tr>\n<td width=\"34\">16.<\/td>\n<td colspan=\"2\" width=\"185\">FER sirop<\/td>\n<td width=\"95\">syrop<\/td>\n<td width=\"151\">900 frank\u00f3w CFA =<\/p>\n<p>1 syrop<\/td>\n<td width=\"193\">360 000 frank\u00f3w CFA = 400 syrop\u00f3w<\/td>\n<\/tr>\n<tr>\n<td width=\"34\"><\/td>\n<td colspan=\"2\" width=\"185\"><strong>PODSUMOWANIE <\/strong><\/td>\n<td width=\"95\">&nbsp;<\/p>\n<p>&nbsp;<\/td>\n<td width=\"151\"><\/td>\n<td width=\"193\">2 002 000 frank\u00f3w CFA<\/td>\n<\/tr>\n<\/tbody>\n<\/table>\n<p><em>s. Annuncjata Waszewska, <a href=\"https:\/\/www.providentia.pl\/\" target=\"_blank\" rel=\"noopener noreferrer\">Zgromadzenie Si\u00f3str Opatrzno\u015bci Bo\u017cej<\/a><\/em><\/p>\n<h4 style=\"text-align: justify\"><b style=\"font-size: large;color: #ff0000\">Kwota projektu: 3330 \u20ac<\/b><\/h4>\n<p style=\"text-align: justify\" align=\"JUSTIFY\">Numer projektu: <strong>48\/OPATR<\/strong><\/p>\n<p style=\"text-align: justify\" align=\"JUSTIFY\"><span style=\"color: #808080\">Stowarzyszenie Ruchu\u00a0<em>Maitri<\/em>\u00a0przeznacza do 10% otrzymanych \u015brodk\u00f3w na koszty funkcjonowania biura i pozyskiwanie funduszy pomocowych.<\/span><\/p>\n<h3 style=\"text-align: justify\" align=\"JUSTIFY\"><span style=\"color: #808080\">Zakup niezb\u0119dnych lek\u00f3w i reaktyw\u00f3w do laboratorium w misji Essiengbot w Kamerunie<\/span><\/h3>\n","protected":false},"excerpt":{"rendered":"<p><strong>Projekt:\u00a0<\/strong> s. Annuncjata Waszewska, <a href=\"https:\/\/www.providentia.pl\/\" target=\"_blank\" rel=\"noopener noreferrer\">Zgromadzenie Si\u00f3str Opatrzno\u015bci Bo\u017cej<\/a><br \/>\n<strong>Misja:<\/strong> Essiengbot, <a href=\"https:\/\/www.maitri.pl\/gdzie-pomagamy\/\" target=\"_blank\" rel=\"noopener noreferrer\">Kamerun<\/a><br \/>\n<strong>Kwota projektu: <span style=\"color: #ff0000\">3330 \u20ac<\/span><\/strong><\/p>\n","protected":false},"featured_media":23299,"template":"","meta":[],"product_brand":[],"product_cat":[656],"product_tag":[684,658,697,686],"class_list":{"0":"post-23296","1":"product","2":"type-product","3":"status-publish","4":"has-post-thumbnail","6":"product_cat-bez-kategorii","7":"product_tag-essiengbot","8":"product_tag-kamerun","9":"product_tag-siostra-annuncjata-waszewska","10":"product_tag-zgromadzenie-siostr-opatrznosci-bozej","12":"first","13":"instock","14":"virtual","15":"purchasable","16":"product-type-simple"},"yoast_head":"<!-- This site is optimized with the Yoast SEO plugin v27.2 - https:\/\/yoast.com\/product\/yoast-seo-wordpress\/ -->\n<title>Zakup niezb\u0119dnych lek\u00f3w i reaktyw\u00f3w do laboratorium w misji Essiengbot<\/title>\n<meta name=\"description\" content=\"Zakup niezb\u0119dnych lek\u00f3w i reaktyw\u00f3w do laboratorium w misji Essiengbot. Przychodnia prowadzona jest przez Siostry Opatrzno\u015bci Bo\u017cej.\" \/>\n<meta name=\"robots\" content=\"index, follow, max-snippet:-1, max-image-preview:large, max-video-preview:-1\" \/>\n<link rel=\"canonical\" href=\"https:\/\/www.maitri.pl\/projekt\/zakup-lekow-laboratorium-essiengbot\/\" \/>\n<meta property=\"og:locale\" content=\"fr_FR\" \/>\n<meta property=\"og:type\" content=\"article\" \/>\n<meta property=\"og:title\" content=\"Zakup niezb\u0119dnych lek\u00f3w i reaktyw\u00f3w do laboratorium w misji Essiengbot\" \/>\n<meta property=\"og:description\" content=\"Zakup niezb\u0119dnych lek\u00f3w i reaktyw\u00f3w do laboratorium w misji Essiengbot. Przychodnia prowadzona jest przez Siostry Opatrzno\u015bci Bo\u017cej.\" \/>\n<meta property=\"og:url\" content=\"https:\/\/www.maitri.pl\/projekt\/zakup-lekow-laboratorium-essiengbot\/\" \/>\n<meta property=\"og:site_name\" content=\"Ruch Maitri - Adopcja Serca pomoc Afryce\" \/>\n<meta property=\"article:publisher\" content=\"https:\/\/www.facebook.com\/MAITRI.Adopcja.Serca.dzieci.Afryki\/\" \/>\n<meta property=\"article:modified_time\" content=\"2023-02-10T11:22:33+00:00\" \/>\n<meta property=\"og:image\" content=\"https:\/\/www.maitri.pl\/wp-content\/uploads\/2021\/08\/48-opatr-2.jpg\" \/>\n\t<meta property=\"og:image:width\" content=\"1210\" \/>\n\t<meta property=\"og:image:height\" content=\"1613\" \/>\n\t<meta property=\"og:image:type\" content=\"image\/jpeg\" \/>\n<meta name=\"twitter:card\" content=\"summary_large_image\" \/>\n<meta name=\"twitter:label1\" content=\"Dur\u00e9e de lecture estim\u00e9e\" \/>\n\t<meta name=\"twitter:data1\" content=\"3 minutes\" \/>\n<script type=\"application\/ld+json\" class=\"yoast-schema-graph\">{\"@context\":\"https:\/\/schema.org\",\"@graph\":[{\"@type\":\"WebPage\",\"@id\":\"https:\/\/www.maitri.pl\/projekt\/zakup-lekow-laboratorium-essiengbot\/\",\"url\":\"https:\/\/www.maitri.pl\/projekt\/zakup-lekow-laboratorium-essiengbot\/\",\"name\":\"Zakup niezb\u0119dnych lek\u00f3w i reaktyw\u00f3w do laboratorium w misji Essiengbot\",\"isPartOf\":{\"@id\":\"https:\/\/www.maitri.pl\/#website\"},\"primaryImageOfPage\":{\"@id\":\"https:\/\/www.maitri.pl\/projekt\/zakup-lekow-laboratorium-essiengbot\/#primaryimage\"},\"image\":{\"@id\":\"https:\/\/www.maitri.pl\/projekt\/zakup-lekow-laboratorium-essiengbot\/#primaryimage\"},\"thumbnailUrl\":\"https:\/\/www.maitri.pl\/wp-content\/uploads\/2021\/08\/48-opatr-2.jpg\",\"datePublished\":\"2021-08-19T10:42:20+00:00\",\"dateModified\":\"2023-02-10T11:22:33+00:00\",\"description\":\"Zakup niezb\u0119dnych lek\u00f3w i reaktyw\u00f3w do laboratorium w misji Essiengbot. Przychodnia prowadzona jest przez Siostry Opatrzno\u015bci Bo\u017cej.\",\"breadcrumb\":{\"@id\":\"https:\/\/www.maitri.pl\/projekt\/zakup-lekow-laboratorium-essiengbot\/#breadcrumb\"},\"inLanguage\":\"fr-FR\",\"potentialAction\":[{\"@type\":\"ReadAction\",\"target\":[\"https:\/\/www.maitri.pl\/projekt\/zakup-lekow-laboratorium-essiengbot\/\"]}]},{\"@type\":\"ImageObject\",\"inLanguage\":\"fr-FR\",\"@id\":\"https:\/\/www.maitri.pl\/projekt\/zakup-lekow-laboratorium-essiengbot\/#primaryimage\",\"url\":\"https:\/\/www.maitri.pl\/wp-content\/uploads\/2021\/08\/48-opatr-2.jpg\",\"contentUrl\":\"https:\/\/www.maitri.pl\/wp-content\/uploads\/2021\/08\/48-opatr-2.jpg\",\"width\":1210,\"height\":1613,\"caption\":\"laboratorium siostry Opatrzno\u015bci Bo\u017cej Adopcja Serca pomoc Afryce Ruch Maitri 01\"},{\"@type\":\"BreadcrumbList\",\"@id\":\"https:\/\/www.maitri.pl\/projekt\/zakup-lekow-laboratorium-essiengbot\/#breadcrumb\",\"itemListElement\":[{\"@type\":\"ListItem\",\"position\":1,\"name\":\"Strona g\u0142\u00f3wna\",\"item\":\"https:\/\/www.maitri.pl\/\"},{\"@type\":\"ListItem\",\"position\":2,\"name\":\"Sklep\",\"item\":\"https:\/\/www.maitri.pl\/sklep\/\"},{\"@type\":\"ListItem\",\"position\":3,\"name\":\"Zakup niezb\u0119dnych lek\u00f3w i reaktyw\u00f3w do laboratorium w misji Essiengbot\"}]},{\"@type\":\"WebSite\",\"@id\":\"https:\/\/www.maitri.pl\/#website\",\"url\":\"https:\/\/www.maitri.pl\/\",\"name\":\"Adopcja Serca Maitri \u2013 pomoc dzieciom w Afryce\",\"description\":\"Adopcja Serca \u2013 adopcja na odleg\u0142o\u015b\u0107, pomoc Afryce, do\u017cywianie i edukacja w Afryce\",\"publisher\":{\"@id\":\"https:\/\/www.maitri.pl\/#organization\"},\"potentialAction\":[{\"@type\":\"SearchAction\",\"target\":{\"@type\":\"EntryPoint\",\"urlTemplate\":\"https:\/\/www.maitri.pl\/?s={search_term_string}\"},\"query-input\":{\"@type\":\"PropertyValueSpecification\",\"valueRequired\":true,\"valueName\":\"search_term_string\"}}],\"inLanguage\":\"fr-FR\"},{\"@type\":\"Organization\",\"@id\":\"https:\/\/www.maitri.pl\/#organization\",\"name\":\"Stowarzyszenie Ruchu Maitri\",\"url\":\"https:\/\/www.maitri.pl\/\",\"logo\":{\"@type\":\"ImageObject\",\"inLanguage\":\"fr-FR\",\"@id\":\"https:\/\/www.maitri.pl\/#\/schema\/logo\/image\/\",\"url\":\"https:\/\/www.maitri.pl\/wp-content\/uploads\/2020\/04\/duze_logo-81.png\",\"contentUrl\":\"https:\/\/www.maitri.pl\/wp-content\/uploads\/2020\/04\/duze_logo-81.png\",\"width\":339,\"height\":321,\"caption\":\"Stowarzyszenie Ruchu Maitri\"},\"image\":{\"@id\":\"https:\/\/www.maitri.pl\/#\/schema\/logo\/image\/\"},\"sameAs\":[\"https:\/\/www.facebook.com\/MAITRI.Adopcja.Serca.dzieci.Afryki\/\"]}]}<\/script>\n<!-- \/ Yoast SEO plugin. -->","yoast_head_json":{"title":"Zakup niezb\u0119dnych lek\u00f3w i reaktyw\u00f3w do laboratorium w misji Essiengbot","description":"Zakup niezb\u0119dnych lek\u00f3w i reaktyw\u00f3w do laboratorium w misji Essiengbot. Przychodnia prowadzona jest przez Siostry Opatrzno\u015bci Bo\u017cej.","robots":{"index":"index","follow":"follow","max-snippet":"max-snippet:-1","max-image-preview":"max-image-preview:large","max-video-preview":"max-video-preview:-1"},"canonical":"https:\/\/www.maitri.pl\/projekt\/zakup-lekow-laboratorium-essiengbot\/","og_locale":"fr_FR","og_type":"article","og_title":"Zakup niezb\u0119dnych lek\u00f3w i reaktyw\u00f3w do laboratorium w misji Essiengbot","og_description":"Zakup niezb\u0119dnych lek\u00f3w i reaktyw\u00f3w do laboratorium w misji Essiengbot. Przychodnia prowadzona jest przez Siostry Opatrzno\u015bci Bo\u017cej.","og_url":"https:\/\/www.maitri.pl\/projekt\/zakup-lekow-laboratorium-essiengbot\/","og_site_name":"Ruch Maitri - Adopcja Serca pomoc Afryce","article_publisher":"https:\/\/www.facebook.com\/MAITRI.Adopcja.Serca.dzieci.Afryki\/","article_modified_time":"2023-02-10T11:22:33+00:00","og_image":[{"width":1210,"height":1613,"url":"https:\/\/www.maitri.pl\/wp-content\/uploads\/2021\/08\/48-opatr-2.jpg","type":"image\/jpeg"}],"twitter_card":"summary_large_image","twitter_misc":{"Dur\u00e9e de lecture estim\u00e9e":"3 minutes"},"schema":{"@context":"https:\/\/schema.org","@graph":[{"@type":"WebPage","@id":"https:\/\/www.maitri.pl\/projekt\/zakup-lekow-laboratorium-essiengbot\/","url":"https:\/\/www.maitri.pl\/projekt\/zakup-lekow-laboratorium-essiengbot\/","name":"Zakup niezb\u0119dnych lek\u00f3w i reaktyw\u00f3w do laboratorium w misji Essiengbot","isPartOf":{"@id":"https:\/\/www.maitri.pl\/#website"},"primaryImageOfPage":{"@id":"https:\/\/www.maitri.pl\/projekt\/zakup-lekow-laboratorium-essiengbot\/#primaryimage"},"image":{"@id":"https:\/\/www.maitri.pl\/projekt\/zakup-lekow-laboratorium-essiengbot\/#primaryimage"},"thumbnailUrl":"https:\/\/www.maitri.pl\/wp-content\/uploads\/2021\/08\/48-opatr-2.jpg","datePublished":"2021-08-19T10:42:20+00:00","dateModified":"2023-02-10T11:22:33+00:00","description":"Zakup niezb\u0119dnych lek\u00f3w i reaktyw\u00f3w do laboratorium w misji Essiengbot. Przychodnia prowadzona jest przez Siostry Opatrzno\u015bci Bo\u017cej.","breadcrumb":{"@id":"https:\/\/www.maitri.pl\/projekt\/zakup-lekow-laboratorium-essiengbot\/#breadcrumb"},"inLanguage":"fr-FR","potentialAction":[{"@type":"ReadAction","target":["https:\/\/www.maitri.pl\/projekt\/zakup-lekow-laboratorium-essiengbot\/"]}]},{"@type":"ImageObject","inLanguage":"fr-FR","@id":"https:\/\/www.maitri.pl\/projekt\/zakup-lekow-laboratorium-essiengbot\/#primaryimage","url":"https:\/\/www.maitri.pl\/wp-content\/uploads\/2021\/08\/48-opatr-2.jpg","contentUrl":"https:\/\/www.maitri.pl\/wp-content\/uploads\/2021\/08\/48-opatr-2.jpg","width":1210,"height":1613,"caption":"laboratorium siostry Opatrzno\u015bci Bo\u017cej Adopcja Serca pomoc Afryce Ruch Maitri 01"},{"@type":"BreadcrumbList","@id":"https:\/\/www.maitri.pl\/projekt\/zakup-lekow-laboratorium-essiengbot\/#breadcrumb","itemListElement":[{"@type":"ListItem","position":1,"name":"Strona g\u0142\u00f3wna","item":"https:\/\/www.maitri.pl\/"},{"@type":"ListItem","position":2,"name":"Sklep","item":"https:\/\/www.maitri.pl\/sklep\/"},{"@type":"ListItem","position":3,"name":"Zakup niezb\u0119dnych lek\u00f3w i reaktyw\u00f3w do laboratorium w misji Essiengbot"}]},{"@type":"WebSite","@id":"https:\/\/www.maitri.pl\/#website","url":"https:\/\/www.maitri.pl\/","name":"Adopcja Serca Maitri \u2013 pomoc dzieciom w Afryce","description":"Adopcja Serca \u2013 adopcja na odleg\u0142o\u015b\u0107, pomoc Afryce, do\u017cywianie i edukacja w Afryce","publisher":{"@id":"https:\/\/www.maitri.pl\/#organization"},"potentialAction":[{"@type":"SearchAction","target":{"@type":"EntryPoint","urlTemplate":"https:\/\/www.maitri.pl\/?s={search_term_string}"},"query-input":{"@type":"PropertyValueSpecification","valueRequired":true,"valueName":"search_term_string"}}],"inLanguage":"fr-FR"},{"@type":"Organization","@id":"https:\/\/www.maitri.pl\/#organization","name":"Stowarzyszenie Ruchu Maitri","url":"https:\/\/www.maitri.pl\/","logo":{"@type":"ImageObject","inLanguage":"fr-FR","@id":"https:\/\/www.maitri.pl\/#\/schema\/logo\/image\/","url":"https:\/\/www.maitri.pl\/wp-content\/uploads\/2020\/04\/duze_logo-81.png","contentUrl":"https:\/\/www.maitri.pl\/wp-content\/uploads\/2020\/04\/duze_logo-81.png","width":339,"height":321,"caption":"Stowarzyszenie Ruchu Maitri"},"image":{"@id":"https:\/\/www.maitri.pl\/#\/schema\/logo\/image\/"},"sameAs":["https:\/\/www.facebook.com\/MAITRI.Adopcja.Serca.dzieci.Afryki\/"]}]}},"_links":{"self":[{"href":"https:\/\/www.maitri.pl\/fr\/wp-json\/wp\/v2\/product\/23296","targetHints":{"allow":["GET"]}}],"collection":[{"href":"https:\/\/www.maitri.pl\/fr\/wp-json\/wp\/v2\/product"}],"about":[{"href":"https:\/\/www.maitri.pl\/fr\/wp-json\/wp\/v2\/types\/product"}],"wp:featuredmedia":[{"embeddable":true,"href":"https:\/\/www.maitri.pl\/fr\/wp-json\/wp\/v2\/media\/23299"}],"wp:attachment":[{"href":"https:\/\/www.maitri.pl\/fr\/wp-json\/wp\/v2\/media?parent=23296"}],"wp:term":[{"taxonomy":"product_brand","embeddable":true,"href":"https:\/\/www.maitri.pl\/fr\/wp-json\/wp\/v2\/product_brand?post=23296"},{"taxonomy":"product_cat","embeddable":true,"href":"https:\/\/www.maitri.pl\/fr\/wp-json\/wp\/v2\/product_cat?post=23296"},{"taxonomy":"product_tag","embeddable":true,"href":"https:\/\/www.maitri.pl\/fr\/wp-json\/wp\/v2\/product_tag?post=23296"}],"curies":[{"name":"wp","href":"https:\/\/api.w.org\/{rel}","templated":true}]}}