{"id":23280,"date":"2021-08-19T12:35:19","date_gmt":"2021-08-19T10:35:19","guid":{"rendered":"https:\/\/www.maitri.pl\/?post_type=product&#038;p=23280"},"modified":"2023-02-10T12:22:38","modified_gmt":"2023-02-10T11:22:38","slug":"siostry-opatrznosci-bozej-dozywianie","status":"publish","type":"product","link":"https:\/\/www.maitri.pl\/fr\/projekt\/siostry-opatrznosci-bozej-dozywianie\/","title":{"rendered":"Siostry Opatrzno\u015bci Bo\u017cej: do\u017cywianie dzieci z przedszkola w Essiengbot"},"content":{"rendered":"<h4>Jedyne przedszkole w okolicy<\/h4>\n<p>Po raz kolejny zwracam si\u0119 do Was o pomoc w <a href=\"https:\/\/www.maitri.pl\/projekt\/fundusz-dozywianie-glodujacych-dzieci-2\/\" target=\"_blank\" rel=\"noopener\">sfinansowaniu do\u017cywiania<\/a> w przedszkolu. Samo przedszkole, prowadzone przez Siostry Opatrzno\u015bci Bo\u017cej, jest bardzo wa\u017cnym miejscem, do kt\u00f3rego dzieci przychodz\u0105 z rado\u015bci\u0105. Tu znajd\u0105 zabawki, zeszyty, kredki i jedzenie. W ca\u0142ym naszym regionie, jest to jedyne przedszkole, kt\u00f3re posiada tak liczn\u0105 grup\u0119 dzieci. W ubieg\u0142ym roku by\u0142o ich 89 w trzech grupach, pod opiek\u0105 trzech nauczycielek. Rodzice id\u0105c do pracy na roli, ch\u0119tnie posy\u0142aj\u0105 swoje pociechy do przedszkola wiedz\u0105c, ze tam s\u0105 bezpieczne i jest edukacja. Dlatego te\u017c staramy si\u0119 zapewni\u0107 ka\u017cdego roku do\u017cywianie w przedszkolu. Dzieci wychodz\u0105 z domu najcz\u0119\u015bciej bez \u015bniadania. Dlatego te\u017c staramy si\u0119 zapewni\u0107 ka\u017cdego roku do\u017cywianie w przedszkolu.<\/p>\n<h4>Ch\u0119tniej ucz\u0105 si\u0119 z pe\u0142nym brzuszkiem<\/h4>\n<p>Potrzeba do\u017cywiania jest konieczna zw\u0142aszcza dla najm\u0142odszych dzieci z przedszkola. Najedzone dzieci ch\u0119tniej bior\u0105 udzia\u0142 w zaj\u0119ciach. Ub\u00f3stwo tutejszej populacji sprawia, \u017ce rodzice nie s\u0105 w stanie zapewni\u0107 wszystkich potrzeb swoich dzieci. W tej sytuacji staramy si\u0119 nie\u015b\u0107 pomoc na odcinkach, kt\u00f3re zosta\u0142y nam powierzone. Od kilku lat dzieci z przedszkola Si\u00f3str Opatrzno\u015bci Bo\u017cej w Essiengbot uczestnicz\u0105 w projekcie do\u017cywiania. Dzi\u0119ki pomocy Maitri ka\u017cdy rok szkolny w przedszkolu jest czasem nauki, zabawy, ale tak\u017ce wspomnieniem mleka, p\u0105czka, ry\u017cu i ryby. Chwila posi\u0142ku jest bardzo wa\u017cna i ka\u017cde z dzieci zajmuje miejsce przy stoliku, oczekuj\u0105c na swoj\u0105 kolejk\u0119.<\/p>\n<p>Do\u017cywianie dzieci odbywa si\u0119 przez 8 miesi\u0119cy. Od wrze\u015bnia 2021 do maja 2022 z przerwami na ferie \u015bwi\u0105t Bo\u017cego Narodzenia i Wielkanocy.<\/p>\n<p>1) Trzy razy w tygodniu dzieci otrzymuj\u0105 begnets (kameru\u0144skie p\u0105czki) oraz mleko.<\/p>\n<p>2) Pozosta\u0142e dwa dni w tygodniu: ry\u017c w sosie z orzech\u00f3w ziemnych, ryba, ciastka.<\/p>\n<h4><strong>Kosztorys:<\/strong><\/h4>\n<p>Ad 1)\u00a0 1 posi\u0142ek 150 frank\u00f3w CFA x 3 x 100 = 45.000 frank\u00f3w CFA<\/p>\n<p>45.000 frank\u00f3w CFA x 4 tygodnie = 180.000 frank\u00f3w CFA x 8 miesi\u0119cy = 1.440.000 frank\u00f3w CFA<\/p>\n<p>Ad 2) \u00a0\u00a070 frank\u00f3w CFA x 2 x 100 =\u00a0 14.000 frank\u00f3w CFA x 4 tyg. =\u00a0\u00a0 56.000 frank\u00f3w CFA x 4 mies. = 224.000 frank\u00f3w CFA<\/p>\n<p>300 frank\u00f3w CFA x 2 x 100 = 60.000 frank\u00f3w CFA x 4 tyg. = 240.000 frank\u00f3w CFA x 4 mies. = 960.000 frank\u00f3w CFA<\/p>\n<p><strong>RAZEM<\/strong>\u00a0 : 2.624.000 F<\/p>\n<p>Dzi\u0119kuj\u0119 serdecznie za wszelk\u0105 pomoc i wsparcie. Niech dobry B\u00f3g darzy Was swym b\u0142ogos\u0142awie\u0144stwem i daje wiele rado\u015bci z dzie\u0142a, kt\u00f3re zosta\u0142o Wam powierzone.<\/p>\n<p><em>s. Regina Kozio\u0142, <a href=\"https:\/\/www.providentia.pl\/\" target=\"_blank\" rel=\"noopener noreferrer\">Zgromadzenie Si\u00f3str Opatrzno\u015bci Bo\u017cej<\/a><\/em><\/p>\n<p style=\"text-align: justify;\"><b style=\"font-size: large; color: #ff0000;\">Kwota projektu: 4440 \u20ac<\/b><\/p>\n<h3 style=\"text-align: center;\"><strong>Zbi\u00f3rka zako\u0144czona. Zebrana kwota: 2220,00 \u20ac.<\/strong><\/h3>\n<p style=\"text-align: justify;\" align=\"JUSTIFY\">Numer projektu: <strong>47\/OPATR<\/strong><\/p>\n<p style=\"text-align: justify;\" align=\"JUSTIFY\"><span style=\"color: #808080;\">Stowarzyszenie Ruchu\u00a0<em>Maitri<\/em>\u00a0przeznacza do 10% otrzymanych \u015brodk\u00f3w na koszty funkcjonowania biura i pozyskiwanie funduszy pomocowych.<\/span><\/p>\n<h3 style=\"text-align: justify;\" align=\"JUSTIFY\"><span style=\"color: #808080;\">Siostry Opatrzno\u015bci Bo\u017cej: do\u017cywianie dzieci z przedszkola w Essiengbot w Kamerunie<\/span><\/h3>\n","protected":false},"excerpt":{"rendered":"<p><strong>Projekt:\u00a0<\/strong> s. Regina Kozio\u0142, <a href=\"https:\/\/www.providentia.pl\/\" target=\"_blank\" rel=\"noopener noreferrer\">Zgromadzenie Si\u00f3str Opatrzno\u015bci Bo\u017cej<\/a><br \/>\n<strong>Misja:<\/strong> Essiengbot, <a href=\"https:\/\/www.maitri.pl\/gdzie-pomagamy\/\" target=\"_blank\" rel=\"noopener noreferrer\">Kamerun<\/a><br \/>\n<strong>Kwota projektu: <span style=\"color: #ff0000;\">4440 \u20ac<\/span><\/strong><\/p>\n","protected":false},"featured_media":23292,"template":"","meta":[],"product_brand":[],"product_cat":[656],"product_tag":[676,684,685,745],"class_list":{"0":"post-23280","1":"product","2":"type-product","3":"status-publish","4":"has-post-thumbnail","6":"product_cat-bez-kategorii","7":"product_tag-dozywianie","8":"product_tag-essiengbot","9":"product_tag-siostra-regina-koziol","10":"product_tag-siostry-opatrznosci-bozej","12":"first","13":"instock","14":"virtual","15":"purchasable","16":"product-type-simple"},"yoast_head":"<!-- This site is optimized with the Yoast SEO plugin v27.2 - https:\/\/yoast.com\/product\/yoast-seo-wordpress\/ -->\n<title>Siostry Opatrzno\u015bci Bo\u017cej: do\u017cywianie dzieci z przedszkola w Essiengbot<\/title>\n<meta name=\"description\" content=\"Siostry Opatrzno\u015bci Bo\u017cej: do\u017cywianie dzieci z przedszkola w Essiengbot w Kamerunie. Akcja obejmuje posi\u0142ki dla 100 uczni\u00f3w przez ca\u0142y rok szkolny.\" \/>\n<meta name=\"robots\" content=\"index, follow, max-snippet:-1, max-image-preview:large, max-video-preview:-1\" \/>\n<link rel=\"canonical\" href=\"https:\/\/www.maitri.pl\/projekt\/siostry-opatrznosci-bozej-dozywianie\/\" \/>\n<meta property=\"og:locale\" content=\"fr_FR\" \/>\n<meta property=\"og:type\" content=\"article\" \/>\n<meta property=\"og:title\" content=\"Siostry Opatrzno\u015bci Bo\u017cej: do\u017cywianie dzieci z przedszkola w Essiengbot\" \/>\n<meta property=\"og:description\" content=\"Siostry Opatrzno\u015bci Bo\u017cej: do\u017cywianie dzieci z przedszkola w Essiengbot w Kamerunie. Akcja obejmuje posi\u0142ki dla 100 uczni\u00f3w przez ca\u0142y rok szkolny.\" \/>\n<meta property=\"og:url\" content=\"https:\/\/www.maitri.pl\/projekt\/siostry-opatrznosci-bozej-dozywianie\/\" \/>\n<meta property=\"og:site_name\" content=\"Ruch Maitri - Adopcja Serca pomoc Afryce\" \/>\n<meta property=\"article:publisher\" content=\"https:\/\/www.facebook.com\/MAITRI.Adopcja.Serca.dzieci.Afryki\/\" \/>\n<meta property=\"article:modified_time\" content=\"2023-02-10T11:22:38+00:00\" \/>\n<meta property=\"og:image\" content=\"https:\/\/www.maitri.pl\/wp-content\/uploads\/2021\/08\/DSCF4594.jpg\" \/>\n\t<meta property=\"og:image:width\" content=\"2497\" \/>\n\t<meta property=\"og:image:height\" content=\"1665\" \/>\n\t<meta property=\"og:image:type\" content=\"image\/jpeg\" \/>\n<meta name=\"twitter:card\" content=\"summary_large_image\" \/>\n<meta name=\"twitter:label1\" content=\"Dur\u00e9e de lecture estim\u00e9e\" \/>\n\t<meta name=\"twitter:data1\" content=\"2 minutes\" \/>\n<script type=\"application\/ld+json\" class=\"yoast-schema-graph\">{\"@context\":\"https:\/\/schema.org\",\"@graph\":[{\"@type\":\"WebPage\",\"@id\":\"https:\/\/www.maitri.pl\/projekt\/siostry-opatrznosci-bozej-dozywianie\/\",\"url\":\"https:\/\/www.maitri.pl\/projekt\/siostry-opatrznosci-bozej-dozywianie\/\",\"name\":\"Siostry Opatrzno\u015bci Bo\u017cej: do\u017cywianie dzieci z przedszkola w Essiengbot\",\"isPartOf\":{\"@id\":\"https:\/\/www.maitri.pl\/#website\"},\"primaryImageOfPage\":{\"@id\":\"https:\/\/www.maitri.pl\/projekt\/siostry-opatrznosci-bozej-dozywianie\/#primaryimage\"},\"image\":{\"@id\":\"https:\/\/www.maitri.pl\/projekt\/siostry-opatrznosci-bozej-dozywianie\/#primaryimage\"},\"thumbnailUrl\":\"https:\/\/www.maitri.pl\/wp-content\/uploads\/2021\/08\/DSCF4594.jpg\",\"datePublished\":\"2021-08-19T10:35:19+00:00\",\"dateModified\":\"2023-02-10T11:22:38+00:00\",\"description\":\"Siostry Opatrzno\u015bci Bo\u017cej: do\u017cywianie dzieci z przedszkola w Essiengbot w Kamerunie. Akcja obejmuje posi\u0142ki dla 100 uczni\u00f3w przez ca\u0142y rok szkolny.\",\"breadcrumb\":{\"@id\":\"https:\/\/www.maitri.pl\/projekt\/siostry-opatrznosci-bozej-dozywianie\/#breadcrumb\"},\"inLanguage\":\"fr-FR\",\"potentialAction\":[{\"@type\":\"ReadAction\",\"target\":[\"https:\/\/www.maitri.pl\/projekt\/siostry-opatrznosci-bozej-dozywianie\/\"]}]},{\"@type\":\"ImageObject\",\"inLanguage\":\"fr-FR\",\"@id\":\"https:\/\/www.maitri.pl\/projekt\/siostry-opatrznosci-bozej-dozywianie\/#primaryimage\",\"url\":\"https:\/\/www.maitri.pl\/wp-content\/uploads\/2021\/08\/DSCF4594.jpg\",\"contentUrl\":\"https:\/\/www.maitri.pl\/wp-content\/uploads\/2021\/08\/DSCF4594.jpg\",\"width\":2497,\"height\":1665,\"caption\":\"Siostry Opatrzno\u015bci Bo\u017cej Ruch Maitri 01 Adopcja Serca pomoc Afryce adoptuj dziecko z Afryki 02\"},{\"@type\":\"BreadcrumbList\",\"@id\":\"https:\/\/www.maitri.pl\/projekt\/siostry-opatrznosci-bozej-dozywianie\/#breadcrumb\",\"itemListElement\":[{\"@type\":\"ListItem\",\"position\":1,\"name\":\"Strona g\u0142\u00f3wna\",\"item\":\"https:\/\/www.maitri.pl\/\"},{\"@type\":\"ListItem\",\"position\":2,\"name\":\"Sklep\",\"item\":\"https:\/\/www.maitri.pl\/sklep\/\"},{\"@type\":\"ListItem\",\"position\":3,\"name\":\"Siostry Opatrzno\u015bci Bo\u017cej: do\u017cywianie dzieci z przedszkola w Essiengbot\"}]},{\"@type\":\"WebSite\",\"@id\":\"https:\/\/www.maitri.pl\/#website\",\"url\":\"https:\/\/www.maitri.pl\/\",\"name\":\"Adopcja Serca Maitri \u2013 pomoc dzieciom w Afryce\",\"description\":\"Adopcja Serca \u2013 adopcja na odleg\u0142o\u015b\u0107, pomoc Afryce, do\u017cywianie i edukacja w Afryce\",\"publisher\":{\"@id\":\"https:\/\/www.maitri.pl\/#organization\"},\"potentialAction\":[{\"@type\":\"SearchAction\",\"target\":{\"@type\":\"EntryPoint\",\"urlTemplate\":\"https:\/\/www.maitri.pl\/?s={search_term_string}\"},\"query-input\":{\"@type\":\"PropertyValueSpecification\",\"valueRequired\":true,\"valueName\":\"search_term_string\"}}],\"inLanguage\":\"fr-FR\"},{\"@type\":\"Organization\",\"@id\":\"https:\/\/www.maitri.pl\/#organization\",\"name\":\"Stowarzyszenie Ruchu Maitri\",\"url\":\"https:\/\/www.maitri.pl\/\",\"logo\":{\"@type\":\"ImageObject\",\"inLanguage\":\"fr-FR\",\"@id\":\"https:\/\/www.maitri.pl\/#\/schema\/logo\/image\/\",\"url\":\"https:\/\/www.maitri.pl\/wp-content\/uploads\/2020\/04\/duze_logo-81.png\",\"contentUrl\":\"https:\/\/www.maitri.pl\/wp-content\/uploads\/2020\/04\/duze_logo-81.png\",\"width\":339,\"height\":321,\"caption\":\"Stowarzyszenie Ruchu Maitri\"},\"image\":{\"@id\":\"https:\/\/www.maitri.pl\/#\/schema\/logo\/image\/\"},\"sameAs\":[\"https:\/\/www.facebook.com\/MAITRI.Adopcja.Serca.dzieci.Afryki\/\"]}]}<\/script>\n<!-- \/ Yoast SEO plugin. -->","yoast_head_json":{"title":"Siostry Opatrzno\u015bci Bo\u017cej: do\u017cywianie dzieci z przedszkola w Essiengbot","description":"Siostry Opatrzno\u015bci Bo\u017cej: do\u017cywianie dzieci z przedszkola w Essiengbot w Kamerunie. Akcja obejmuje posi\u0142ki dla 100 uczni\u00f3w przez ca\u0142y rok szkolny.","robots":{"index":"index","follow":"follow","max-snippet":"max-snippet:-1","max-image-preview":"max-image-preview:large","max-video-preview":"max-video-preview:-1"},"canonical":"https:\/\/www.maitri.pl\/projekt\/siostry-opatrznosci-bozej-dozywianie\/","og_locale":"fr_FR","og_type":"article","og_title":"Siostry Opatrzno\u015bci Bo\u017cej: do\u017cywianie dzieci z przedszkola w Essiengbot","og_description":"Siostry Opatrzno\u015bci Bo\u017cej: do\u017cywianie dzieci z przedszkola w Essiengbot w Kamerunie. Akcja obejmuje posi\u0142ki dla 100 uczni\u00f3w przez ca\u0142y rok szkolny.","og_url":"https:\/\/www.maitri.pl\/projekt\/siostry-opatrznosci-bozej-dozywianie\/","og_site_name":"Ruch Maitri - Adopcja Serca pomoc Afryce","article_publisher":"https:\/\/www.facebook.com\/MAITRI.Adopcja.Serca.dzieci.Afryki\/","article_modified_time":"2023-02-10T11:22:38+00:00","og_image":[{"width":2497,"height":1665,"url":"https:\/\/www.maitri.pl\/wp-content\/uploads\/2021\/08\/DSCF4594.jpg","type":"image\/jpeg"}],"twitter_card":"summary_large_image","twitter_misc":{"Dur\u00e9e de lecture estim\u00e9e":"2 minutes"},"schema":{"@context":"https:\/\/schema.org","@graph":[{"@type":"WebPage","@id":"https:\/\/www.maitri.pl\/projekt\/siostry-opatrznosci-bozej-dozywianie\/","url":"https:\/\/www.maitri.pl\/projekt\/siostry-opatrznosci-bozej-dozywianie\/","name":"Siostry Opatrzno\u015bci Bo\u017cej: do\u017cywianie dzieci z przedszkola w Essiengbot","isPartOf":{"@id":"https:\/\/www.maitri.pl\/#website"},"primaryImageOfPage":{"@id":"https:\/\/www.maitri.pl\/projekt\/siostry-opatrznosci-bozej-dozywianie\/#primaryimage"},"image":{"@id":"https:\/\/www.maitri.pl\/projekt\/siostry-opatrznosci-bozej-dozywianie\/#primaryimage"},"thumbnailUrl":"https:\/\/www.maitri.pl\/wp-content\/uploads\/2021\/08\/DSCF4594.jpg","datePublished":"2021-08-19T10:35:19+00:00","dateModified":"2023-02-10T11:22:38+00:00","description":"Siostry Opatrzno\u015bci Bo\u017cej: do\u017cywianie dzieci z przedszkola w Essiengbot w Kamerunie. Akcja obejmuje posi\u0142ki dla 100 uczni\u00f3w przez ca\u0142y rok szkolny.","breadcrumb":{"@id":"https:\/\/www.maitri.pl\/projekt\/siostry-opatrznosci-bozej-dozywianie\/#breadcrumb"},"inLanguage":"fr-FR","potentialAction":[{"@type":"ReadAction","target":["https:\/\/www.maitri.pl\/projekt\/siostry-opatrznosci-bozej-dozywianie\/"]}]},{"@type":"ImageObject","inLanguage":"fr-FR","@id":"https:\/\/www.maitri.pl\/projekt\/siostry-opatrznosci-bozej-dozywianie\/#primaryimage","url":"https:\/\/www.maitri.pl\/wp-content\/uploads\/2021\/08\/DSCF4594.jpg","contentUrl":"https:\/\/www.maitri.pl\/wp-content\/uploads\/2021\/08\/DSCF4594.jpg","width":2497,"height":1665,"caption":"Siostry Opatrzno\u015bci Bo\u017cej Ruch Maitri 01 Adopcja Serca pomoc Afryce adoptuj dziecko z Afryki 02"},{"@type":"BreadcrumbList","@id":"https:\/\/www.maitri.pl\/projekt\/siostry-opatrznosci-bozej-dozywianie\/#breadcrumb","itemListElement":[{"@type":"ListItem","position":1,"name":"Strona g\u0142\u00f3wna","item":"https:\/\/www.maitri.pl\/"},{"@type":"ListItem","position":2,"name":"Sklep","item":"https:\/\/www.maitri.pl\/sklep\/"},{"@type":"ListItem","position":3,"name":"Siostry Opatrzno\u015bci Bo\u017cej: do\u017cywianie dzieci z przedszkola w Essiengbot"}]},{"@type":"WebSite","@id":"https:\/\/www.maitri.pl\/#website","url":"https:\/\/www.maitri.pl\/","name":"Adopcja Serca Maitri \u2013 pomoc dzieciom w Afryce","description":"Adopcja Serca \u2013 adopcja na odleg\u0142o\u015b\u0107, pomoc Afryce, do\u017cywianie i edukacja w Afryce","publisher":{"@id":"https:\/\/www.maitri.pl\/#organization"},"potentialAction":[{"@type":"SearchAction","target":{"@type":"EntryPoint","urlTemplate":"https:\/\/www.maitri.pl\/?s={search_term_string}"},"query-input":{"@type":"PropertyValueSpecification","valueRequired":true,"valueName":"search_term_string"}}],"inLanguage":"fr-FR"},{"@type":"Organization","@id":"https:\/\/www.maitri.pl\/#organization","name":"Stowarzyszenie Ruchu Maitri","url":"https:\/\/www.maitri.pl\/","logo":{"@type":"ImageObject","inLanguage":"fr-FR","@id":"https:\/\/www.maitri.pl\/#\/schema\/logo\/image\/","url":"https:\/\/www.maitri.pl\/wp-content\/uploads\/2020\/04\/duze_logo-81.png","contentUrl":"https:\/\/www.maitri.pl\/wp-content\/uploads\/2020\/04\/duze_logo-81.png","width":339,"height":321,"caption":"Stowarzyszenie Ruchu Maitri"},"image":{"@id":"https:\/\/www.maitri.pl\/#\/schema\/logo\/image\/"},"sameAs":["https:\/\/www.facebook.com\/MAITRI.Adopcja.Serca.dzieci.Afryki\/"]}]}},"_links":{"self":[{"href":"https:\/\/www.maitri.pl\/fr\/wp-json\/wp\/v2\/product\/23280","targetHints":{"allow":["GET"]}}],"collection":[{"href":"https:\/\/www.maitri.pl\/fr\/wp-json\/wp\/v2\/product"}],"about":[{"href":"https:\/\/www.maitri.pl\/fr\/wp-json\/wp\/v2\/types\/product"}],"wp:featuredmedia":[{"embeddable":true,"href":"https:\/\/www.maitri.pl\/fr\/wp-json\/wp\/v2\/media\/23292"}],"wp:attachment":[{"href":"https:\/\/www.maitri.pl\/fr\/wp-json\/wp\/v2\/media?parent=23280"}],"wp:term":[{"taxonomy":"product_brand","embeddable":true,"href":"https:\/\/www.maitri.pl\/fr\/wp-json\/wp\/v2\/product_brand?post=23280"},{"taxonomy":"product_cat","embeddable":true,"href":"https:\/\/www.maitri.pl\/fr\/wp-json\/wp\/v2\/product_cat?post=23280"},{"taxonomy":"product_tag","embeddable":true,"href":"https:\/\/www.maitri.pl\/fr\/wp-json\/wp\/v2\/product_tag?post=23280"}],"curies":[{"name":"wp","href":"https:\/\/api.w.org\/{rel}","templated":true}]}}