{"id":23273,"date":"2021-08-19T12:27:46","date_gmt":"2021-08-19T10:27:46","guid":{"rendered":"https:\/\/www.maitri.pl\/?post_type=product&#038;p=23273"},"modified":"2023-02-10T12:23:02","modified_gmt":"2023-02-10T11:23:02","slug":"siostry-pallotynki-rutshuru-narzedzzia","status":"publish","type":"product","link":"https:\/\/www.maitri.pl\/fr\/projekt\/siostry-pallotynki-rutshuru-narzedzzia\/","title":{"rendered":"Siostry Pallotynki: narz\u0119dzia pracy dla uczni\u00f3w szko\u0142y zawodowej w Rutshuru"},"content":{"rendered":"<h4><strong>Jedyna szansa na zaw\u00f3d<\/strong><\/h4>\n<p>W tamtych okolicach trudno o wykszta\u0142cenie i prac\u0119. Dzi\u0119ki programowi <a href=\"https:\/\/www.maitri.pl\/adopcja-serca\/\" target=\"_blank\" rel=\"noopener\">Adopcja Serca<\/a>, afryka\u0144ska m\u0142odzie\u017c otrzymuje mo\u017cliwo\u015b\u0107 zdobycia zawodu. Niestety, trudna sytuacja ekonomiczna tego biednego zak\u0105tka Afryki sprawia, \u017ce m\u0142odzie\u017c po uko\u0144czeniu szk\u00f3\u0142 nie ma zatrudnienia. Dlatego od wielu lat przy naszej misji dzia\u0142a Szko\u0142a \u017bycia, w kt\u00f3rej m\u0142odzie\u017c mo\u017ce zdoby\u0107 zaw\u00f3d. To dla nich szansa, aby w przysz\u0142o\u015bci sta\u0107 si\u0119 osobami niezale\u017cnymi i samodzielnymi oraz by zapewni\u0107 sobie i rodzinie \u017ar\u00f3d\u0142o utrzymania. W n\u0119dzy \u017cyli ich dziadkowie i rodzice, oni maj\u0105 mo\u017cliwo\u015b\u0107 unikn\u0105\u0107 takiego przeznaczenia. Siostry Pallotynki umo\u017cliwiaj\u0105 zdobycie zawodu stolarza i krawca wielu utalentowanym m\u0142odym ludziom.<\/p>\n<h4>Biedni, ale zdolni uczniowie<\/h4>\n<p>Uczniowie ze Szko\u0142y \u017bycia w Rutshuru ucz\u0105 si\u0119 zawod\u00f3w, kt\u00f3re zapewni\u0105 im prac\u0119 w ich rodzinnych wioskach b\u0105d\u017a w okolicy. Zar\u00f3wno umiej\u0119tno\u015bci stolarskie, jak i krawieckie, pozwalaj\u0105 na godne \u017cycie. Budowa dom\u00f3w, wytwarzanie mebli i sprz\u0119t\u00f3w domowych, czy szycie odzie\u017cy to tylko niekt\u00f3re z zaj\u0119\u0107, kt\u00f3rymi zajmuj\u0105 si\u0119 nasi podopieczni. Oczywi\u015bcie mimo rozwijania wykszta\u0142cenia nadal brakuje tu zak\u0142ad\u00f3w pracy, kt\u00f3re mog\u0142yby zatrudni\u0107 naszych podopiecznych. Dlatego wyst\u0105pili\u015bmy z inicjatyw\u0105, by ka\u017cdy ucze\u0144 ko\u0144cz\u0105c szko\u0142\u0119 otrzyma\u0142 na w\u0142asno\u015b\u0107 narz\u0119dzia odpowiednie do wyuczonego zawodu, dzi\u0119ki kt\u00f3rym b\u0119dzie m\u00f3g\u0142 podj\u0105\u0107 prac\u0119 samodzielnie. Dla cz\u0119\u015bci dzieci sponsorzy i rodzice adopcyjni zapewniaj\u0105 narz\u0119dzia, ale niestety nie wszyscy je dostan\u0105. Dlatego zwracamy si\u0119 z gor\u0105c\u0105 pro\u015bb\u0105 o wp\u0142aty na ten cel. Pom\u00f3\u017c ubogiej, zdolnej m\u0142odzie\u017cy z DR Kongo spe\u0142ni\u0107 marzenia o zwyk\u0142ym, normalnym \u017cyciu.<\/p>\n<h4>Kosztorys:<\/h4>\n<table>\n<tbody>\n<tr>\n<td width=\"231\"><\/td>\n<td width=\"90\">ilo\u015b\u0107<\/td>\n<td width=\"161\">Cena brutto<\/td>\n<td width=\"161\">Kwota<\/td>\n<\/tr>\n<tr>\n<td width=\"231\">Wyprawka krawcowej (maszyna do szycia + akcesoria )<\/td>\n<td width=\"90\">11<\/td>\n<td width=\"161\">139 \u20ac<\/td>\n<td width=\"161\">1.529 frank\u00f3w CFA<\/p>\n<p>&nbsp;<\/td>\n<\/tr>\n<tr>\n<td width=\"231\">Wyprawka stolarza<\/td>\n<td width=\"90\">17<\/td>\n<td width=\"161\">186 \u20ac<\/td>\n<td width=\"161\">3.162 frank\u00f3w CFA<\/td>\n<\/tr>\n<\/tbody>\n<\/table>\n<p><strong>Razem: 4.690 \u20ac<\/strong><\/p>\n<p style=\"text-align: justify\" align=\"JUSTIFY\"><em>s. Dominika Laskowska, <a href=\"http:\/\/www.pallotynki.pl\/\" target=\"_blank\" rel=\"noopener noreferrer\">Zgromadzenie Si\u00f3str Apostolstwa Katolickiego (Pallotynki)<\/a>, misja Rutshuru, Demokratyczna Republika Konga<\/em><\/p>\n<p style=\"text-align: justify\" align=\"JUSTIFY\"><strong>Numer projektu 318\/PALLS<\/strong><\/p>\n<p style=\"text-align: justify\" align=\"JUSTIFY\"><span style=\"color: #ff0000\"><span style=\"font-size: large\"><b>Kwota projektu: 4690 \u20ac<\/b><\/span><\/span><\/p>\n<p style=\"text-align: justify\" align=\"JUSTIFY\"><span style=\"color: #808080\">Stowarzyszenie Ruchu\u00a0<em>Maitri<\/em>\u00a0przeznacza do 10% otrzymanych \u015brodk\u00f3w na koszty funkcjonowania biura i pozyskiwanie funduszy pomocowych.<\/span><\/p>\n<h3 style=\"text-align: justify\" align=\"JUSTIFY\"><span style=\"color: #808080\">Siostry Pallotynki: narz\u0119dzia pracy dla uczni\u00f3w szko\u0142y krawieckiej w Rutshuru<\/span><\/h3>\n","protected":false},"excerpt":{"rendered":"<p><strong>Projekt:\u00a0<\/strong> S. Dominika Laskowska, <a href=\"http:\/\/www.pallotynki.pl\/\" target=\"_blank\" rel=\"noopener noreferrer\">Zgromadzenie Si\u00f3str Misjonarek Apostolstwa Katolickiego<\/a><br \/>\n<strong>Misja:<\/strong> Rutshuru, <a href=\"https:\/\/www.maitri.pl\/gdzie-pomagamy\/\" target=\"_blank\" rel=\"noopener noreferrer\">DR Kongo<\/a><br \/>\n<strong>Kwota projektu: <span style=\"color: #ff0000\">4690 \u20ac<\/span><\/strong><\/p>\n","protected":false},"featured_media":23274,"template":"","meta":[],"product_brand":[],"product_cat":[656],"product_tag":[690,847,764,848,689],"class_list":{"0":"post-23273","1":"product","2":"type-product","3":"status-publish","4":"has-post-thumbnail","6":"product_cat-bez-kategorii","7":"product_tag-dr-kongo","8":"product_tag-pallotynki","9":"product_tag-rutshuru","10":"product_tag-siostra-dominika-laskowska","11":"product_tag-zgromadzenie-siostr-misjonarek-apostolstwa-katolickiego","13":"first","14":"instock","15":"virtual","16":"purchasable","17":"product-type-simple"},"yoast_head":"<!-- This site is optimized with the Yoast SEO plugin v27.2 - https:\/\/yoast.com\/product\/yoast-seo-wordpress\/ -->\n<title>Siostry Pallotynki: narz\u0119dzia pracy dla uczni\u00f3w szko\u0142y krawieckiej<\/title>\n<meta name=\"description\" content=\"Siostry Pallotynki: narz\u0119dzia pracy dla uczni\u00f3w szko\u0142y krawieckiej i stolarskiej w Rutshuru w DR Kongo. Podaruj im szans\u0119 na godziwe \u017cycie.\" \/>\n<meta name=\"robots\" content=\"index, follow, max-snippet:-1, max-image-preview:large, max-video-preview:-1\" \/>\n<link rel=\"canonical\" href=\"https:\/\/www.maitri.pl\/projekt\/siostry-pallotynki-rutshuru-narzedzzia\/\" \/>\n<meta property=\"og:locale\" content=\"fr_FR\" \/>\n<meta property=\"og:type\" content=\"article\" \/>\n<meta property=\"og:title\" content=\"Siostry Pallotynki: narz\u0119dzia pracy dla uczni\u00f3w szko\u0142y krawieckiej\" \/>\n<meta property=\"og:description\" content=\"Siostry Pallotynki: narz\u0119dzia pracy dla uczni\u00f3w szko\u0142y krawieckiej i stolarskiej w Rutshuru w DR Kongo. Podaruj im szans\u0119 na godziwe \u017cycie.\" \/>\n<meta property=\"og:url\" content=\"https:\/\/www.maitri.pl\/projekt\/siostry-pallotynki-rutshuru-narzedzzia\/\" \/>\n<meta property=\"og:site_name\" content=\"Ruch Maitri - Adopcja Serca pomoc Afryce\" \/>\n<meta property=\"article:publisher\" content=\"https:\/\/www.facebook.com\/MAITRI.Adopcja.Serca.dzieci.Afryki\/\" \/>\n<meta property=\"article:modified_time\" content=\"2023-02-10T11:23:02+00:00\" \/>\n<meta property=\"og:image\" content=\"https:\/\/www.maitri.pl\/wp-content\/uploads\/2021\/08\/318-palls-1.jpg\" \/>\n\t<meta property=\"og:image:width\" content=\"2048\" \/>\n\t<meta property=\"og:image:height\" content=\"1536\" \/>\n\t<meta property=\"og:image:type\" content=\"image\/jpeg\" \/>\n<meta name=\"twitter:card\" content=\"summary_large_image\" \/>\n<meta name=\"twitter:label1\" content=\"Dur\u00e9e de lecture estim\u00e9e\" \/>\n\t<meta name=\"twitter:data1\" content=\"2 minutes\" \/>\n<script type=\"application\/ld+json\" class=\"yoast-schema-graph\">{\"@context\":\"https:\/\/schema.org\",\"@graph\":[{\"@type\":\"WebPage\",\"@id\":\"https:\/\/www.maitri.pl\/projekt\/siostry-pallotynki-rutshuru-narzedzzia\/\",\"url\":\"https:\/\/www.maitri.pl\/projekt\/siostry-pallotynki-rutshuru-narzedzzia\/\",\"name\":\"Siostry Pallotynki: narz\u0119dzia pracy dla uczni\u00f3w szko\u0142y krawieckiej\",\"isPartOf\":{\"@id\":\"https:\/\/www.maitri.pl\/#website\"},\"primaryImageOfPage\":{\"@id\":\"https:\/\/www.maitri.pl\/projekt\/siostry-pallotynki-rutshuru-narzedzzia\/#primaryimage\"},\"image\":{\"@id\":\"https:\/\/www.maitri.pl\/projekt\/siostry-pallotynki-rutshuru-narzedzzia\/#primaryimage\"},\"thumbnailUrl\":\"https:\/\/www.maitri.pl\/wp-content\/uploads\/2021\/08\/318-palls-1.jpg\",\"datePublished\":\"2021-08-19T10:27:46+00:00\",\"dateModified\":\"2023-02-10T11:23:02+00:00\",\"description\":\"Siostry Pallotynki: narz\u0119dzia pracy dla uczni\u00f3w szko\u0142y krawieckiej i stolarskiej w Rutshuru w DR Kongo. Podaruj im szans\u0119 na godziwe \u017cycie.\",\"breadcrumb\":{\"@id\":\"https:\/\/www.maitri.pl\/projekt\/siostry-pallotynki-rutshuru-narzedzzia\/#breadcrumb\"},\"inLanguage\":\"fr-FR\",\"potentialAction\":[{\"@type\":\"ReadAction\",\"target\":[\"https:\/\/www.maitri.pl\/projekt\/siostry-pallotynki-rutshuru-narzedzzia\/\"]}]},{\"@type\":\"ImageObject\",\"inLanguage\":\"fr-FR\",\"@id\":\"https:\/\/www.maitri.pl\/projekt\/siostry-pallotynki-rutshuru-narzedzzia\/#primaryimage\",\"url\":\"https:\/\/www.maitri.pl\/wp-content\/uploads\/2021\/08\/318-palls-1.jpg\",\"contentUrl\":\"https:\/\/www.maitri.pl\/wp-content\/uploads\/2021\/08\/318-palls-1.jpg\",\"width\":2048,\"height\":1536,\"caption\":\"siostry pallotynki Ruch Maitri Adopcja Serca Rutshuru DR Kongo pomoc Afryce 01\"},{\"@type\":\"BreadcrumbList\",\"@id\":\"https:\/\/www.maitri.pl\/projekt\/siostry-pallotynki-rutshuru-narzedzzia\/#breadcrumb\",\"itemListElement\":[{\"@type\":\"ListItem\",\"position\":1,\"name\":\"Strona g\u0142\u00f3wna\",\"item\":\"https:\/\/www.maitri.pl\/\"},{\"@type\":\"ListItem\",\"position\":2,\"name\":\"Sklep\",\"item\":\"https:\/\/www.maitri.pl\/sklep\/\"},{\"@type\":\"ListItem\",\"position\":3,\"name\":\"Siostry Pallotynki: narz\u0119dzia pracy dla uczni\u00f3w szko\u0142y zawodowej w Rutshuru\"}]},{\"@type\":\"WebSite\",\"@id\":\"https:\/\/www.maitri.pl\/#website\",\"url\":\"https:\/\/www.maitri.pl\/\",\"name\":\"Adopcja Serca Maitri \u2013 pomoc dzieciom w Afryce\",\"description\":\"Adopcja Serca \u2013 adopcja na odleg\u0142o\u015b\u0107, pomoc Afryce, do\u017cywianie i edukacja w Afryce\",\"publisher\":{\"@id\":\"https:\/\/www.maitri.pl\/#organization\"},\"potentialAction\":[{\"@type\":\"SearchAction\",\"target\":{\"@type\":\"EntryPoint\",\"urlTemplate\":\"https:\/\/www.maitri.pl\/?s={search_term_string}\"},\"query-input\":{\"@type\":\"PropertyValueSpecification\",\"valueRequired\":true,\"valueName\":\"search_term_string\"}}],\"inLanguage\":\"fr-FR\"},{\"@type\":\"Organization\",\"@id\":\"https:\/\/www.maitri.pl\/#organization\",\"name\":\"Stowarzyszenie Ruchu Maitri\",\"url\":\"https:\/\/www.maitri.pl\/\",\"logo\":{\"@type\":\"ImageObject\",\"inLanguage\":\"fr-FR\",\"@id\":\"https:\/\/www.maitri.pl\/#\/schema\/logo\/image\/\",\"url\":\"https:\/\/www.maitri.pl\/wp-content\/uploads\/2020\/04\/duze_logo-81.png\",\"contentUrl\":\"https:\/\/www.maitri.pl\/wp-content\/uploads\/2020\/04\/duze_logo-81.png\",\"width\":339,\"height\":321,\"caption\":\"Stowarzyszenie Ruchu Maitri\"},\"image\":{\"@id\":\"https:\/\/www.maitri.pl\/#\/schema\/logo\/image\/\"},\"sameAs\":[\"https:\/\/www.facebook.com\/MAITRI.Adopcja.Serca.dzieci.Afryki\/\"]}]}<\/script>\n<!-- \/ Yoast SEO plugin. -->","yoast_head_json":{"title":"Siostry Pallotynki: narz\u0119dzia pracy dla uczni\u00f3w szko\u0142y krawieckiej","description":"Siostry Pallotynki: narz\u0119dzia pracy dla uczni\u00f3w szko\u0142y krawieckiej i stolarskiej w Rutshuru w DR Kongo. Podaruj im szans\u0119 na godziwe \u017cycie.","robots":{"index":"index","follow":"follow","max-snippet":"max-snippet:-1","max-image-preview":"max-image-preview:large","max-video-preview":"max-video-preview:-1"},"canonical":"https:\/\/www.maitri.pl\/projekt\/siostry-pallotynki-rutshuru-narzedzzia\/","og_locale":"fr_FR","og_type":"article","og_title":"Siostry Pallotynki: narz\u0119dzia pracy dla uczni\u00f3w szko\u0142y krawieckiej","og_description":"Siostry Pallotynki: narz\u0119dzia pracy dla uczni\u00f3w szko\u0142y krawieckiej i stolarskiej w Rutshuru w DR Kongo. Podaruj im szans\u0119 na godziwe \u017cycie.","og_url":"https:\/\/www.maitri.pl\/projekt\/siostry-pallotynki-rutshuru-narzedzzia\/","og_site_name":"Ruch Maitri - Adopcja Serca pomoc Afryce","article_publisher":"https:\/\/www.facebook.com\/MAITRI.Adopcja.Serca.dzieci.Afryki\/","article_modified_time":"2023-02-10T11:23:02+00:00","og_image":[{"width":2048,"height":1536,"url":"https:\/\/www.maitri.pl\/wp-content\/uploads\/2021\/08\/318-palls-1.jpg","type":"image\/jpeg"}],"twitter_card":"summary_large_image","twitter_misc":{"Dur\u00e9e de lecture estim\u00e9e":"2 minutes"},"schema":{"@context":"https:\/\/schema.org","@graph":[{"@type":"WebPage","@id":"https:\/\/www.maitri.pl\/projekt\/siostry-pallotynki-rutshuru-narzedzzia\/","url":"https:\/\/www.maitri.pl\/projekt\/siostry-pallotynki-rutshuru-narzedzzia\/","name":"Siostry Pallotynki: narz\u0119dzia pracy dla uczni\u00f3w szko\u0142y krawieckiej","isPartOf":{"@id":"https:\/\/www.maitri.pl\/#website"},"primaryImageOfPage":{"@id":"https:\/\/www.maitri.pl\/projekt\/siostry-pallotynki-rutshuru-narzedzzia\/#primaryimage"},"image":{"@id":"https:\/\/www.maitri.pl\/projekt\/siostry-pallotynki-rutshuru-narzedzzia\/#primaryimage"},"thumbnailUrl":"https:\/\/www.maitri.pl\/wp-content\/uploads\/2021\/08\/318-palls-1.jpg","datePublished":"2021-08-19T10:27:46+00:00","dateModified":"2023-02-10T11:23:02+00:00","description":"Siostry Pallotynki: narz\u0119dzia pracy dla uczni\u00f3w szko\u0142y krawieckiej i stolarskiej w Rutshuru w DR Kongo. Podaruj im szans\u0119 na godziwe \u017cycie.","breadcrumb":{"@id":"https:\/\/www.maitri.pl\/projekt\/siostry-pallotynki-rutshuru-narzedzzia\/#breadcrumb"},"inLanguage":"fr-FR","potentialAction":[{"@type":"ReadAction","target":["https:\/\/www.maitri.pl\/projekt\/siostry-pallotynki-rutshuru-narzedzzia\/"]}]},{"@type":"ImageObject","inLanguage":"fr-FR","@id":"https:\/\/www.maitri.pl\/projekt\/siostry-pallotynki-rutshuru-narzedzzia\/#primaryimage","url":"https:\/\/www.maitri.pl\/wp-content\/uploads\/2021\/08\/318-palls-1.jpg","contentUrl":"https:\/\/www.maitri.pl\/wp-content\/uploads\/2021\/08\/318-palls-1.jpg","width":2048,"height":1536,"caption":"siostry pallotynki Ruch Maitri Adopcja Serca Rutshuru DR Kongo pomoc Afryce 01"},{"@type":"BreadcrumbList","@id":"https:\/\/www.maitri.pl\/projekt\/siostry-pallotynki-rutshuru-narzedzzia\/#breadcrumb","itemListElement":[{"@type":"ListItem","position":1,"name":"Strona g\u0142\u00f3wna","item":"https:\/\/www.maitri.pl\/"},{"@type":"ListItem","position":2,"name":"Sklep","item":"https:\/\/www.maitri.pl\/sklep\/"},{"@type":"ListItem","position":3,"name":"Siostry Pallotynki: narz\u0119dzia pracy dla uczni\u00f3w szko\u0142y zawodowej w Rutshuru"}]},{"@type":"WebSite","@id":"https:\/\/www.maitri.pl\/#website","url":"https:\/\/www.maitri.pl\/","name":"Adopcja Serca Maitri \u2013 pomoc dzieciom w Afryce","description":"Adopcja Serca \u2013 adopcja na odleg\u0142o\u015b\u0107, pomoc Afryce, do\u017cywianie i edukacja w Afryce","publisher":{"@id":"https:\/\/www.maitri.pl\/#organization"},"potentialAction":[{"@type":"SearchAction","target":{"@type":"EntryPoint","urlTemplate":"https:\/\/www.maitri.pl\/?s={search_term_string}"},"query-input":{"@type":"PropertyValueSpecification","valueRequired":true,"valueName":"search_term_string"}}],"inLanguage":"fr-FR"},{"@type":"Organization","@id":"https:\/\/www.maitri.pl\/#organization","name":"Stowarzyszenie Ruchu Maitri","url":"https:\/\/www.maitri.pl\/","logo":{"@type":"ImageObject","inLanguage":"fr-FR","@id":"https:\/\/www.maitri.pl\/#\/schema\/logo\/image\/","url":"https:\/\/www.maitri.pl\/wp-content\/uploads\/2020\/04\/duze_logo-81.png","contentUrl":"https:\/\/www.maitri.pl\/wp-content\/uploads\/2020\/04\/duze_logo-81.png","width":339,"height":321,"caption":"Stowarzyszenie Ruchu Maitri"},"image":{"@id":"https:\/\/www.maitri.pl\/#\/schema\/logo\/image\/"},"sameAs":["https:\/\/www.facebook.com\/MAITRI.Adopcja.Serca.dzieci.Afryki\/"]}]}},"_links":{"self":[{"href":"https:\/\/www.maitri.pl\/fr\/wp-json\/wp\/v2\/product\/23273","targetHints":{"allow":["GET"]}}],"collection":[{"href":"https:\/\/www.maitri.pl\/fr\/wp-json\/wp\/v2\/product"}],"about":[{"href":"https:\/\/www.maitri.pl\/fr\/wp-json\/wp\/v2\/types\/product"}],"wp:featuredmedia":[{"embeddable":true,"href":"https:\/\/www.maitri.pl\/fr\/wp-json\/wp\/v2\/media\/23274"}],"wp:attachment":[{"href":"https:\/\/www.maitri.pl\/fr\/wp-json\/wp\/v2\/media?parent=23273"}],"wp:term":[{"taxonomy":"product_brand","embeddable":true,"href":"https:\/\/www.maitri.pl\/fr\/wp-json\/wp\/v2\/product_brand?post=23273"},{"taxonomy":"product_cat","embeddable":true,"href":"https:\/\/www.maitri.pl\/fr\/wp-json\/wp\/v2\/product_cat?post=23273"},{"taxonomy":"product_tag","embeddable":true,"href":"https:\/\/www.maitri.pl\/fr\/wp-json\/wp\/v2\/product_tag?post=23273"}],"curies":[{"name":"wp","href":"https:\/\/api.w.org\/{rel}","templated":true}]}}