{"id":23266,"date":"2021-08-19T12:18:13","date_gmt":"2021-08-19T10:18:13","guid":{"rendered":"https:\/\/www.maitri.pl\/?post_type=product&#038;p=23266"},"modified":"2023-02-10T12:23:16","modified_gmt":"2023-02-10T11:23:16","slug":"dominikanki-dozywianie-bertoua","status":"publish","type":"product","link":"https:\/\/www.maitri.pl\/fr\/projekt\/dominikanki-dozywianie-bertoua\/","title":{"rendered":"Dominikanki: do\u017cywianie 150 dzieci w przedszkolu w Bertoua"},"content":{"rendered":"<h4>W Bertoua brakuje \u017cywno\u015bci<\/h4>\n<p>Od 20 lat Siostry Dominikanki prowadz\u0105 przedszkole znajduj\u0105ce si\u0119 w oddalonej od miasta Bertoua ubogiej dzielnicy Mokolo IV. \u00a0Bardzo z\u0142a polityka pa\u0144stwa i korupcja sprawiaj\u0105, \u017ce brakuje pieni\u0119dzy na podstawowe rzeczy. Mieszka\u0144cy utrzymuj\u0105 si\u0119 g\u0142\u00f3wnie z uprawy ziemi. Rodziny s\u0105 wielodzietne, st\u0105d te\u017c problem niedo\u017cywienia jest ci\u0105gle aktualny. Podczas pory suchej rodzice opuszczaj\u0105 czasem na kilka tygodni swoje domy, aby przygotowa\u0107 pole na uprawy. Jest to najtrudniejszy czas dla dzieci, poniewa\u017c zostaj\u0105 bez opieki.<\/p>\n<h4>W domu czekaj\u0105 puste garnki<\/h4>\n<p>Problem dotyczy r\u00f3wnie\u017c naszych przedszkolak\u00f3w, kt\u00f3rymi opiekujemy si\u0119 razem z <a href=\"https:\/\/www.maitri.pl\/adopcja-serca\/\" target=\"_blank\" rel=\"noopener\">Maitri<\/a>. Rozpoczynaj\u0105 dzie\u0144 bez \u015bniadania, a po powrocie do domu cz\u0119sto czekaj\u0105 na nich tylko puste garnki. Te dzieci niczym nie zas\u0142u\u017cy\u0142y sobie na taki los. Mimo \u017ce nie skar\u017c\u0105 si\u0119 albo robi\u0105 to bardzo rzadko, nie mo\u017cemy patrze\u0107 na to spokojnie. Wobec ogromnych potrzeb w kwestii \u017cywno\u015bci pragniemy do\u017cywi\u0107 150 dzieci w przedszkolu, kt\u00f3re prowadz\u0105 Siostry Dominikanki w Bertoua w roku szkolnym 2021\/22. Dofinansowanie, o kt\u00f3re prosimy, to 2,2 euro na dziecko na jeden miesi\u0105c. Akcja potrwa 10 miesi\u0119cy.<\/p>\n<h4>Dominkanki nios\u0105 pomoc<\/h4>\n<p>Ufamy, \u017ce codzienny ciep\u0142y posi\u0142ek doda si\u0142 naszym przedszkolakom i poprawi ich kondycj\u0119 fizyczn\u0105 a tak\u017ce przyczyni si\u0119 do rozwoju intelektualnego. Codziennie b\u0119dzie dostarczany skromny, ale ciep\u0142y posi\u0142ek. Z okazji \u015bwi\u0105t dzieci otrzymaj\u0105 bogatszy posi\u0142ek, a tak\u017ce wymarzone s\u0142odycze. Z racji trwaj\u0105cej od kilku miesi\u0119cy pandemii COVID &#8211; 19 zdro\u017ca\u0142o wiele rzeczy, w tym mi\u0119dzy innymi \u017cywno\u015b\u0107. St\u0105d moja ogromna pro\u015bba o wsparcie!<\/p>\n<h4><strong>Kosztorys:<\/strong><\/h4>\n<table>\n<tbody>\n<tr>\n<td width=\"45\">LP<\/td>\n<td width=\"212\">OPIS<\/td>\n<td width=\"128\">ilo\u015b\u0107<\/td>\n<td width=\"129\">Cena jednostkowa<\/td>\n<td width=\"129\">Kwota<\/td>\n<\/tr>\n<tr>\n<td width=\"45\">1<\/td>\n<td width=\"212\">Wynagrodzenie kucharki<\/td>\n<td width=\"128\">10 m-cy<\/td>\n<td width=\"129\">35.000 FR<\/td>\n<td width=\"129\">350.000 FR<\/td>\n<\/tr>\n<tr>\n<td width=\"45\">2<\/td>\n<td width=\"212\">M\u0105ka 50 kg<\/td>\n<td width=\"128\">3 worki<\/td>\n<td width=\"129\">20.000 FR<\/td>\n<td width=\"129\">60.000 FR<\/td>\n<\/tr>\n<tr>\n<td width=\"45\">3<\/td>\n<td width=\"212\">Cukier 50 kg<\/td>\n<td width=\"128\">5 work\u00f3w<\/td>\n<td width=\"129\">38.000 FR<\/td>\n<td width=\"129\">132.000 FR<\/td>\n<\/tr>\n<tr>\n<td width=\"45\">4<\/td>\n<td width=\"212\">Olej 20 l<\/td>\n<td width=\"128\">5 bidon\u00f3w<\/td>\n<td width=\"129\">24.000 FR<\/td>\n<td width=\"129\">120.000 FR<\/td>\n<\/tr>\n<tr>\n<td width=\"45\">5<\/td>\n<td width=\"212\">Drewno do kuchni polowej<\/td>\n<td width=\"128\">20 kop\u00a0 drewna<\/td>\n<td width=\"129\">5.000 FR<\/td>\n<td width=\"129\">100.000 FR<\/td>\n<\/tr>\n<tr>\n<td width=\"45\">6<\/td>\n<td width=\"212\">Mi\u0119so na \u015bwi\u0119ta<\/td>\n<td width=\"128\">44 kg<\/td>\n<td width=\"129\">2.500 FR<\/td>\n<td width=\"129\">110.000 FR<\/td>\n<\/tr>\n<tr>\n<td width=\"45\">7<\/td>\n<td width=\"212\">Sardynki w puszkach<\/td>\n<td width=\"128\">5\u00a0 karton\u00f3w<\/td>\n<td width=\"129\">17.000 FR<\/td>\n<td width=\"129\">85.000 FR<\/td>\n<\/tr>\n<tr>\n<td width=\"45\">8<\/td>\n<td width=\"212\">Koncentrat pomidorowy<\/td>\n<td width=\"128\">5\u00a0 karton\u00f3w<\/td>\n<td width=\"129\">28.000 FR<\/td>\n<td width=\"129\">140.000 FR<\/td>\n<\/tr>\n<tr>\n<td width=\"45\">9<\/td>\n<td width=\"212\">S\u00f3l 18 kg<\/td>\n<td width=\"128\">1 worek<\/td>\n<td width=\"129\">3.500 FR<\/td>\n<td width=\"129\">3.500 FR<\/td>\n<\/tr>\n<tr>\n<td width=\"45\">10<\/td>\n<td width=\"212\">Przyprawy, jarzyny<\/td>\n<td width=\"128\">39 kg<\/td>\n<td width=\"129\">1.500 FR<\/td>\n<td width=\"129\">58.500 FR<\/td>\n<\/tr>\n<tr>\n<td width=\"45\">11<\/td>\n<td width=\"212\">Mieszanka m\u0105k ( kukurydza, maniok)<\/td>\n<td width=\"128\">150 kg<\/td>\n<td width=\"129\">1.500 FR<\/td>\n<td width=\"129\">225.000 FR<\/td>\n<\/tr>\n<tr>\n<td width=\"45\">12<\/td>\n<td width=\"212\">Makaron<\/td>\n<td width=\"128\">5 karton\u00f3w<\/td>\n<td width=\"129\">13.000 FR<\/td>\n<td width=\"129\">65.000 FR<\/td>\n<\/tr>\n<tr>\n<td width=\"45\">13<\/td>\n<td width=\"212\">Cukierki na \u015bwi\u0119ta<\/td>\n<td width=\"128\">20 paczek<\/td>\n<td width=\"129\">5.000 FR<\/td>\n<td width=\"129\">100.000FR<\/td>\n<\/tr>\n<tr>\n<td width=\"45\">14<\/td>\n<td width=\"212\">Mleko w proszku<\/td>\n<td width=\"128\">63 kg<\/td>\n<td width=\"129\">3.200FR<\/td>\n<td width=\"129\">201.600FR<\/td>\n<\/tr>\n<tr>\n<td width=\"45\">15<\/td>\n<td width=\"212\">Ry\u017c 50 kg<\/td>\n<td width=\"128\">6 work\u00f3w<\/td>\n<td width=\"129\">22.000FR<\/td>\n<td width=\"129\">132.000FR<\/td>\n<\/tr>\n<tr>\n<td width=\"45\">16<\/td>\n<td width=\"212\">\u015arodki czysto\u015bci (myd\u0142o, \u015bciereczki, p\u0142yn do mycia)<\/td>\n<td width=\"128\"><\/td>\n<td width=\"129\"><\/td>\n<td width=\"129\">75.000FR<\/td>\n<\/tr>\n<tr>\n<td width=\"45\">17<\/td>\n<td width=\"212\">Transport<\/td>\n<td width=\"128\"><\/td>\n<td width=\"129\"><\/td>\n<td width=\"129\">150.000FR<\/td>\n<\/tr>\n<tr>\n<td width=\"45\"><\/td>\n<td width=\"212\"><strong>SUMA w miejscowej walucie<\/strong><\/td>\n<td width=\"128\"><\/td>\n<td width=\"129\"><\/td>\n<td width=\"129\"><strong>2.165.600 FR<\/strong><\/td>\n<\/tr>\n<\/tbody>\n<\/table>\n<p>Podarujmy maluchom u\u015bmiech poprzez wsparcie naszego projektu do\u017cywiania dzieci. Z serca prosimy o pomoc i dzi\u0119kujemy!<\/p>\n<p>Siostra Felicyta Gubiec, <a href=\"https:\/\/dominikanki.pl\/\" target=\"_blank\" rel=\"noopener noreferrer\">Zgromadzenie Si\u00f3str \u015bw. Dominika<\/a><\/p>\n<p><b style=\"font-size: large; color: #ff0000;\">Kwota: 3670 \u20ac <\/b><\/p>\n<h3 style=\"text-align: center;\"><strong>Zbi\u00f3rka zako\u0144czona. Zebrana kwota: 1830,00 \u20ac.<\/strong><\/h3>\n<p style=\"text-align: justify;\"><strong>Podsumowanie w miejscowej walucie &#8211; 2.156.600 frank\u00f3w CFA<\/strong><\/p>\n<p style=\"text-align: justify;\" align=\"JUSTIFY\"><span style=\"color: #808080;\">Stowarzyszenie Ruchu\u00a0<em>Maitri<\/em> przeznacza do 10% otrzymanych \u015brodk\u00f3w na koszty funkcjonowania biura i pozyskiwanie funduszy pomocowych. <\/span><\/p>\n<h3 style=\"text-align: justify;\" align=\"JUSTIFY\"><span style=\"color: #808080;\">Dominikanki: do\u017cywianie 150 dzieci w przedszkolu w Bertoua w Kamerunie\u00a0<\/span><\/h3>\n","protected":false},"excerpt":{"rendered":"<p><strong>Projekt:<\/strong> Siostra Felicyta Gubiec, <a href=\"https:\/\/dominikanki.pl\/\" target=\"_blank\" rel=\"noopener noreferrer\">Zgromadzenie Si\u00f3str \u015bw. Dominika<\/a><br \/>\n<strong>Misja:<\/strong> Bertoua, <a href=\"https:\/\/www.maitri.pl\/gdzie-pomagamy\/\" target=\"_blank\" rel=\"noopener noreferrer\">Kamerun<\/a><br \/>\n<strong>Zbierana kwota:<\/strong> <span style=\"color: #ff0000;\"><strong>3670 \u20ac<\/strong><\/span><\/p>\n","protected":false},"featured_media":23267,"template":"","meta":[],"product_brand":[],"product_cat":[656],"product_tag":[658,900,683],"class_list":{"0":"post-23266","1":"product","2":"type-product","3":"status-publish","4":"has-post-thumbnail","6":"product_cat-bez-kategorii","7":"product_tag-kamerun","8":"product_tag-siostra-felicyta-gubiec","9":"product_tag-zgromadzenie-siostr-sw-dominika","11":"first","12":"instock","13":"virtual","14":"purchasable","15":"product-type-simple"},"yoast_head":"<!-- This site is optimized with the Yoast SEO plugin v27.2 - https:\/\/yoast.com\/product\/yoast-seo-wordpress\/ -->\n<title>Dominikanki: do\u017cywianie 150 dzieci w przedszkolu w Bertoua w Kamerunie<\/title>\n<meta name=\"description\" content=\"Dominikanki: wesprzyj akcj\u0119 do\u017cywiania 150 dzieci w przedszkolu w Bertoua w Kamerunie. Wystarczy niewiele ponad 2 euro na jedno dziecko.\" \/>\n<meta name=\"robots\" content=\"index, follow, max-snippet:-1, max-image-preview:large, max-video-preview:-1\" \/>\n<link rel=\"canonical\" href=\"https:\/\/www.maitri.pl\/projekt\/dominikanki-dozywianie-bertoua\/\" \/>\n<meta property=\"og:locale\" content=\"fr_FR\" \/>\n<meta property=\"og:type\" content=\"article\" \/>\n<meta property=\"og:title\" content=\"Dominikanki: do\u017cywianie 150 dzieci w przedszkolu w Bertoua w Kamerunie\" \/>\n<meta property=\"og:description\" content=\"Dominikanki: wesprzyj akcj\u0119 do\u017cywiania 150 dzieci w przedszkolu w Bertoua w Kamerunie. Wystarczy niewiele ponad 2 euro na jedno dziecko.\" \/>\n<meta property=\"og:url\" content=\"https:\/\/www.maitri.pl\/projekt\/dominikanki-dozywianie-bertoua\/\" \/>\n<meta property=\"og:site_name\" content=\"Ruch Maitri - Adopcja Serca pomoc Afryce\" \/>\n<meta property=\"article:publisher\" content=\"https:\/\/www.facebook.com\/MAITRI.Adopcja.Serca.dzieci.Afryki\/\" \/>\n<meta property=\"article:modified_time\" content=\"2023-02-10T11:23:16+00:00\" \/>\n<meta property=\"og:image\" content=\"https:\/\/www.maitri.pl\/wp-content\/uploads\/2021\/08\/18-domis-3.jpeg\" \/>\n\t<meta property=\"og:image:width\" content=\"992\" \/>\n\t<meta property=\"og:image:height\" content=\"744\" \/>\n\t<meta property=\"og:image:type\" content=\"image\/jpeg\" \/>\n<meta name=\"twitter:card\" content=\"summary_large_image\" \/>\n<meta name=\"twitter:label1\" content=\"Dur\u00e9e de lecture estim\u00e9e\" \/>\n\t<meta name=\"twitter:data1\" content=\"3 minutes\" \/>\n<script type=\"application\/ld+json\" class=\"yoast-schema-graph\">{\"@context\":\"https:\/\/schema.org\",\"@graph\":[{\"@type\":\"WebPage\",\"@id\":\"https:\/\/www.maitri.pl\/projekt\/dominikanki-dozywianie-bertoua\/\",\"url\":\"https:\/\/www.maitri.pl\/projekt\/dominikanki-dozywianie-bertoua\/\",\"name\":\"Dominikanki: do\u017cywianie 150 dzieci w przedszkolu w Bertoua w Kamerunie\",\"isPartOf\":{\"@id\":\"https:\/\/www.maitri.pl\/#website\"},\"primaryImageOfPage\":{\"@id\":\"https:\/\/www.maitri.pl\/projekt\/dominikanki-dozywianie-bertoua\/#primaryimage\"},\"image\":{\"@id\":\"https:\/\/www.maitri.pl\/projekt\/dominikanki-dozywianie-bertoua\/#primaryimage\"},\"thumbnailUrl\":\"https:\/\/www.maitri.pl\/wp-content\/uploads\/2021\/08\/18-domis-3.jpeg\",\"datePublished\":\"2021-08-19T10:18:13+00:00\",\"dateModified\":\"2023-02-10T11:23:16+00:00\",\"description\":\"Dominikanki: wesprzyj akcj\u0119 do\u017cywiania 150 dzieci w przedszkolu w Bertoua w Kamerunie. Wystarczy niewiele ponad 2 euro na jedno dziecko.\",\"breadcrumb\":{\"@id\":\"https:\/\/www.maitri.pl\/projekt\/dominikanki-dozywianie-bertoua\/#breadcrumb\"},\"inLanguage\":\"fr-FR\",\"potentialAction\":[{\"@type\":\"ReadAction\",\"target\":[\"https:\/\/www.maitri.pl\/projekt\/dominikanki-dozywianie-bertoua\/\"]}]},{\"@type\":\"ImageObject\",\"inLanguage\":\"fr-FR\",\"@id\":\"https:\/\/www.maitri.pl\/projekt\/dominikanki-dozywianie-bertoua\/#primaryimage\",\"url\":\"https:\/\/www.maitri.pl\/wp-content\/uploads\/2021\/08\/18-domis-3.jpeg\",\"contentUrl\":\"https:\/\/www.maitri.pl\/wp-content\/uploads\/2021\/08\/18-domis-3.jpeg\",\"width\":992,\"height\":744,\"caption\":\"Dominikanki Ruch Maitri Adopcja Serca pomoc Afryce adoptuj dziecko 01\"},{\"@type\":\"BreadcrumbList\",\"@id\":\"https:\/\/www.maitri.pl\/projekt\/dominikanki-dozywianie-bertoua\/#breadcrumb\",\"itemListElement\":[{\"@type\":\"ListItem\",\"position\":1,\"name\":\"Strona g\u0142\u00f3wna\",\"item\":\"https:\/\/www.maitri.pl\/\"},{\"@type\":\"ListItem\",\"position\":2,\"name\":\"Sklep\",\"item\":\"https:\/\/www.maitri.pl\/sklep\/\"},{\"@type\":\"ListItem\",\"position\":3,\"name\":\"Dominikanki: do\u017cywianie 150 dzieci w przedszkolu w Bertoua\"}]},{\"@type\":\"WebSite\",\"@id\":\"https:\/\/www.maitri.pl\/#website\",\"url\":\"https:\/\/www.maitri.pl\/\",\"name\":\"Adopcja Serca Maitri \u2013 pomoc dzieciom w Afryce\",\"description\":\"Adopcja Serca \u2013 adopcja na odleg\u0142o\u015b\u0107, pomoc Afryce, do\u017cywianie i edukacja w Afryce\",\"publisher\":{\"@id\":\"https:\/\/www.maitri.pl\/#organization\"},\"potentialAction\":[{\"@type\":\"SearchAction\",\"target\":{\"@type\":\"EntryPoint\",\"urlTemplate\":\"https:\/\/www.maitri.pl\/?s={search_term_string}\"},\"query-input\":{\"@type\":\"PropertyValueSpecification\",\"valueRequired\":true,\"valueName\":\"search_term_string\"}}],\"inLanguage\":\"fr-FR\"},{\"@type\":\"Organization\",\"@id\":\"https:\/\/www.maitri.pl\/#organization\",\"name\":\"Stowarzyszenie Ruchu Maitri\",\"url\":\"https:\/\/www.maitri.pl\/\",\"logo\":{\"@type\":\"ImageObject\",\"inLanguage\":\"fr-FR\",\"@id\":\"https:\/\/www.maitri.pl\/#\/schema\/logo\/image\/\",\"url\":\"https:\/\/www.maitri.pl\/wp-content\/uploads\/2020\/04\/duze_logo-81.png\",\"contentUrl\":\"https:\/\/www.maitri.pl\/wp-content\/uploads\/2020\/04\/duze_logo-81.png\",\"width\":339,\"height\":321,\"caption\":\"Stowarzyszenie Ruchu Maitri\"},\"image\":{\"@id\":\"https:\/\/www.maitri.pl\/#\/schema\/logo\/image\/\"},\"sameAs\":[\"https:\/\/www.facebook.com\/MAITRI.Adopcja.Serca.dzieci.Afryki\/\"]}]}<\/script>\n<!-- \/ Yoast SEO plugin. -->","yoast_head_json":{"title":"Dominikanki: do\u017cywianie 150 dzieci w przedszkolu w Bertoua w Kamerunie","description":"Dominikanki: wesprzyj akcj\u0119 do\u017cywiania 150 dzieci w przedszkolu w Bertoua w Kamerunie. Wystarczy niewiele ponad 2 euro na jedno dziecko.","robots":{"index":"index","follow":"follow","max-snippet":"max-snippet:-1","max-image-preview":"max-image-preview:large","max-video-preview":"max-video-preview:-1"},"canonical":"https:\/\/www.maitri.pl\/projekt\/dominikanki-dozywianie-bertoua\/","og_locale":"fr_FR","og_type":"article","og_title":"Dominikanki: do\u017cywianie 150 dzieci w przedszkolu w Bertoua w Kamerunie","og_description":"Dominikanki: wesprzyj akcj\u0119 do\u017cywiania 150 dzieci w przedszkolu w Bertoua w Kamerunie. Wystarczy niewiele ponad 2 euro na jedno dziecko.","og_url":"https:\/\/www.maitri.pl\/projekt\/dominikanki-dozywianie-bertoua\/","og_site_name":"Ruch Maitri - Adopcja Serca pomoc Afryce","article_publisher":"https:\/\/www.facebook.com\/MAITRI.Adopcja.Serca.dzieci.Afryki\/","article_modified_time":"2023-02-10T11:23:16+00:00","og_image":[{"width":992,"height":744,"url":"https:\/\/www.maitri.pl\/wp-content\/uploads\/2021\/08\/18-domis-3.jpeg","type":"image\/jpeg"}],"twitter_card":"summary_large_image","twitter_misc":{"Dur\u00e9e de lecture estim\u00e9e":"3 minutes"},"schema":{"@context":"https:\/\/schema.org","@graph":[{"@type":"WebPage","@id":"https:\/\/www.maitri.pl\/projekt\/dominikanki-dozywianie-bertoua\/","url":"https:\/\/www.maitri.pl\/projekt\/dominikanki-dozywianie-bertoua\/","name":"Dominikanki: do\u017cywianie 150 dzieci w przedszkolu w Bertoua w Kamerunie","isPartOf":{"@id":"https:\/\/www.maitri.pl\/#website"},"primaryImageOfPage":{"@id":"https:\/\/www.maitri.pl\/projekt\/dominikanki-dozywianie-bertoua\/#primaryimage"},"image":{"@id":"https:\/\/www.maitri.pl\/projekt\/dominikanki-dozywianie-bertoua\/#primaryimage"},"thumbnailUrl":"https:\/\/www.maitri.pl\/wp-content\/uploads\/2021\/08\/18-domis-3.jpeg","datePublished":"2021-08-19T10:18:13+00:00","dateModified":"2023-02-10T11:23:16+00:00","description":"Dominikanki: wesprzyj akcj\u0119 do\u017cywiania 150 dzieci w przedszkolu w Bertoua w Kamerunie. Wystarczy niewiele ponad 2 euro na jedno dziecko.","breadcrumb":{"@id":"https:\/\/www.maitri.pl\/projekt\/dominikanki-dozywianie-bertoua\/#breadcrumb"},"inLanguage":"fr-FR","potentialAction":[{"@type":"ReadAction","target":["https:\/\/www.maitri.pl\/projekt\/dominikanki-dozywianie-bertoua\/"]}]},{"@type":"ImageObject","inLanguage":"fr-FR","@id":"https:\/\/www.maitri.pl\/projekt\/dominikanki-dozywianie-bertoua\/#primaryimage","url":"https:\/\/www.maitri.pl\/wp-content\/uploads\/2021\/08\/18-domis-3.jpeg","contentUrl":"https:\/\/www.maitri.pl\/wp-content\/uploads\/2021\/08\/18-domis-3.jpeg","width":992,"height":744,"caption":"Dominikanki Ruch Maitri Adopcja Serca pomoc Afryce adoptuj dziecko 01"},{"@type":"BreadcrumbList","@id":"https:\/\/www.maitri.pl\/projekt\/dominikanki-dozywianie-bertoua\/#breadcrumb","itemListElement":[{"@type":"ListItem","position":1,"name":"Strona g\u0142\u00f3wna","item":"https:\/\/www.maitri.pl\/"},{"@type":"ListItem","position":2,"name":"Sklep","item":"https:\/\/www.maitri.pl\/sklep\/"},{"@type":"ListItem","position":3,"name":"Dominikanki: do\u017cywianie 150 dzieci w przedszkolu w Bertoua"}]},{"@type":"WebSite","@id":"https:\/\/www.maitri.pl\/#website","url":"https:\/\/www.maitri.pl\/","name":"Adopcja Serca Maitri \u2013 pomoc dzieciom w Afryce","description":"Adopcja Serca \u2013 adopcja na odleg\u0142o\u015b\u0107, pomoc Afryce, do\u017cywianie i edukacja w Afryce","publisher":{"@id":"https:\/\/www.maitri.pl\/#organization"},"potentialAction":[{"@type":"SearchAction","target":{"@type":"EntryPoint","urlTemplate":"https:\/\/www.maitri.pl\/?s={search_term_string}"},"query-input":{"@type":"PropertyValueSpecification","valueRequired":true,"valueName":"search_term_string"}}],"inLanguage":"fr-FR"},{"@type":"Organization","@id":"https:\/\/www.maitri.pl\/#organization","name":"Stowarzyszenie Ruchu Maitri","url":"https:\/\/www.maitri.pl\/","logo":{"@type":"ImageObject","inLanguage":"fr-FR","@id":"https:\/\/www.maitri.pl\/#\/schema\/logo\/image\/","url":"https:\/\/www.maitri.pl\/wp-content\/uploads\/2020\/04\/duze_logo-81.png","contentUrl":"https:\/\/www.maitri.pl\/wp-content\/uploads\/2020\/04\/duze_logo-81.png","width":339,"height":321,"caption":"Stowarzyszenie Ruchu Maitri"},"image":{"@id":"https:\/\/www.maitri.pl\/#\/schema\/logo\/image\/"},"sameAs":["https:\/\/www.facebook.com\/MAITRI.Adopcja.Serca.dzieci.Afryki\/"]}]}},"_links":{"self":[{"href":"https:\/\/www.maitri.pl\/fr\/wp-json\/wp\/v2\/product\/23266","targetHints":{"allow":["GET"]}}],"collection":[{"href":"https:\/\/www.maitri.pl\/fr\/wp-json\/wp\/v2\/product"}],"about":[{"href":"https:\/\/www.maitri.pl\/fr\/wp-json\/wp\/v2\/types\/product"}],"wp:featuredmedia":[{"embeddable":true,"href":"https:\/\/www.maitri.pl\/fr\/wp-json\/wp\/v2\/media\/23267"}],"wp:attachment":[{"href":"https:\/\/www.maitri.pl\/fr\/wp-json\/wp\/v2\/media?parent=23266"}],"wp:term":[{"taxonomy":"product_brand","embeddable":true,"href":"https:\/\/www.maitri.pl\/fr\/wp-json\/wp\/v2\/product_brand?post=23266"},{"taxonomy":"product_cat","embeddable":true,"href":"https:\/\/www.maitri.pl\/fr\/wp-json\/wp\/v2\/product_cat?post=23266"},{"taxonomy":"product_tag","embeddable":true,"href":"https:\/\/www.maitri.pl\/fr\/wp-json\/wp\/v2\/product_tag?post=23266"}],"curies":[{"name":"wp","href":"https:\/\/api.w.org\/{rel}","templated":true}]}}