{"id":23235,"date":"2021-08-14T13:46:04","date_gmt":"2021-08-14T11:46:04","guid":{"rendered":"https:\/\/www.maitri.pl\/?post_type=product&#038;p=23235"},"modified":"2023-02-10T12:23:23","modified_gmt":"2023-02-10T11:23:23","slug":"nakarm-dzieci-w-przedszkolu","status":"publish","type":"product","link":"https:\/\/www.maitri.pl\/fr\/projekt\/nakarm-dzieci-w-przedszkolu\/","title":{"rendered":"Nakarm z nami 100 dzieci w przedszkolu w misji Esseng w Kamerunie"},"content":{"rendered":"<h4>Skuteczna akcja do\u017cywiania<\/h4>\n<p>Zwracam si\u0119 kolejny raz z wielk\u0105 pro\u015bb\u0105 o pomoc na do\u017cywianie dzieci w przedszkolu St. Jean Bosco w Esseng. Dzi\u0119ki Wam dzieci mia\u0142y codziennie kubek \u201ebui\u201d (mleko z m\u0105k\u0105 i cukrem) i p\u0105czek, a w czwartki ry\u017c z pomidorami, sardynkami i warzywami. Dodatkowo przy r\u00f3\u017cnych okazjach ciastka, cukierki lub bu\u0142ki z czekolad\u0105. Na \u015bwi\u0119to Jana Bosco i na koniec roku maj\u0105 posi\u0142ek ekstra \u2013 ry\u017c, mi\u0119so i fasol\u0119. Dzieci cz\u0119sto przychodz\u0105 do przedszkola g\u0142odne, poniewa\u017c w domach jedz\u0105 najcz\u0119\u015bciej tylko raz dziennie, zawsze wieczorem. Ma\u0142y posi\u0142ek w przedszkolu pozwala im lepiej my\u015ble\u0107 i je wzmacnia, co pomaga im te\u017c zwalcza\u0107 r\u00f3\u017cne choroby, szczeg\u00f3lnie malari\u0119. Prosimy o kontynuacj\u0119 akcji do\u017cywiania.<\/p>\n<h4>Domy z gliny, bez pr\u0105du<\/h4>\n<p>Dzieci id\u0105c do przedszkola wiedz\u0105, \u017ce co\u015b dostan\u0105, a w czwartki od rana opowiadaj\u0105, \u017ce dzi\u015b b\u0119dzie ry\u017c. To jest wielka rado\u015b\u0107 dla nich. Wiedz\u0105, \u017ce posi\u0142ki maj\u0105 dzi\u0119ki <a href=\"https:\/\/www.maitri.pl\/\" target=\"_blank\" rel=\"noopener\">dobroczy\u0144com z Polski<\/a>. Pami\u0119tamy wszyscy o Was w modlitwie i jeste\u015bmy wdzi\u0119czni za pomoc, za mi\u0142o\u015b\u0107 do naszych dzieci, za ka\u017cdy dar. Nasza wioska Esseng znajduje si\u0119 w buszu na wschodzie Kamerunu. Dojazd tu jest utrudniony, bo nie ma asfaltu. Nie ma te\u017c pr\u0105du, a ludzie najcz\u0119\u015bciej mieszkaj\u0105 w domach ulepionych z gliny, w warunkach bardzo ci\u0119\u017ckich. Rodziny utrzymuj\u0105 si\u0119 tu z r\u00f3\u017cnych upraw, g\u0142. orzeszk\u00f3w arachidowych, kawy i kakao. Dzieci cz\u0119sto nie maj\u0105 rodzic\u00f3w lub s\u0105 p\u00f3\u0142sierotami. \u017byj\u0105 u dziadk\u00f3w albo u wujk\u00f3w. Bardzo du\u017co dzieci jest niedo\u017cywionych i chorych. Cz\u0119sto choruj\u0105 na malari\u0119, ale te\u017c i na AIDS. W domu dzieci zmuszone s\u0105 radzi\u0107 sobie same, lub powierzone s\u0105 starszemu rodze\u0144stwu, niewiele starszemu od nich samych.<\/p>\n<h4>Nie znaj\u0105 \u015bniadania<\/h4>\n<p>Posi\u0142ek jedz\u0105 najcz\u0119\u015bciej tylko jeden &#8211; wieczorem, je\u015bli co\u015b z niego zostanie, to spo\u017cywaj\u0105 rano. Najpierw jedz\u0105 rodzice potem dzieci. W przedszkolu marny 106 dzieci, z r\u00f3\u017cnych okolic. Niekt\u00f3re przyp\u0142ywaj\u0105 do nas \u0142\u00f3dkami, inne id\u0105 4 km. Nikt ich nie odprowadza i nie przychodzi po dziecko do przedszkola, przychodz\u0105 same. Docieraj\u0105 do nas g\u0142odne i zm\u0119czone, a tu jest ich pierwszy posi\u0142ek. Pomaga on zwalcza\u0107 choroby, u\u0142atwia koncentracj\u0119, pomaga w prawid\u0142owym rozwoju. Szczeg\u00f3lnie wa\u017cnym sk\u0142adnikiem jest mleko, kt\u00f3re jest bardzo drogie i rodzic\u00f3w na nie nie sta\u0107. Zwracam si\u0119 do Was kochani z pro\u015bb\u0105 o pomoc w do\u017cywianiu naszych dzieci w\u00a0 przedszkolu w Esseng. Same nie jeste\u015bmy w stanie zapewni\u0107 im posi\u0142ku, mog\u0105 go mie\u0107 tylko dzi\u0119ki Wam. Bardzo Wam dzi\u0119kujemy i zapewniamy o modlitwie za Was<\/p>\n<h4><strong>Kosztorys:<\/strong><\/h4>\n<table width=\"662\">\n<tbody>\n<tr>\n<td width=\"229\">LP<\/td>\n<td width=\"134\">OPIS<\/td>\n<td width=\"74\">Jednostka miary<\/td>\n<td width=\"103\">CENA<\/td>\n<td width=\"123\">KWOTA<\/td>\n<\/tr>\n<tr>\n<td width=\"229\">1<\/td>\n<td width=\"134\">mleko<\/td>\n<td width=\"74\">5 work\u00f3w<\/td>\n<td width=\"103\">75.000<\/td>\n<td width=\"123\">375.000<\/td>\n<\/tr>\n<tr>\n<td width=\"229\">2<\/td>\n<td width=\"134\">ry\u017c<\/td>\n<td width=\"74\">6 work\u00f3w<\/td>\n<td width=\"103\">19.000<\/td>\n<td width=\"123\">114.000<\/td>\n<\/tr>\n<tr>\n<td width=\"229\">3<\/td>\n<td width=\"134\">cukier<\/td>\n<td width=\"74\">4 worki<\/td>\n<td width=\"103\">31.000<\/td>\n<td width=\"123\">124.000<\/td>\n<\/tr>\n<tr>\n<td width=\"229\">4<\/td>\n<td width=\"134\">sardynki<\/td>\n<td width=\"74\">2 kartony<\/td>\n<td width=\"103\">16.500<\/td>\n<td width=\"123\">33.000<\/td>\n<\/tr>\n<tr>\n<td width=\"229\">5<\/td>\n<td width=\"134\">olej<\/td>\n<td width=\"74\">40 l<\/td>\n<td width=\"103\">700<\/td>\n<td width=\"123\">28.000<\/td>\n<\/tr>\n<tr>\n<td width=\"229\">6<\/td>\n<td width=\"134\">mi\u0119so na \u015bwi\u0119ta<\/td>\n<td width=\"74\"><\/td>\n<td width=\"103\"><\/td>\n<td width=\"123\">40.000<\/td>\n<\/tr>\n<tr>\n<td width=\"229\">7<\/td>\n<td width=\"134\">s\u00f3l<\/td>\n<td width=\"74\">1 worek<\/td>\n<td width=\"103\">3.000<\/td>\n<td width=\"123\">3.000<\/td>\n<\/tr>\n<tr>\n<td width=\"229\">8<\/td>\n<td width=\"134\">bu\u0142ki<\/td>\n<td width=\"74\">100<\/td>\n<td width=\"103\">106<\/td>\n<td width=\"123\">10.600<\/td>\n<\/tr>\n<tr>\n<td width=\"229\">9<\/td>\n<td width=\"134\">ciastka, cukierki, lizaki<\/td>\n<td width=\"74\"><\/td>\n<td width=\"103\"><\/td>\n<td width=\"123\">73.200<\/td>\n<\/tr>\n<tr>\n<td width=\"229\">10<\/td>\n<td width=\"134\">m\u0105ka<\/td>\n<td width=\"74\">4 worki<\/td>\n<td width=\"103\">17.500<\/td>\n<td width=\"123\">70.000<\/td>\n<\/tr>\n<tr>\n<td width=\"229\">11<\/td>\n<td width=\"134\">paliwo<\/td>\n<td width=\"74\"><\/td>\n<td width=\"103\"><\/td>\n<td width=\"123\">50.000<\/td>\n<\/tr>\n<tr>\n<td width=\"229\">12<\/td>\n<td width=\"134\">czekolada<\/td>\n<td width=\"74\">1 karton<\/td>\n<td width=\"103\">9.000<\/td>\n<td width=\"123\">9.000<\/td>\n<\/tr>\n<tr>\n<td width=\"229\">13<\/td>\n<td width=\"134\">pomidory z puszki<\/td>\n<td width=\"74\">2 kartony<\/td>\n<td width=\"103\">12.000<\/td>\n<td width=\"123\">24.000<\/td>\n<\/tr>\n<tr>\n<td width=\"229\">14<\/td>\n<td width=\"134\">wynagrodzenie za prac\u0119<\/td>\n<td width=\"74\"><\/td>\n<td width=\"103\"><\/td>\n<td width=\"123\">50.000<\/td>\n<\/tr>\n<tr>\n<td width=\"229\">15<\/td>\n<td width=\"134\">za paczki<\/td>\n<td width=\"74\"><\/td>\n<td width=\"103\"><\/td>\n<td width=\"123\">308.000<\/td>\n<\/tr>\n<tr>\n<td width=\"229\"><strong>PODSUMOWANIE <\/strong>w miejscowej walucie<\/td>\n<td width=\"134\"><\/td>\n<td width=\"74\"><strong>1.311.800<\/strong><\/td>\n<td colspan=\"2\" width=\"225\">frank\u00f3w CFA<\/td>\n<\/tr>\n<\/tbody>\n<\/table>\n<p>Siostra Anna Ma\u0142kowska, <a href=\"https:\/\/www.karmelitanki.pl\/\" target=\"_blank\" rel=\"noopener noreferrer\">Zgromadzenie Si\u00f3str od Anio\u0142\u00f3w<\/a><\/p>\n<p><b style=\"font-size: large; color: #ff0000;\">Kwota: 2220 \u20ac <\/b><\/p>\n<h3 style=\"text-align: center;\"><strong>Zbi\u00f3rka zako\u0144czona. Zebrana kwota: 1780,00 \u20ac.<\/strong><\/h3>\n<p style=\"text-align: justify;\" align=\"JUSTIFY\"><span style=\"color: #808080;\">Stowarzyszenie Ruchu\u00a0<em>Maitri<\/em> przeznacza do 10% otrzymanych \u015brodk\u00f3w na koszty funkcjonowania biura i pozyskiwanie funduszy pomocowych. <\/span><\/p>\n<h2 style=\"text-align: justify;\" align=\"JUSTIFY\"><span style=\"color: #808080;\">Nakarm z nami 100 dzieci w przedszkolu w misji Esseng w Kamerunie<\/span><\/h2>\n","protected":false},"excerpt":{"rendered":"<p><strong>Projekt:<\/strong> Siostra Anna Ma\u0142kowska, <a href=\"https:\/\/www.karmelitanki.pl\/\" target=\"_blank\" rel=\"noopener noreferrer\">Zgromadzenie Si\u00f3str od Anio\u0142\u00f3w<\/a><br \/>\n<strong>Misja:<\/strong> Esseng, <a href=\"https:\/\/www.maitri.pl\/gdzie-pomagamy\/\" target=\"_blank\" rel=\"noopener noreferrer\">Kamerun<\/a><br \/>\n<strong>Kwota projektu:<\/strong> <span style=\"color: #ff0000;\"><strong>2220 \u20ac<\/strong><\/span><\/p>\n","protected":false},"featured_media":23238,"template":"","meta":[],"product_brand":[],"product_cat":[656],"product_tag":[],"class_list":{"0":"post-23235","1":"product","2":"type-product","3":"status-publish","4":"has-post-thumbnail","6":"product_cat-bez-kategorii","8":"first","9":"instock","10":"virtual","11":"purchasable","12":"product-type-simple"},"yoast_head":"<!-- This site is optimized with the Yoast SEO plugin v27.2 - https:\/\/yoast.com\/product\/yoast-seo-wordpress\/ -->\n<title>Nakarm z nami 100 dzieci w przedszkolu w misji Esseng w Kamerunie<\/title>\n<meta name=\"description\" content=\"Nakarm z nami 100 dzieci w przedszkolu w misji Esseng w Kamerunie. Plac\u00f3wk\u0119 prowadz\u0105 Siostry od Anio\u0142\u00f3w. Pomoc trwa ca\u0142y rok.\" \/>\n<meta name=\"robots\" content=\"index, follow, max-snippet:-1, max-image-preview:large, max-video-preview:-1\" \/>\n<link rel=\"canonical\" href=\"https:\/\/www.maitri.pl\/projekt\/nakarm-dzieci-w-przedszkolu\/\" \/>\n<meta property=\"og:locale\" content=\"fr_FR\" \/>\n<meta property=\"og:type\" content=\"article\" \/>\n<meta property=\"og:title\" content=\"Nakarm z nami 100 dzieci w przedszkolu w misji Esseng w Kamerunie\" \/>\n<meta property=\"og:description\" content=\"Nakarm z nami 100 dzieci w przedszkolu w misji Esseng w Kamerunie. Plac\u00f3wk\u0119 prowadz\u0105 Siostry od Anio\u0142\u00f3w. Pomoc trwa ca\u0142y rok.\" \/>\n<meta property=\"og:url\" content=\"https:\/\/www.maitri.pl\/projekt\/nakarm-dzieci-w-przedszkolu\/\" \/>\n<meta property=\"og:site_name\" content=\"Ruch Maitri - Adopcja Serca pomoc Afryce\" \/>\n<meta property=\"article:publisher\" content=\"https:\/\/www.facebook.com\/MAITRI.Adopcja.Serca.dzieci.Afryki\/\" \/>\n<meta property=\"article:modified_time\" content=\"2023-02-10T11:23:23+00:00\" \/>\n<meta property=\"og:image\" content=\"https:\/\/www.maitri.pl\/wp-content\/uploads\/2021\/08\/147-aniol-2.jpg\" \/>\n\t<meta property=\"og:image:width\" content=\"2304\" \/>\n\t<meta property=\"og:image:height\" content=\"1728\" \/>\n\t<meta property=\"og:image:type\" content=\"image\/jpeg\" \/>\n<meta name=\"twitter:card\" content=\"summary_large_image\" \/>\n<meta name=\"twitter:label1\" content=\"Dur\u00e9e de lecture estim\u00e9e\" \/>\n\t<meta name=\"twitter:data1\" content=\"3 minutes\" \/>\n<script type=\"application\/ld+json\" class=\"yoast-schema-graph\">{\"@context\":\"https:\/\/schema.org\",\"@graph\":[{\"@type\":\"WebPage\",\"@id\":\"https:\/\/www.maitri.pl\/projekt\/nakarm-dzieci-w-przedszkolu\/\",\"url\":\"https:\/\/www.maitri.pl\/projekt\/nakarm-dzieci-w-przedszkolu\/\",\"name\":\"Nakarm z nami 100 dzieci w przedszkolu w misji Esseng w Kamerunie\",\"isPartOf\":{\"@id\":\"https:\/\/www.maitri.pl\/#website\"},\"primaryImageOfPage\":{\"@id\":\"https:\/\/www.maitri.pl\/projekt\/nakarm-dzieci-w-przedszkolu\/#primaryimage\"},\"image\":{\"@id\":\"https:\/\/www.maitri.pl\/projekt\/nakarm-dzieci-w-przedszkolu\/#primaryimage\"},\"thumbnailUrl\":\"https:\/\/www.maitri.pl\/wp-content\/uploads\/2021\/08\/147-aniol-2.jpg\",\"datePublished\":\"2021-08-14T11:46:04+00:00\",\"dateModified\":\"2023-02-10T11:23:23+00:00\",\"description\":\"Nakarm z nami 100 dzieci w przedszkolu w misji Esseng w Kamerunie. Plac\u00f3wk\u0119 prowadz\u0105 Siostry od Anio\u0142\u00f3w. Pomoc trwa ca\u0142y rok.\",\"breadcrumb\":{\"@id\":\"https:\/\/www.maitri.pl\/projekt\/nakarm-dzieci-w-przedszkolu\/#breadcrumb\"},\"inLanguage\":\"fr-FR\",\"potentialAction\":[{\"@type\":\"ReadAction\",\"target\":[\"https:\/\/www.maitri.pl\/projekt\/nakarm-dzieci-w-przedszkolu\/\"]}]},{\"@type\":\"ImageObject\",\"inLanguage\":\"fr-FR\",\"@id\":\"https:\/\/www.maitri.pl\/projekt\/nakarm-dzieci-w-przedszkolu\/#primaryimage\",\"url\":\"https:\/\/www.maitri.pl\/wp-content\/uploads\/2021\/08\/147-aniol-2.jpg\",\"contentUrl\":\"https:\/\/www.maitri.pl\/wp-content\/uploads\/2021\/08\/147-aniol-2.jpg\",\"width\":2304,\"height\":1728,\"caption\":\"Nakarm z nami 100 dzieci w przedszkolu w misji Esseng w Kamerunie Ruch Maitri Adopcja Serca pomoc Afryce 01\"},{\"@type\":\"BreadcrumbList\",\"@id\":\"https:\/\/www.maitri.pl\/projekt\/nakarm-dzieci-w-przedszkolu\/#breadcrumb\",\"itemListElement\":[{\"@type\":\"ListItem\",\"position\":1,\"name\":\"Strona g\u0142\u00f3wna\",\"item\":\"https:\/\/www.maitri.pl\/\"},{\"@type\":\"ListItem\",\"position\":2,\"name\":\"Sklep\",\"item\":\"https:\/\/www.maitri.pl\/sklep\/\"},{\"@type\":\"ListItem\",\"position\":3,\"name\":\"Nakarm z nami 100 dzieci w przedszkolu w misji Esseng w Kamerunie\"}]},{\"@type\":\"WebSite\",\"@id\":\"https:\/\/www.maitri.pl\/#website\",\"url\":\"https:\/\/www.maitri.pl\/\",\"name\":\"Adopcja Serca Maitri \u2013 pomoc dzieciom w Afryce\",\"description\":\"Adopcja Serca \u2013 adopcja na odleg\u0142o\u015b\u0107, pomoc Afryce, do\u017cywianie i edukacja w Afryce\",\"publisher\":{\"@id\":\"https:\/\/www.maitri.pl\/#organization\"},\"potentialAction\":[{\"@type\":\"SearchAction\",\"target\":{\"@type\":\"EntryPoint\",\"urlTemplate\":\"https:\/\/www.maitri.pl\/?s={search_term_string}\"},\"query-input\":{\"@type\":\"PropertyValueSpecification\",\"valueRequired\":true,\"valueName\":\"search_term_string\"}}],\"inLanguage\":\"fr-FR\"},{\"@type\":\"Organization\",\"@id\":\"https:\/\/www.maitri.pl\/#organization\",\"name\":\"Stowarzyszenie Ruchu Maitri\",\"url\":\"https:\/\/www.maitri.pl\/\",\"logo\":{\"@type\":\"ImageObject\",\"inLanguage\":\"fr-FR\",\"@id\":\"https:\/\/www.maitri.pl\/#\/schema\/logo\/image\/\",\"url\":\"https:\/\/www.maitri.pl\/wp-content\/uploads\/2020\/04\/duze_logo-81.png\",\"contentUrl\":\"https:\/\/www.maitri.pl\/wp-content\/uploads\/2020\/04\/duze_logo-81.png\",\"width\":339,\"height\":321,\"caption\":\"Stowarzyszenie Ruchu Maitri\"},\"image\":{\"@id\":\"https:\/\/www.maitri.pl\/#\/schema\/logo\/image\/\"},\"sameAs\":[\"https:\/\/www.facebook.com\/MAITRI.Adopcja.Serca.dzieci.Afryki\/\"]}]}<\/script>\n<!-- \/ Yoast SEO plugin. -->","yoast_head_json":{"title":"Nakarm z nami 100 dzieci w przedszkolu w misji Esseng w Kamerunie","description":"Nakarm z nami 100 dzieci w przedszkolu w misji Esseng w Kamerunie. Plac\u00f3wk\u0119 prowadz\u0105 Siostry od Anio\u0142\u00f3w. Pomoc trwa ca\u0142y rok.","robots":{"index":"index","follow":"follow","max-snippet":"max-snippet:-1","max-image-preview":"max-image-preview:large","max-video-preview":"max-video-preview:-1"},"canonical":"https:\/\/www.maitri.pl\/projekt\/nakarm-dzieci-w-przedszkolu\/","og_locale":"fr_FR","og_type":"article","og_title":"Nakarm z nami 100 dzieci w przedszkolu w misji Esseng w Kamerunie","og_description":"Nakarm z nami 100 dzieci w przedszkolu w misji Esseng w Kamerunie. Plac\u00f3wk\u0119 prowadz\u0105 Siostry od Anio\u0142\u00f3w. Pomoc trwa ca\u0142y rok.","og_url":"https:\/\/www.maitri.pl\/projekt\/nakarm-dzieci-w-przedszkolu\/","og_site_name":"Ruch Maitri - Adopcja Serca pomoc Afryce","article_publisher":"https:\/\/www.facebook.com\/MAITRI.Adopcja.Serca.dzieci.Afryki\/","article_modified_time":"2023-02-10T11:23:23+00:00","og_image":[{"width":2304,"height":1728,"url":"https:\/\/www.maitri.pl\/wp-content\/uploads\/2021\/08\/147-aniol-2.jpg","type":"image\/jpeg"}],"twitter_card":"summary_large_image","twitter_misc":{"Dur\u00e9e de lecture estim\u00e9e":"3 minutes"},"schema":{"@context":"https:\/\/schema.org","@graph":[{"@type":"WebPage","@id":"https:\/\/www.maitri.pl\/projekt\/nakarm-dzieci-w-przedszkolu\/","url":"https:\/\/www.maitri.pl\/projekt\/nakarm-dzieci-w-przedszkolu\/","name":"Nakarm z nami 100 dzieci w przedszkolu w misji Esseng w Kamerunie","isPartOf":{"@id":"https:\/\/www.maitri.pl\/#website"},"primaryImageOfPage":{"@id":"https:\/\/www.maitri.pl\/projekt\/nakarm-dzieci-w-przedszkolu\/#primaryimage"},"image":{"@id":"https:\/\/www.maitri.pl\/projekt\/nakarm-dzieci-w-przedszkolu\/#primaryimage"},"thumbnailUrl":"https:\/\/www.maitri.pl\/wp-content\/uploads\/2021\/08\/147-aniol-2.jpg","datePublished":"2021-08-14T11:46:04+00:00","dateModified":"2023-02-10T11:23:23+00:00","description":"Nakarm z nami 100 dzieci w przedszkolu w misji Esseng w Kamerunie. Plac\u00f3wk\u0119 prowadz\u0105 Siostry od Anio\u0142\u00f3w. Pomoc trwa ca\u0142y rok.","breadcrumb":{"@id":"https:\/\/www.maitri.pl\/projekt\/nakarm-dzieci-w-przedszkolu\/#breadcrumb"},"inLanguage":"fr-FR","potentialAction":[{"@type":"ReadAction","target":["https:\/\/www.maitri.pl\/projekt\/nakarm-dzieci-w-przedszkolu\/"]}]},{"@type":"ImageObject","inLanguage":"fr-FR","@id":"https:\/\/www.maitri.pl\/projekt\/nakarm-dzieci-w-przedszkolu\/#primaryimage","url":"https:\/\/www.maitri.pl\/wp-content\/uploads\/2021\/08\/147-aniol-2.jpg","contentUrl":"https:\/\/www.maitri.pl\/wp-content\/uploads\/2021\/08\/147-aniol-2.jpg","width":2304,"height":1728,"caption":"Nakarm z nami 100 dzieci w przedszkolu w misji Esseng w Kamerunie Ruch Maitri Adopcja Serca pomoc Afryce 01"},{"@type":"BreadcrumbList","@id":"https:\/\/www.maitri.pl\/projekt\/nakarm-dzieci-w-przedszkolu\/#breadcrumb","itemListElement":[{"@type":"ListItem","position":1,"name":"Strona g\u0142\u00f3wna","item":"https:\/\/www.maitri.pl\/"},{"@type":"ListItem","position":2,"name":"Sklep","item":"https:\/\/www.maitri.pl\/sklep\/"},{"@type":"ListItem","position":3,"name":"Nakarm z nami 100 dzieci w przedszkolu w misji Esseng w Kamerunie"}]},{"@type":"WebSite","@id":"https:\/\/www.maitri.pl\/#website","url":"https:\/\/www.maitri.pl\/","name":"Adopcja Serca Maitri \u2013 pomoc dzieciom w Afryce","description":"Adopcja Serca \u2013 adopcja na odleg\u0142o\u015b\u0107, pomoc Afryce, do\u017cywianie i edukacja w Afryce","publisher":{"@id":"https:\/\/www.maitri.pl\/#organization"},"potentialAction":[{"@type":"SearchAction","target":{"@type":"EntryPoint","urlTemplate":"https:\/\/www.maitri.pl\/?s={search_term_string}"},"query-input":{"@type":"PropertyValueSpecification","valueRequired":true,"valueName":"search_term_string"}}],"inLanguage":"fr-FR"},{"@type":"Organization","@id":"https:\/\/www.maitri.pl\/#organization","name":"Stowarzyszenie Ruchu Maitri","url":"https:\/\/www.maitri.pl\/","logo":{"@type":"ImageObject","inLanguage":"fr-FR","@id":"https:\/\/www.maitri.pl\/#\/schema\/logo\/image\/","url":"https:\/\/www.maitri.pl\/wp-content\/uploads\/2020\/04\/duze_logo-81.png","contentUrl":"https:\/\/www.maitri.pl\/wp-content\/uploads\/2020\/04\/duze_logo-81.png","width":339,"height":321,"caption":"Stowarzyszenie Ruchu Maitri"},"image":{"@id":"https:\/\/www.maitri.pl\/#\/schema\/logo\/image\/"},"sameAs":["https:\/\/www.facebook.com\/MAITRI.Adopcja.Serca.dzieci.Afryki\/"]}]}},"_links":{"self":[{"href":"https:\/\/www.maitri.pl\/fr\/wp-json\/wp\/v2\/product\/23235","targetHints":{"allow":["GET"]}}],"collection":[{"href":"https:\/\/www.maitri.pl\/fr\/wp-json\/wp\/v2\/product"}],"about":[{"href":"https:\/\/www.maitri.pl\/fr\/wp-json\/wp\/v2\/types\/product"}],"wp:featuredmedia":[{"embeddable":true,"href":"https:\/\/www.maitri.pl\/fr\/wp-json\/wp\/v2\/media\/23238"}],"wp:attachment":[{"href":"https:\/\/www.maitri.pl\/fr\/wp-json\/wp\/v2\/media?parent=23235"}],"wp:term":[{"taxonomy":"product_brand","embeddable":true,"href":"https:\/\/www.maitri.pl\/fr\/wp-json\/wp\/v2\/product_brand?post=23235"},{"taxonomy":"product_cat","embeddable":true,"href":"https:\/\/www.maitri.pl\/fr\/wp-json\/wp\/v2\/product_cat?post=23235"},{"taxonomy":"product_tag","embeddable":true,"href":"https:\/\/www.maitri.pl\/fr\/wp-json\/wp\/v2\/product_tag?post=23235"}],"curies":[{"name":"wp","href":"https:\/\/api.w.org\/{rel}","templated":true}]}}