{"id":23222,"date":"2021-08-10T15:30:54","date_gmt":"2021-08-10T13:30:54","guid":{"rendered":"https:\/\/www.maitri.pl\/?post_type=product&#038;p=23222"},"modified":"2023-02-10T12:23:31","modified_gmt":"2023-02-10T11:23:31","slug":"zywnosc-dla-przedszkolakow-i-uczniow-z-misji-abong-mbang-w-kamerunie","status":"publish","type":"product","link":"https:\/\/www.maitri.pl\/fr\/projekt\/zywnosc-dla-przedszkolakow-i-uczniow-z-misji-abong-mbang-w-kamerunie\/","title":{"rendered":"\u017bywno\u015b\u0107 dla przedszkolak\u00f3w i uczni\u00f3w z misji Abong-Mbang w Kamerunie"},"content":{"rendered":"<h4>\u00ab\u00a0G\u0142odnych nakarmi\u0107, spragnionych napoi\u0107\u00a0\u00bb<\/h4>\n<p>Z <a href=\"https:\/\/www.maitri.pl\/projekt\/pomoc-ludziom-biednym-abong-mbang\/\" target=\"_blank\" rel=\"noopener\">do\u017cywiania<\/a> od kilku lat korzystaj\u0105 dzieci z naszej szko\u0142y \u015aw. Aloys w Abong Mbang w Kamerunie. Na zmian\u0119 kupujemy im \u017cywno\u015b\u0107 &#8211; ry\u017c z fasol\u0105, ryby a czasem chleb z czekolad\u0105, mleko, olej i inne. Do\u017cywianie wywiera ogromnie pozytywny wp\u0142yw na regularne ucz\u0119szczanie dzieci do szko\u0142y, uodparnia je od zachorowa\u0144, cz\u0119sto zapobiega omdleniom spowodowanym niedo\u017cywieniem, itp.\u00a0 Dla wielu dzieci jest to jedyny posi\u0142ek w ci\u0105gu dnia. Dzi\u0119ki temu, \u017ce dzieci otrzymuj\u0105 posi\u0142ek w szkole mo\u017cemy zapobiec zm\u0119czeniu przed zako\u0144czeniem godzin\u00a0 nauki. Czasem pojawia\u0142y si\u0119 przypadki omdlenia z g\u0142odu albo ucieczki dzieci ze szko\u0142y w celu znalezienia czego\u015b do jedzenia.<\/p>\n<h4>Wystarczy niewielka kwota<\/h4>\n<p>Wiele dzieci pochodzi z okolicznych wiosek, gdzie nie ma szko\u0142y katolickiej, a szko\u0142y publiczne s\u0105 bardzo zaniedbane. Tamtejsze szko\u0142y maj\u0105 bardzo niski poziom nauczania. Przyk\u0142adowo do nast\u0119pnej klasy mo\u017cna zda\u0107 ze \u015bredni\u0105 2\/20 mo\u017cliwych punkt\u00f3w. Wzrost poziomu nauczania zmieni\u0142 obraz i renom\u0119 naszej szko\u0142y. Od kilku lat jeste\u015bmy jedn\u0105 z najlepszych szk\u00f3\u0142 w miasteczku, jak r\u00f3wnie\u017c w ca\u0142ej diecezji. Liczba dzieci, kt\u00f3rym mo\u017cna ofiarowa\u0107 pomoc to 300 dzieci ze szko\u0142y podstawowej, 100 dzieci z przedszkola oraz oko\u0142o 100 m\u0142odzie\u017cy przychodz\u0105cej do plac\u00f3wki misyjnej. Og\u00f3\u0142em do\u017cywianie obejmie 500 dzieci, w okresie : wrzesie\u0144 2021 \u2013 sierpie\u0144 2022 tj. przez 10 miesi\u0119cy. R\u00f3wnowarto\u015b\u0107 dofinansowania na 1 dziecko to ok. 1,60 euro miesi\u0119cznie.<\/p>\n<h4>Posi\u0142ek dla ka\u017cdego<\/h4>\n<p>Po latach do\u015bwiadczenia w do\u017cywianiu dzieci w szkole i pomocy m\u0142odzie\u017cy w naszej salce misyjnej, widoczne s\u0105 pozytywne zmiany. Dzieci s\u0105 regularnie w szkole pomimo niepewnego klimatu zwi\u0105zanego z pandemi\u0105 COVID 19. Nie tylko dzieci s\u0105 mniej zm\u0119czone, ale r\u00f3wnie\u017c nauczyciele, bo i oni przy okazji otrzymuj\u0105 talerz ry\u017cu b\u0105d\u017a kubek mleka. Sami co miesi\u0105c ofiaruj\u0105 ma\u0142\u0105 sum\u0119 (1000 frank\u00f3w CFA). \u00a0Dzieci nie musz\u0105 \u00a0opuszcza\u0107 zaj\u0119\u0107, aby za wszelk\u0105 cen\u0119\u00a0 zapracowywa\u0107 na \u017cywno\u015b\u0107. R\u00f3wnie\u017c m\u0142odzie\u017c\u00a0 bardzo ceni sobie skromny posi\u0142ek, zw\u0142aszcza w momentach przygotowa\u0144 do egzamin\u00f3w.<\/p>\n<h4><strong>Kosztorys<\/strong><\/h4>\n<table>\n<tbody>\n<tr>\n<td width=\"28\"><strong>LP<\/strong><\/td>\n<td width=\"302\"><strong>OPIS<\/strong><\/td>\n<td width=\"85\"><strong>Jednostki miary<\/strong><\/td>\n<td width=\"85\"><strong>Cena<\/strong><\/td>\n<td width=\"145\"><strong>Kwota\u00a0\u00a0\u00a0\u00a0\u00a0\u00a0\u00a0\u00a0\u00a0\u00a0\u00a0\u00a0\u00a0\u00a0\u00a0\u00a0\u00a0\u00a0\u00a0\u00a0\u00a0\u00a0<\/strong><\/td>\n<\/tr>\n<tr>\n<td width=\"28\">1<\/td>\n<td width=\"302\">Ry\u017c\u00a0\u00a0 (4 worki \/ miesi\u0105c \/ x 12)<\/td>\n<td width=\"85\">4 x 12<\/td>\n<td width=\"85\">21 000<\/td>\n<td width=\"145\">1 008 000<\/td>\n<\/tr>\n<tr>\n<td width=\"28\">2<\/td>\n<td width=\"302\">Sardynki (4 x 12)<\/td>\n<td width=\"85\">4 x12<\/td>\n<td width=\"85\">24 000<\/td>\n<td width=\"145\">1 152 000<\/td>\n<\/tr>\n<tr>\n<td width=\"28\">3<\/td>\n<td width=\"302\">Olej<\/td>\n<td width=\"85\">12<\/td>\n<td width=\"85\">25 000<\/td>\n<td width=\"145\">300 000<\/td>\n<\/tr>\n<tr>\n<td width=\"28\">4<\/td>\n<td width=\"302\">S\u00f3l<\/td>\n<td width=\"85\">12<\/td>\n<td width=\"85\">5000<\/td>\n<td width=\"145\">60 000<\/td>\n<\/tr>\n<tr>\n<td width=\"28\">5<\/td>\n<td width=\"302\">Pomidory<\/td>\n<td width=\"85\">12<\/td>\n<td width=\"85\">5000<\/td>\n<td width=\"145\">60 000<\/td>\n<\/tr>\n<tr>\n<td width=\"28\">6<\/td>\n<td width=\"302\">Przyprawy<\/td>\n<td width=\"85\">1<\/td>\n<td width=\"85\">100 000<\/td>\n<td width=\"145\">100 000<\/td>\n<\/tr>\n<tr>\n<td width=\"28\">7<\/td>\n<td width=\"302\">Orzeszki, fasola, ryby<\/td>\n<td width=\"85\">12<\/td>\n<td width=\"85\">100 000<\/td>\n<td width=\"145\">1 200 000<\/td>\n<\/tr>\n<tr>\n<td width=\"28\">8<\/td>\n<td width=\"302\">Mleko<\/td>\n<td width=\"85\">5<\/td>\n<td width=\"85\">80 000<\/td>\n<td width=\"145\">400 000<\/td>\n<\/tr>\n<tr>\n<td width=\"28\">9<\/td>\n<td width=\"302\">Cukier<\/td>\n<td width=\"85\">5<\/td>\n<td width=\"85\">35 000<\/td>\n<td width=\"145\">175 000<\/td>\n<\/tr>\n<tr>\n<td width=\"28\">10<\/td>\n<td width=\"302\">Kakao (1 karton \/mc)<\/td>\n<td width=\"85\">12<\/td>\n<td width=\"85\">20 000<\/td>\n<td width=\"145\">240 000<\/td>\n<\/tr>\n<tr>\n<td width=\"28\"><\/td>\n<td width=\"302\"><strong>PODSUMOWANIE <\/strong>(w miejscowej walucie)<\/td>\n<td width=\"85\"><\/td>\n<td width=\"85\"><\/td>\n<td width=\"145\">\u00a04 695 000<\/td>\n<\/tr>\n<\/tbody>\n<\/table>\n<p>Osoba odpowiedzialna za projekt: <em>s. Alicja Adamska, <a href=\"https:\/\/www.zyciezakonne.pl\/informator\/zakony-zenskie\/zgromadzenie-siostr-najswietszej-duszy-chrystusa-pana-525\/\" target=\"_blank\" rel=\"noopener noreferrer\">Zgromadzenie Si\u00f3str Naj\u015bwi\u0119tszej Duszy Chrystusa Pana<\/a><\/em><\/p>\n<p><span style=\"color: #ff0000;\"><span style=\"font-size: large;\"><b>Wnioskowana kwota : 7090 \u20ac<\/b><\/span><\/span><\/p>\n<h3 style=\"text-align: center;\"><strong>Zbi\u00f3rka zako\u0144czona. Zebrana kwota: 3330,00 \u20ac.<\/strong><\/h3>\n<p><span style=\"color: #999999;\">Stowarzyszenie Ruchu\u00a0<em>Maitri<\/em>\u00a0przeznacza do 10% otrzymanych \u015brodk\u00f3w na koszty funkcjonowania biura i pozyskiwanie funduszy pomocowych.<\/span><\/p>\n<h3><strong><span style=\"color: #999999;\">\u017bywno\u015b\u0107 i do\u017cywianie dla przedszkolak\u00f3w i uczni\u00f3w z misji Abong-Mbang w Kamerunie<\/span><\/strong><\/h3>\n","protected":false},"excerpt":{"rendered":"<p><strong>Projekt:\u00a0<\/strong> s. Alicja Adamska, <a href=\"https:\/\/www.zyciezakonne.pl\/informator\/zakony-zenskie\/zgromadzenie-siostr-najswietszej-duszy-chrystusa-pana-525\/\" target=\"_blank\" rel=\"noopener noreferrer\">Zgromadzenie Si\u00f3str Naj\u015bwi\u0119tszej Duszy Chrystusa Pana<\/a><br \/>\n<strong>Misja:<\/strong> Abong-Mbang, <a href=\"https:\/\/www.maitri.pl\/gdzie-pomagamy\/\" target=\"_blank\" rel=\"noopener noreferrer\">Kamerun<\/a><br \/>\n<strong>Kwota projektu: <span style=\"color: #ff0000;\">7090 \u20ac<\/span><\/strong><\/p>\n","protected":false},"featured_media":23227,"template":"","meta":[],"product_brand":[],"product_cat":[656],"product_tag":[662,658,659,660],"class_list":{"0":"post-23222","1":"product","2":"type-product","3":"status-publish","4":"has-post-thumbnail","6":"product_cat-bez-kategorii","7":"product_tag-abong-mbang","8":"product_tag-kamerun","9":"product_tag-siostra-alicja-adamska","10":"product_tag-zgromadzenie-siostr-najswietszej-duszy-chrystusa-pana","12":"first","13":"instock","14":"virtual","15":"purchasable","16":"product-type-simple"},"yoast_head":"<!-- This site is optimized with the Yoast SEO plugin v27.2 - https:\/\/yoast.com\/product\/yoast-seo-wordpress\/ -->\n<title>\u017bywno\u015b\u0107 dla przedszkolak\u00f3w i uczni\u00f3w z misji Abong-Mbang w Kamerunie<\/title>\n<meta name=\"description\" content=\"\u017bywno\u015b\u0107 i do\u017cywianie dla przedszkolak\u00f3w i uczni\u00f3w szko\u0142y z misji Abong-Mbang w Kamerunie. Szko\u0142\u0119 prowadz\u0105 Siostry Naj\u015bw. Duszy Chrystusa Pana.\" \/>\n<meta name=\"robots\" content=\"index, follow, max-snippet:-1, max-image-preview:large, max-video-preview:-1\" \/>\n<link rel=\"canonical\" href=\"https:\/\/www.maitri.pl\/projekt\/zywnosc-dla-przedszkolakow-i-uczniow-z-misji-abong-mbang-w-kamerunie\/\" \/>\n<meta property=\"og:locale\" content=\"fr_FR\" \/>\n<meta property=\"og:type\" content=\"article\" \/>\n<meta property=\"og:title\" content=\"\u017bywno\u015b\u0107 dla przedszkolak\u00f3w i uczni\u00f3w z misji Abong-Mbang w Kamerunie\" \/>\n<meta property=\"og:description\" content=\"\u017bywno\u015b\u0107 i do\u017cywianie dla przedszkolak\u00f3w i uczni\u00f3w szko\u0142y z misji Abong-Mbang w Kamerunie. Szko\u0142\u0119 prowadz\u0105 Siostry Naj\u015bw. Duszy Chrystusa Pana.\" \/>\n<meta property=\"og:url\" content=\"https:\/\/www.maitri.pl\/projekt\/zywnosc-dla-przedszkolakow-i-uczniow-z-misji-abong-mbang-w-kamerunie\/\" \/>\n<meta property=\"og:site_name\" content=\"Ruch Maitri - Adopcja Serca pomoc Afryce\" \/>\n<meta property=\"article:publisher\" content=\"https:\/\/www.facebook.com\/MAITRI.Adopcja.Serca.dzieci.Afryki\/\" \/>\n<meta property=\"article:modified_time\" content=\"2023-02-10T11:23:31+00:00\" \/>\n<meta property=\"og:image\" content=\"https:\/\/www.maitri.pl\/wp-content\/uploads\/2021\/08\/AbongMbang-068.jpg\" \/>\n\t<meta property=\"og:image:width\" content=\"2448\" \/>\n\t<meta property=\"og:image:height\" content=\"1632\" \/>\n\t<meta property=\"og:image:type\" content=\"image\/jpeg\" \/>\n<meta name=\"twitter:card\" content=\"summary_large_image\" \/>\n<meta name=\"twitter:label1\" content=\"Dur\u00e9e de lecture estim\u00e9e\" \/>\n\t<meta name=\"twitter:data1\" content=\"2 minutes\" \/>\n<script type=\"application\/ld+json\" class=\"yoast-schema-graph\">{\"@context\":\"https:\/\/schema.org\",\"@graph\":[{\"@type\":\"WebPage\",\"@id\":\"https:\/\/www.maitri.pl\/projekt\/zywnosc-dla-przedszkolakow-i-uczniow-z-misji-abong-mbang-w-kamerunie\/\",\"url\":\"https:\/\/www.maitri.pl\/projekt\/zywnosc-dla-przedszkolakow-i-uczniow-z-misji-abong-mbang-w-kamerunie\/\",\"name\":\"\u017bywno\u015b\u0107 dla przedszkolak\u00f3w i uczni\u00f3w z misji Abong-Mbang w Kamerunie\",\"isPartOf\":{\"@id\":\"https:\/\/www.maitri.pl\/#website\"},\"primaryImageOfPage\":{\"@id\":\"https:\/\/www.maitri.pl\/projekt\/zywnosc-dla-przedszkolakow-i-uczniow-z-misji-abong-mbang-w-kamerunie\/#primaryimage\"},\"image\":{\"@id\":\"https:\/\/www.maitri.pl\/projekt\/zywnosc-dla-przedszkolakow-i-uczniow-z-misji-abong-mbang-w-kamerunie\/#primaryimage\"},\"thumbnailUrl\":\"https:\/\/www.maitri.pl\/wp-content\/uploads\/2021\/08\/AbongMbang-068.jpg\",\"datePublished\":\"2021-08-10T13:30:54+00:00\",\"dateModified\":\"2023-02-10T11:23:31+00:00\",\"description\":\"\u017bywno\u015b\u0107 i do\u017cywianie dla przedszkolak\u00f3w i uczni\u00f3w szko\u0142y z misji Abong-Mbang w Kamerunie. Szko\u0142\u0119 prowadz\u0105 Siostry Naj\u015bw. Duszy Chrystusa Pana.\",\"breadcrumb\":{\"@id\":\"https:\/\/www.maitri.pl\/projekt\/zywnosc-dla-przedszkolakow-i-uczniow-z-misji-abong-mbang-w-kamerunie\/#breadcrumb\"},\"inLanguage\":\"fr-FR\",\"potentialAction\":[{\"@type\":\"ReadAction\",\"target\":[\"https:\/\/www.maitri.pl\/projekt\/zywnosc-dla-przedszkolakow-i-uczniow-z-misji-abong-mbang-w-kamerunie\/\"]}]},{\"@type\":\"ImageObject\",\"inLanguage\":\"fr-FR\",\"@id\":\"https:\/\/www.maitri.pl\/projekt\/zywnosc-dla-przedszkolakow-i-uczniow-z-misji-abong-mbang-w-kamerunie\/#primaryimage\",\"url\":\"https:\/\/www.maitri.pl\/wp-content\/uploads\/2021\/08\/AbongMbang-068.jpg\",\"contentUrl\":\"https:\/\/www.maitri.pl\/wp-content\/uploads\/2021\/08\/AbongMbang-068.jpg\",\"width\":2448,\"height\":1632,\"caption\":\"\u017bywno\u015b\u0107 dla przedszkolak\u00f3w i uczni\u00f3w Ruch Maitri Adopcja Serca pomoc Afryce 05\"},{\"@type\":\"BreadcrumbList\",\"@id\":\"https:\/\/www.maitri.pl\/projekt\/zywnosc-dla-przedszkolakow-i-uczniow-z-misji-abong-mbang-w-kamerunie\/#breadcrumb\",\"itemListElement\":[{\"@type\":\"ListItem\",\"position\":1,\"name\":\"Strona g\u0142\u00f3wna\",\"item\":\"https:\/\/www.maitri.pl\/\"},{\"@type\":\"ListItem\",\"position\":2,\"name\":\"Sklep\",\"item\":\"https:\/\/www.maitri.pl\/sklep\/\"},{\"@type\":\"ListItem\",\"position\":3,\"name\":\"\u017bywno\u015b\u0107 dla przedszkolak\u00f3w i uczni\u00f3w z misji Abong-Mbang w Kamerunie\"}]},{\"@type\":\"WebSite\",\"@id\":\"https:\/\/www.maitri.pl\/#website\",\"url\":\"https:\/\/www.maitri.pl\/\",\"name\":\"Adopcja Serca Maitri \u2013 pomoc dzieciom w Afryce\",\"description\":\"Adopcja Serca \u2013 adopcja na odleg\u0142o\u015b\u0107, pomoc Afryce, do\u017cywianie i edukacja w Afryce\",\"publisher\":{\"@id\":\"https:\/\/www.maitri.pl\/#organization\"},\"potentialAction\":[{\"@type\":\"SearchAction\",\"target\":{\"@type\":\"EntryPoint\",\"urlTemplate\":\"https:\/\/www.maitri.pl\/?s={search_term_string}\"},\"query-input\":{\"@type\":\"PropertyValueSpecification\",\"valueRequired\":true,\"valueName\":\"search_term_string\"}}],\"inLanguage\":\"fr-FR\"},{\"@type\":\"Organization\",\"@id\":\"https:\/\/www.maitri.pl\/#organization\",\"name\":\"Stowarzyszenie Ruchu Maitri\",\"url\":\"https:\/\/www.maitri.pl\/\",\"logo\":{\"@type\":\"ImageObject\",\"inLanguage\":\"fr-FR\",\"@id\":\"https:\/\/www.maitri.pl\/#\/schema\/logo\/image\/\",\"url\":\"https:\/\/www.maitri.pl\/wp-content\/uploads\/2020\/04\/duze_logo-81.png\",\"contentUrl\":\"https:\/\/www.maitri.pl\/wp-content\/uploads\/2020\/04\/duze_logo-81.png\",\"width\":339,\"height\":321,\"caption\":\"Stowarzyszenie Ruchu Maitri\"},\"image\":{\"@id\":\"https:\/\/www.maitri.pl\/#\/schema\/logo\/image\/\"},\"sameAs\":[\"https:\/\/www.facebook.com\/MAITRI.Adopcja.Serca.dzieci.Afryki\/\"]}]}<\/script>\n<!-- \/ Yoast SEO plugin. -->","yoast_head_json":{"title":"\u017bywno\u015b\u0107 dla przedszkolak\u00f3w i uczni\u00f3w z misji Abong-Mbang w Kamerunie","description":"\u017bywno\u015b\u0107 i do\u017cywianie dla przedszkolak\u00f3w i uczni\u00f3w szko\u0142y z misji Abong-Mbang w Kamerunie. Szko\u0142\u0119 prowadz\u0105 Siostry Naj\u015bw. Duszy Chrystusa Pana.","robots":{"index":"index","follow":"follow","max-snippet":"max-snippet:-1","max-image-preview":"max-image-preview:large","max-video-preview":"max-video-preview:-1"},"canonical":"https:\/\/www.maitri.pl\/projekt\/zywnosc-dla-przedszkolakow-i-uczniow-z-misji-abong-mbang-w-kamerunie\/","og_locale":"fr_FR","og_type":"article","og_title":"\u017bywno\u015b\u0107 dla przedszkolak\u00f3w i uczni\u00f3w z misji Abong-Mbang w Kamerunie","og_description":"\u017bywno\u015b\u0107 i do\u017cywianie dla przedszkolak\u00f3w i uczni\u00f3w szko\u0142y z misji Abong-Mbang w Kamerunie. Szko\u0142\u0119 prowadz\u0105 Siostry Naj\u015bw. Duszy Chrystusa Pana.","og_url":"https:\/\/www.maitri.pl\/projekt\/zywnosc-dla-przedszkolakow-i-uczniow-z-misji-abong-mbang-w-kamerunie\/","og_site_name":"Ruch Maitri - Adopcja Serca pomoc Afryce","article_publisher":"https:\/\/www.facebook.com\/MAITRI.Adopcja.Serca.dzieci.Afryki\/","article_modified_time":"2023-02-10T11:23:31+00:00","og_image":[{"width":2448,"height":1632,"url":"https:\/\/www.maitri.pl\/wp-content\/uploads\/2021\/08\/AbongMbang-068.jpg","type":"image\/jpeg"}],"twitter_card":"summary_large_image","twitter_misc":{"Dur\u00e9e de lecture estim\u00e9e":"2 minutes"},"schema":{"@context":"https:\/\/schema.org","@graph":[{"@type":"WebPage","@id":"https:\/\/www.maitri.pl\/projekt\/zywnosc-dla-przedszkolakow-i-uczniow-z-misji-abong-mbang-w-kamerunie\/","url":"https:\/\/www.maitri.pl\/projekt\/zywnosc-dla-przedszkolakow-i-uczniow-z-misji-abong-mbang-w-kamerunie\/","name":"\u017bywno\u015b\u0107 dla przedszkolak\u00f3w i uczni\u00f3w z misji Abong-Mbang w Kamerunie","isPartOf":{"@id":"https:\/\/www.maitri.pl\/#website"},"primaryImageOfPage":{"@id":"https:\/\/www.maitri.pl\/projekt\/zywnosc-dla-przedszkolakow-i-uczniow-z-misji-abong-mbang-w-kamerunie\/#primaryimage"},"image":{"@id":"https:\/\/www.maitri.pl\/projekt\/zywnosc-dla-przedszkolakow-i-uczniow-z-misji-abong-mbang-w-kamerunie\/#primaryimage"},"thumbnailUrl":"https:\/\/www.maitri.pl\/wp-content\/uploads\/2021\/08\/AbongMbang-068.jpg","datePublished":"2021-08-10T13:30:54+00:00","dateModified":"2023-02-10T11:23:31+00:00","description":"\u017bywno\u015b\u0107 i do\u017cywianie dla przedszkolak\u00f3w i uczni\u00f3w szko\u0142y z misji Abong-Mbang w Kamerunie. Szko\u0142\u0119 prowadz\u0105 Siostry Naj\u015bw. Duszy Chrystusa Pana.","breadcrumb":{"@id":"https:\/\/www.maitri.pl\/projekt\/zywnosc-dla-przedszkolakow-i-uczniow-z-misji-abong-mbang-w-kamerunie\/#breadcrumb"},"inLanguage":"fr-FR","potentialAction":[{"@type":"ReadAction","target":["https:\/\/www.maitri.pl\/projekt\/zywnosc-dla-przedszkolakow-i-uczniow-z-misji-abong-mbang-w-kamerunie\/"]}]},{"@type":"ImageObject","inLanguage":"fr-FR","@id":"https:\/\/www.maitri.pl\/projekt\/zywnosc-dla-przedszkolakow-i-uczniow-z-misji-abong-mbang-w-kamerunie\/#primaryimage","url":"https:\/\/www.maitri.pl\/wp-content\/uploads\/2021\/08\/AbongMbang-068.jpg","contentUrl":"https:\/\/www.maitri.pl\/wp-content\/uploads\/2021\/08\/AbongMbang-068.jpg","width":2448,"height":1632,"caption":"\u017bywno\u015b\u0107 dla przedszkolak\u00f3w i uczni\u00f3w Ruch Maitri Adopcja Serca pomoc Afryce 05"},{"@type":"BreadcrumbList","@id":"https:\/\/www.maitri.pl\/projekt\/zywnosc-dla-przedszkolakow-i-uczniow-z-misji-abong-mbang-w-kamerunie\/#breadcrumb","itemListElement":[{"@type":"ListItem","position":1,"name":"Strona g\u0142\u00f3wna","item":"https:\/\/www.maitri.pl\/"},{"@type":"ListItem","position":2,"name":"Sklep","item":"https:\/\/www.maitri.pl\/sklep\/"},{"@type":"ListItem","position":3,"name":"\u017bywno\u015b\u0107 dla przedszkolak\u00f3w i uczni\u00f3w z misji Abong-Mbang w Kamerunie"}]},{"@type":"WebSite","@id":"https:\/\/www.maitri.pl\/#website","url":"https:\/\/www.maitri.pl\/","name":"Adopcja Serca Maitri \u2013 pomoc dzieciom w Afryce","description":"Adopcja Serca \u2013 adopcja na odleg\u0142o\u015b\u0107, pomoc Afryce, do\u017cywianie i edukacja w Afryce","publisher":{"@id":"https:\/\/www.maitri.pl\/#organization"},"potentialAction":[{"@type":"SearchAction","target":{"@type":"EntryPoint","urlTemplate":"https:\/\/www.maitri.pl\/?s={search_term_string}"},"query-input":{"@type":"PropertyValueSpecification","valueRequired":true,"valueName":"search_term_string"}}],"inLanguage":"fr-FR"},{"@type":"Organization","@id":"https:\/\/www.maitri.pl\/#organization","name":"Stowarzyszenie Ruchu Maitri","url":"https:\/\/www.maitri.pl\/","logo":{"@type":"ImageObject","inLanguage":"fr-FR","@id":"https:\/\/www.maitri.pl\/#\/schema\/logo\/image\/","url":"https:\/\/www.maitri.pl\/wp-content\/uploads\/2020\/04\/duze_logo-81.png","contentUrl":"https:\/\/www.maitri.pl\/wp-content\/uploads\/2020\/04\/duze_logo-81.png","width":339,"height":321,"caption":"Stowarzyszenie Ruchu Maitri"},"image":{"@id":"https:\/\/www.maitri.pl\/#\/schema\/logo\/image\/"},"sameAs":["https:\/\/www.facebook.com\/MAITRI.Adopcja.Serca.dzieci.Afryki\/"]}]}},"_links":{"self":[{"href":"https:\/\/www.maitri.pl\/fr\/wp-json\/wp\/v2\/product\/23222","targetHints":{"allow":["GET"]}}],"collection":[{"href":"https:\/\/www.maitri.pl\/fr\/wp-json\/wp\/v2\/product"}],"about":[{"href":"https:\/\/www.maitri.pl\/fr\/wp-json\/wp\/v2\/types\/product"}],"wp:featuredmedia":[{"embeddable":true,"href":"https:\/\/www.maitri.pl\/fr\/wp-json\/wp\/v2\/media\/23227"}],"wp:attachment":[{"href":"https:\/\/www.maitri.pl\/fr\/wp-json\/wp\/v2\/media?parent=23222"}],"wp:term":[{"taxonomy":"product_brand","embeddable":true,"href":"https:\/\/www.maitri.pl\/fr\/wp-json\/wp\/v2\/product_brand?post=23222"},{"taxonomy":"product_cat","embeddable":true,"href":"https:\/\/www.maitri.pl\/fr\/wp-json\/wp\/v2\/product_cat?post=23222"},{"taxonomy":"product_tag","embeddable":true,"href":"https:\/\/www.maitri.pl\/fr\/wp-json\/wp\/v2\/product_tag?post=23222"}],"curies":[{"name":"wp","href":"https:\/\/api.w.org\/{rel}","templated":true}]}}