{"id":23213,"date":"2021-08-10T13:13:58","date_gmt":"2021-08-10T11:13:58","guid":{"rendered":"https:\/\/www.maitri.pl\/?post_type=product&#038;p=23213"},"modified":"2023-02-10T12:23:41","modified_gmt":"2023-02-10T11:23:41","slug":"swieta-bozego-narodzenia-abong-mbang","status":"publish","type":"product","link":"https:\/\/www.maitri.pl\/fr\/projekt\/swieta-bozego-narodzenia-abong-mbang\/","title":{"rendered":"\u015awi\u0119ta Bo\u017cego Narodzenia i pielgrzymka dla 400 dzieci z Abong-Mbang"},"content":{"rendered":"<h4>Uchylmy im r\u0105bek nieba<\/h4>\n<p>Po kilkuletnim do\u015bwiadczeniu organizowania \u015bwi\u0119ta Bo\u017cego Narodzenia czy te\u017c pielgrzymek diecezjalnych oraz Dnia M\u0142odo\u015bci 11 lutego o\u015bmielam si\u0119 zwr\u00f3ci\u0107 ponownie z pro\u015bb\u0105 o dofinansowanie. Cel tej\u017ce pro\u015bby jest ci\u0105gle ten sam. Stwierdzam jedno, ze dzi\u0119ki Waszemu wsparciu uchylamy dzieciom r\u0105bek nieba. Dla afryka\u0144skich dzieci \u015awi\u0119to to nabiera warto\u015bci tylko i wy\u0142\u0105cznie dzi\u0119ki pomocy ludzi wielkich serc. Tutaj brakuje tradycji i wynikaj\u0105cej z niej \u00a0rado\u015bci prze\u017cywania \u015awi\u0105t Bo\u017cego Narodzenia. Nie w ka\u017cdym domu spo\u017cywa si\u0119 uroczysty, \u015bwi\u0105teczny posi\u0142ek. Czasem dzie\u0144 \u015bwi\u0105teczny nie r\u00f3\u017cni si\u0119 od tego najbardziej zwyk\u0142ego w ci\u0105gu roku. A mo\u017ce i wypada nawet gorzej, bo rodzice s\u0105 cz\u0119sto nieobecni. W Kamerunie coraz cz\u0119\u015bciej spotyka si\u0119 mn\u00f3stwo zabawek, b\u0142yskotek, ale s\u0105 one dost\u0119pne tylko dla niekt\u00f3rych, dla najbogatszych. Wiele dzieci patrzy z zazdro\u015bci\u0105 na zabawki innych.<\/p>\n<h4>U\u015bmiech dzieci najlepsz\u0105 nagrod\u0105<\/h4>\n<p>Co roku dzi\u0119ki Waszemu wsparciu, ca\u0142a nasza szko\u0142a i dzieci z parafii korzystaj\u0105 z rado\u015bci loterii fantowej oraz uroczystego posi\u0142ku z okazji \u015awi\u0105t Bo\u017cego Narodzenia. Ka\u017cde dziecko otrzymuje wtedy jak\u0105\u015b zabawk\u0119, skarpetki oraz s\u0142odycze. Dzieci uczestnicz\u0105 w diecezjalnej pielgrzymce do sanktuarium w Ngelemendouka. <a href=\"https:\/\/www.maitri.pl\/projekty-pomocowe\/\" target=\"_blank\" rel=\"noopener\">Wasza pomoc<\/a> przy organizacji Dnia M\u0142odo\u015bci 11 lutego pozwoli\u0142a nam zdoby\u0107 ju\u017c pi\u0119ciokrotnie 1 miejsce w mie\u015bcie. By\u0142a r\u00f3wnie\u017c powodem u\u015bmiechu na wielu twarzach dzieci\u0119cych i okazj\u0105 do\u015bwiadczenia mi\u0142o\u015bci Bo\u017cej.<\/p>\n<h4><strong>Ofiaruj dzieciom rado\u015b\u0107 i mi\u0142o\u015b\u0107<\/strong><\/h4>\n<p>Tutaj rodzice nie zawsze my\u015bl\u0105 o rado\u015bci dzieci, ale bardziej o zaspokojeniu swoich potrzeb. W dniu \u015bwi\u0119ta wiele dzieci chodzi bezczynnie po ulicach,\u00a0 wiele z zazdro\u015bci\u0105 patrzy jak zabawki dostaj\u0105 inne dzieci. W tym czasie rodzice zaj\u0119ci s\u0105 sob\u0105. Z dzie\u0107mi naszej parafii po Mszy \u015aw. idziemy\u00a0 z kol\u0119dowaniem po osiedlu, niesiemy lalk\u0119 &#8211; Dzieci\u0105tko Jezus- i \u017cyczymy mieszka\u0144com b\u0142ogos\u0142awie\u0144stwa Bo\u017cego. W okresie miedzy Bo\u017cym Narodzeniem i Nowym Rokiem wyje\u017cd\u017camy z dzie\u0107mi na pielgrzymk\u0119 diecezjaln\u0105 dzieci. Gdyby nie pomoc otrzymana od Was prawdopodobnie nie by\u0142oby takiego wyjazdu. Wasza pomoc mo\u017ce ofiarowa\u0107 rado\u015b\u0107 i mi\u0142o\u015b\u0107 dzieciom.<\/p>\n<h4><strong>Kosztorys:<\/strong><\/h4>\n<table>\n<tbody>\n<tr>\n<td width=\"34\">1<\/td>\n<td width=\"312\">&nbsp;<\/p>\n<p>BO\u017bE NARODZENIE (300 dzieci ze szko\u0142y podstawowej i 100 przedszkolak\u00f3w) x 2000\/ osob\u0119<\/td>\n<td width=\"108\">400 DZIECI<\/td>\n<td width=\"102\">\u00a02000 FCFA<\/td>\n<td width=\"102\">800 000<\/td>\n<\/tr>\n<tr>\n<td width=\"34\">2<\/td>\n<td width=\"312\">&nbsp;<\/p>\n<p>PIELGRZYMKA\u00a0 7500\/ OSOB\u0118<\/td>\n<td width=\"108\">\u00a0 50 DZIECI<\/td>\n<td width=\"102\">7 500 FCFA<\/td>\n<td width=\"102\">375 000<\/td>\n<\/tr>\n<tr>\n<td width=\"34\">3<\/td>\n<td width=\"312\">&nbsp;<\/p>\n<p>DZIEN M\u0141ODO\u015aCI 2000\/ osob\u0119<\/td>\n<td width=\"108\">\u00a0400 DZIECI<\/td>\n<td width=\"102\">2000 FCFA<\/td>\n<td width=\"102\">800 000<\/td>\n<\/tr>\n<tr>\n<td width=\"34\"><\/td>\n<td width=\"312\"><strong>PODSUMOWANIE <\/strong>(w miejscowej walucie)<\/td>\n<td width=\"108\">&nbsp;<\/p>\n<p>&nbsp;<\/td>\n<td width=\"102\"><\/td>\n<td width=\"102\"><strong>1<\/strong><strong> 975 000<\/strong><\/td>\n<\/tr>\n<\/tbody>\n<\/table>\n<p>Osoba odpowiedzialna za projekt: <em>s. Alicja Adamska, <a href=\"https:\/\/www.zyciezakonne.pl\/informator\/zakony-zenskie\/zgromadzenie-siostr-najswietszej-duszy-chrystusa-pana-525\/\" target=\"_blank\" rel=\"noopener noreferrer\">Zgromadzenie Si\u00f3str Naj\u015bwi\u0119tszej Duszy Chrystusa Pana<\/a><\/em><\/p>\n<p><span style=\"color: #ff0000\"><span style=\"font-size: large\"><b>Wnioskowana kwota : 3330 \u20ac<\/b><\/span><\/span><\/p>\n<p><span style=\"color: #999999\">Stowarzyszenie Ruchu\u00a0<em>Maitri<\/em>\u00a0przeznacza do 10% otrzymanych \u015brodk\u00f3w na koszty funkcjonowania biura i pozyskiwanie funduszy pomocowych.<\/span><\/p>\n<h3><strong><span style=\"color: #999999\">\u015awi\u0119ta Bo\u017cego Narodzenia i pielgrzymka dla 400 dzieci z Abong-Mbang w Kamerunie<\/span><\/strong><\/h3>\n","protected":false},"excerpt":{"rendered":"<p><strong>Projekt:\u00a0<\/strong> s. Alicja Adamska, <a href=\"https:\/\/www.zyciezakonne.pl\/informator\/zakony-zenskie\/zgromadzenie-siostr-najswietszej-duszy-chrystusa-pana-525\/\" target=\"_blank\" rel=\"noopener noreferrer\">Zgromadzenie Si\u00f3str Naj\u015bwi\u0119tszej Duszy Chrystusa Pana<\/a><br \/>\n<strong>Misja:<\/strong> Abong-Mbang, <a href=\"https:\/\/www.maitri.pl\/gdzie-pomagamy\/\" target=\"_blank\" rel=\"noopener noreferrer\">Kamerun<\/a><br \/>\n<strong>Kwota projektu: <span style=\"color: #ff0000\">3330 \u20ac<\/span><\/strong><\/p>\n","protected":false},"featured_media":23216,"template":"","meta":[],"product_brand":[],"product_cat":[656],"product_tag":[662,658,659],"class_list":{"0":"post-23213","1":"product","2":"type-product","3":"status-publish","4":"has-post-thumbnail","6":"product_cat-bez-kategorii","7":"product_tag-abong-mbang","8":"product_tag-kamerun","9":"product_tag-siostra-alicja-adamska","11":"first","12":"instock","13":"virtual","14":"purchasable","15":"product-type-simple"},"yoast_head":"<!-- This site is optimized with the Yoast SEO plugin v27.2 - https:\/\/yoast.com\/product\/yoast-seo-wordpress\/ -->\n<title>\u015awi\u0119ta Bo\u017cego Narodzenia i pielgrzymka dla 400 dzieci z Abong-Mbang<\/title>\n<meta name=\"description\" content=\"\u015awi\u0119ta Bo\u017cego Narodzenia, Dzie\u0144 M\u0142odo\u015bci i pielgrzymka dla 400 dzieci z misji Abong-Mbang w Kamerunie. Siostry Naj\u015bw. Duszy Chrystusa Pana.\" \/>\n<meta name=\"robots\" content=\"index, follow, max-snippet:-1, max-image-preview:large, max-video-preview:-1\" \/>\n<link rel=\"canonical\" href=\"https:\/\/www.maitri.pl\/projekt\/swieta-bozego-narodzenia-abong-mbang\/\" \/>\n<meta property=\"og:locale\" content=\"fr_FR\" \/>\n<meta property=\"og:type\" content=\"article\" \/>\n<meta property=\"og:title\" content=\"\u015awi\u0119ta Bo\u017cego Narodzenia i pielgrzymka dla 400 dzieci z Abong-Mbang\" \/>\n<meta property=\"og:description\" content=\"\u015awi\u0119ta Bo\u017cego Narodzenia, Dzie\u0144 M\u0142odo\u015bci i pielgrzymka dla 400 dzieci z misji Abong-Mbang w Kamerunie. Siostry Naj\u015bw. Duszy Chrystusa Pana.\" \/>\n<meta property=\"og:url\" content=\"https:\/\/www.maitri.pl\/projekt\/swieta-bozego-narodzenia-abong-mbang\/\" \/>\n<meta property=\"og:site_name\" content=\"Ruch Maitri - Adopcja Serca pomoc Afryce\" \/>\n<meta property=\"article:publisher\" content=\"https:\/\/www.facebook.com\/MAITRI.Adopcja.Serca.dzieci.Afryki\/\" \/>\n<meta property=\"article:modified_time\" content=\"2023-02-10T11:23:41+00:00\" \/>\n<meta property=\"og:image\" content=\"https:\/\/www.maitri.pl\/wp-content\/uploads\/2021\/08\/Zdjecia-z-zakonczenia-roku-szkolnego-2021_Abong-Mbang_3_30524_21.jpeg\" \/>\n\t<meta property=\"og:image:width\" content=\"1000\" \/>\n\t<meta property=\"og:image:height\" content=\"750\" \/>\n\t<meta property=\"og:image:type\" content=\"image\/jpeg\" \/>\n<meta name=\"twitter:card\" content=\"summary_large_image\" \/>\n<meta name=\"twitter:label1\" content=\"Dur\u00e9e de lecture estim\u00e9e\" \/>\n\t<meta name=\"twitter:data1\" content=\"2 minutes\" \/>\n<script type=\"application\/ld+json\" class=\"yoast-schema-graph\">{\"@context\":\"https:\/\/schema.org\",\"@graph\":[{\"@type\":\"WebPage\",\"@id\":\"https:\/\/www.maitri.pl\/projekt\/swieta-bozego-narodzenia-abong-mbang\/\",\"url\":\"https:\/\/www.maitri.pl\/projekt\/swieta-bozego-narodzenia-abong-mbang\/\",\"name\":\"\u015awi\u0119ta Bo\u017cego Narodzenia i pielgrzymka dla 400 dzieci z Abong-Mbang\",\"isPartOf\":{\"@id\":\"https:\/\/www.maitri.pl\/#website\"},\"primaryImageOfPage\":{\"@id\":\"https:\/\/www.maitri.pl\/projekt\/swieta-bozego-narodzenia-abong-mbang\/#primaryimage\"},\"image\":{\"@id\":\"https:\/\/www.maitri.pl\/projekt\/swieta-bozego-narodzenia-abong-mbang\/#primaryimage\"},\"thumbnailUrl\":\"https:\/\/www.maitri.pl\/wp-content\/uploads\/2021\/08\/Zdjecia-z-zakonczenia-roku-szkolnego-2021_Abong-Mbang_3_30524_21.jpeg\",\"datePublished\":\"2021-08-10T11:13:58+00:00\",\"dateModified\":\"2023-02-10T11:23:41+00:00\",\"description\":\"\u015awi\u0119ta Bo\u017cego Narodzenia, Dzie\u0144 M\u0142odo\u015bci i pielgrzymka dla 400 dzieci z misji Abong-Mbang w Kamerunie. Siostry Naj\u015bw. Duszy Chrystusa Pana.\",\"breadcrumb\":{\"@id\":\"https:\/\/www.maitri.pl\/projekt\/swieta-bozego-narodzenia-abong-mbang\/#breadcrumb\"},\"inLanguage\":\"fr-FR\",\"potentialAction\":[{\"@type\":\"ReadAction\",\"target\":[\"https:\/\/www.maitri.pl\/projekt\/swieta-bozego-narodzenia-abong-mbang\/\"]}]},{\"@type\":\"ImageObject\",\"inLanguage\":\"fr-FR\",\"@id\":\"https:\/\/www.maitri.pl\/projekt\/swieta-bozego-narodzenia-abong-mbang\/#primaryimage\",\"url\":\"https:\/\/www.maitri.pl\/wp-content\/uploads\/2021\/08\/Zdjecia-z-zakonczenia-roku-szkolnego-2021_Abong-Mbang_3_30524_21.jpeg\",\"contentUrl\":\"https:\/\/www.maitri.pl\/wp-content\/uploads\/2021\/08\/Zdjecia-z-zakonczenia-roku-szkolnego-2021_Abong-Mbang_3_30524_21.jpeg\",\"width\":1000,\"height\":750,\"caption\":\"\u015awi\u0119ta Bo\u017cego Narodzenia i pielgrzymka dla 400 dzieci z Abong-Mbang Ruch Maitri pomoc Afryce Adopcja Serca 02\"},{\"@type\":\"BreadcrumbList\",\"@id\":\"https:\/\/www.maitri.pl\/projekt\/swieta-bozego-narodzenia-abong-mbang\/#breadcrumb\",\"itemListElement\":[{\"@type\":\"ListItem\",\"position\":1,\"name\":\"Strona g\u0142\u00f3wna\",\"item\":\"https:\/\/www.maitri.pl\/\"},{\"@type\":\"ListItem\",\"position\":2,\"name\":\"Sklep\",\"item\":\"https:\/\/www.maitri.pl\/sklep\/\"},{\"@type\":\"ListItem\",\"position\":3,\"name\":\"\u015awi\u0119ta Bo\u017cego Narodzenia i pielgrzymka dla 400 dzieci z Abong-Mbang\"}]},{\"@type\":\"WebSite\",\"@id\":\"https:\/\/www.maitri.pl\/#website\",\"url\":\"https:\/\/www.maitri.pl\/\",\"name\":\"Adopcja Serca Maitri \u2013 pomoc dzieciom w Afryce\",\"description\":\"Adopcja Serca \u2013 adopcja na odleg\u0142o\u015b\u0107, pomoc Afryce, do\u017cywianie i edukacja w Afryce\",\"publisher\":{\"@id\":\"https:\/\/www.maitri.pl\/#organization\"},\"potentialAction\":[{\"@type\":\"SearchAction\",\"target\":{\"@type\":\"EntryPoint\",\"urlTemplate\":\"https:\/\/www.maitri.pl\/?s={search_term_string}\"},\"query-input\":{\"@type\":\"PropertyValueSpecification\",\"valueRequired\":true,\"valueName\":\"search_term_string\"}}],\"inLanguage\":\"fr-FR\"},{\"@type\":\"Organization\",\"@id\":\"https:\/\/www.maitri.pl\/#organization\",\"name\":\"Stowarzyszenie Ruchu Maitri\",\"url\":\"https:\/\/www.maitri.pl\/\",\"logo\":{\"@type\":\"ImageObject\",\"inLanguage\":\"fr-FR\",\"@id\":\"https:\/\/www.maitri.pl\/#\/schema\/logo\/image\/\",\"url\":\"https:\/\/www.maitri.pl\/wp-content\/uploads\/2020\/04\/duze_logo-81.png\",\"contentUrl\":\"https:\/\/www.maitri.pl\/wp-content\/uploads\/2020\/04\/duze_logo-81.png\",\"width\":339,\"height\":321,\"caption\":\"Stowarzyszenie Ruchu Maitri\"},\"image\":{\"@id\":\"https:\/\/www.maitri.pl\/#\/schema\/logo\/image\/\"},\"sameAs\":[\"https:\/\/www.facebook.com\/MAITRI.Adopcja.Serca.dzieci.Afryki\/\"]}]}<\/script>\n<!-- \/ Yoast SEO plugin. -->","yoast_head_json":{"title":"\u015awi\u0119ta Bo\u017cego Narodzenia i pielgrzymka dla 400 dzieci z Abong-Mbang","description":"\u015awi\u0119ta Bo\u017cego Narodzenia, Dzie\u0144 M\u0142odo\u015bci i pielgrzymka dla 400 dzieci z misji Abong-Mbang w Kamerunie. Siostry Naj\u015bw. Duszy Chrystusa Pana.","robots":{"index":"index","follow":"follow","max-snippet":"max-snippet:-1","max-image-preview":"max-image-preview:large","max-video-preview":"max-video-preview:-1"},"canonical":"https:\/\/www.maitri.pl\/projekt\/swieta-bozego-narodzenia-abong-mbang\/","og_locale":"fr_FR","og_type":"article","og_title":"\u015awi\u0119ta Bo\u017cego Narodzenia i pielgrzymka dla 400 dzieci z Abong-Mbang","og_description":"\u015awi\u0119ta Bo\u017cego Narodzenia, Dzie\u0144 M\u0142odo\u015bci i pielgrzymka dla 400 dzieci z misji Abong-Mbang w Kamerunie. Siostry Naj\u015bw. Duszy Chrystusa Pana.","og_url":"https:\/\/www.maitri.pl\/projekt\/swieta-bozego-narodzenia-abong-mbang\/","og_site_name":"Ruch Maitri - Adopcja Serca pomoc Afryce","article_publisher":"https:\/\/www.facebook.com\/MAITRI.Adopcja.Serca.dzieci.Afryki\/","article_modified_time":"2023-02-10T11:23:41+00:00","og_image":[{"width":1000,"height":750,"url":"https:\/\/www.maitri.pl\/wp-content\/uploads\/2021\/08\/Zdjecia-z-zakonczenia-roku-szkolnego-2021_Abong-Mbang_3_30524_21.jpeg","type":"image\/jpeg"}],"twitter_card":"summary_large_image","twitter_misc":{"Dur\u00e9e de lecture estim\u00e9e":"2 minutes"},"schema":{"@context":"https:\/\/schema.org","@graph":[{"@type":"WebPage","@id":"https:\/\/www.maitri.pl\/projekt\/swieta-bozego-narodzenia-abong-mbang\/","url":"https:\/\/www.maitri.pl\/projekt\/swieta-bozego-narodzenia-abong-mbang\/","name":"\u015awi\u0119ta Bo\u017cego Narodzenia i pielgrzymka dla 400 dzieci z Abong-Mbang","isPartOf":{"@id":"https:\/\/www.maitri.pl\/#website"},"primaryImageOfPage":{"@id":"https:\/\/www.maitri.pl\/projekt\/swieta-bozego-narodzenia-abong-mbang\/#primaryimage"},"image":{"@id":"https:\/\/www.maitri.pl\/projekt\/swieta-bozego-narodzenia-abong-mbang\/#primaryimage"},"thumbnailUrl":"https:\/\/www.maitri.pl\/wp-content\/uploads\/2021\/08\/Zdjecia-z-zakonczenia-roku-szkolnego-2021_Abong-Mbang_3_30524_21.jpeg","datePublished":"2021-08-10T11:13:58+00:00","dateModified":"2023-02-10T11:23:41+00:00","description":"\u015awi\u0119ta Bo\u017cego Narodzenia, Dzie\u0144 M\u0142odo\u015bci i pielgrzymka dla 400 dzieci z misji Abong-Mbang w Kamerunie. Siostry Naj\u015bw. Duszy Chrystusa Pana.","breadcrumb":{"@id":"https:\/\/www.maitri.pl\/projekt\/swieta-bozego-narodzenia-abong-mbang\/#breadcrumb"},"inLanguage":"fr-FR","potentialAction":[{"@type":"ReadAction","target":["https:\/\/www.maitri.pl\/projekt\/swieta-bozego-narodzenia-abong-mbang\/"]}]},{"@type":"ImageObject","inLanguage":"fr-FR","@id":"https:\/\/www.maitri.pl\/projekt\/swieta-bozego-narodzenia-abong-mbang\/#primaryimage","url":"https:\/\/www.maitri.pl\/wp-content\/uploads\/2021\/08\/Zdjecia-z-zakonczenia-roku-szkolnego-2021_Abong-Mbang_3_30524_21.jpeg","contentUrl":"https:\/\/www.maitri.pl\/wp-content\/uploads\/2021\/08\/Zdjecia-z-zakonczenia-roku-szkolnego-2021_Abong-Mbang_3_30524_21.jpeg","width":1000,"height":750,"caption":"\u015awi\u0119ta Bo\u017cego Narodzenia i pielgrzymka dla 400 dzieci z Abong-Mbang Ruch Maitri pomoc Afryce Adopcja Serca 02"},{"@type":"BreadcrumbList","@id":"https:\/\/www.maitri.pl\/projekt\/swieta-bozego-narodzenia-abong-mbang\/#breadcrumb","itemListElement":[{"@type":"ListItem","position":1,"name":"Strona g\u0142\u00f3wna","item":"https:\/\/www.maitri.pl\/"},{"@type":"ListItem","position":2,"name":"Sklep","item":"https:\/\/www.maitri.pl\/sklep\/"},{"@type":"ListItem","position":3,"name":"\u015awi\u0119ta Bo\u017cego Narodzenia i pielgrzymka dla 400 dzieci z Abong-Mbang"}]},{"@type":"WebSite","@id":"https:\/\/www.maitri.pl\/#website","url":"https:\/\/www.maitri.pl\/","name":"Adopcja Serca Maitri \u2013 pomoc dzieciom w Afryce","description":"Adopcja Serca \u2013 adopcja na odleg\u0142o\u015b\u0107, pomoc Afryce, do\u017cywianie i edukacja w Afryce","publisher":{"@id":"https:\/\/www.maitri.pl\/#organization"},"potentialAction":[{"@type":"SearchAction","target":{"@type":"EntryPoint","urlTemplate":"https:\/\/www.maitri.pl\/?s={search_term_string}"},"query-input":{"@type":"PropertyValueSpecification","valueRequired":true,"valueName":"search_term_string"}}],"inLanguage":"fr-FR"},{"@type":"Organization","@id":"https:\/\/www.maitri.pl\/#organization","name":"Stowarzyszenie Ruchu Maitri","url":"https:\/\/www.maitri.pl\/","logo":{"@type":"ImageObject","inLanguage":"fr-FR","@id":"https:\/\/www.maitri.pl\/#\/schema\/logo\/image\/","url":"https:\/\/www.maitri.pl\/wp-content\/uploads\/2020\/04\/duze_logo-81.png","contentUrl":"https:\/\/www.maitri.pl\/wp-content\/uploads\/2020\/04\/duze_logo-81.png","width":339,"height":321,"caption":"Stowarzyszenie Ruchu Maitri"},"image":{"@id":"https:\/\/www.maitri.pl\/#\/schema\/logo\/image\/"},"sameAs":["https:\/\/www.facebook.com\/MAITRI.Adopcja.Serca.dzieci.Afryki\/"]}]}},"_links":{"self":[{"href":"https:\/\/www.maitri.pl\/fr\/wp-json\/wp\/v2\/product\/23213","targetHints":{"allow":["GET"]}}],"collection":[{"href":"https:\/\/www.maitri.pl\/fr\/wp-json\/wp\/v2\/product"}],"about":[{"href":"https:\/\/www.maitri.pl\/fr\/wp-json\/wp\/v2\/types\/product"}],"wp:featuredmedia":[{"embeddable":true,"href":"https:\/\/www.maitri.pl\/fr\/wp-json\/wp\/v2\/media\/23216"}],"wp:attachment":[{"href":"https:\/\/www.maitri.pl\/fr\/wp-json\/wp\/v2\/media?parent=23213"}],"wp:term":[{"taxonomy":"product_brand","embeddable":true,"href":"https:\/\/www.maitri.pl\/fr\/wp-json\/wp\/v2\/product_brand?post=23213"},{"taxonomy":"product_cat","embeddable":true,"href":"https:\/\/www.maitri.pl\/fr\/wp-json\/wp\/v2\/product_cat?post=23213"},{"taxonomy":"product_tag","embeddable":true,"href":"https:\/\/www.maitri.pl\/fr\/wp-json\/wp\/v2\/product_tag?post=23213"}],"curies":[{"name":"wp","href":"https:\/\/api.w.org\/{rel}","templated":true}]}}