{"id":23145,"date":"2021-07-29T20:51:08","date_gmt":"2021-07-29T18:51:08","guid":{"rendered":"https:\/\/www.maitri.pl\/?post_type=product&#038;p=23145"},"modified":"2023-02-10T12:23:56","modified_gmt":"2023-02-10T11:23:56","slug":"pakiety-zywnosciowe-dla-nepalu-dla-115-dzieci-oraz-ich-rodzin-w-okresie-pandemii","status":"publish","type":"product","link":"https:\/\/www.maitri.pl\/fr\/projekt\/pakiety-zywnosciowe-dla-nepalu-dla-115-dzieci-oraz-ich-rodzin-w-okresie-pandemii\/","title":{"rendered":"Pakiety \u017cywno\u015bciowe dla Nepalu &#8211; nakarm 115 dzieci oraz ich rodziny w okresie pandemii"},"content":{"rendered":"<h4>Druga fala wywo\u0142a\u0142a g\u0142\u00f3d<\/h4>\n<p>Od kwietnia Nepal jest ponownie zamkni\u0119ty urz\u0119dowo. Szko\u0142y zosta\u0142y zamkni\u0119te z nakazem pozostania w domu, podobnie biura, urz\u0119dy, miejsca pracy. Druga fala Covid-19 jest gro\u017aniejsza w por\u00f3wnaniu z ubieg\u0142ym rokiem. Dziennie Nepal odnotowuje ponad 5 tysi\u0119cy zachorowa\u0144. Wiele rodzin nie sta\u0107 na \u0142\u00f3\u017cko szpitalne, kt\u00f3re kosztuje ok. 150 dolar\u00f3w za dob\u0119. Ludzie siedz\u0105 po domach, umieraj\u0105 w domach, lub lokalnie organizuj\u0105 miejsca izolacji. Sytuacja pracownik\u00f3w \u017cyj\u0105cych z dziennego wyrobku \u2013 rodzin naszych dzieci, jest krytyczna. W trzecim miesi\u0105cu lockdownu u wielu rodzin sko\u0144czy\u0142a si\u0119 \u017cywno\u015b\u0107. Na wielu polach wyst\u0105pi\u0142a stonka, kt\u00f3ra zjad\u0142a plony. Ludzie g\u0142oduj\u0105. Pakiety \u017cywno\u015bciowe pomog\u0105 poprawi\u0107 sytuacj\u0119. Pomoc jest bardzo potrzebna. Bardzo o ni\u0105 prosimy.<\/p>\n<h4>Ochroni\u0107 dzieci przed prac\u0105 przymusow\u0105<\/h4>\n<p>Pomoc nie tylko pozwoli zwalczy\u0107 g\u0142\u00f3d. Pozwoli r\u00f3wnie\u017c mie\u0107 prawie pewno\u015b\u0107, \u017ce dzieci zostan\u0105 przywr\u00f3cone do szko\u0142y. Ju\u017c teraz mo\u017cna przeczyta\u0107 wiele artyku\u0142\u00f3w o wykorzystywaniu dzieci do pracy, a tak\u017ce o tym, \u017ce wiele setek tysi\u0119cy dzieci jest w niebezpiecze\u0144stwie trwa\u0142ego porzucenia szko\u0142y. Dzi\u0119ki naszej pomocy dzieci zostan\u0105 wys\u0142ane do szko\u0142y. Chcemy dystrybuowa\u0107 pomocowe pakiety \u017cywno\u015bciowe, kt\u00f3re pozwol\u0105 jednej rodzinie wy\u017cywi\u0107 wszystkich (od 4 do 10 os\u00f3b w gospodarstwie domowym) przez minimum miesi\u0105c. W ten spos\u00f3b zminimalizujemy koszty rozprzestrzeniania si\u0119 wirusa do gospodarstw domowych i spo\u0142eczno\u015bci <a href=\"https:\/\/www.maitri.pl\/adopcja-serca\/\" target=\"_blank\" rel=\"noopener\">naszych dzieci<\/a>, a co za tym idzie generalnie uratujemy cudze \u017cycia. Pomoc zostanie zrealizowana na rzecz rodzin i dzieci\u00a0 \u2013 \u0142\u0105cznie 115 dzieci w naszych trzech lokalizacjach: Kulekhani, Lamagaun, Dakshinkali. Pakiety \u017cywno\u015bciowe b\u0119d\u0105 dystrybuowane bezpo\u015brednio z naszej stacjonarnej plac\u00f3wki. Nasza akcja ma na celu przeciwdzia\u0142anie niedo\u017cywieniu i g\u0142odowi.<em>\u00a0 <\/em><\/p>\n<h4><strong>Kosztorys<\/strong><\/h4>\n<table>\n<tbody>\n<tr>\n<td width=\"30\">LP<\/td>\n<td width=\"353\"><strong>OPIS<\/strong><\/td>\n<td width=\"94\"><strong>Ilo\u015b\u0107\/ <\/strong>jednostki miary (szt)<\/td>\n<td width=\"101\"><strong>Cena<\/strong><\/p>\n<p>(w miejscowej walucie)<\/td>\n<td width=\"95\"><strong>Kwota\u00a0\u00a0\u00a0\u00a0\u00a0\u00a0\u00a0\u00a0\u00a0\u00a0\u00a0\u00a0\u00a0\u00a0\u00a0\u00a0\u00a0\u00a0\u00a0\u00a0\u00a0 <\/strong>(w miejscowej walucie)<\/p>\n<p>NPR<\/td>\n<\/tr>\n<tr>\n<td width=\"30\">1.<\/td>\n<td width=\"353\">Pakiet \u017cywno\u015bciowy- ry\u017c 20 kg\/ 1 bora<\/td>\n<td width=\"94\">115 work\u00f3w<\/td>\n<td width=\"101\">\u00a0\u00a0 2600<\/td>\n<td width=\"95\">299.400,00<\/td>\n<\/tr>\n<tr>\n<td width=\"30\">2.<\/td>\n<td width=\"353\">Pakiet \u017cywno\u015bciowy- soczewica<\/td>\n<td width=\"94\">115 kg<\/td>\n<td width=\"101\">90<\/td>\n<td width=\"95\">10.350,00<\/td>\n<\/tr>\n<tr>\n<td width=\"30\">3.<\/td>\n<td width=\"353\">Pakiet \u017cywno\u015bciowy &#8211; s\u00f3l<\/td>\n<td width=\"94\">115 kg<\/td>\n<td width=\"101\">35<\/td>\n<td width=\"95\">4.025,00<\/td>\n<\/tr>\n<tr>\n<td width=\"30\">4.<\/td>\n<td width=\"353\">Pakiet \u017cywno\u015bciowy &#8211; olej<\/td>\n<td width=\"94\">115 litr\u00f3w<\/td>\n<td width=\"101\">180<\/td>\n<td width=\"95\">20.700,00<\/td>\n<\/tr>\n<tr>\n<td width=\"30\">5.<\/td>\n<td width=\"353\">Pakiet \u017cywno\u015bciowy &#8211; czarna herbata<\/td>\n<td width=\"94\">115 op.<\/td>\n<td width=\"101\">80<\/td>\n<td width=\"95\">9.200,00<\/td>\n<\/tr>\n<tr>\n<td width=\"30\">6.<\/td>\n<td width=\"353\">Pakiet \u017cywno\u015bciowy- czerwona fasola<\/td>\n<td width=\"94\">115 paczek<\/td>\n<td width=\"101\">150<\/td>\n<td width=\"95\">17.250,00<\/td>\n<\/tr>\n<tr>\n<td width=\"30\">7.<\/td>\n<td width=\"353\">Pakiet \u017cywno\u015bciowy &#8211; fasola z kurczakiem<\/td>\n<td width=\"94\">115 paczek<\/td>\n<td width=\"101\">95<\/td>\n<td width=\"95\">10.925,00<\/td>\n<\/tr>\n<tr>\n<td width=\"30\">8.<\/td>\n<td width=\"353\">Pakiet \u017cywno\u015bciowy- ciastka suche<\/td>\n<td width=\"94\">115 paczek<\/td>\n<td width=\"101\">220<\/td>\n<td width=\"95\">25.300,00<\/td>\n<\/tr>\n<tr>\n<td width=\"30\">9.<\/td>\n<td width=\"353\">Myd\u0142o- kostki<\/td>\n<td width=\"94\">115 x 2 szt.<\/td>\n<td width=\"101\">100<\/td>\n<td width=\"95\">5.700,00<\/td>\n<\/tr>\n<tr>\n<td width=\"30\">10.<\/td>\n<td width=\"353\">P\u0142yn do dezynfekcji r\u0105k<\/td>\n<td width=\"94\">115 op.<\/td>\n<td width=\"101\">250<\/td>\n<td width=\"95\">28.750,00<\/td>\n<\/tr>\n<tr>\n<td width=\"30\">11.<\/td>\n<td width=\"353\">Maseczki na twarz<\/td>\n<td width=\"94\">115 pakiet\u00f3w<\/td>\n<td width=\"101\">200<\/td>\n<td width=\"95\">23.000,00<\/td>\n<\/tr>\n<tr>\n<td width=\"30\">12.<\/td>\n<td width=\"353\">Obs\u0142uga projektu 4 osoby<\/td>\n<td width=\"94\"><\/td>\n<td width=\"101\"><\/td>\n<td width=\"95\">28.000,00<\/td>\n<\/tr>\n<tr>\n<td width=\"30\">13.<\/td>\n<td width=\"353\">Transport, noszenie, pakowanie<\/td>\n<td width=\"94\"><\/td>\n<td width=\"101\"><\/td>\n<td width=\"95\">39.000,00<\/td>\n<\/tr>\n<tr>\n<td width=\"30\">14.<\/td>\n<td width=\"353\">Materia\u0142y dodatkowe zabezpieczaj\u0105ce przed wirusem osoby obs\u0142uguj\u0105ce projekt plus biurowe og\u00f3lne<\/td>\n<td width=\"94\"><\/td>\n<td width=\"101\"><\/td>\n<td width=\"95\">15.000,00<\/td>\n<\/tr>\n<tr>\n<td width=\"30\"><\/td>\n<td width=\"353\"><strong>PODSUMOWANIE <\/strong>(w miejscowej walucie)<\/td>\n<td width=\"94\">&nbsp;<\/p>\n<p>&nbsp;<\/td>\n<td width=\"101\"><\/td>\n<td width=\"95\">553.500,00 NPR<\/td>\n<\/tr>\n<\/tbody>\n<\/table>\n<p>Osoba odpowiedzialna: <em>Aleksandra<\/em><em>\u00a0Kurnicka, <a href=\"https:\/\/www.facebook.com\/LittleFeetCharity\/\" target=\"_blank\" rel=\"noopener noreferrer\">Karunika Tuition Center<\/a><\/em><\/p>\n<p><span style=\"color: #ff0000\"><span style=\"font-size: large\"><b>Wnioskowana kwota : 4340 \u20ac<\/b><\/span><\/span><\/p>\n<p><span style=\"color: #999999\">Stowarzyszenie Ruchu\u00a0<em>Maitri<\/em>\u00a0przeznacza do 10% otrzymanych \u015brodk\u00f3w na koszty funkcjonowania biura i pozyskiwanie funduszy pomocowych.<\/span><\/p>\n<h3><strong><span style=\"color: #999999\">Pakiety \u017cywno\u015bciowe dla Nepalu &#8211; nakarm 115 dzieci oraz ich rodziny w okresie pandemii<\/span><\/strong><\/h3>\n","protected":false},"excerpt":{"rendered":"<p><strong>Projekt:\u00a0<\/strong>Aleksandra\u00a0Kurnicka, <a href=\"https:\/\/www.facebook.com\/LittleFeetCharity\/\" target=\"_blank\" rel=\"noopener noreferrer\">Karunika Tuition Center<\/a><br \/>\n<strong>Miejsce:<\/strong> Kathmandu, Nepal<br \/>\n<strong>Kwota projektu: <span style=\"color: #ff0000\">4340\u20ac<\/span><\/strong><\/p>\n","protected":false},"featured_media":23201,"template":"","meta":[],"product_brand":[],"product_cat":[656],"product_tag":[670,676,671,672],"class_list":{"0":"post-23145","1":"product","2":"type-product","3":"status-publish","4":"has-post-thumbnail","6":"product_cat-bez-kategorii","7":"product_tag-aleksandra-kurnicka","8":"product_tag-dozywianie","9":"product_tag-karunika-tuition-center","10":"product_tag-nepal","12":"first","13":"instock","14":"virtual","15":"purchasable","16":"product-type-simple"},"yoast_head":"<!-- This site is optimized with the Yoast SEO plugin v27.2 - https:\/\/yoast.com\/product\/yoast-seo-wordpress\/ -->\n<title>Pakiety \u017cywno\u015bciowe dla Nepalu - nakarm 115 dzieci oraz ich rodziny<\/title>\n<meta name=\"description\" content=\"Pakiety \u017cywno\u015bciowe dla Nepalu - nakarm 115 dzieci oraz ich rodziny w okresie pandemii. Za projekt odpowiedzialna jest Aleksandra Kurnicka.\" \/>\n<meta name=\"robots\" content=\"index, follow, max-snippet:-1, max-image-preview:large, max-video-preview:-1\" \/>\n<link rel=\"canonical\" href=\"https:\/\/www.maitri.pl\/projekt\/pakiety-zywnosciowe-dla-nepalu-dla-115-dzieci-oraz-ich-rodzin-w-okresie-pandemii\/\" \/>\n<meta property=\"og:locale\" content=\"fr_FR\" \/>\n<meta property=\"og:type\" content=\"article\" \/>\n<meta property=\"og:title\" content=\"Pakiety \u017cywno\u015bciowe dla Nepalu - nakarm 115 dzieci oraz ich rodziny\" \/>\n<meta property=\"og:description\" content=\"Pakiety \u017cywno\u015bciowe dla Nepalu - nakarm 115 dzieci oraz ich rodziny w okresie pandemii. Za projekt odpowiedzialna jest Aleksandra Kurnicka.\" \/>\n<meta property=\"og:url\" content=\"https:\/\/www.maitri.pl\/projekt\/pakiety-zywnosciowe-dla-nepalu-dla-115-dzieci-oraz-ich-rodzin-w-okresie-pandemii\/\" \/>\n<meta property=\"og:site_name\" content=\"Ruch Maitri - Adopcja Serca pomoc Afryce\" \/>\n<meta property=\"article:publisher\" content=\"https:\/\/www.facebook.com\/MAITRI.Adopcja.Serca.dzieci.Afryki\/\" \/>\n<meta property=\"article:modified_time\" content=\"2023-02-10T11:23:56+00:00\" \/>\n<meta property=\"og:image\" content=\"https:\/\/www.maitri.pl\/wp-content\/uploads\/2021\/07\/IMG-20210806-WA0001.jpg\" \/>\n\t<meta property=\"og:image:width\" content=\"1024\" \/>\n\t<meta property=\"og:image:height\" content=\"768\" \/>\n\t<meta property=\"og:image:type\" content=\"image\/jpeg\" \/>\n<meta name=\"twitter:card\" content=\"summary_large_image\" \/>\n<meta name=\"twitter:label1\" content=\"Dur\u00e9e de lecture estim\u00e9e\" \/>\n\t<meta name=\"twitter:data1\" content=\"2 minutes\" \/>\n<script type=\"application\/ld+json\" class=\"yoast-schema-graph\">{\"@context\":\"https:\/\/schema.org\",\"@graph\":[{\"@type\":\"WebPage\",\"@id\":\"https:\/\/www.maitri.pl\/projekt\/pakiety-zywnosciowe-dla-nepalu-dla-115-dzieci-oraz-ich-rodzin-w-okresie-pandemii\/\",\"url\":\"https:\/\/www.maitri.pl\/projekt\/pakiety-zywnosciowe-dla-nepalu-dla-115-dzieci-oraz-ich-rodzin-w-okresie-pandemii\/\",\"name\":\"Pakiety \u017cywno\u015bciowe dla Nepalu - nakarm 115 dzieci oraz ich rodziny\",\"isPartOf\":{\"@id\":\"https:\/\/www.maitri.pl\/#website\"},\"primaryImageOfPage\":{\"@id\":\"https:\/\/www.maitri.pl\/projekt\/pakiety-zywnosciowe-dla-nepalu-dla-115-dzieci-oraz-ich-rodzin-w-okresie-pandemii\/#primaryimage\"},\"image\":{\"@id\":\"https:\/\/www.maitri.pl\/projekt\/pakiety-zywnosciowe-dla-nepalu-dla-115-dzieci-oraz-ich-rodzin-w-okresie-pandemii\/#primaryimage\"},\"thumbnailUrl\":\"https:\/\/www.maitri.pl\/wp-content\/uploads\/2021\/07\/IMG-20210806-WA0001.jpg\",\"datePublished\":\"2021-07-29T18:51:08+00:00\",\"dateModified\":\"2023-02-10T11:23:56+00:00\",\"description\":\"Pakiety \u017cywno\u015bciowe dla Nepalu - nakarm 115 dzieci oraz ich rodziny w okresie pandemii. Za projekt odpowiedzialna jest Aleksandra Kurnicka.\",\"breadcrumb\":{\"@id\":\"https:\/\/www.maitri.pl\/projekt\/pakiety-zywnosciowe-dla-nepalu-dla-115-dzieci-oraz-ich-rodzin-w-okresie-pandemii\/#breadcrumb\"},\"inLanguage\":\"fr-FR\",\"potentialAction\":[{\"@type\":\"ReadAction\",\"target\":[\"https:\/\/www.maitri.pl\/projekt\/pakiety-zywnosciowe-dla-nepalu-dla-115-dzieci-oraz-ich-rodzin-w-okresie-pandemii\/\"]}]},{\"@type\":\"ImageObject\",\"inLanguage\":\"fr-FR\",\"@id\":\"https:\/\/www.maitri.pl\/projekt\/pakiety-zywnosciowe-dla-nepalu-dla-115-dzieci-oraz-ich-rodzin-w-okresie-pandemii\/#primaryimage\",\"url\":\"https:\/\/www.maitri.pl\/wp-content\/uploads\/2021\/07\/IMG-20210806-WA0001.jpg\",\"contentUrl\":\"https:\/\/www.maitri.pl\/wp-content\/uploads\/2021\/07\/IMG-20210806-WA0001.jpg\",\"width\":1024,\"height\":768,\"caption\":\"Pakiety \u017cywno\u015bciowe dla Nepalu Ruch Maitri Adopcja Serca 02\"},{\"@type\":\"BreadcrumbList\",\"@id\":\"https:\/\/www.maitri.pl\/projekt\/pakiety-zywnosciowe-dla-nepalu-dla-115-dzieci-oraz-ich-rodzin-w-okresie-pandemii\/#breadcrumb\",\"itemListElement\":[{\"@type\":\"ListItem\",\"position\":1,\"name\":\"Strona g\u0142\u00f3wna\",\"item\":\"https:\/\/www.maitri.pl\/\"},{\"@type\":\"ListItem\",\"position\":2,\"name\":\"Sklep\",\"item\":\"https:\/\/www.maitri.pl\/sklep\/\"},{\"@type\":\"ListItem\",\"position\":3,\"name\":\"Pakiety \u017cywno\u015bciowe dla Nepalu &#8211; nakarm 115 dzieci oraz ich rodziny w okresie pandemii\"}]},{\"@type\":\"WebSite\",\"@id\":\"https:\/\/www.maitri.pl\/#website\",\"url\":\"https:\/\/www.maitri.pl\/\",\"name\":\"Adopcja Serca Maitri \u2013 pomoc dzieciom w Afryce\",\"description\":\"Adopcja Serca \u2013 adopcja na odleg\u0142o\u015b\u0107, pomoc Afryce, do\u017cywianie i edukacja w Afryce\",\"publisher\":{\"@id\":\"https:\/\/www.maitri.pl\/#organization\"},\"potentialAction\":[{\"@type\":\"SearchAction\",\"target\":{\"@type\":\"EntryPoint\",\"urlTemplate\":\"https:\/\/www.maitri.pl\/?s={search_term_string}\"},\"query-input\":{\"@type\":\"PropertyValueSpecification\",\"valueRequired\":true,\"valueName\":\"search_term_string\"}}],\"inLanguage\":\"fr-FR\"},{\"@type\":\"Organization\",\"@id\":\"https:\/\/www.maitri.pl\/#organization\",\"name\":\"Stowarzyszenie Ruchu Maitri\",\"url\":\"https:\/\/www.maitri.pl\/\",\"logo\":{\"@type\":\"ImageObject\",\"inLanguage\":\"fr-FR\",\"@id\":\"https:\/\/www.maitri.pl\/#\/schema\/logo\/image\/\",\"url\":\"https:\/\/www.maitri.pl\/wp-content\/uploads\/2020\/04\/duze_logo-81.png\",\"contentUrl\":\"https:\/\/www.maitri.pl\/wp-content\/uploads\/2020\/04\/duze_logo-81.png\",\"width\":339,\"height\":321,\"caption\":\"Stowarzyszenie Ruchu Maitri\"},\"image\":{\"@id\":\"https:\/\/www.maitri.pl\/#\/schema\/logo\/image\/\"},\"sameAs\":[\"https:\/\/www.facebook.com\/MAITRI.Adopcja.Serca.dzieci.Afryki\/\"]}]}<\/script>\n<!-- \/ Yoast SEO plugin. -->","yoast_head_json":{"title":"Pakiety \u017cywno\u015bciowe dla Nepalu - nakarm 115 dzieci oraz ich rodziny","description":"Pakiety \u017cywno\u015bciowe dla Nepalu - nakarm 115 dzieci oraz ich rodziny w okresie pandemii. Za projekt odpowiedzialna jest Aleksandra Kurnicka.","robots":{"index":"index","follow":"follow","max-snippet":"max-snippet:-1","max-image-preview":"max-image-preview:large","max-video-preview":"max-video-preview:-1"},"canonical":"https:\/\/www.maitri.pl\/projekt\/pakiety-zywnosciowe-dla-nepalu-dla-115-dzieci-oraz-ich-rodzin-w-okresie-pandemii\/","og_locale":"fr_FR","og_type":"article","og_title":"Pakiety \u017cywno\u015bciowe dla Nepalu - nakarm 115 dzieci oraz ich rodziny","og_description":"Pakiety \u017cywno\u015bciowe dla Nepalu - nakarm 115 dzieci oraz ich rodziny w okresie pandemii. Za projekt odpowiedzialna jest Aleksandra Kurnicka.","og_url":"https:\/\/www.maitri.pl\/projekt\/pakiety-zywnosciowe-dla-nepalu-dla-115-dzieci-oraz-ich-rodzin-w-okresie-pandemii\/","og_site_name":"Ruch Maitri - Adopcja Serca pomoc Afryce","article_publisher":"https:\/\/www.facebook.com\/MAITRI.Adopcja.Serca.dzieci.Afryki\/","article_modified_time":"2023-02-10T11:23:56+00:00","og_image":[{"width":1024,"height":768,"url":"https:\/\/www.maitri.pl\/wp-content\/uploads\/2021\/07\/IMG-20210806-WA0001.jpg","type":"image\/jpeg"}],"twitter_card":"summary_large_image","twitter_misc":{"Dur\u00e9e de lecture estim\u00e9e":"2 minutes"},"schema":{"@context":"https:\/\/schema.org","@graph":[{"@type":"WebPage","@id":"https:\/\/www.maitri.pl\/projekt\/pakiety-zywnosciowe-dla-nepalu-dla-115-dzieci-oraz-ich-rodzin-w-okresie-pandemii\/","url":"https:\/\/www.maitri.pl\/projekt\/pakiety-zywnosciowe-dla-nepalu-dla-115-dzieci-oraz-ich-rodzin-w-okresie-pandemii\/","name":"Pakiety \u017cywno\u015bciowe dla Nepalu - nakarm 115 dzieci oraz ich rodziny","isPartOf":{"@id":"https:\/\/www.maitri.pl\/#website"},"primaryImageOfPage":{"@id":"https:\/\/www.maitri.pl\/projekt\/pakiety-zywnosciowe-dla-nepalu-dla-115-dzieci-oraz-ich-rodzin-w-okresie-pandemii\/#primaryimage"},"image":{"@id":"https:\/\/www.maitri.pl\/projekt\/pakiety-zywnosciowe-dla-nepalu-dla-115-dzieci-oraz-ich-rodzin-w-okresie-pandemii\/#primaryimage"},"thumbnailUrl":"https:\/\/www.maitri.pl\/wp-content\/uploads\/2021\/07\/IMG-20210806-WA0001.jpg","datePublished":"2021-07-29T18:51:08+00:00","dateModified":"2023-02-10T11:23:56+00:00","description":"Pakiety \u017cywno\u015bciowe dla Nepalu - nakarm 115 dzieci oraz ich rodziny w okresie pandemii. Za projekt odpowiedzialna jest Aleksandra Kurnicka.","breadcrumb":{"@id":"https:\/\/www.maitri.pl\/projekt\/pakiety-zywnosciowe-dla-nepalu-dla-115-dzieci-oraz-ich-rodzin-w-okresie-pandemii\/#breadcrumb"},"inLanguage":"fr-FR","potentialAction":[{"@type":"ReadAction","target":["https:\/\/www.maitri.pl\/projekt\/pakiety-zywnosciowe-dla-nepalu-dla-115-dzieci-oraz-ich-rodzin-w-okresie-pandemii\/"]}]},{"@type":"ImageObject","inLanguage":"fr-FR","@id":"https:\/\/www.maitri.pl\/projekt\/pakiety-zywnosciowe-dla-nepalu-dla-115-dzieci-oraz-ich-rodzin-w-okresie-pandemii\/#primaryimage","url":"https:\/\/www.maitri.pl\/wp-content\/uploads\/2021\/07\/IMG-20210806-WA0001.jpg","contentUrl":"https:\/\/www.maitri.pl\/wp-content\/uploads\/2021\/07\/IMG-20210806-WA0001.jpg","width":1024,"height":768,"caption":"Pakiety \u017cywno\u015bciowe dla Nepalu Ruch Maitri Adopcja Serca 02"},{"@type":"BreadcrumbList","@id":"https:\/\/www.maitri.pl\/projekt\/pakiety-zywnosciowe-dla-nepalu-dla-115-dzieci-oraz-ich-rodzin-w-okresie-pandemii\/#breadcrumb","itemListElement":[{"@type":"ListItem","position":1,"name":"Strona g\u0142\u00f3wna","item":"https:\/\/www.maitri.pl\/"},{"@type":"ListItem","position":2,"name":"Sklep","item":"https:\/\/www.maitri.pl\/sklep\/"},{"@type":"ListItem","position":3,"name":"Pakiety \u017cywno\u015bciowe dla Nepalu &#8211; nakarm 115 dzieci oraz ich rodziny w okresie pandemii"}]},{"@type":"WebSite","@id":"https:\/\/www.maitri.pl\/#website","url":"https:\/\/www.maitri.pl\/","name":"Adopcja Serca Maitri \u2013 pomoc dzieciom w Afryce","description":"Adopcja Serca \u2013 adopcja na odleg\u0142o\u015b\u0107, pomoc Afryce, do\u017cywianie i edukacja w Afryce","publisher":{"@id":"https:\/\/www.maitri.pl\/#organization"},"potentialAction":[{"@type":"SearchAction","target":{"@type":"EntryPoint","urlTemplate":"https:\/\/www.maitri.pl\/?s={search_term_string}"},"query-input":{"@type":"PropertyValueSpecification","valueRequired":true,"valueName":"search_term_string"}}],"inLanguage":"fr-FR"},{"@type":"Organization","@id":"https:\/\/www.maitri.pl\/#organization","name":"Stowarzyszenie Ruchu Maitri","url":"https:\/\/www.maitri.pl\/","logo":{"@type":"ImageObject","inLanguage":"fr-FR","@id":"https:\/\/www.maitri.pl\/#\/schema\/logo\/image\/","url":"https:\/\/www.maitri.pl\/wp-content\/uploads\/2020\/04\/duze_logo-81.png","contentUrl":"https:\/\/www.maitri.pl\/wp-content\/uploads\/2020\/04\/duze_logo-81.png","width":339,"height":321,"caption":"Stowarzyszenie Ruchu Maitri"},"image":{"@id":"https:\/\/www.maitri.pl\/#\/schema\/logo\/image\/"},"sameAs":["https:\/\/www.facebook.com\/MAITRI.Adopcja.Serca.dzieci.Afryki\/"]}]}},"_links":{"self":[{"href":"https:\/\/www.maitri.pl\/fr\/wp-json\/wp\/v2\/product\/23145","targetHints":{"allow":["GET"]}}],"collection":[{"href":"https:\/\/www.maitri.pl\/fr\/wp-json\/wp\/v2\/product"}],"about":[{"href":"https:\/\/www.maitri.pl\/fr\/wp-json\/wp\/v2\/types\/product"}],"wp:featuredmedia":[{"embeddable":true,"href":"https:\/\/www.maitri.pl\/fr\/wp-json\/wp\/v2\/media\/23201"}],"wp:attachment":[{"href":"https:\/\/www.maitri.pl\/fr\/wp-json\/wp\/v2\/media?parent=23145"}],"wp:term":[{"taxonomy":"product_brand","embeddable":true,"href":"https:\/\/www.maitri.pl\/fr\/wp-json\/wp\/v2\/product_brand?post=23145"},{"taxonomy":"product_cat","embeddable":true,"href":"https:\/\/www.maitri.pl\/fr\/wp-json\/wp\/v2\/product_cat?post=23145"},{"taxonomy":"product_tag","embeddable":true,"href":"https:\/\/www.maitri.pl\/fr\/wp-json\/wp\/v2\/product_tag?post=23145"}],"curies":[{"name":"wp","href":"https:\/\/api.w.org\/{rel}","templated":true}]}}