{"id":23132,"date":"2021-07-28T13:26:04","date_gmt":"2021-07-28T11:26:04","guid":{"rendered":"https:\/\/www.maitri.pl\/?post_type=product&#038;p=23132"},"modified":"2023-02-10T12:24:07","modified_gmt":"2023-02-10T11:24:07","slug":"pomoc-ludziom-biednym-abong-mbang","status":"publish","type":"product","link":"https:\/\/www.maitri.pl\/fr\/projekt\/pomoc-ludziom-biednym-abong-mbang\/","title":{"rendered":"Pomoc ludziom biednym w op\u0142aceniu leczenia oraz zakup \u017cywno\u015bci"},"content":{"rendered":"<h4>Osamotnieni w chorobie<\/h4>\n<p>Otrzymali\u015bmy dramatyczny apel o pomoc ludziom biednym z misji Si\u00f3str Naj\u015bw. Duszy Chrystusa Pana z Abong-Mbang w Kamerunie. \u00ab\u00a0Kontynuujemy projekt pomocy ludziom, kt\u00f3rych nie sta\u0107 na pokrycie koszt\u00f3w leczenia i transportu do szpitala oraz pomagamy tym ubogim w zakupie \u017cywno\u015bci. Osoby potrzebuj\u0105ce pomocy, kt\u00f3re nie maj\u0105 wystarczaj\u0105cych \u015brodk\u00f3w na leczenie, cz\u0119sto zg\u0142aszaj\u0105 si\u0119 do naszej przechodni ju\u017c w ci\u0119\u017ckim stanie chorobowym. Je\u015bli nie b\u0119dzie im udzielona darmowa pomoc medyczna, pozostaj\u0105 osamotnieni w cierpieniu, ze skutkami bardzo przykrymi. Dlatego te\u017c bardzo zale\u017cy mi, abym mog\u0142a takim osobom przyj\u015b\u0107 z pomoc\u0105. Wtedy te\u017c w moim sercu jest du\u017co spokoju i nie musz\u0119 prze\u017cywa\u0107 dodatkowych obci\u0105\u017ce\u0144 psychicznych, \u017ce nie jestem w stanie pom\u00f3c.<\/p>\n<h4>Leczenie dla wszystkich<\/h4>\n<p>Takich os\u00f3b jest do\u015b\u0107 du\u017co, w zale\u017cno\u015bci od danej pory roku, gdy zwi\u0119kszaj\u0105 si\u0119 r\u00f3\u017cne jednostki chorobowe. Moje serce pragn\u0119\u0142oby leczy\u0107 wszystkich ludzi chorych za darmo, jednak wtedy przychodnia nie da\u0142aby rady op\u0142aci\u0107 pracownik\u00f3w. Tylko dzi\u0119ki regularnemu wsparciu <a href=\"https:\/\/www.maitri.pl\/\" target=\"_blank\" rel=\"noopener\">Ruchu Maitri<\/a> mog\u0119 pomaga\u0107 ludziom potrzebuj\u0105cym i nie nara\u017ca\u0107 przychodni na d\u0142ugi, a ludziom przynosi\u0107 ulg\u0119 w cierpieniu. Ciesz\u0119 si\u0119 te\u017c razem z nimi, gdy przychodz\u0105 do zdrowia. Ufam, \u017ce moja pro\u015bba o pomoc zostanie pozytywnie przyj\u0119ta. Z ca\u0142ego serca jestem\u00a0 wdzi\u0119czna za ka\u017cd\u0105 pomoc, jak\u0105 otrzymuj\u0119 od Was!<\/p>\n<p>Niech sam Pan b\u0119dzie Wam nagrod\u0105 za dobro czynione drugiemu cz\u0142owiekowi.\u00a0\u00bb<\/p>\n<p><em>s. Nazariusza \u017buczek, <a href=\"http:\/\/duszajezusa.pl\/\" target=\"_blank\" rel=\"noopener noreferrer\">Zgromadzenie Si\u00f3str Naj\u015bwi\u0119tszej Duszy Chrystusa Pana<\/a><\/em><\/p>\n<p>&nbsp;<\/p>\n<table>\n<tbody>\n<tr>\n<td colspan=\"8\" width=\"643\">\n<h4><strong>Kosztorys<\/strong><\/h4>\n<\/td>\n<\/tr>\n<tr>\n<td colspan=\"2\" width=\"34\">LP<\/td>\n<td width=\"303\"><strong>OPIS<\/strong><\/td>\n<td colspan=\"2\" width=\"83\">Jednostki miary<\/td>\n<td colspan=\"2\" width=\"93\"><strong>Cena<\/strong><\/p>\n<p>(w miejscowej walucie)<\/td>\n<td width=\"129\"><strong>Kwota\u00a0\u00a0\u00a0\u00a0\u00a0\u00a0\u00a0\u00a0\u00a0\u00a0\u00a0\u00a0\u00a0\u00a0\u00a0\u00a0\u00a0\u00a0\u00a0\u00a0\u00a0 <\/strong>(w miejscowej walucie)<\/td>\n<\/tr>\n<tr>\n<td width=\"33\">1<\/td>\n<td colspan=\"3\" width=\"305\">&nbsp;<\/p>\n<p>Mleko zwyk\u0142e\u00a0 worek 25 kg<\/td>\n<td colspan=\"2\" width=\"83\">5 work\u00f3w<\/td>\n<td width=\"92\">85.000<\/td>\n<td width=\"129\">425.000<\/td>\n<\/tr>\n<tr>\n<td width=\"33\">2<\/td>\n<td colspan=\"3\" width=\"305\">&nbsp;<\/p>\n<p>Przecier pomidorowy w kartonach<\/td>\n<td colspan=\"2\" width=\"83\">10 karton\u00f3w<\/td>\n<td width=\"92\">5.500<\/td>\n<td width=\"129\">55.000<\/td>\n<\/tr>\n<tr>\n<td width=\"33\">3<\/td>\n<td colspan=\"3\" width=\"305\">&nbsp;<\/p>\n<p>Ry\u017c 50 kg worek<\/td>\n<td colspan=\"2\" width=\"83\">8 work\u00f3w<\/td>\n<td width=\"92\">19.500<\/td>\n<td width=\"129\">156.000<\/td>\n<\/tr>\n<tr>\n<td width=\"33\">5<\/td>\n<td colspan=\"3\" width=\"305\">&nbsp;<\/p>\n<p>Kakao do picia matinal 100 gram<\/td>\n<td colspan=\"2\" width=\"83\">100 sztuk<\/td>\n<td width=\"92\">2.800<\/td>\n<td width=\"129\">280.000<\/td>\n<\/tr>\n<tr>\n<td width=\"33\">6<\/td>\n<td colspan=\"3\" width=\"305\">Ryby i sardynki w puszkach i w kartonach<\/td>\n<td colspan=\"2\" width=\"83\">7 puszek<\/td>\n<td width=\"92\">19.200<\/td>\n<td width=\"129\">134.400<\/td>\n<\/tr>\n<tr>\n<td width=\"33\">7<\/td>\n<td colspan=\"3\" width=\"305\">Czekolada do smarowania chleba<\/td>\n<td colspan=\"2\" width=\"83\">30 sztuk<\/td>\n<td width=\"92\">2.500<\/td>\n<td width=\"129\">75.000<\/td>\n<\/tr>\n<tr>\n<td width=\"33\">8<\/td>\n<td colspan=\"3\" width=\"305\">Pomoc w zakupie lek\u00f3w oraz w leczeniu szpitalnym, gdy nie mo\u017cna przeprowadzi\u0107 zabieg\u00f3w u nas (w zale\u017cno\u015bci od sytuacji)<\/td>\n<td colspan=\"2\" width=\"83\"><\/td>\n<td width=\"92\"><\/td>\n<td width=\"129\">758.000<\/td>\n<\/tr>\n<tr>\n<td width=\"33\">10<\/td>\n<td colspan=\"3\" width=\"305\">Leki dla chorych i chorych na CVID &#8211; 19<\/td>\n<td colspan=\"2\" width=\"83\"><\/td>\n<td width=\"92\"><\/td>\n<td width=\"129\">343.600<\/td>\n<\/tr>\n<tr>\n<td width=\"33\"><\/td>\n<td colspan=\"3\" width=\"305\"><strong>PODSUMOWANIE <\/strong>(w miejscowej walucie)<\/td>\n<td colspan=\"2\" width=\"83\">&nbsp;<\/p>\n<p>&nbsp;<\/td>\n<td width=\"92\"><\/td>\n<td width=\"129\">2.227.000 frank\u00f3w CFA<\/td>\n<\/tr>\n<tr>\n<td width=\"31\"><\/td>\n<td width=\"1\"><\/td>\n<td width=\"249\"><\/td>\n<td width=\"1\"><\/td>\n<td width=\"77\"><\/td>\n<td width=\"1\"><\/td>\n<td width=\"80\"><\/td>\n<td width=\"110\"><\/td>\n<\/tr>\n<\/tbody>\n<\/table>\n<p><strong>PODSUMOWANIE<\/strong> (w miejscowej walucie) &#8211; razem <strong>2.227.000 frank\u00f3w CFA<\/strong><\/p>\n<p><em>s. Nazariusza \u017buczek, <a href=\"http:\/\/duszajezusa.pl\/\" target=\"_blank\" rel=\"noopener noreferrer\">Zgromadzenie Si\u00f3str Naj\u015bwi\u0119tszej Duszy Chrystusa Pana<\/a><\/em><\/p>\n<p style=\"text-align: justify;\" align=\"JUSTIFY\"><span style=\"color: #ff0000;\"><span style=\"font-size: large;\"><b>Kwota projektu: 3780 \u20ac<br \/>\n<\/b><\/span><\/span><\/p>\n<h3 style=\"text-align: center;\">Zbi\u00f3rka zako\u0144czona. Zebrana kwota: 1890 <b>\u20ac.<\/b><\/h3>\n<p style=\"text-align: justify;\"><strong>Numer projektu: 148\/CHRYS <\/strong><\/p>\n<p style=\"text-align: justify;\" align=\"JUSTIFY\"><span style=\"color: #808080;\">Stowarzyszenie Ruchu\u00a0<em>Maitri<\/em>\u00a0przeznacza do 10% otrzymanych \u015brodk\u00f3w na koszty funkcjonowania biura i pozyskiwanie funduszy pomocowych.<\/span><\/p>\n<h3 style=\"text-align: justify;\" align=\"JUSTIFY\"><span style=\"color: #808080;\">Pomoc ludziom biednym w op\u0142aceniu leczenia oraz zakup \u017cywno\u015bci &#8211; Siostry Naj\u015bw. Duszy Chrystusa z Abong-Mbang<\/span><\/h3>\n","protected":false},"excerpt":{"rendered":"<p><strong>Projekt:\u00a0<\/strong> s. Nazariusza \u017buczek, <a href=\"http:\/\/duszajezusa.pl\/\" target=\"_blank\" rel=\"noopener noreferrer\">Zgromadzenie Si\u00f3str Naj\u015bwi\u0119tszej Duszy Chrystusa Pana<\/a><br \/>\n<strong>Misja:<\/strong> Abong Mbang, <a href=\"https:\/\/www.maitri.pl\/gdzie-pomagamy\/\" target=\"_blank\" rel=\"noopener noreferrer\">Kamerun<\/a><br \/>\n<strong>Kwota projektu: <span style=\"color: #ff0000;\">3780 \u20ac<\/span><\/strong><\/p>\n","protected":false},"featured_media":23133,"template":"","meta":[],"product_brand":[],"product_cat":[656],"product_tag":[662,658,837,660],"class_list":{"0":"post-23132","1":"product","2":"type-product","3":"status-publish","4":"has-post-thumbnail","6":"product_cat-bez-kategorii","7":"product_tag-abong-mbang","8":"product_tag-kamerun","9":"product_tag-siostra-nazariusza-zuczek","10":"product_tag-zgromadzenie-siostr-najswietszej-duszy-chrystusa-pana","12":"first","13":"instock","14":"virtual","15":"purchasable","16":"product-type-simple"},"yoast_head":"<!-- This site is optimized with the Yoast SEO plugin v27.2 - https:\/\/yoast.com\/product\/yoast-seo-wordpress\/ -->\n<title>Pomoc ludziom biednym w op\u0142aceniu leczenia oraz zakup \u017cywno\u015bci<\/title>\n<meta name=\"description\" content=\"Pomoc ludziom biednym w op\u0142aceniu leczenia oraz zakup \u017cywno\u015bci. Projekt prowadz\u0105 Siostry Naj\u015bw. Duszy Chrystusa z misji w Abong-Mbang, Kamerun.\" \/>\n<meta name=\"robots\" content=\"index, follow, max-snippet:-1, max-image-preview:large, max-video-preview:-1\" \/>\n<link rel=\"canonical\" href=\"https:\/\/www.maitri.pl\/projekt\/pomoc-ludziom-biednym-abong-mbang\/\" \/>\n<meta property=\"og:locale\" content=\"fr_FR\" \/>\n<meta property=\"og:type\" content=\"article\" \/>\n<meta property=\"og:title\" content=\"Pomoc ludziom biednym w op\u0142aceniu leczenia oraz zakup \u017cywno\u015bci\" \/>\n<meta property=\"og:description\" content=\"Pomoc ludziom biednym w op\u0142aceniu leczenia oraz zakup \u017cywno\u015bci. Projekt prowadz\u0105 Siostry Naj\u015bw. Duszy Chrystusa z misji w Abong-Mbang, Kamerun.\" \/>\n<meta property=\"og:url\" content=\"https:\/\/www.maitri.pl\/projekt\/pomoc-ludziom-biednym-abong-mbang\/\" \/>\n<meta property=\"og:site_name\" content=\"Ruch Maitri - Adopcja Serca pomoc Afryce\" \/>\n<meta property=\"article:publisher\" content=\"https:\/\/www.facebook.com\/MAITRI.Adopcja.Serca.dzieci.Afryki\/\" \/>\n<meta property=\"article:modified_time\" content=\"2023-02-10T11:24:07+00:00\" \/>\n<meta property=\"og:image\" content=\"https:\/\/www.maitri.pl\/wp-content\/uploads\/2021\/07\/148-chrys-scaled.jpg\" \/>\n\t<meta property=\"og:image:width\" content=\"2560\" \/>\n\t<meta property=\"og:image:height\" content=\"1920\" \/>\n\t<meta property=\"og:image:type\" content=\"image\/jpeg\" \/>\n<meta name=\"twitter:card\" content=\"summary_large_image\" \/>\n<meta name=\"twitter:label1\" content=\"Dur\u00e9e de lecture estim\u00e9e\" \/>\n\t<meta name=\"twitter:data1\" content=\"2 minutes\" \/>\n<script type=\"application\/ld+json\" class=\"yoast-schema-graph\">{\"@context\":\"https:\/\/schema.org\",\"@graph\":[{\"@type\":\"WebPage\",\"@id\":\"https:\/\/www.maitri.pl\/projekt\/pomoc-ludziom-biednym-abong-mbang\/\",\"url\":\"https:\/\/www.maitri.pl\/projekt\/pomoc-ludziom-biednym-abong-mbang\/\",\"name\":\"Pomoc ludziom biednym w op\u0142aceniu leczenia oraz zakup \u017cywno\u015bci\",\"isPartOf\":{\"@id\":\"https:\/\/www.maitri.pl\/#website\"},\"primaryImageOfPage\":{\"@id\":\"https:\/\/www.maitri.pl\/projekt\/pomoc-ludziom-biednym-abong-mbang\/#primaryimage\"},\"image\":{\"@id\":\"https:\/\/www.maitri.pl\/projekt\/pomoc-ludziom-biednym-abong-mbang\/#primaryimage\"},\"thumbnailUrl\":\"https:\/\/www.maitri.pl\/wp-content\/uploads\/2021\/07\/148-chrys-scaled.jpg\",\"datePublished\":\"2021-07-28T11:26:04+00:00\",\"dateModified\":\"2023-02-10T11:24:07+00:00\",\"description\":\"Pomoc ludziom biednym w op\u0142aceniu leczenia oraz zakup \u017cywno\u015bci. Projekt prowadz\u0105 Siostry Naj\u015bw. Duszy Chrystusa z misji w Abong-Mbang, Kamerun.\",\"breadcrumb\":{\"@id\":\"https:\/\/www.maitri.pl\/projekt\/pomoc-ludziom-biednym-abong-mbang\/#breadcrumb\"},\"inLanguage\":\"fr-FR\",\"potentialAction\":[{\"@type\":\"ReadAction\",\"target\":[\"https:\/\/www.maitri.pl\/projekt\/pomoc-ludziom-biednym-abong-mbang\/\"]}]},{\"@type\":\"ImageObject\",\"inLanguage\":\"fr-FR\",\"@id\":\"https:\/\/www.maitri.pl\/projekt\/pomoc-ludziom-biednym-abong-mbang\/#primaryimage\",\"url\":\"https:\/\/www.maitri.pl\/wp-content\/uploads\/2021\/07\/148-chrys-scaled.jpg\",\"contentUrl\":\"https:\/\/www.maitri.pl\/wp-content\/uploads\/2021\/07\/148-chrys-scaled.jpg\",\"width\":2560,\"height\":1920,\"caption\":\"pomoc ludziom biednym Abong Mabgn Ruch Maitri Adopcja Serca 01\"},{\"@type\":\"BreadcrumbList\",\"@id\":\"https:\/\/www.maitri.pl\/projekt\/pomoc-ludziom-biednym-abong-mbang\/#breadcrumb\",\"itemListElement\":[{\"@type\":\"ListItem\",\"position\":1,\"name\":\"Strona g\u0142\u00f3wna\",\"item\":\"https:\/\/www.maitri.pl\/\"},{\"@type\":\"ListItem\",\"position\":2,\"name\":\"Sklep\",\"item\":\"https:\/\/www.maitri.pl\/sklep\/\"},{\"@type\":\"ListItem\",\"position\":3,\"name\":\"Pomoc ludziom biednym w op\u0142aceniu leczenia oraz zakup \u017cywno\u015bci\"}]},{\"@type\":\"WebSite\",\"@id\":\"https:\/\/www.maitri.pl\/#website\",\"url\":\"https:\/\/www.maitri.pl\/\",\"name\":\"Adopcja Serca Maitri \u2013 pomoc dzieciom w Afryce\",\"description\":\"Adopcja Serca \u2013 adopcja na odleg\u0142o\u015b\u0107, pomoc Afryce, do\u017cywianie i edukacja w Afryce\",\"publisher\":{\"@id\":\"https:\/\/www.maitri.pl\/#organization\"},\"potentialAction\":[{\"@type\":\"SearchAction\",\"target\":{\"@type\":\"EntryPoint\",\"urlTemplate\":\"https:\/\/www.maitri.pl\/?s={search_term_string}\"},\"query-input\":{\"@type\":\"PropertyValueSpecification\",\"valueRequired\":true,\"valueName\":\"search_term_string\"}}],\"inLanguage\":\"fr-FR\"},{\"@type\":\"Organization\",\"@id\":\"https:\/\/www.maitri.pl\/#organization\",\"name\":\"Stowarzyszenie Ruchu Maitri\",\"url\":\"https:\/\/www.maitri.pl\/\",\"logo\":{\"@type\":\"ImageObject\",\"inLanguage\":\"fr-FR\",\"@id\":\"https:\/\/www.maitri.pl\/#\/schema\/logo\/image\/\",\"url\":\"https:\/\/www.maitri.pl\/wp-content\/uploads\/2020\/04\/duze_logo-81.png\",\"contentUrl\":\"https:\/\/www.maitri.pl\/wp-content\/uploads\/2020\/04\/duze_logo-81.png\",\"width\":339,\"height\":321,\"caption\":\"Stowarzyszenie Ruchu Maitri\"},\"image\":{\"@id\":\"https:\/\/www.maitri.pl\/#\/schema\/logo\/image\/\"},\"sameAs\":[\"https:\/\/www.facebook.com\/MAITRI.Adopcja.Serca.dzieci.Afryki\/\"]}]}<\/script>\n<!-- \/ Yoast SEO plugin. -->","yoast_head_json":{"title":"Pomoc ludziom biednym w op\u0142aceniu leczenia oraz zakup \u017cywno\u015bci","description":"Pomoc ludziom biednym w op\u0142aceniu leczenia oraz zakup \u017cywno\u015bci. Projekt prowadz\u0105 Siostry Naj\u015bw. Duszy Chrystusa z misji w Abong-Mbang, Kamerun.","robots":{"index":"index","follow":"follow","max-snippet":"max-snippet:-1","max-image-preview":"max-image-preview:large","max-video-preview":"max-video-preview:-1"},"canonical":"https:\/\/www.maitri.pl\/projekt\/pomoc-ludziom-biednym-abong-mbang\/","og_locale":"fr_FR","og_type":"article","og_title":"Pomoc ludziom biednym w op\u0142aceniu leczenia oraz zakup \u017cywno\u015bci","og_description":"Pomoc ludziom biednym w op\u0142aceniu leczenia oraz zakup \u017cywno\u015bci. Projekt prowadz\u0105 Siostry Naj\u015bw. Duszy Chrystusa z misji w Abong-Mbang, Kamerun.","og_url":"https:\/\/www.maitri.pl\/projekt\/pomoc-ludziom-biednym-abong-mbang\/","og_site_name":"Ruch Maitri - Adopcja Serca pomoc Afryce","article_publisher":"https:\/\/www.facebook.com\/MAITRI.Adopcja.Serca.dzieci.Afryki\/","article_modified_time":"2023-02-10T11:24:07+00:00","og_image":[{"width":2560,"height":1920,"url":"https:\/\/www.maitri.pl\/wp-content\/uploads\/2021\/07\/148-chrys-scaled.jpg","type":"image\/jpeg"}],"twitter_card":"summary_large_image","twitter_misc":{"Dur\u00e9e de lecture estim\u00e9e":"2 minutes"},"schema":{"@context":"https:\/\/schema.org","@graph":[{"@type":"WebPage","@id":"https:\/\/www.maitri.pl\/projekt\/pomoc-ludziom-biednym-abong-mbang\/","url":"https:\/\/www.maitri.pl\/projekt\/pomoc-ludziom-biednym-abong-mbang\/","name":"Pomoc ludziom biednym w op\u0142aceniu leczenia oraz zakup \u017cywno\u015bci","isPartOf":{"@id":"https:\/\/www.maitri.pl\/#website"},"primaryImageOfPage":{"@id":"https:\/\/www.maitri.pl\/projekt\/pomoc-ludziom-biednym-abong-mbang\/#primaryimage"},"image":{"@id":"https:\/\/www.maitri.pl\/projekt\/pomoc-ludziom-biednym-abong-mbang\/#primaryimage"},"thumbnailUrl":"https:\/\/www.maitri.pl\/wp-content\/uploads\/2021\/07\/148-chrys-scaled.jpg","datePublished":"2021-07-28T11:26:04+00:00","dateModified":"2023-02-10T11:24:07+00:00","description":"Pomoc ludziom biednym w op\u0142aceniu leczenia oraz zakup \u017cywno\u015bci. Projekt prowadz\u0105 Siostry Naj\u015bw. Duszy Chrystusa z misji w Abong-Mbang, Kamerun.","breadcrumb":{"@id":"https:\/\/www.maitri.pl\/projekt\/pomoc-ludziom-biednym-abong-mbang\/#breadcrumb"},"inLanguage":"fr-FR","potentialAction":[{"@type":"ReadAction","target":["https:\/\/www.maitri.pl\/projekt\/pomoc-ludziom-biednym-abong-mbang\/"]}]},{"@type":"ImageObject","inLanguage":"fr-FR","@id":"https:\/\/www.maitri.pl\/projekt\/pomoc-ludziom-biednym-abong-mbang\/#primaryimage","url":"https:\/\/www.maitri.pl\/wp-content\/uploads\/2021\/07\/148-chrys-scaled.jpg","contentUrl":"https:\/\/www.maitri.pl\/wp-content\/uploads\/2021\/07\/148-chrys-scaled.jpg","width":2560,"height":1920,"caption":"pomoc ludziom biednym Abong Mabgn Ruch Maitri Adopcja Serca 01"},{"@type":"BreadcrumbList","@id":"https:\/\/www.maitri.pl\/projekt\/pomoc-ludziom-biednym-abong-mbang\/#breadcrumb","itemListElement":[{"@type":"ListItem","position":1,"name":"Strona g\u0142\u00f3wna","item":"https:\/\/www.maitri.pl\/"},{"@type":"ListItem","position":2,"name":"Sklep","item":"https:\/\/www.maitri.pl\/sklep\/"},{"@type":"ListItem","position":3,"name":"Pomoc ludziom biednym w op\u0142aceniu leczenia oraz zakup \u017cywno\u015bci"}]},{"@type":"WebSite","@id":"https:\/\/www.maitri.pl\/#website","url":"https:\/\/www.maitri.pl\/","name":"Adopcja Serca Maitri \u2013 pomoc dzieciom w Afryce","description":"Adopcja Serca \u2013 adopcja na odleg\u0142o\u015b\u0107, pomoc Afryce, do\u017cywianie i edukacja w Afryce","publisher":{"@id":"https:\/\/www.maitri.pl\/#organization"},"potentialAction":[{"@type":"SearchAction","target":{"@type":"EntryPoint","urlTemplate":"https:\/\/www.maitri.pl\/?s={search_term_string}"},"query-input":{"@type":"PropertyValueSpecification","valueRequired":true,"valueName":"search_term_string"}}],"inLanguage":"fr-FR"},{"@type":"Organization","@id":"https:\/\/www.maitri.pl\/#organization","name":"Stowarzyszenie Ruchu Maitri","url":"https:\/\/www.maitri.pl\/","logo":{"@type":"ImageObject","inLanguage":"fr-FR","@id":"https:\/\/www.maitri.pl\/#\/schema\/logo\/image\/","url":"https:\/\/www.maitri.pl\/wp-content\/uploads\/2020\/04\/duze_logo-81.png","contentUrl":"https:\/\/www.maitri.pl\/wp-content\/uploads\/2020\/04\/duze_logo-81.png","width":339,"height":321,"caption":"Stowarzyszenie Ruchu Maitri"},"image":{"@id":"https:\/\/www.maitri.pl\/#\/schema\/logo\/image\/"},"sameAs":["https:\/\/www.facebook.com\/MAITRI.Adopcja.Serca.dzieci.Afryki\/"]}]}},"_links":{"self":[{"href":"https:\/\/www.maitri.pl\/fr\/wp-json\/wp\/v2\/product\/23132","targetHints":{"allow":["GET"]}}],"collection":[{"href":"https:\/\/www.maitri.pl\/fr\/wp-json\/wp\/v2\/product"}],"about":[{"href":"https:\/\/www.maitri.pl\/fr\/wp-json\/wp\/v2\/types\/product"}],"wp:featuredmedia":[{"embeddable":true,"href":"https:\/\/www.maitri.pl\/fr\/wp-json\/wp\/v2\/media\/23133"}],"wp:attachment":[{"href":"https:\/\/www.maitri.pl\/fr\/wp-json\/wp\/v2\/media?parent=23132"}],"wp:term":[{"taxonomy":"product_brand","embeddable":true,"href":"https:\/\/www.maitri.pl\/fr\/wp-json\/wp\/v2\/product_brand?post=23132"},{"taxonomy":"product_cat","embeddable":true,"href":"https:\/\/www.maitri.pl\/fr\/wp-json\/wp\/v2\/product_cat?post=23132"},{"taxonomy":"product_tag","embeddable":true,"href":"https:\/\/www.maitri.pl\/fr\/wp-json\/wp\/v2\/product_tag?post=23132"}],"curies":[{"name":"wp","href":"https:\/\/api.w.org\/{rel}","templated":true}]}}