{"id":23116,"date":"2021-07-28T10:08:34","date_gmt":"2021-07-28T08:08:34","guid":{"rendered":"https:\/\/www.maitri.pl\/?post_type=product&#038;p=23116"},"modified":"2023-02-10T12:24:29","modified_gmt":"2023-02-10T11:24:29","slug":"dozywianie-srodki-higieny-lubumbashi","status":"publish","type":"product","link":"https:\/\/www.maitri.pl\/fr\/projekt\/dozywianie-srodki-higieny-lubumbashi\/","title":{"rendered":"Do\u017cywianie oraz \u015brodki higieny dla 36 dzieci z sieroci\u0144ca w Lubumbashi w DR Kongo"},"content":{"rendered":"<h4>Znik\u0105d pomocy<\/h4>\n<p>Otrzymali\u015bmy przejmuj\u0105cy list z Lubumbashi: \u00ab\u00a0Sierociniec spotka\u0142 si\u0119 z wieloma trudno\u015bciami podczas pandemii i zwa\u017cywszy na przebyte do\u015bwiadczenie pierwszej fali koronawirusa, gdy nie by\u0142o prawie nikogo, kto pom\u00f3g\u0142by dzieciom, jedynie wsparcie z Maitri i programu <a href=\"https:\/\/www.maitri.pl\/adopcja-serca\/\" target=\"_blank\" rel=\"noopener\">Adopcja Serca<\/a> pozwoli\u0142o nam na zakupienie \u017cywno\u015bci na 4 miesi\u0105ce. Zapas prawie si\u0119 sko\u0144czy\u0142, a druga fala dotkn\u0119\u0142a nas jeszcze bardziej, jak r\u00f3wnie\u017c cz\u0119\u015b\u0107 z ofiarodawc\u00f3w, wspieraj\u0105cych nasz sierociniec. Dlatego apelujemy o kontynuacj\u0119 akcji do\u017cywiania oraz \u015brodki higieny dla 36 dzieci z naszego sieroci\u0144ca.<\/p>\n<h4>Ta\u0144sza \u017cywno\u015b\u0107<\/h4>\n<p>Dzi\u0119ki tej pomocy b\u0119dziemy w stanie kupi\u0107 produkty \u017cywno\u015bciowe na ponad 5 miesi\u0119cy. Korzystn\u0105 stron\u0105 nabycia rzeczy w tym okresie zbior\u00f3w jest to, \u017ce na rynku jest teraz du\u017co produkt\u00f3w rolnych, a ich ceny s\u0105 rozs\u0105dne. Deszcz powoduje podwojenie cen. Beneficjentami tej pomocy b\u0119dzie 36 dzieci oraz 10 wolontariuszy, kt\u00f3rzy przychodz\u0105 pomaga\u0107 dzieciom w r\u00f3\u017cnych dniach. W tym okresie koronawirusa, sierociniec prze\u017cywa trudno\u015bci w wy\u017cywieniu sierot, gdy\u017c dotkn\u0105\u0142 nas kryzys spo\u0142eczno-ekonomiczny spowodowany pandemi\u0105, kt\u00f3ra dotkn\u0119\u0142a wszystkie kraje, a w szczeg\u00f3lno\u015bci nasz, poprzez podwy\u017ck\u0119 cen produkt\u00f3w \u017cywno\u015bciowych. Poza tym, w tym roku stracili\u015bmy osoby, kt\u00f3re wspiera\u0142y lokalnie sierociniec \u017cywno\u015bci\u0105 i ubraniami, w tym naszego arcybiskupa, kt\u00f3ry by\u0142 wielkim wsparciem, r\u00f3wnie\u017c moralnym i duchowym.<\/p>\n<p>Jeste\u015bmy wdzi\u0119czni <a href=\"https:\/\/www.maitri.pl\/adopcja-serca\/\" target=\"_blank\" rel=\"noopener\">Maitri<\/a> za ci\u0105g\u0142e starania o wsparcie sieroci\u0144ca. Z ca\u0142ego serca dzi\u0119kujemy.\u00a0\u00bb<\/p>\n<p>Therese Manyingu, Parafia \u015bw. Andrzeja Kima, <a href=\"https:\/\/pl.wikipedia.org\/wiki\/Lubumbashi\" target=\"_blank\" rel=\"noopener\">Lubumbashi<\/a>, <a href=\"https:\/\/www.maitri.pl\/gdzie-pomagamy\/\" target=\"_blank\" rel=\"noopener\">DR Kongo<\/a><\/p>\n<table style=\"height: 1692px;\" width=\"681\">\n<tbody>\n<tr>\n<td colspan=\"6\" width=\"643\">\n<h4><strong>Kosztorys<\/strong><\/h4>\n<\/td>\n<\/tr>\n<tr>\n<td colspan=\"2\" width=\"34\">LP<\/td>\n<td width=\"202\"><strong>OPIS<\/strong><\/td>\n<td width=\"123\">Jednostki miary<\/td>\n<td width=\"116\"><strong>Cena<\/strong>\u00a0\u00a0\u00a0\u00a0\u00a0\u00a0\u00a0\u00a0\u00a0\u00a0\u00a0\u00a0\u00a0\u00a0\u00a0\u00a0 (w miejscowej walucie)<\/td>\n<td width=\"167\"><strong>Kwota\u00a0\u00a0\u00a0\u00a0\u00a0\u00a0\u00a0\u00a0\u00a0\u00a0\u00a0\u00a0\u00a0\u00a0\u00a0\u00a0\u00a0\u00a0\u00a0 <\/strong><\/p>\n<p><strong>\u00a0 <\/strong>(w miejscowej walucie)<\/td>\n<\/tr>\n<tr>\n<td width=\"33\">1<\/td>\n<td colspan=\"2\" width=\"203\">Cukier<\/td>\n<td width=\"123\">1 worek<\/td>\n<td width=\"116\">130.000<\/td>\n<td width=\"167\">130.000<\/td>\n<\/tr>\n<tr>\n<td width=\"33\">2<\/td>\n<td colspan=\"2\" width=\"203\">Chleb<\/td>\n<td width=\"123\">30 opakowa\u0144<\/td>\n<td width=\"116\">10.000<\/td>\n<td width=\"167\">300.000<\/td>\n<\/tr>\n<tr>\n<td width=\"33\">3<\/td>\n<td colspan=\"2\" width=\"203\">Soja<\/td>\n<td width=\"123\">20 kg<\/td>\n<td width=\"116\">22.000<\/td>\n<td width=\"167\">440.000<\/td>\n<\/tr>\n<tr>\n<td width=\"33\">4<\/td>\n<td colspan=\"2\" width=\"203\">Mleko COWBELL<\/td>\n<td width=\"123\">3 opakowania po 5 kg<\/td>\n<td width=\"116\">50.000<\/td>\n<td width=\"167\">150.000<\/td>\n<\/tr>\n<tr>\n<td width=\"33\">5<\/td>\n<td colspan=\"2\" width=\"203\">Opa\u0142<\/td>\n<td width=\"123\">10 work\u00f3w<\/td>\n<td width=\"116\">60.000<\/td>\n<td width=\"167\">1200.000<\/td>\n<\/tr>\n<tr>\n<td width=\"33\">6<\/td>\n<td colspan=\"2\" width=\"203\">M\u0105ka<\/td>\n<td width=\"123\">12 work\u00f3w<\/td>\n<td width=\"116\">60.000<\/td>\n<td width=\"167\">720.000<\/td>\n<\/tr>\n<tr>\n<td width=\"33\">7<\/td>\n<td colspan=\"2\" width=\"203\">Warzywa<\/td>\n<td width=\"123\">20 kg<\/td>\n<td width=\"116\">8.000<\/td>\n<td width=\"167\">160.000<\/td>\n<\/tr>\n<tr>\n<td width=\"33\">8<\/td>\n<td colspan=\"2\" width=\"203\">Ryby<\/td>\n<td width=\"123\">2 kartony<\/td>\n<td width=\"116\">120.000<\/td>\n<td width=\"167\">240.000<\/td>\n<\/tr>\n<tr>\n<td width=\"33\">9<\/td>\n<td colspan=\"2\" width=\"203\">Ma\u0142e ryby<\/td>\n<td width=\"123\">15 kg<\/td>\n<td width=\"116\">7.000<\/td>\n<td width=\"167\">105.000<\/td>\n<\/tr>\n<tr>\n<td width=\"33\">10<\/td>\n<td colspan=\"2\" width=\"203\">Olej ro\u015blinny<\/td>\n<td width=\"123\">2 bidony<\/td>\n<td width=\"116\">60.000<\/td>\n<td width=\"167\">120.000<\/td>\n<\/tr>\n<tr>\n<td width=\"33\">11<\/td>\n<td colspan=\"2\" width=\"203\">Olej palmowy<\/td>\n<td width=\"123\">2 bidony<\/td>\n<td width=\"116\">50.000<\/td>\n<td width=\"167\">100.000<\/td>\n<\/tr>\n<tr>\n<td width=\"33\">12<\/td>\n<td colspan=\"2\" width=\"203\">Fasola<\/td>\n<td width=\"123\">50 kg<\/td>\n<td width=\"116\">6.000<\/td>\n<td width=\"167\">300.000<\/td>\n<\/tr>\n<tr>\n<td width=\"33\">13<\/td>\n<td colspan=\"2\" width=\"203\">Orzeszki ziemne<\/td>\n<td width=\"123\">10 kg<\/td>\n<td width=\"116\">8.000<\/td>\n<td width=\"167\">80.000<\/td>\n<\/tr>\n<tr>\n<td width=\"33\">14<\/td>\n<td colspan=\"2\" width=\"203\">Kurczak<\/td>\n<td width=\"123\">2 kartony<\/td>\n<td width=\"116\">70.000<\/td>\n<td width=\"167\">140.000<\/td>\n<\/tr>\n<tr>\n<td width=\"33\">15<\/td>\n<td colspan=\"2\" width=\"203\">Ry\u017c<\/td>\n<td width=\"123\">3 worki<\/td>\n<td width=\"116\">65.000<\/td>\n<td width=\"167\">195.000<\/td>\n<\/tr>\n<tr>\n<td width=\"33\">16<\/td>\n<td colspan=\"2\" width=\"203\">Bataty<\/td>\n<td width=\"123\">2 worki<\/td>\n<td width=\"116\">80.000<\/td>\n<td width=\"167\">160.000<\/td>\n<\/tr>\n<tr>\n<td width=\"33\">17<\/td>\n<td colspan=\"2\" width=\"203\">Udko<\/td>\n<td width=\"123\">2 kartony<\/td>\n<td width=\"116\">75.000<\/td>\n<td width=\"167\">150.000<\/td>\n<\/tr>\n<tr>\n<td width=\"33\">18<\/td>\n<td colspan=\"2\" width=\"203\">Przybory toaletowe<\/td>\n<td width=\"123\">Zestaw<\/td>\n<td width=\"116\">250.000<\/td>\n<td width=\"167\">230.000<\/td>\n<\/tr>\n<tr>\n<td width=\"33\">19<\/td>\n<td colspan=\"2\" width=\"203\">Myd\u0142o do r\u0105k w p\u0142ynie<\/td>\n<td width=\"123\">4 bidony<\/td>\n<td width=\"116\">20.000<\/td>\n<td width=\"167\">80.000<\/td>\n<\/tr>\n<tr>\n<td width=\"33\">20<\/td>\n<td colspan=\"2\" width=\"203\">Myd\u0142o Munganga<\/td>\n<td width=\"123\">5 karton\u00f3w<\/td>\n<td width=\"116\">25.000<\/td>\n<td width=\"167\">125.000<\/td>\n<\/tr>\n<tr>\n<td width=\"33\">21<\/td>\n<td colspan=\"2\" width=\"203\">Transport i roz\u0142adowanie zakup\u00f3w<\/td>\n<td width=\"123\"><\/td>\n<td width=\"116\"><\/td>\n<td width=\"167\">125.000<\/td>\n<\/tr>\n<tr>\n<td width=\"33\">22<\/td>\n<td colspan=\"2\" width=\"203\">Koszty bankowe<\/td>\n<td width=\"123\"><\/td>\n<td width=\"116\"><\/td>\n<td width=\"167\">150.000<\/td>\n<\/tr>\n<tr>\n<td width=\"33\"><\/td>\n<td colspan=\"2\" width=\"203\"><strong>PODSUMOWANIE <\/strong>(w miejscowej walucie)<\/td>\n<td width=\"123\">&nbsp;<\/p>\n<p>&nbsp;<\/td>\n<td width=\"116\"><\/td>\n<td width=\"167\">\u00a0<strong>4.800.000<\/strong><strong> frank\u00f3w CFA<\/strong><\/td>\n<\/tr>\n<tr>\n<td width=\"31\"><\/td>\n<td width=\"1\"><\/td>\n<td width=\"181\"><\/td>\n<td width=\"110\"><\/td>\n<td width=\"96\"><\/td>\n<td width=\"132\"><\/td>\n<\/tr>\n<\/tbody>\n<\/table>\n<p><b style=\"font-size: large; color: #ff0000;\">Kwota: 2220 \u20ac <\/b><\/p>\n<p style=\"text-align: justify;\"><strong>Podsumowanie w miejscowej walucie &#8211; 4.800.000 FC<\/strong><\/p>\n<p style=\"text-align: justify;\" align=\"JUSTIFY\">Numer projektu: <strong>06\/PARAK<\/strong><\/p>\n<p style=\"text-align: justify;\" align=\"JUSTIFY\"><span style=\"color: #808080;\">Stowarzyszenie Ruchu\u00a0<em>Maitri<\/em> przeznacza do 10% otrzymanych \u015brodk\u00f3w na koszty funkcjonowania biura i pozyskiwanie funduszy pomocowych. <\/span><\/p>\n<h3 style=\"text-align: justify;\" align=\"JUSTIFY\"><span style=\"color: #808080;\">Do\u017cywianie oraz \u015brodki higieny dla 36 dzieci z sieroci\u0144ca w Lubumbashi w DR Kongo<\/span><\/h3>\n","protected":false},"excerpt":{"rendered":"<p><strong>Projekt:<\/strong> Therese Manyingu, Parafia \u015bw. Andrzeja Kima<br \/>\n<strong>Misja:<\/strong> <a href=\"https:\/\/www.maitri.pl\/gdzie-pomagamy\/\" target=\"_blank\" rel=\"noopener noreferrer\">Lubumbashi, DR Kongo<\/a><br \/>\n<strong>Kwota projektu:<\/strong> <span style=\"color: #ff0000;\"><strong>2220 \u20ac<\/strong><\/span><\/p>\n","protected":false},"featured_media":23117,"template":"","meta":[],"product_brand":[],"product_cat":[656],"product_tag":[890,690,692,891,892],"class_list":{"0":"post-23116","1":"product","2":"type-product","3":"status-publish","4":"has-post-thumbnail","6":"product_cat-bez-kategorii","7":"product_tag-centrum-afeoa","8":"product_tag-dr-kongo","9":"product_tag-lubumbashi","10":"product_tag-sierociniec","11":"product_tag-therese-manyingu","13":"first","14":"instock","15":"virtual","16":"purchasable","17":"product-type-simple"},"yoast_head":"<!-- This site is optimized with the Yoast SEO plugin v27.2 - https:\/\/yoast.com\/product\/yoast-seo-wordpress\/ -->\n<title>Do\u017cywianie oraz \u015brodki higieny dla 36 dzieci z sieroci\u0144ca w Lubumbashi<\/title>\n<meta name=\"description\" content=\"Do\u017cywianie oraz \u015brodki higieny dla 36 dzieci z sieroci\u0144ca w Lubumbashi w DR Kongo. \u015arodki zbiera pani Therese z parafii \u015bw. Andrzeja w tym mie\u015bcie.\" \/>\n<meta name=\"robots\" content=\"index, follow, max-snippet:-1, max-image-preview:large, max-video-preview:-1\" \/>\n<link rel=\"canonical\" href=\"https:\/\/www.maitri.pl\/projekt\/dozywianie-srodki-higieny-lubumbashi\/\" \/>\n<meta property=\"og:locale\" content=\"fr_FR\" \/>\n<meta property=\"og:type\" content=\"article\" \/>\n<meta property=\"og:title\" content=\"Do\u017cywianie oraz \u015brodki higieny dla 36 dzieci z sieroci\u0144ca w Lubumbashi\" \/>\n<meta property=\"og:description\" content=\"Do\u017cywianie oraz \u015brodki higieny dla 36 dzieci z sieroci\u0144ca w Lubumbashi w DR Kongo. \u015arodki zbiera pani Therese z parafii \u015bw. Andrzeja w tym mie\u015bcie.\" \/>\n<meta property=\"og:url\" content=\"https:\/\/www.maitri.pl\/projekt\/dozywianie-srodki-higieny-lubumbashi\/\" \/>\n<meta property=\"og:site_name\" content=\"Ruch Maitri - Adopcja Serca pomoc Afryce\" \/>\n<meta property=\"article:publisher\" content=\"https:\/\/www.facebook.com\/MAITRI.Adopcja.Serca.dzieci.Afryki\/\" \/>\n<meta property=\"article:modified_time\" content=\"2023-02-10T11:24:29+00:00\" \/>\n<meta property=\"og:image\" content=\"https:\/\/www.maitri.pl\/wp-content\/uploads\/2021\/07\/06-parak.jpg\" \/>\n\t<meta property=\"og:image:width\" content=\"1080\" \/>\n\t<meta property=\"og:image:height\" content=\"810\" \/>\n\t<meta property=\"og:image:type\" content=\"image\/jpeg\" \/>\n<meta name=\"twitter:card\" content=\"summary_large_image\" \/>\n<meta name=\"twitter:label1\" content=\"Dur\u00e9e de lecture estim\u00e9e\" \/>\n\t<meta name=\"twitter:data1\" content=\"2 minutes\" \/>\n<script type=\"application\/ld+json\" class=\"yoast-schema-graph\">{\"@context\":\"https:\/\/schema.org\",\"@graph\":[{\"@type\":\"WebPage\",\"@id\":\"https:\/\/www.maitri.pl\/projekt\/dozywianie-srodki-higieny-lubumbashi\/\",\"url\":\"https:\/\/www.maitri.pl\/projekt\/dozywianie-srodki-higieny-lubumbashi\/\",\"name\":\"Do\u017cywianie oraz \u015brodki higieny dla 36 dzieci z sieroci\u0144ca w Lubumbashi\",\"isPartOf\":{\"@id\":\"https:\/\/www.maitri.pl\/#website\"},\"primaryImageOfPage\":{\"@id\":\"https:\/\/www.maitri.pl\/projekt\/dozywianie-srodki-higieny-lubumbashi\/#primaryimage\"},\"image\":{\"@id\":\"https:\/\/www.maitri.pl\/projekt\/dozywianie-srodki-higieny-lubumbashi\/#primaryimage\"},\"thumbnailUrl\":\"https:\/\/www.maitri.pl\/wp-content\/uploads\/2021\/07\/06-parak.jpg\",\"datePublished\":\"2021-07-28T08:08:34+00:00\",\"dateModified\":\"2023-02-10T11:24:29+00:00\",\"description\":\"Do\u017cywianie oraz \u015brodki higieny dla 36 dzieci z sieroci\u0144ca w Lubumbashi w DR Kongo. \u015arodki zbiera pani Therese z parafii \u015bw. Andrzeja w tym mie\u015bcie.\",\"breadcrumb\":{\"@id\":\"https:\/\/www.maitri.pl\/projekt\/dozywianie-srodki-higieny-lubumbashi\/#breadcrumb\"},\"inLanguage\":\"fr-FR\",\"potentialAction\":[{\"@type\":\"ReadAction\",\"target\":[\"https:\/\/www.maitri.pl\/projekt\/dozywianie-srodki-higieny-lubumbashi\/\"]}]},{\"@type\":\"ImageObject\",\"inLanguage\":\"fr-FR\",\"@id\":\"https:\/\/www.maitri.pl\/projekt\/dozywianie-srodki-higieny-lubumbashi\/#primaryimage\",\"url\":\"https:\/\/www.maitri.pl\/wp-content\/uploads\/2021\/07\/06-parak.jpg\",\"contentUrl\":\"https:\/\/www.maitri.pl\/wp-content\/uploads\/2021\/07\/06-parak.jpg\",\"width\":1080,\"height\":810,\"caption\":\"Do\u017cywianie oraz \u015brodki higieny dla 36 dzieci z sieroci\u0144ca w Lubumbashi Adopcja Serca Ruch Maitri 01\"},{\"@type\":\"BreadcrumbList\",\"@id\":\"https:\/\/www.maitri.pl\/projekt\/dozywianie-srodki-higieny-lubumbashi\/#breadcrumb\",\"itemListElement\":[{\"@type\":\"ListItem\",\"position\":1,\"name\":\"Strona g\u0142\u00f3wna\",\"item\":\"https:\/\/www.maitri.pl\/\"},{\"@type\":\"ListItem\",\"position\":2,\"name\":\"Sklep\",\"item\":\"https:\/\/www.maitri.pl\/sklep\/\"},{\"@type\":\"ListItem\",\"position\":3,\"name\":\"Do\u017cywianie oraz \u015brodki higieny dla 36 dzieci z sieroci\u0144ca w Lubumbashi w DR Kongo\"}]},{\"@type\":\"WebSite\",\"@id\":\"https:\/\/www.maitri.pl\/#website\",\"url\":\"https:\/\/www.maitri.pl\/\",\"name\":\"Adopcja Serca Maitri \u2013 pomoc dzieciom w Afryce\",\"description\":\"Adopcja Serca \u2013 adopcja na odleg\u0142o\u015b\u0107, pomoc Afryce, do\u017cywianie i edukacja w Afryce\",\"publisher\":{\"@id\":\"https:\/\/www.maitri.pl\/#organization\"},\"potentialAction\":[{\"@type\":\"SearchAction\",\"target\":{\"@type\":\"EntryPoint\",\"urlTemplate\":\"https:\/\/www.maitri.pl\/?s={search_term_string}\"},\"query-input\":{\"@type\":\"PropertyValueSpecification\",\"valueRequired\":true,\"valueName\":\"search_term_string\"}}],\"inLanguage\":\"fr-FR\"},{\"@type\":\"Organization\",\"@id\":\"https:\/\/www.maitri.pl\/#organization\",\"name\":\"Stowarzyszenie Ruchu Maitri\",\"url\":\"https:\/\/www.maitri.pl\/\",\"logo\":{\"@type\":\"ImageObject\",\"inLanguage\":\"fr-FR\",\"@id\":\"https:\/\/www.maitri.pl\/#\/schema\/logo\/image\/\",\"url\":\"https:\/\/www.maitri.pl\/wp-content\/uploads\/2020\/04\/duze_logo-81.png\",\"contentUrl\":\"https:\/\/www.maitri.pl\/wp-content\/uploads\/2020\/04\/duze_logo-81.png\",\"width\":339,\"height\":321,\"caption\":\"Stowarzyszenie Ruchu Maitri\"},\"image\":{\"@id\":\"https:\/\/www.maitri.pl\/#\/schema\/logo\/image\/\"},\"sameAs\":[\"https:\/\/www.facebook.com\/MAITRI.Adopcja.Serca.dzieci.Afryki\/\"]}]}<\/script>\n<!-- \/ Yoast SEO plugin. -->","yoast_head_json":{"title":"Do\u017cywianie oraz \u015brodki higieny dla 36 dzieci z sieroci\u0144ca w Lubumbashi","description":"Do\u017cywianie oraz \u015brodki higieny dla 36 dzieci z sieroci\u0144ca w Lubumbashi w DR Kongo. \u015arodki zbiera pani Therese z parafii \u015bw. Andrzeja w tym mie\u015bcie.","robots":{"index":"index","follow":"follow","max-snippet":"max-snippet:-1","max-image-preview":"max-image-preview:large","max-video-preview":"max-video-preview:-1"},"canonical":"https:\/\/www.maitri.pl\/projekt\/dozywianie-srodki-higieny-lubumbashi\/","og_locale":"fr_FR","og_type":"article","og_title":"Do\u017cywianie oraz \u015brodki higieny dla 36 dzieci z sieroci\u0144ca w Lubumbashi","og_description":"Do\u017cywianie oraz \u015brodki higieny dla 36 dzieci z sieroci\u0144ca w Lubumbashi w DR Kongo. \u015arodki zbiera pani Therese z parafii \u015bw. Andrzeja w tym mie\u015bcie.","og_url":"https:\/\/www.maitri.pl\/projekt\/dozywianie-srodki-higieny-lubumbashi\/","og_site_name":"Ruch Maitri - Adopcja Serca pomoc Afryce","article_publisher":"https:\/\/www.facebook.com\/MAITRI.Adopcja.Serca.dzieci.Afryki\/","article_modified_time":"2023-02-10T11:24:29+00:00","og_image":[{"width":1080,"height":810,"url":"https:\/\/www.maitri.pl\/wp-content\/uploads\/2021\/07\/06-parak.jpg","type":"image\/jpeg"}],"twitter_card":"summary_large_image","twitter_misc":{"Dur\u00e9e de lecture estim\u00e9e":"2 minutes"},"schema":{"@context":"https:\/\/schema.org","@graph":[{"@type":"WebPage","@id":"https:\/\/www.maitri.pl\/projekt\/dozywianie-srodki-higieny-lubumbashi\/","url":"https:\/\/www.maitri.pl\/projekt\/dozywianie-srodki-higieny-lubumbashi\/","name":"Do\u017cywianie oraz \u015brodki higieny dla 36 dzieci z sieroci\u0144ca w Lubumbashi","isPartOf":{"@id":"https:\/\/www.maitri.pl\/#website"},"primaryImageOfPage":{"@id":"https:\/\/www.maitri.pl\/projekt\/dozywianie-srodki-higieny-lubumbashi\/#primaryimage"},"image":{"@id":"https:\/\/www.maitri.pl\/projekt\/dozywianie-srodki-higieny-lubumbashi\/#primaryimage"},"thumbnailUrl":"https:\/\/www.maitri.pl\/wp-content\/uploads\/2021\/07\/06-parak.jpg","datePublished":"2021-07-28T08:08:34+00:00","dateModified":"2023-02-10T11:24:29+00:00","description":"Do\u017cywianie oraz \u015brodki higieny dla 36 dzieci z sieroci\u0144ca w Lubumbashi w DR Kongo. \u015arodki zbiera pani Therese z parafii \u015bw. Andrzeja w tym mie\u015bcie.","breadcrumb":{"@id":"https:\/\/www.maitri.pl\/projekt\/dozywianie-srodki-higieny-lubumbashi\/#breadcrumb"},"inLanguage":"fr-FR","potentialAction":[{"@type":"ReadAction","target":["https:\/\/www.maitri.pl\/projekt\/dozywianie-srodki-higieny-lubumbashi\/"]}]},{"@type":"ImageObject","inLanguage":"fr-FR","@id":"https:\/\/www.maitri.pl\/projekt\/dozywianie-srodki-higieny-lubumbashi\/#primaryimage","url":"https:\/\/www.maitri.pl\/wp-content\/uploads\/2021\/07\/06-parak.jpg","contentUrl":"https:\/\/www.maitri.pl\/wp-content\/uploads\/2021\/07\/06-parak.jpg","width":1080,"height":810,"caption":"Do\u017cywianie oraz \u015brodki higieny dla 36 dzieci z sieroci\u0144ca w Lubumbashi Adopcja Serca Ruch Maitri 01"},{"@type":"BreadcrumbList","@id":"https:\/\/www.maitri.pl\/projekt\/dozywianie-srodki-higieny-lubumbashi\/#breadcrumb","itemListElement":[{"@type":"ListItem","position":1,"name":"Strona g\u0142\u00f3wna","item":"https:\/\/www.maitri.pl\/"},{"@type":"ListItem","position":2,"name":"Sklep","item":"https:\/\/www.maitri.pl\/sklep\/"},{"@type":"ListItem","position":3,"name":"Do\u017cywianie oraz \u015brodki higieny dla 36 dzieci z sieroci\u0144ca w Lubumbashi w DR Kongo"}]},{"@type":"WebSite","@id":"https:\/\/www.maitri.pl\/#website","url":"https:\/\/www.maitri.pl\/","name":"Adopcja Serca Maitri \u2013 pomoc dzieciom w Afryce","description":"Adopcja Serca \u2013 adopcja na odleg\u0142o\u015b\u0107, pomoc Afryce, do\u017cywianie i edukacja w Afryce","publisher":{"@id":"https:\/\/www.maitri.pl\/#organization"},"potentialAction":[{"@type":"SearchAction","target":{"@type":"EntryPoint","urlTemplate":"https:\/\/www.maitri.pl\/?s={search_term_string}"},"query-input":{"@type":"PropertyValueSpecification","valueRequired":true,"valueName":"search_term_string"}}],"inLanguage":"fr-FR"},{"@type":"Organization","@id":"https:\/\/www.maitri.pl\/#organization","name":"Stowarzyszenie Ruchu Maitri","url":"https:\/\/www.maitri.pl\/","logo":{"@type":"ImageObject","inLanguage":"fr-FR","@id":"https:\/\/www.maitri.pl\/#\/schema\/logo\/image\/","url":"https:\/\/www.maitri.pl\/wp-content\/uploads\/2020\/04\/duze_logo-81.png","contentUrl":"https:\/\/www.maitri.pl\/wp-content\/uploads\/2020\/04\/duze_logo-81.png","width":339,"height":321,"caption":"Stowarzyszenie Ruchu Maitri"},"image":{"@id":"https:\/\/www.maitri.pl\/#\/schema\/logo\/image\/"},"sameAs":["https:\/\/www.facebook.com\/MAITRI.Adopcja.Serca.dzieci.Afryki\/"]}]}},"_links":{"self":[{"href":"https:\/\/www.maitri.pl\/fr\/wp-json\/wp\/v2\/product\/23116","targetHints":{"allow":["GET"]}}],"collection":[{"href":"https:\/\/www.maitri.pl\/fr\/wp-json\/wp\/v2\/product"}],"about":[{"href":"https:\/\/www.maitri.pl\/fr\/wp-json\/wp\/v2\/types\/product"}],"wp:featuredmedia":[{"embeddable":true,"href":"https:\/\/www.maitri.pl\/fr\/wp-json\/wp\/v2\/media\/23117"}],"wp:attachment":[{"href":"https:\/\/www.maitri.pl\/fr\/wp-json\/wp\/v2\/media?parent=23116"}],"wp:term":[{"taxonomy":"product_brand","embeddable":true,"href":"https:\/\/www.maitri.pl\/fr\/wp-json\/wp\/v2\/product_brand?post=23116"},{"taxonomy":"product_cat","embeddable":true,"href":"https:\/\/www.maitri.pl\/fr\/wp-json\/wp\/v2\/product_cat?post=23116"},{"taxonomy":"product_tag","embeddable":true,"href":"https:\/\/www.maitri.pl\/fr\/wp-json\/wp\/v2\/product_tag?post=23116"}],"curies":[{"name":"wp","href":"https:\/\/api.w.org\/{rel}","templated":true}]}}