{"id":22777,"date":"2021-05-27T18:30:33","date_gmt":"2021-05-27T16:30:33","guid":{"rendered":"https:\/\/www.maitri.pl\/?post_type=product&#038;p=22777"},"modified":"2023-02-10T12:24:39","modified_gmt":"2023-02-10T11:24:39","slug":"walizki-liturgiczne-dla-2-diakonow-z-yaounde-w-kamerunie","status":"publish","type":"product","link":"https:\/\/www.maitri.pl\/fr\/projekt\/walizki-liturgiczne-dla-2-diakonow-z-yaounde-w-kamerunie\/","title":{"rendered":"Walizki liturgiczne dla 2 diakon\u00f3w z Yaounde w Kamerunie"},"content":{"rendered":"<h4>Duszpasterstwo w ci\u0105g\u0142ej podr\u00f3\u017cy<\/h4>\n<p>Misja Atok jest rozleg\u0142a na 80 km. Tworzy j\u0105 25 wiosek rozsianych w buszu. Misja Minkama jest mniej rozleg\u0142a, gdy\u017c ma tylko 11 wiosek, ale w regionie \u017cyje liczniejsza populacja. Nasze duszpasterstwo polega g\u0142\u00f3wnie na wizytach w wioskach. Brak \u015brodk\u00f3w transportu i komunikacji uniemo\u017cliwia ludziom docieranie do Misji, dlatego misjonarze musz\u0105 do nich dotrze\u0107. W podr\u00f3\u017c zabieraj\u0105 walizki liturgiczne. W czasie wizyty ksi\u0119\u017ca odwiedzaj\u0105 chorych, g\u0142osz\u0105 katechezy, spotykaj\u0105 si\u0119 indywidualnie z wiernymi, by wys\u0142ucha\u0107 ich problem\u00f3w, zawsze jest te\u017c sprawowana Msza \u015bwi\u0119ta.<\/p>\n<h4>Walizka to narz\u0119dzie pracy<\/h4>\n<p>W ka\u017cd\u0105 niedziel\u0119 jeden kap\u0142an pozostaje na misji, gdy inni jad\u0105 w teren. Tam w kaplicach wioskowych lub przy domach odprawiaj\u0105 Msz\u0119 \u015bwi\u0119t\u0105. Ka\u017cdy ksi\u0105dz musi by\u0107 wyposa\u017cony w walizk\u0119 z paramentami liturgicznymi. Mo\u017cna powiedzie\u0107, \u017ce jest to jego podstawowe \u201enarz\u0119dzie\u201d pracy. Z tego daru b\u0119d\u0105 korzystali liczni wierni, kt\u00f3rzy co niedziela gromadz\u0105 si\u0119 na sprawowanie Eucharystii w swoich wioskowych kaplicach.<\/p>\n<h4>Dojazdowe kaplice<\/h4>\n<p>W\u015br\u00f3d kleryk\u00f3w ze Zgromadzenia Ksi\u0119\u017cy Marian\u00f3w w Kamerunie, obj\u0119tych programem <a href=\"https:\/\/www.maitri.pl\/adopcja-serca\/\" target=\"_blank\" rel=\"noopener\">Adopcja Serca<\/a>, jest dw\u00f3ch kandydat\u00f3w do \u015bwi\u0119ce\u0144 diakonatu, kt\u00f3rzy w 2022 roku przyjm\u0105 \u015bwi\u0119cenia kap\u0142a\u0144skie. Po \u015bwi\u0119ceniach b\u0119d\u0105 pe\u0142ni\u0107 pos\u0142ug\u0119 w naszych maria\u0144skich misjach w Atok i Minkama, gdzie jest du\u017co kaplic dojazdowych. Dlatego zwracam si\u0119 z pro\u015bb\u0105 o zakup dla nich ma\u0142ych walizek liturgicznych z paramentami potrzebnymi do odprawiania Mszy \u015bwi\u0119tej.<\/p>\n<h4>Pos\u0142uga dla tysi\u0119cy<\/h4>\n<p>Ich podstawowym zaanga\u017cowaniem b\u0119dzie docieranie do naszych wiernych w r\u00f3\u017cnych wioskach i sprawowanie sakrament\u00f3w, g\u0142\u00f3wnie Eucharystii. Swoj\u0105 pos\u0142ug\u0105 obejm\u0105 kilka tysi\u0119cy wiernych, kt\u00f3rzy s\u0105 pod nasz\u0105 opiek\u0105 duszpastersk\u0105. Walizki liturgiczne b\u0119d\u0105 im s\u0142u\u017cy\u0107 przez wiele lat.\u00a0 W dow\u00f3d wdzi\u0119czno\u015bci, b\u0119d\u0105 stale pami\u0119ta\u0107 w modlitwie za swoich duchowych opiekun\u00f3w i Dobroczy\u0144c\u00f3w Ruchu Maitri.<\/p>\n<p>k<em>s. Krzysztof Pazio, <a href=\"http:\/\/www.marianie.pl\/\" target=\"_blank\" rel=\"noopener noreferrer\">Zgromadzenie Ksi\u0119\u017cy Marian\u00f3w<\/a><\/em><\/p>\n<h4><strong>Kosztorys<\/strong><\/h4>\n<table>\n<tbody>\n<tr>\n<td width=\"34\">Lp.<\/td>\n<td width=\"265\">opis<\/td>\n<td width=\"86\">ilo\u015b\u0107<\/td>\n<td width=\"118\">cena<\/td>\n<td width=\"140\">Kwota<\/td>\n<\/tr>\n<tr>\n<td width=\"34\">1<\/td>\n<td width=\"265\">Adam Ramzes BIDJA AKONO<\/p>\n<p>&nbsp;<\/td>\n<td width=\"86\"><\/td>\n<td width=\"118\">230 \u20ac<\/td>\n<td width=\"140\"><\/td>\n<\/tr>\n<tr>\n<td width=\"34\">2<\/td>\n<td width=\"265\">Alain Brice NKOT NKOT<\/p>\n<p>&nbsp;<\/td>\n<td width=\"86\"><\/td>\n<td width=\"118\">230 \u20ac<\/td>\n<td width=\"140\"><\/td>\n<\/tr>\n<tr>\n<td width=\"34\"><\/td>\n<td width=\"265\"><strong>PODSUMOWANIE<\/strong><\/td>\n<td width=\"86\"><strong>\u00a0<\/strong><\/td>\n<td width=\"118\"><strong>\u00a0<\/strong><\/td>\n<td width=\"140\"><strong>460 \u20ac<\/strong><\/td>\n<\/tr>\n<\/tbody>\n<\/table>\n<p>&nbsp;<\/p>\n<p style=\"text-align: justify\" align=\"JUSTIFY\"><span style=\"color: #ff0000\"><span style=\"font-size: large\"><b>Kwota projektu: 460 \u20ac Koszt jednego zestawu ok. 1080 z\u0142<br \/>\n<\/b><\/span><\/span><\/p>\n<p style=\"text-align: justify\"><strong>Numer projektu: 30\/MARIA<\/strong><\/p>\n<p style=\"text-align: justify\" align=\"JUSTIFY\"><span style=\"color: #808080\">Stowarzyszenie Ruchu\u00a0<em>Maitri<\/em>\u00a0przeznacza do 10% otrzymanych \u015brodk\u00f3w na koszty funkcjonowania biura i pozyskiwanie funduszy pomocowych.<\/span><\/p>\n<h3 style=\"text-align: justify\" align=\"JUSTIFY\"><span style=\"color: #808080\">Walizki liturgiczne dla 2 diakon\u00f3w z Yaounde w Kamerunie<\/span><\/h3>\n","protected":false},"excerpt":{"rendered":"<p><strong>Projekt:\u00a0<\/strong>\u00a0ks. Krzysztof Pazio, <a href=\"http:\/\/www.marianie.pl\/\" target=\"_blank\" rel=\"noopener noreferrer\">Zgromadzenie Ksi\u0119\u017cy Marian\u00f3w<\/a><br \/>\n<strong>Misja:<\/strong> Yaounde, <a href=\"https:\/\/www.maitri.pl\/mapy-adopcji-kamerun\/\">Kamerun<\/a><br \/>\n<strong>Kwota projektu: <span style=\"color: #ff0000\">460 \u20ac<\/span><\/strong><br \/>\nNumer projektu: <strong>30\/MARIA<\/strong><\/p>\n","protected":false},"featured_media":22781,"template":"","meta":[],"product_brand":[],"product_cat":[656],"product_tag":[893,827,729],"class_list":{"0":"post-22777","1":"product","2":"type-product","3":"status-publish","4":"has-post-thumbnail","6":"product_cat-bez-kategorii","7":"product_tag-ks-krzysztof-pazio","8":"product_tag-marianie","9":"product_tag-yaounde","11":"first","12":"instock","13":"virtual","14":"purchasable","15":"product-type-simple"},"yoast_head":"<!-- This site is optimized with the Yoast SEO plugin v27.2 - https:\/\/yoast.com\/product\/yoast-seo-wordpress\/ -->\n<title>Walizki liturgiczne dla 2 diakon\u00f3w z Yaounde w Kamerunie<\/title>\n<meta name=\"description\" content=\"Walizki liturgiczne dla 2 diakon\u00f3w z Yaounde w Kamerunie. Klerycy obj\u0119ci programem Adopcja Serca przyjm\u0105 \u015bwi\u0119cenia kap\u0142a\u0144skie. Chcemy ich wyposa\u017cy\u0107.\" \/>\n<meta name=\"robots\" content=\"index, follow, max-snippet:-1, max-image-preview:large, max-video-preview:-1\" \/>\n<link rel=\"canonical\" href=\"https:\/\/www.maitri.pl\/projekt\/walizki-liturgiczne-dla-2-diakonow-z-yaounde-w-kamerunie\/\" \/>\n<meta property=\"og:locale\" content=\"fr_FR\" \/>\n<meta property=\"og:type\" content=\"article\" \/>\n<meta property=\"og:title\" content=\"Walizki liturgiczne dla 2 diakon\u00f3w z Yaounde w Kamerunie\" \/>\n<meta property=\"og:description\" content=\"Walizki liturgiczne dla 2 diakon\u00f3w z Yaounde w Kamerunie. Klerycy obj\u0119ci programem Adopcja Serca przyjm\u0105 \u015bwi\u0119cenia kap\u0142a\u0144skie. Chcemy ich wyposa\u017cy\u0107.\" \/>\n<meta property=\"og:url\" content=\"https:\/\/www.maitri.pl\/projekt\/walizki-liturgiczne-dla-2-diakonow-z-yaounde-w-kamerunie\/\" \/>\n<meta property=\"og:site_name\" content=\"Ruch Maitri - Adopcja Serca pomoc Afryce\" \/>\n<meta property=\"article:publisher\" content=\"https:\/\/www.facebook.com\/MAITRI.Adopcja.Serca.dzieci.Afryki\/\" \/>\n<meta property=\"article:modified_time\" content=\"2023-02-10T11:24:39+00:00\" \/>\n<meta property=\"og:image\" content=\"https:\/\/www.maitri.pl\/wp-content\/uploads\/2021\/05\/20121130-LS-07928.jpg\" \/>\n\t<meta property=\"og:image:width\" content=\"1000\" \/>\n\t<meta property=\"og:image:height\" content=\"665\" \/>\n\t<meta property=\"og:image:type\" content=\"image\/jpeg\" \/>\n<meta name=\"twitter:card\" content=\"summary_large_image\" \/>\n<meta name=\"twitter:label1\" content=\"Dur\u00e9e de lecture estim\u00e9e\" \/>\n\t<meta name=\"twitter:data1\" content=\"2 minutes\" \/>\n<script type=\"application\/ld+json\" class=\"yoast-schema-graph\">{\"@context\":\"https:\/\/schema.org\",\"@graph\":[{\"@type\":\"WebPage\",\"@id\":\"https:\/\/www.maitri.pl\/projekt\/walizki-liturgiczne-dla-2-diakonow-z-yaounde-w-kamerunie\/\",\"url\":\"https:\/\/www.maitri.pl\/projekt\/walizki-liturgiczne-dla-2-diakonow-z-yaounde-w-kamerunie\/\",\"name\":\"Walizki liturgiczne dla 2 diakon\u00f3w z Yaounde w Kamerunie\",\"isPartOf\":{\"@id\":\"https:\/\/www.maitri.pl\/#website\"},\"primaryImageOfPage\":{\"@id\":\"https:\/\/www.maitri.pl\/projekt\/walizki-liturgiczne-dla-2-diakonow-z-yaounde-w-kamerunie\/#primaryimage\"},\"image\":{\"@id\":\"https:\/\/www.maitri.pl\/projekt\/walizki-liturgiczne-dla-2-diakonow-z-yaounde-w-kamerunie\/#primaryimage\"},\"thumbnailUrl\":\"https:\/\/www.maitri.pl\/wp-content\/uploads\/2021\/05\/20121130-LS-07928.jpg\",\"datePublished\":\"2021-05-27T16:30:33+00:00\",\"dateModified\":\"2023-02-10T11:24:39+00:00\",\"description\":\"Walizki liturgiczne dla 2 diakon\u00f3w z Yaounde w Kamerunie. Klerycy obj\u0119ci programem Adopcja Serca przyjm\u0105 \u015bwi\u0119cenia kap\u0142a\u0144skie. Chcemy ich wyposa\u017cy\u0107.\",\"breadcrumb\":{\"@id\":\"https:\/\/www.maitri.pl\/projekt\/walizki-liturgiczne-dla-2-diakonow-z-yaounde-w-kamerunie\/#breadcrumb\"},\"inLanguage\":\"fr-FR\",\"potentialAction\":[{\"@type\":\"ReadAction\",\"target\":[\"https:\/\/www.maitri.pl\/projekt\/walizki-liturgiczne-dla-2-diakonow-z-yaounde-w-kamerunie\/\"]}]},{\"@type\":\"ImageObject\",\"inLanguage\":\"fr-FR\",\"@id\":\"https:\/\/www.maitri.pl\/projekt\/walizki-liturgiczne-dla-2-diakonow-z-yaounde-w-kamerunie\/#primaryimage\",\"url\":\"https:\/\/www.maitri.pl\/wp-content\/uploads\/2021\/05\/20121130-LS-07928.jpg\",\"contentUrl\":\"https:\/\/www.maitri.pl\/wp-content\/uploads\/2021\/05\/20121130-LS-07928.jpg\",\"width\":1000,\"height\":665,\"caption\":\"walizki liturgiczne Ruch Maitri Adopcja Serca 01\"},{\"@type\":\"BreadcrumbList\",\"@id\":\"https:\/\/www.maitri.pl\/projekt\/walizki-liturgiczne-dla-2-diakonow-z-yaounde-w-kamerunie\/#breadcrumb\",\"itemListElement\":[{\"@type\":\"ListItem\",\"position\":1,\"name\":\"Strona g\u0142\u00f3wna\",\"item\":\"https:\/\/www.maitri.pl\/\"},{\"@type\":\"ListItem\",\"position\":2,\"name\":\"Sklep\",\"item\":\"https:\/\/www.maitri.pl\/sklep\/\"},{\"@type\":\"ListItem\",\"position\":3,\"name\":\"Walizki liturgiczne dla 2 diakon\u00f3w z Yaounde w Kamerunie\"}]},{\"@type\":\"WebSite\",\"@id\":\"https:\/\/www.maitri.pl\/#website\",\"url\":\"https:\/\/www.maitri.pl\/\",\"name\":\"Adopcja Serca Maitri \u2013 pomoc dzieciom w Afryce\",\"description\":\"Adopcja Serca \u2013 adopcja na odleg\u0142o\u015b\u0107, pomoc Afryce, do\u017cywianie i edukacja w Afryce\",\"publisher\":{\"@id\":\"https:\/\/www.maitri.pl\/#organization\"},\"potentialAction\":[{\"@type\":\"SearchAction\",\"target\":{\"@type\":\"EntryPoint\",\"urlTemplate\":\"https:\/\/www.maitri.pl\/?s={search_term_string}\"},\"query-input\":{\"@type\":\"PropertyValueSpecification\",\"valueRequired\":true,\"valueName\":\"search_term_string\"}}],\"inLanguage\":\"fr-FR\"},{\"@type\":\"Organization\",\"@id\":\"https:\/\/www.maitri.pl\/#organization\",\"name\":\"Stowarzyszenie Ruchu Maitri\",\"url\":\"https:\/\/www.maitri.pl\/\",\"logo\":{\"@type\":\"ImageObject\",\"inLanguage\":\"fr-FR\",\"@id\":\"https:\/\/www.maitri.pl\/#\/schema\/logo\/image\/\",\"url\":\"https:\/\/www.maitri.pl\/wp-content\/uploads\/2020\/04\/duze_logo-81.png\",\"contentUrl\":\"https:\/\/www.maitri.pl\/wp-content\/uploads\/2020\/04\/duze_logo-81.png\",\"width\":339,\"height\":321,\"caption\":\"Stowarzyszenie Ruchu Maitri\"},\"image\":{\"@id\":\"https:\/\/www.maitri.pl\/#\/schema\/logo\/image\/\"},\"sameAs\":[\"https:\/\/www.facebook.com\/MAITRI.Adopcja.Serca.dzieci.Afryki\/\"]}]}<\/script>\n<!-- \/ Yoast SEO plugin. -->","yoast_head_json":{"title":"Walizki liturgiczne dla 2 diakon\u00f3w z Yaounde w Kamerunie","description":"Walizki liturgiczne dla 2 diakon\u00f3w z Yaounde w Kamerunie. Klerycy obj\u0119ci programem Adopcja Serca przyjm\u0105 \u015bwi\u0119cenia kap\u0142a\u0144skie. Chcemy ich wyposa\u017cy\u0107.","robots":{"index":"index","follow":"follow","max-snippet":"max-snippet:-1","max-image-preview":"max-image-preview:large","max-video-preview":"max-video-preview:-1"},"canonical":"https:\/\/www.maitri.pl\/projekt\/walizki-liturgiczne-dla-2-diakonow-z-yaounde-w-kamerunie\/","og_locale":"fr_FR","og_type":"article","og_title":"Walizki liturgiczne dla 2 diakon\u00f3w z Yaounde w Kamerunie","og_description":"Walizki liturgiczne dla 2 diakon\u00f3w z Yaounde w Kamerunie. Klerycy obj\u0119ci programem Adopcja Serca przyjm\u0105 \u015bwi\u0119cenia kap\u0142a\u0144skie. Chcemy ich wyposa\u017cy\u0107.","og_url":"https:\/\/www.maitri.pl\/projekt\/walizki-liturgiczne-dla-2-diakonow-z-yaounde-w-kamerunie\/","og_site_name":"Ruch Maitri - Adopcja Serca pomoc Afryce","article_publisher":"https:\/\/www.facebook.com\/MAITRI.Adopcja.Serca.dzieci.Afryki\/","article_modified_time":"2023-02-10T11:24:39+00:00","og_image":[{"width":1000,"height":665,"url":"https:\/\/www.maitri.pl\/wp-content\/uploads\/2021\/05\/20121130-LS-07928.jpg","type":"image\/jpeg"}],"twitter_card":"summary_large_image","twitter_misc":{"Dur\u00e9e de lecture estim\u00e9e":"2 minutes"},"schema":{"@context":"https:\/\/schema.org","@graph":[{"@type":"WebPage","@id":"https:\/\/www.maitri.pl\/projekt\/walizki-liturgiczne-dla-2-diakonow-z-yaounde-w-kamerunie\/","url":"https:\/\/www.maitri.pl\/projekt\/walizki-liturgiczne-dla-2-diakonow-z-yaounde-w-kamerunie\/","name":"Walizki liturgiczne dla 2 diakon\u00f3w z Yaounde w Kamerunie","isPartOf":{"@id":"https:\/\/www.maitri.pl\/#website"},"primaryImageOfPage":{"@id":"https:\/\/www.maitri.pl\/projekt\/walizki-liturgiczne-dla-2-diakonow-z-yaounde-w-kamerunie\/#primaryimage"},"image":{"@id":"https:\/\/www.maitri.pl\/projekt\/walizki-liturgiczne-dla-2-diakonow-z-yaounde-w-kamerunie\/#primaryimage"},"thumbnailUrl":"https:\/\/www.maitri.pl\/wp-content\/uploads\/2021\/05\/20121130-LS-07928.jpg","datePublished":"2021-05-27T16:30:33+00:00","dateModified":"2023-02-10T11:24:39+00:00","description":"Walizki liturgiczne dla 2 diakon\u00f3w z Yaounde w Kamerunie. Klerycy obj\u0119ci programem Adopcja Serca przyjm\u0105 \u015bwi\u0119cenia kap\u0142a\u0144skie. Chcemy ich wyposa\u017cy\u0107.","breadcrumb":{"@id":"https:\/\/www.maitri.pl\/projekt\/walizki-liturgiczne-dla-2-diakonow-z-yaounde-w-kamerunie\/#breadcrumb"},"inLanguage":"fr-FR","potentialAction":[{"@type":"ReadAction","target":["https:\/\/www.maitri.pl\/projekt\/walizki-liturgiczne-dla-2-diakonow-z-yaounde-w-kamerunie\/"]}]},{"@type":"ImageObject","inLanguage":"fr-FR","@id":"https:\/\/www.maitri.pl\/projekt\/walizki-liturgiczne-dla-2-diakonow-z-yaounde-w-kamerunie\/#primaryimage","url":"https:\/\/www.maitri.pl\/wp-content\/uploads\/2021\/05\/20121130-LS-07928.jpg","contentUrl":"https:\/\/www.maitri.pl\/wp-content\/uploads\/2021\/05\/20121130-LS-07928.jpg","width":1000,"height":665,"caption":"walizki liturgiczne Ruch Maitri Adopcja Serca 01"},{"@type":"BreadcrumbList","@id":"https:\/\/www.maitri.pl\/projekt\/walizki-liturgiczne-dla-2-diakonow-z-yaounde-w-kamerunie\/#breadcrumb","itemListElement":[{"@type":"ListItem","position":1,"name":"Strona g\u0142\u00f3wna","item":"https:\/\/www.maitri.pl\/"},{"@type":"ListItem","position":2,"name":"Sklep","item":"https:\/\/www.maitri.pl\/sklep\/"},{"@type":"ListItem","position":3,"name":"Walizki liturgiczne dla 2 diakon\u00f3w z Yaounde w Kamerunie"}]},{"@type":"WebSite","@id":"https:\/\/www.maitri.pl\/#website","url":"https:\/\/www.maitri.pl\/","name":"Adopcja Serca Maitri \u2013 pomoc dzieciom w Afryce","description":"Adopcja Serca \u2013 adopcja na odleg\u0142o\u015b\u0107, pomoc Afryce, do\u017cywianie i edukacja w Afryce","publisher":{"@id":"https:\/\/www.maitri.pl\/#organization"},"potentialAction":[{"@type":"SearchAction","target":{"@type":"EntryPoint","urlTemplate":"https:\/\/www.maitri.pl\/?s={search_term_string}"},"query-input":{"@type":"PropertyValueSpecification","valueRequired":true,"valueName":"search_term_string"}}],"inLanguage":"fr-FR"},{"@type":"Organization","@id":"https:\/\/www.maitri.pl\/#organization","name":"Stowarzyszenie Ruchu Maitri","url":"https:\/\/www.maitri.pl\/","logo":{"@type":"ImageObject","inLanguage":"fr-FR","@id":"https:\/\/www.maitri.pl\/#\/schema\/logo\/image\/","url":"https:\/\/www.maitri.pl\/wp-content\/uploads\/2020\/04\/duze_logo-81.png","contentUrl":"https:\/\/www.maitri.pl\/wp-content\/uploads\/2020\/04\/duze_logo-81.png","width":339,"height":321,"caption":"Stowarzyszenie Ruchu Maitri"},"image":{"@id":"https:\/\/www.maitri.pl\/#\/schema\/logo\/image\/"},"sameAs":["https:\/\/www.facebook.com\/MAITRI.Adopcja.Serca.dzieci.Afryki\/"]}]}},"_links":{"self":[{"href":"https:\/\/www.maitri.pl\/fr\/wp-json\/wp\/v2\/product\/22777","targetHints":{"allow":["GET"]}}],"collection":[{"href":"https:\/\/www.maitri.pl\/fr\/wp-json\/wp\/v2\/product"}],"about":[{"href":"https:\/\/www.maitri.pl\/fr\/wp-json\/wp\/v2\/types\/product"}],"wp:featuredmedia":[{"embeddable":true,"href":"https:\/\/www.maitri.pl\/fr\/wp-json\/wp\/v2\/media\/22781"}],"wp:attachment":[{"href":"https:\/\/www.maitri.pl\/fr\/wp-json\/wp\/v2\/media?parent=22777"}],"wp:term":[{"taxonomy":"product_brand","embeddable":true,"href":"https:\/\/www.maitri.pl\/fr\/wp-json\/wp\/v2\/product_brand?post=22777"},{"taxonomy":"product_cat","embeddable":true,"href":"https:\/\/www.maitri.pl\/fr\/wp-json\/wp\/v2\/product_cat?post=22777"},{"taxonomy":"product_tag","embeddable":true,"href":"https:\/\/www.maitri.pl\/fr\/wp-json\/wp\/v2\/product_tag?post=22777"}],"curies":[{"name":"wp","href":"https:\/\/api.w.org\/{rel}","templated":true}]}}