{"id":22770,"date":"2021-05-27T16:11:14","date_gmt":"2021-05-27T14:11:14","guid":{"rendered":"https:\/\/www.maitri.pl\/?post_type=product&#038;p=22770"},"modified":"2023-02-10T12:24:46","modified_gmt":"2023-02-10T11:24:46","slug":"sierociniec-afeoa-lubumbashi-dr-kongo","status":"publish","type":"product","link":"https:\/\/www.maitri.pl\/fr\/projekt\/sierociniec-afeoa-lubumbashi-dr-kongo\/","title":{"rendered":"Sierociniec AFEOA w Lubumbashi potrzebuje remontu i wyposa\u017cenia sal"},"content":{"rendered":"<h4>Trudny czas dla sieroci\u0144ca<\/h4>\n<p>Od kryzysu wywo\u0142anego pandemi\u0105, sierociniec AFEOA musi radzi\u0107 sobie z licznymi wyzwaniami dotycz\u0105cymi obostrze\u0144 w kwestii higieny. Staramy si\u0119 jak mo\u017cemy przestrzega\u0107 tych restrykcji, ale jeste\u015bmy bardzo ograniczeni finansowo. Trwa ju\u017c okres suszy, a w miesi\u0105cach czerwcu i lipcu w Lubumbashi\u00a0 jest zimno.<\/p>\n<h4>Remont to konieczno\u015b\u0107<\/h4>\n<p>Lista naszych potrzeb jest d\u0142uga. Sierociniec AFEOA potrzebuje remontu. Oto najwa\u017cniejsze sprawy:<\/p>\n<p>&#8211;\u00a0 musz\u0105 by\u0107 pomalowane \u015bciany sali sypialnych, sto\u0142\u00f3wek i pokoi<\/p>\n<p>&#8211; powinna zosta\u0107 pomalowana brama, gdy\u017c farba straci\u0142a sw\u00f3j pierwotny kolor<\/p>\n<p>&#8211; trzeba wymieni\u0107 cz\u0119\u015b\u0107 \u0142\u00f3\u017cek, materac\u00f3w, prze\u015bcierade\u0142 i koc\u00f3w, kt\u00f3re s\u0105 ju\u017c zu\u017cyte<\/p>\n<p>&#8211; uzupe\u0142ni\u0107 brakuj\u0105ce sprz\u0119ty kuchenne: garnki, talerze, \u0142y\u017cki, widelce i no\u017ce.<\/p>\n<h4>Brakuje garnk\u00f3w<\/h4>\n<p>Posiadaj\u0105c \u0142\u00f3\u017cka, materace, prze\u015bcierad\u0142a i koce, dzieci b\u0119d\u0105 mia\u0142y odpowiednie miejsce noclegowe chroni\u0105ce je przed zimnem i w konsekwencji b\u0119d\u0105 zdrowe. Ka\u017cde dziecko, w tym dzieci z programu <a href=\"https:\/\/www.maitri.pl\/adopcja-serca\/\" target=\"_blank\" rel=\"noopener\">Adopcja Serca<\/a>, b\u0119dzie mia\u0142o sw\u00f3j w\u0142asny komplet przybor\u00f3w kuchennych, dzi\u0119ki czemu unikniemy przenoszenia wirus\u00f3w i innych infekcji. Zaoszcz\u0119dzimy czas na przyrz\u0105dzaniu ich jedzenia posiadaj\u0105c odpowiednie sprz\u0119ty kuchenne. Cz\u0119sto posi\u0142ki si\u0119 op\u00f3\u017aniaj\u0105, gdy\u017c brakuje garnk\u00f3w do gotowania.<\/p>\n<p>Sierociniec AFEOA jest wdzi\u0119czny Maitri za ci\u0105g\u0142e wsparcie. Z ca\u0142ego serca Wam dzi\u0119kujemy!<\/p>\n<p>Therese Manyingu, Parafia \u015bw. Andrzeja Kima, <a href=\"https:\/\/www.maitri.pl\/gdzie-pomagamy\/\" target=\"_blank\" rel=\"noopener noreferrer\">Lubumbashi, DR Kongo<\/a><\/p>\n<table>\n<tbody>\n<tr>\n<td colspan=\"6\" width=\"643\">\n<h4><strong>Kosztorys<\/strong><\/h4>\n<\/td>\n<\/tr>\n<tr>\n<td width=\"30\">LP<\/td>\n<td width=\"204\"><strong>OPIS<\/strong><\/td>\n<td width=\"83\">Jednostki miary<\/td>\n<td width=\"80\"><strong>Ilo\u015b\u0107<\/strong><\/td>\n<td width=\"102\"><strong>Cena<\/strong>\u00a0\u00a0\u00a0\u00a0\u00a0\u00a0\u00a0\u00a0\u00a0\u00a0\u00a0\u00a0\u00a0 (w miejscowej walucie)<\/td>\n<td width=\"144\"><strong>\u00a0\u00a0\u00a0\u00a0\u00a0\u00a0 Kwota<\/strong><\/p>\n<p><strong>\u00a0<\/strong>(w miejscowej walucie)<\/td>\n<\/tr>\n<tr>\n<td width=\"30\">1<\/td>\n<td width=\"204\">Szyba<\/p>\n<p>&nbsp;<\/td>\n<td width=\"83\">1,5 m<sup>2<\/sup><\/td>\n<td width=\"80\">4<\/td>\n<td width=\"102\">300.000<\/td>\n<td width=\"144\">1.200.000<\/td>\n<\/tr>\n<tr>\n<td width=\"30\">2<\/td>\n<td width=\"204\">&nbsp;<\/p>\n<p>Wiadro z kranem<\/td>\n<td width=\"83\">20 litr\u00f3w<\/td>\n<td width=\"80\">5<\/td>\n<td width=\"102\">60.000<\/td>\n<td width=\"144\">300.000<\/td>\n<\/tr>\n<tr>\n<td width=\"30\">3<\/td>\n<td width=\"204\">&nbsp;<\/p>\n<p>Wymiana pos\u0142ania<\/td>\n<td width=\"83\"><\/td>\n<td width=\"80\">14<\/td>\n<td width=\"102\">100.000<\/td>\n<td width=\"144\">1400.000<\/td>\n<\/tr>\n<tr>\n<td width=\"30\">4<\/td>\n<td width=\"204\">&nbsp;<\/p>\n<p>Sprz\u0119ty kuchenne<\/td>\n<td width=\"83\"><\/td>\n<td width=\"80\">Komplet<\/td>\n<td width=\"102\">700.000<\/td>\n<td width=\"144\">700.000<\/td>\n<\/tr>\n<tr>\n<td width=\"30\">5<\/td>\n<td width=\"204\">Wyposa\u017cenie sportowe<\/p>\n<p>&nbsp;<\/td>\n<td width=\"83\"><\/td>\n<td width=\"80\">25<\/td>\n<td width=\"102\">20.000<\/td>\n<td width=\"144\">500.000<\/td>\n<\/tr>\n<tr>\n<td width=\"30\">6<\/td>\n<td width=\"204\">Puszka farby olejnej<\/p>\n<p>&nbsp;<\/td>\n<td width=\"83\">10 litr\u00f3w<\/td>\n<td width=\"80\">5<\/td>\n<td width=\"102\">80.000<\/td>\n<td width=\"144\">400.000<\/td>\n<\/tr>\n<tr>\n<td width=\"30\">7<\/td>\n<td width=\"204\">Puszka farby lateksowej<\/p>\n<p>&nbsp;<\/td>\n<td width=\"83\">10 litr\u00f3w<\/td>\n<td width=\"80\">6<\/td>\n<td width=\"102\">70.000<\/td>\n<td width=\"144\">420.000<\/td>\n<\/tr>\n<tr>\n<td width=\"30\">8<\/td>\n<td width=\"204\">Wa\u0142ek<\/p>\n<p>&nbsp;<\/td>\n<td width=\"83\"><\/td>\n<td width=\"80\">5<\/td>\n<td width=\"102\">30.000<\/td>\n<td width=\"144\">150.000<\/td>\n<\/tr>\n<tr>\n<td width=\"30\">9<\/td>\n<td width=\"204\">Szczotka<\/p>\n<p>&nbsp;<\/td>\n<td width=\"83\"><\/td>\n<td width=\"80\">5<\/td>\n<td width=\"102\">20.000<\/td>\n<td width=\"144\">100.000<\/td>\n<\/tr>\n<tr>\n<td width=\"30\">10<\/td>\n<td width=\"204\">P\u0119dzel<\/p>\n<p>&nbsp;<\/td>\n<td width=\"83\"><\/td>\n<td width=\"80\">4<\/td>\n<td width=\"102\">11.000<\/td>\n<td width=\"144\">44.000<\/td>\n<\/tr>\n<tr>\n<td width=\"30\">11<\/td>\n<td width=\"204\">&nbsp;<\/p>\n<p>Olej do zmieszania z farb\u0105<\/td>\n<td width=\"83\">20 litr\u00f3w<\/td>\n<td width=\"80\">2<\/td>\n<td width=\"102\">145.000<\/td>\n<td width=\"144\">290.000<\/td>\n<\/tr>\n<tr>\n<td width=\"30\">12<\/td>\n<td width=\"204\">Papier samoprzylepny<\/p>\n<p>&nbsp;<\/td>\n<td width=\"83\">Sztuka<\/td>\n<td width=\"80\">5<\/td>\n<td width=\"102\">20.000<\/td>\n<td width=\"144\">100.000<\/td>\n<\/tr>\n<tr>\n<td width=\"30\">14<\/td>\n<td width=\"204\">&nbsp;<\/p>\n<p>Koszty bankowe<\/td>\n<td width=\"83\"><\/td>\n<td width=\"80\"><\/td>\n<td width=\"102\">196.000<\/td>\n<td width=\"144\">196.000<\/td>\n<\/tr>\n<tr>\n<td width=\"30\">15<\/td>\n<td width=\"204\">&nbsp;<\/p>\n<p>Transport i roz\u0142adowanie<\/td>\n<td width=\"83\"><\/td>\n<td width=\"80\"><\/td>\n<td width=\"102\">200.000<\/td>\n<td width=\"144\">200.000<\/td>\n<\/tr>\n<tr>\n<td width=\"30\"><\/td>\n<td colspan=\"4\" width=\"469\"><strong>PODSUMOWANIE <\/strong>(w miejscowej walucie)<\/p>\n<p>&nbsp;<\/td>\n<td width=\"144\">6.000.000<\/td>\n<\/tr>\n<\/tbody>\n<\/table>\n<p><b style=\"font-size: large; color: #ff0000;\">Kwota: 2780 \u20ac <\/b><\/p>\n<p style=\"text-align: justify;\"><strong>Podsumowanie w miejscowej walucie &#8211; 6.000.000 FC<\/strong><\/p>\n<p style=\"text-align: justify;\" align=\"JUSTIFY\">Numer projektu: <strong>05\/PARAK<\/strong><\/p>\n<p style=\"text-align: justify;\" align=\"JUSTIFY\"><span style=\"color: #808080;\">Stowarzyszenie Ruchu\u00a0<em>Maitri<\/em> przeznacza do 10% otrzymanych \u015brodk\u00f3w na koszty funkcjonowania biura i pozyskiwanie funduszy pomocowych. <\/span><\/p>\n<h3 style=\"text-align: justify;\" align=\"JUSTIFY\"><span style=\"color: #808080;\">Sierociniec AFEOA w Lubumbashi w DR Kongo potrzebuje remontu i wyposa\u017cenia sal\u00a0<\/span><\/h3>\n","protected":false},"excerpt":{"rendered":"<p><strong>Projekt:<\/strong> Therese Manyingu, Parafia \u015bw. Andrzeja Kima<br \/>\n<strong>Misja:<\/strong> <a href=\"https:\/\/www.maitri.pl\/gdzie-pomagamy\/\" target=\"_blank\" rel=\"noopener noreferrer\">Lubumbashi, DR Kongo<\/a><br \/>\n<strong>Kwota projektu:<\/strong> <span style=\"color: #ff0000;\"><strong>2780 $<\/strong><\/span><\/p>\n","protected":false},"featured_media":22771,"template":"","meta":[],"product_brand":[],"product_cat":[656],"product_tag":[890,690,692,891,892],"class_list":{"0":"post-22770","1":"product","2":"type-product","3":"status-publish","4":"has-post-thumbnail","6":"product_cat-bez-kategorii","7":"product_tag-centrum-afeoa","8":"product_tag-dr-kongo","9":"product_tag-lubumbashi","10":"product_tag-sierociniec","11":"product_tag-therese-manyingu","13":"first","14":"instock","15":"virtual","16":"purchasable","17":"product-type-simple"},"yoast_head":"<!-- This site is optimized with the Yoast SEO plugin v27.2 - https:\/\/yoast.com\/product\/yoast-seo-wordpress\/ -->\n<title>Sierociniec AFEOA w Lubumbashi potrzebuje remontu i wyposa\u017cenia sal<\/title>\n<meta name=\"description\" content=\"Sierociniec AFEOA w Lubumbashi potrzebuje remontu i wyposa\u017cenia sal. Nowe koce ochroni\u0105 dzieci przed zimnem i wilgoci\u0105. Ka\u017cde b\u0119dzie mia\u0142o w\u0142asne sztu\u0107ce.\" \/>\n<meta name=\"robots\" content=\"index, follow, max-snippet:-1, max-image-preview:large, max-video-preview:-1\" \/>\n<link rel=\"canonical\" href=\"https:\/\/www.maitri.pl\/projekt\/sierociniec-afeoa-lubumbashi-dr-kongo\/\" \/>\n<meta property=\"og:locale\" content=\"fr_FR\" \/>\n<meta property=\"og:type\" content=\"article\" \/>\n<meta property=\"og:title\" content=\"Sierociniec AFEOA w Lubumbashi potrzebuje remontu i wyposa\u017cenia sal\" \/>\n<meta property=\"og:description\" content=\"Sierociniec AFEOA w Lubumbashi potrzebuje remontu i wyposa\u017cenia sal. Nowe koce ochroni\u0105 dzieci przed zimnem i wilgoci\u0105. Ka\u017cde b\u0119dzie mia\u0142o w\u0142asne sztu\u0107ce.\" \/>\n<meta property=\"og:url\" content=\"https:\/\/www.maitri.pl\/projekt\/sierociniec-afeoa-lubumbashi-dr-kongo\/\" \/>\n<meta property=\"og:site_name\" content=\"Ruch Maitri - Adopcja Serca pomoc Afryce\" \/>\n<meta property=\"article:publisher\" content=\"https:\/\/www.facebook.com\/MAITRI.Adopcja.Serca.dzieci.Afryki\/\" \/>\n<meta property=\"article:modified_time\" content=\"2023-02-10T11:24:46+00:00\" \/>\n<meta property=\"og:image\" content=\"https:\/\/www.maitri.pl\/wp-content\/uploads\/2021\/05\/parak-5-foto-1.jpeg\" \/>\n\t<meta property=\"og:image:width\" content=\"567\" \/>\n\t<meta property=\"og:image:height\" content=\"1008\" \/>\n\t<meta property=\"og:image:type\" content=\"image\/jpeg\" \/>\n<meta name=\"twitter:card\" content=\"summary_large_image\" \/>\n<meta name=\"twitter:label1\" content=\"Dur\u00e9e de lecture estim\u00e9e\" \/>\n\t<meta name=\"twitter:data1\" content=\"2 minutes\" \/>\n<script type=\"application\/ld+json\" class=\"yoast-schema-graph\">{\"@context\":\"https:\/\/schema.org\",\"@graph\":[{\"@type\":\"WebPage\",\"@id\":\"https:\/\/www.maitri.pl\/projekt\/sierociniec-afeoa-lubumbashi-dr-kongo\/\",\"url\":\"https:\/\/www.maitri.pl\/projekt\/sierociniec-afeoa-lubumbashi-dr-kongo\/\",\"name\":\"Sierociniec AFEOA w Lubumbashi potrzebuje remontu i wyposa\u017cenia sal\",\"isPartOf\":{\"@id\":\"https:\/\/www.maitri.pl\/#website\"},\"primaryImageOfPage\":{\"@id\":\"https:\/\/www.maitri.pl\/projekt\/sierociniec-afeoa-lubumbashi-dr-kongo\/#primaryimage\"},\"image\":{\"@id\":\"https:\/\/www.maitri.pl\/projekt\/sierociniec-afeoa-lubumbashi-dr-kongo\/#primaryimage\"},\"thumbnailUrl\":\"https:\/\/www.maitri.pl\/wp-content\/uploads\/2021\/05\/parak-5-foto-1.jpeg\",\"datePublished\":\"2021-05-27T14:11:14+00:00\",\"dateModified\":\"2023-02-10T11:24:46+00:00\",\"description\":\"Sierociniec AFEOA w Lubumbashi potrzebuje remontu i wyposa\u017cenia sal. Nowe koce ochroni\u0105 dzieci przed zimnem i wilgoci\u0105. Ka\u017cde b\u0119dzie mia\u0142o w\u0142asne sztu\u0107ce.\",\"breadcrumb\":{\"@id\":\"https:\/\/www.maitri.pl\/projekt\/sierociniec-afeoa-lubumbashi-dr-kongo\/#breadcrumb\"},\"inLanguage\":\"fr-FR\",\"potentialAction\":[{\"@type\":\"ReadAction\",\"target\":[\"https:\/\/www.maitri.pl\/projekt\/sierociniec-afeoa-lubumbashi-dr-kongo\/\"]}]},{\"@type\":\"ImageObject\",\"inLanguage\":\"fr-FR\",\"@id\":\"https:\/\/www.maitri.pl\/projekt\/sierociniec-afeoa-lubumbashi-dr-kongo\/#primaryimage\",\"url\":\"https:\/\/www.maitri.pl\/wp-content\/uploads\/2021\/05\/parak-5-foto-1.jpeg\",\"contentUrl\":\"https:\/\/www.maitri.pl\/wp-content\/uploads\/2021\/05\/parak-5-foto-1.jpeg\",\"width\":567,\"height\":1008,\"caption\":\"sierociniec AFEOA 3 Ruch Maitri Adopcja Serca pomoc Afryce dzieci do Adopcji\"},{\"@type\":\"BreadcrumbList\",\"@id\":\"https:\/\/www.maitri.pl\/projekt\/sierociniec-afeoa-lubumbashi-dr-kongo\/#breadcrumb\",\"itemListElement\":[{\"@type\":\"ListItem\",\"position\":1,\"name\":\"Strona g\u0142\u00f3wna\",\"item\":\"https:\/\/www.maitri.pl\/\"},{\"@type\":\"ListItem\",\"position\":2,\"name\":\"Sklep\",\"item\":\"https:\/\/www.maitri.pl\/sklep\/\"},{\"@type\":\"ListItem\",\"position\":3,\"name\":\"Sierociniec AFEOA w Lubumbashi potrzebuje remontu i wyposa\u017cenia sal\"}]},{\"@type\":\"WebSite\",\"@id\":\"https:\/\/www.maitri.pl\/#website\",\"url\":\"https:\/\/www.maitri.pl\/\",\"name\":\"Adopcja Serca Maitri \u2013 pomoc dzieciom w Afryce\",\"description\":\"Adopcja Serca \u2013 adopcja na odleg\u0142o\u015b\u0107, pomoc Afryce, do\u017cywianie i edukacja w Afryce\",\"publisher\":{\"@id\":\"https:\/\/www.maitri.pl\/#organization\"},\"potentialAction\":[{\"@type\":\"SearchAction\",\"target\":{\"@type\":\"EntryPoint\",\"urlTemplate\":\"https:\/\/www.maitri.pl\/?s={search_term_string}\"},\"query-input\":{\"@type\":\"PropertyValueSpecification\",\"valueRequired\":true,\"valueName\":\"search_term_string\"}}],\"inLanguage\":\"fr-FR\"},{\"@type\":\"Organization\",\"@id\":\"https:\/\/www.maitri.pl\/#organization\",\"name\":\"Stowarzyszenie Ruchu Maitri\",\"url\":\"https:\/\/www.maitri.pl\/\",\"logo\":{\"@type\":\"ImageObject\",\"inLanguage\":\"fr-FR\",\"@id\":\"https:\/\/www.maitri.pl\/#\/schema\/logo\/image\/\",\"url\":\"https:\/\/www.maitri.pl\/wp-content\/uploads\/2020\/04\/duze_logo-81.png\",\"contentUrl\":\"https:\/\/www.maitri.pl\/wp-content\/uploads\/2020\/04\/duze_logo-81.png\",\"width\":339,\"height\":321,\"caption\":\"Stowarzyszenie Ruchu Maitri\"},\"image\":{\"@id\":\"https:\/\/www.maitri.pl\/#\/schema\/logo\/image\/\"},\"sameAs\":[\"https:\/\/www.facebook.com\/MAITRI.Adopcja.Serca.dzieci.Afryki\/\"]}]}<\/script>\n<!-- \/ Yoast SEO plugin. -->","yoast_head_json":{"title":"Sierociniec AFEOA w Lubumbashi potrzebuje remontu i wyposa\u017cenia sal","description":"Sierociniec AFEOA w Lubumbashi potrzebuje remontu i wyposa\u017cenia sal. Nowe koce ochroni\u0105 dzieci przed zimnem i wilgoci\u0105. Ka\u017cde b\u0119dzie mia\u0142o w\u0142asne sztu\u0107ce.","robots":{"index":"index","follow":"follow","max-snippet":"max-snippet:-1","max-image-preview":"max-image-preview:large","max-video-preview":"max-video-preview:-1"},"canonical":"https:\/\/www.maitri.pl\/projekt\/sierociniec-afeoa-lubumbashi-dr-kongo\/","og_locale":"fr_FR","og_type":"article","og_title":"Sierociniec AFEOA w Lubumbashi potrzebuje remontu i wyposa\u017cenia sal","og_description":"Sierociniec AFEOA w Lubumbashi potrzebuje remontu i wyposa\u017cenia sal. Nowe koce ochroni\u0105 dzieci przed zimnem i wilgoci\u0105. Ka\u017cde b\u0119dzie mia\u0142o w\u0142asne sztu\u0107ce.","og_url":"https:\/\/www.maitri.pl\/projekt\/sierociniec-afeoa-lubumbashi-dr-kongo\/","og_site_name":"Ruch Maitri - Adopcja Serca pomoc Afryce","article_publisher":"https:\/\/www.facebook.com\/MAITRI.Adopcja.Serca.dzieci.Afryki\/","article_modified_time":"2023-02-10T11:24:46+00:00","og_image":[{"width":567,"height":1008,"url":"https:\/\/www.maitri.pl\/wp-content\/uploads\/2021\/05\/parak-5-foto-1.jpeg","type":"image\/jpeg"}],"twitter_card":"summary_large_image","twitter_misc":{"Dur\u00e9e de lecture estim\u00e9e":"2 minutes"},"schema":{"@context":"https:\/\/schema.org","@graph":[{"@type":"WebPage","@id":"https:\/\/www.maitri.pl\/projekt\/sierociniec-afeoa-lubumbashi-dr-kongo\/","url":"https:\/\/www.maitri.pl\/projekt\/sierociniec-afeoa-lubumbashi-dr-kongo\/","name":"Sierociniec AFEOA w Lubumbashi potrzebuje remontu i wyposa\u017cenia sal","isPartOf":{"@id":"https:\/\/www.maitri.pl\/#website"},"primaryImageOfPage":{"@id":"https:\/\/www.maitri.pl\/projekt\/sierociniec-afeoa-lubumbashi-dr-kongo\/#primaryimage"},"image":{"@id":"https:\/\/www.maitri.pl\/projekt\/sierociniec-afeoa-lubumbashi-dr-kongo\/#primaryimage"},"thumbnailUrl":"https:\/\/www.maitri.pl\/wp-content\/uploads\/2021\/05\/parak-5-foto-1.jpeg","datePublished":"2021-05-27T14:11:14+00:00","dateModified":"2023-02-10T11:24:46+00:00","description":"Sierociniec AFEOA w Lubumbashi potrzebuje remontu i wyposa\u017cenia sal. Nowe koce ochroni\u0105 dzieci przed zimnem i wilgoci\u0105. Ka\u017cde b\u0119dzie mia\u0142o w\u0142asne sztu\u0107ce.","breadcrumb":{"@id":"https:\/\/www.maitri.pl\/projekt\/sierociniec-afeoa-lubumbashi-dr-kongo\/#breadcrumb"},"inLanguage":"fr-FR","potentialAction":[{"@type":"ReadAction","target":["https:\/\/www.maitri.pl\/projekt\/sierociniec-afeoa-lubumbashi-dr-kongo\/"]}]},{"@type":"ImageObject","inLanguage":"fr-FR","@id":"https:\/\/www.maitri.pl\/projekt\/sierociniec-afeoa-lubumbashi-dr-kongo\/#primaryimage","url":"https:\/\/www.maitri.pl\/wp-content\/uploads\/2021\/05\/parak-5-foto-1.jpeg","contentUrl":"https:\/\/www.maitri.pl\/wp-content\/uploads\/2021\/05\/parak-5-foto-1.jpeg","width":567,"height":1008,"caption":"sierociniec AFEOA 3 Ruch Maitri Adopcja Serca pomoc Afryce dzieci do Adopcji"},{"@type":"BreadcrumbList","@id":"https:\/\/www.maitri.pl\/projekt\/sierociniec-afeoa-lubumbashi-dr-kongo\/#breadcrumb","itemListElement":[{"@type":"ListItem","position":1,"name":"Strona g\u0142\u00f3wna","item":"https:\/\/www.maitri.pl\/"},{"@type":"ListItem","position":2,"name":"Sklep","item":"https:\/\/www.maitri.pl\/sklep\/"},{"@type":"ListItem","position":3,"name":"Sierociniec AFEOA w Lubumbashi potrzebuje remontu i wyposa\u017cenia sal"}]},{"@type":"WebSite","@id":"https:\/\/www.maitri.pl\/#website","url":"https:\/\/www.maitri.pl\/","name":"Adopcja Serca Maitri \u2013 pomoc dzieciom w Afryce","description":"Adopcja Serca \u2013 adopcja na odleg\u0142o\u015b\u0107, pomoc Afryce, do\u017cywianie i edukacja w Afryce","publisher":{"@id":"https:\/\/www.maitri.pl\/#organization"},"potentialAction":[{"@type":"SearchAction","target":{"@type":"EntryPoint","urlTemplate":"https:\/\/www.maitri.pl\/?s={search_term_string}"},"query-input":{"@type":"PropertyValueSpecification","valueRequired":true,"valueName":"search_term_string"}}],"inLanguage":"fr-FR"},{"@type":"Organization","@id":"https:\/\/www.maitri.pl\/#organization","name":"Stowarzyszenie Ruchu Maitri","url":"https:\/\/www.maitri.pl\/","logo":{"@type":"ImageObject","inLanguage":"fr-FR","@id":"https:\/\/www.maitri.pl\/#\/schema\/logo\/image\/","url":"https:\/\/www.maitri.pl\/wp-content\/uploads\/2020\/04\/duze_logo-81.png","contentUrl":"https:\/\/www.maitri.pl\/wp-content\/uploads\/2020\/04\/duze_logo-81.png","width":339,"height":321,"caption":"Stowarzyszenie Ruchu Maitri"},"image":{"@id":"https:\/\/www.maitri.pl\/#\/schema\/logo\/image\/"},"sameAs":["https:\/\/www.facebook.com\/MAITRI.Adopcja.Serca.dzieci.Afryki\/"]}]}},"_links":{"self":[{"href":"https:\/\/www.maitri.pl\/fr\/wp-json\/wp\/v2\/product\/22770","targetHints":{"allow":["GET"]}}],"collection":[{"href":"https:\/\/www.maitri.pl\/fr\/wp-json\/wp\/v2\/product"}],"about":[{"href":"https:\/\/www.maitri.pl\/fr\/wp-json\/wp\/v2\/types\/product"}],"wp:featuredmedia":[{"embeddable":true,"href":"https:\/\/www.maitri.pl\/fr\/wp-json\/wp\/v2\/media\/22771"}],"wp:attachment":[{"href":"https:\/\/www.maitri.pl\/fr\/wp-json\/wp\/v2\/media?parent=22770"}],"wp:term":[{"taxonomy":"product_brand","embeddable":true,"href":"https:\/\/www.maitri.pl\/fr\/wp-json\/wp\/v2\/product_brand?post=22770"},{"taxonomy":"product_cat","embeddable":true,"href":"https:\/\/www.maitri.pl\/fr\/wp-json\/wp\/v2\/product_cat?post=22770"},{"taxonomy":"product_tag","embeddable":true,"href":"https:\/\/www.maitri.pl\/fr\/wp-json\/wp\/v2\/product_tag?post=22770"}],"curies":[{"name":"wp","href":"https:\/\/api.w.org\/{rel}","templated":true}]}}