{"id":22637,"date":"2021-05-10T15:38:08","date_gmt":"2021-05-10T13:38:08","guid":{"rendered":"https:\/\/www.maitri.pl\/?post_type=product&#038;p=22637"},"modified":"2023-02-10T12:24:52","modified_gmt":"2023-02-10T11:24:52","slug":"klerycy-z-doume-kamerun-zakup-zestawu","status":"publish","type":"product","link":"https:\/\/www.maitri.pl\/fr\/projekt\/klerycy-z-doume-kamerun-zakup-zestawu\/","title":{"rendered":"Klerycy z Doume: zakup zestawu liturgicznego dla 6 diakon\u00f3w"},"content":{"rendered":"<h4><img loading=\"lazy\" decoding=\"async\" class=\"aligncenter wp-image-22651\" src=\"https:\/\/www.maitri.pl\/wp-content\/uploads\/2021\/05\/1-20121130-LS-07930.jpg\" alt=\"Bertoua , Kamerun klerycy diecezji Doume - Abong Mbang\" width=\"847\" height=\"564\" \/><\/h4>\n<h4>Pami\u0105tka po Adopcji Serca<\/h4>\n<p>W sierpniu bie\u017c\u0105cego roku sze\u015bciu kleryk\u00f3w z diecezji Doume &#8211; Abong Mbang otrzyma \u015bwi\u0119cenia diakonatu. Po \u015bwi\u0119ceniach odbywaj\u0105 roczny sta\u017c w parafiach, a nast\u0119pnie uzyskaj\u0105 \u015bwi\u0119cenia kap\u0142a\u0144skie. Tym samym zako\u0144czy si\u0119 ich udzia\u0142 w programie <a href=\"https:\/\/www.maitri.pl\/adopcja-serca\/\" target=\"_blank\" rel=\"noopener\">Adopcja Serca<\/a> . Jako \u201epami\u0105tk\u0119\u00a0\u00bb po tym programie i po rodzicach adopcyjnych, kt\u00f3rzy przez 10 lat ich wspomagali diakoni otrzymaj\u0105 ma\u0142e \u201ewalizki kap\u0142a\u0144skie\u00a0\u00bb z naczyniami i drobnym sprz\u0119tem liturgicznym potrzebnymi do odprawiania Mszy \u015aw. w terenie.\u00a0 Z pro\u015bb\u0105 o rozwa\u017cenie mo\u017cliwo\u015bci zakupu zestaw\u00f3w liturgicznych dla diakon\u00f3w zwr\u00f3ci\u0142 si\u0119 do nas ks. bp. Jan Ozga.<\/p>\n<h4>Prezent z okazji \u015bwi\u0119ce\u0144<\/h4>\n<p>Tego roku \u015bwiecenia diakonatu otrzyma 6 kandydat\u00f3w, kt\u00f3rzy w roku 2022 maj\u0105 przyj\u0105\u0107 \u015bwi\u0119cenia kap\u0142a\u0144skie w diecezji Doume &#8211; Abong Mbang. Przez 10 lat byli oni wspomagani przez rodzic\u00f3w adopcyjnych z programu Adopcja Serca. Jako wyraz wdzi\u0119czno\u015bci nowo wy\u015bwi\u0119ceni kap\u0142ani odprawi\u0105 Msze \u015aw. za swoich duchowych opiekun\u00f3w i dobroczy\u0144c\u00f3w z <a href=\"https:\/\/www.maitri.pl\/ruch-maitri\/\" target=\"_blank\" rel=\"noopener\">Ruchu Maitri<\/a>. Zostanie im przes\u0142ana imienna lista darczy\u0144c\u00f3w. Jest to akcja jednorazowa dla tej grupy seminarzyst\u00f3w.<\/p>\n<h4>Lokalne tradycje<\/h4>\n<p>Jako kap\u0142ani tej diecezji, b\u0119d\u0105 pracowa\u0107 w parafiach wioskowych lub w ma\u0142ych miejscowo\u015bciach. A ka\u017cda z nich ma wiele miejsc, kaplic dojazdowych. Ponadto tutaj cz\u0119sto przy pogrzebach odprawia si\u0119 Msze \u015aw. przed domem zmar\u0142ego, gdzie potem odbywa si\u0119 poch\u00f3wek. Dlatego taka ma\u0142a walizka ze wszystkimi parametrami liturgicznymi potrzebna b\u0119dzie takiemu m\u0142odemu ksi\u0119dzu do sprawowania Mszy \u015aw. w tych specyficznych warunkach. Skorzysta na tym programie nie tylko dany kap\u0142an, ale i ca\u0142a ludno\u015b\u0107. A nawet i zmar\u0142y, za kt\u00f3rego b\u0119dzie sprawowana Msza \u015bw. Przyszli ksi\u0119\u017ca gor\u0105co prosz\u0105 o zakup zestawu liturgicznego do podr\u00f3\u017cy.<\/p>\n<p>W imieniu ks. biskupa wniosek przys\u0142a\u0142a Siostra Fabiana Leitgeber SAC z sekretariat- Diecezja Doume &#8211; Abong Mbang, Kamerun<\/p>\n<p>PS. Osoby, kt\u00f3re zdecyduj\u0105 si\u0119 na samodzielne sfinansowanie zestawu liturgicznego b\u0119d\u0105 mog\u0142y do\u0142\u0105czy\u0107 do niego list do nowo wy\u015bwi\u0119conego ksi\u0119dza. Otrzymaj\u0105 tak\u017ce imienne podzi\u0119kowanie. Wi\u0119cej informacji mo\u017cna uzyska\u0107 w Biurze Adopcji Serca w Gda\u0144sku <a href=\"&#109;&#x61;i&#108;&#x74;&#111;&#x3a;a&#100;&#x6f;p&#x63;&#x6a;&#97;&#x40;m&#97;&#x69;t&#x72;&#x69;&#46;&#x70;l\">ado&#112;&#99;&#106;&#x61;&#x40;&#x6d;&#x61;&#x69;&#x74;ri&#46;&#112;&#108;<\/a><\/p>\n<h4><strong>Kosztorys:<\/strong><\/h4>\n<table>\n<tbody>\n<tr>\n<td width=\"34\">Lp.<\/td>\n<td width=\"265\">opis<\/td>\n<td width=\"86\">ilo\u015b\u0107<\/td>\n<td width=\"118\">cena<\/td>\n<td width=\"140\">Kwota<\/td>\n<\/tr>\n<tr>\n<td width=\"34\">1<\/td>\n<td width=\"265\">Messo Yannick Tangui<\/td>\n<td width=\"86\"><\/td>\n<td width=\"118\">230 \u20ac<\/td>\n<td width=\"140\"><\/td>\n<\/tr>\n<tr>\n<td width=\"34\">2<\/td>\n<td width=\"265\">Mamene Etoungou Narcisse Peguy<\/td>\n<td width=\"86\"><\/td>\n<td width=\"118\">230 \u20ac<\/td>\n<td width=\"140\"><\/td>\n<\/tr>\n<tr>\n<td width=\"34\">3<\/td>\n<td width=\"265\">Herman Ntsilili<\/td>\n<td width=\"86\"><\/td>\n<td width=\"118\">230 \u20ac<\/td>\n<td width=\"140\"><\/td>\n<\/tr>\n<tr>\n<td width=\"34\">4<\/td>\n<td width=\"265\">Mike Darel Atolonogo<\/td>\n<td width=\"86\"><\/td>\n<td width=\"118\">230 \u20ac<\/td>\n<td width=\"140\"><\/td>\n<\/tr>\n<tr>\n<td width=\"34\">5<\/td>\n<td width=\"265\">Willy Dongue<\/td>\n<td width=\"86\"><\/td>\n<td width=\"118\">230 \u20ac<\/td>\n<td width=\"140\"><\/td>\n<\/tr>\n<tr>\n<td width=\"34\">6<\/td>\n<td width=\"265\">Franc Ismael Woundi Moantouamb<\/td>\n<td width=\"86\"><\/td>\n<td width=\"118\">230 \u20ac<\/td>\n<td width=\"140\"><\/td>\n<\/tr>\n<tr>\n<td width=\"34\"><\/td>\n<td width=\"265\"><strong>PODSUMOWANIE<\/strong><\/td>\n<td width=\"86\"><strong>\u00a0<\/strong><\/td>\n<td width=\"118\"><strong>\u00a0<\/strong><\/td>\n<td width=\"140\"><strong>1380 \u20ac<\/strong><\/td>\n<\/tr>\n<\/tbody>\n<\/table>\n<p>Wniosek <a href=\"https:\/\/pl.wikipedia.org\/wiki\/Jan_Ozga\" target=\"_blank\" rel=\"noopener noreferrer\">w imieniu biskupa Jana Ozgi<\/a> zg\u0142osi\u0142a s. Fabiana Leitgeber, Diecezja Doume Abong Mbang, Kameru<em>n<\/em><\/p>\n<p style=\"text-align: justify;\" align=\"JUSTIFY\"><span style=\"color: #ff0000;\"><span style=\"font-size: large;\"><b>Kwota projektu: 1380 \u20ac Koszt jednego zestawu ok. 1080 z\u0142<br \/>\n<\/b><\/span><\/span><\/p>\n<p style=\"text-align: justify;\"><strong>Numer projektu: 10\/JOZGA<\/strong><\/p>\n<p style=\"text-align: justify;\" align=\"JUSTIFY\"><span style=\"color: #808080;\">Stowarzyszenie Ruchu\u00a0<em>Maitri<\/em>\u00a0przeznacza do 10% otrzymanych \u015brodk\u00f3w na koszty funkcjonowania biura i pozyskiwanie funduszy pomocowych.<\/span><\/p>\n<h3 style=\"text-align: justify;\" align=\"JUSTIFY\"><span style=\"color: #808080;\">Klerycy prosz\u0105 o pomoc w zakupie zestawu podr\u00f3\u017cnego dla 6 diakon\u00f3w z kameru\u0144skiej diecezji Doume &#8211; Abong Mbang!<\/span><\/h3>\n","protected":false},"excerpt":{"rendered":"<p><strong>Projekt:\u00a0<\/strong> <em>s. Fabiana Leitgeber, Diecezja Doume Abong Mbang, Kamerun<\/em><br \/>\n<strong>Misja:<\/strong> Abong Mbang, <a href=\"https:\/\/www.maitri.pl\/gdzie-pomagamy\/\" target=\"_blank\" rel=\"noopener noreferrer\">Kamerun<\/a><br \/>\n<strong>Kwota projektu: <span style=\"color: #ff0000;\">1380 \u20ac<\/span><\/strong><\/p>\n","protected":false},"featured_media":22639,"template":"","meta":[],"product_brand":[],"product_cat":[656],"product_tag":[868,658,867],"class_list":{"0":"post-22637","1":"product","2":"type-product","3":"status-publish","4":"has-post-thumbnail","6":"product_cat-bez-kategorii","7":"product_tag-biskup-jan-ozga","8":"product_tag-kamerun","9":"product_tag-siostra-fabiana-leitgeber","11":"first","12":"instock","13":"virtual","14":"purchasable","15":"product-type-simple"},"yoast_head":"<!-- This site is optimized with the Yoast SEO plugin v27.2 - https:\/\/yoast.com\/product\/yoast-seo-wordpress\/ -->\n<title>Klerycy prosz\u0105 o zakup zestawu liturgicznego dla 6 diakon\u00f3w z Doume<\/title>\n<meta name=\"description\" content=\"Klerycy z Doume prosz\u0105 o zakup zestawu liturgicznego do podr\u00f3\u017cy dla 6 diakon\u00f3w z Doume. Jako kap\u0142ani b\u0119d\u0105 pracowa\u0107 w parafiach na prowincji.\" \/>\n<meta name=\"robots\" content=\"index, follow, max-snippet:-1, max-image-preview:large, max-video-preview:-1\" \/>\n<link rel=\"canonical\" href=\"https:\/\/www.maitri.pl\/projekt\/klerycy-z-doume-kamerun-zakup-zestawu\/\" \/>\n<meta property=\"og:locale\" content=\"fr_FR\" \/>\n<meta property=\"og:type\" content=\"article\" \/>\n<meta property=\"og:title\" content=\"Klerycy prosz\u0105 o zakup zestawu liturgicznego dla 6 diakon\u00f3w z Doume\" \/>\n<meta property=\"og:description\" content=\"Klerycy z Doume prosz\u0105 o zakup zestawu liturgicznego do podr\u00f3\u017cy dla 6 diakon\u00f3w z Doume. Jako kap\u0142ani b\u0119d\u0105 pracowa\u0107 w parafiach na prowincji.\" \/>\n<meta property=\"og:url\" content=\"https:\/\/www.maitri.pl\/projekt\/klerycy-z-doume-kamerun-zakup-zestawu\/\" \/>\n<meta property=\"og:site_name\" content=\"Ruch Maitri - Adopcja Serca pomoc Afryce\" \/>\n<meta property=\"article:publisher\" content=\"https:\/\/www.facebook.com\/MAITRI.Adopcja.Serca.dzieci.Afryki\/\" \/>\n<meta property=\"article:modified_time\" content=\"2023-02-10T11:24:52+00:00\" \/>\n<meta property=\"og:image\" content=\"https:\/\/www.maitri.pl\/wp-content\/uploads\/2021\/05\/zestaw-podrozny.jpeg\" \/>\n\t<meta property=\"og:image:width\" content=\"1202\" \/>\n\t<meta property=\"og:image:height\" content=\"1600\" \/>\n\t<meta property=\"og:image:type\" content=\"image\/jpeg\" \/>\n<meta name=\"twitter:card\" content=\"summary_large_image\" \/>\n<meta name=\"twitter:label1\" content=\"Dur\u00e9e de lecture estim\u00e9e\" \/>\n\t<meta name=\"twitter:data1\" content=\"3 minutes\" \/>\n<script type=\"application\/ld+json\" class=\"yoast-schema-graph\">{\"@context\":\"https:\/\/schema.org\",\"@graph\":[{\"@type\":\"WebPage\",\"@id\":\"https:\/\/www.maitri.pl\/projekt\/klerycy-z-doume-kamerun-zakup-zestawu\/\",\"url\":\"https:\/\/www.maitri.pl\/projekt\/klerycy-z-doume-kamerun-zakup-zestawu\/\",\"name\":\"Klerycy prosz\u0105 o zakup zestawu liturgicznego dla 6 diakon\u00f3w z Doume\",\"isPartOf\":{\"@id\":\"https:\/\/www.maitri.pl\/#website\"},\"primaryImageOfPage\":{\"@id\":\"https:\/\/www.maitri.pl\/projekt\/klerycy-z-doume-kamerun-zakup-zestawu\/#primaryimage\"},\"image\":{\"@id\":\"https:\/\/www.maitri.pl\/projekt\/klerycy-z-doume-kamerun-zakup-zestawu\/#primaryimage\"},\"thumbnailUrl\":\"https:\/\/www.maitri.pl\/wp-content\/uploads\/2021\/05\/zestaw-podrozny.jpeg\",\"datePublished\":\"2021-05-10T13:38:08+00:00\",\"dateModified\":\"2023-02-10T11:24:52+00:00\",\"description\":\"Klerycy z Doume prosz\u0105 o zakup zestawu liturgicznego do podr\u00f3\u017cy dla 6 diakon\u00f3w z Doume. Jako kap\u0142ani b\u0119d\u0105 pracowa\u0107 w parafiach na prowincji.\",\"breadcrumb\":{\"@id\":\"https:\/\/www.maitri.pl\/projekt\/klerycy-z-doume-kamerun-zakup-zestawu\/#breadcrumb\"},\"inLanguage\":\"fr-FR\",\"potentialAction\":[{\"@type\":\"ReadAction\",\"target\":[\"https:\/\/www.maitri.pl\/projekt\/klerycy-z-doume-kamerun-zakup-zestawu\/\"]}]},{\"@type\":\"ImageObject\",\"inLanguage\":\"fr-FR\",\"@id\":\"https:\/\/www.maitri.pl\/projekt\/klerycy-z-doume-kamerun-zakup-zestawu\/#primaryimage\",\"url\":\"https:\/\/www.maitri.pl\/wp-content\/uploads\/2021\/05\/zestaw-podrozny.jpeg\",\"contentUrl\":\"https:\/\/www.maitri.pl\/wp-content\/uploads\/2021\/05\/zestaw-podrozny.jpeg\",\"width\":1202,\"height\":1600,\"caption\":\"klerycy zestaw podr\u00f3\u017cny Maitri Adopcja Serca pomoc Afryce 01\"},{\"@type\":\"BreadcrumbList\",\"@id\":\"https:\/\/www.maitri.pl\/projekt\/klerycy-z-doume-kamerun-zakup-zestawu\/#breadcrumb\",\"itemListElement\":[{\"@type\":\"ListItem\",\"position\":1,\"name\":\"Strona g\u0142\u00f3wna\",\"item\":\"https:\/\/www.maitri.pl\/\"},{\"@type\":\"ListItem\",\"position\":2,\"name\":\"Sklep\",\"item\":\"https:\/\/www.maitri.pl\/sklep\/\"},{\"@type\":\"ListItem\",\"position\":3,\"name\":\"Klerycy z Doume: zakup zestawu liturgicznego dla 6 diakon\u00f3w\"}]},{\"@type\":\"WebSite\",\"@id\":\"https:\/\/www.maitri.pl\/#website\",\"url\":\"https:\/\/www.maitri.pl\/\",\"name\":\"Adopcja Serca Maitri \u2013 pomoc dzieciom w Afryce\",\"description\":\"Adopcja Serca \u2013 adopcja na odleg\u0142o\u015b\u0107, pomoc Afryce, do\u017cywianie i edukacja w Afryce\",\"publisher\":{\"@id\":\"https:\/\/www.maitri.pl\/#organization\"},\"potentialAction\":[{\"@type\":\"SearchAction\",\"target\":{\"@type\":\"EntryPoint\",\"urlTemplate\":\"https:\/\/www.maitri.pl\/?s={search_term_string}\"},\"query-input\":{\"@type\":\"PropertyValueSpecification\",\"valueRequired\":true,\"valueName\":\"search_term_string\"}}],\"inLanguage\":\"fr-FR\"},{\"@type\":\"Organization\",\"@id\":\"https:\/\/www.maitri.pl\/#organization\",\"name\":\"Stowarzyszenie Ruchu Maitri\",\"url\":\"https:\/\/www.maitri.pl\/\",\"logo\":{\"@type\":\"ImageObject\",\"inLanguage\":\"fr-FR\",\"@id\":\"https:\/\/www.maitri.pl\/#\/schema\/logo\/image\/\",\"url\":\"https:\/\/www.maitri.pl\/wp-content\/uploads\/2020\/04\/duze_logo-81.png\",\"contentUrl\":\"https:\/\/www.maitri.pl\/wp-content\/uploads\/2020\/04\/duze_logo-81.png\",\"width\":339,\"height\":321,\"caption\":\"Stowarzyszenie Ruchu Maitri\"},\"image\":{\"@id\":\"https:\/\/www.maitri.pl\/#\/schema\/logo\/image\/\"},\"sameAs\":[\"https:\/\/www.facebook.com\/MAITRI.Adopcja.Serca.dzieci.Afryki\/\"]}]}<\/script>\n<!-- \/ Yoast SEO plugin. -->","yoast_head_json":{"title":"Klerycy prosz\u0105 o zakup zestawu liturgicznego dla 6 diakon\u00f3w z Doume","description":"Klerycy z Doume prosz\u0105 o zakup zestawu liturgicznego do podr\u00f3\u017cy dla 6 diakon\u00f3w z Doume. Jako kap\u0142ani b\u0119d\u0105 pracowa\u0107 w parafiach na prowincji.","robots":{"index":"index","follow":"follow","max-snippet":"max-snippet:-1","max-image-preview":"max-image-preview:large","max-video-preview":"max-video-preview:-1"},"canonical":"https:\/\/www.maitri.pl\/projekt\/klerycy-z-doume-kamerun-zakup-zestawu\/","og_locale":"fr_FR","og_type":"article","og_title":"Klerycy prosz\u0105 o zakup zestawu liturgicznego dla 6 diakon\u00f3w z Doume","og_description":"Klerycy z Doume prosz\u0105 o zakup zestawu liturgicznego do podr\u00f3\u017cy dla 6 diakon\u00f3w z Doume. Jako kap\u0142ani b\u0119d\u0105 pracowa\u0107 w parafiach na prowincji.","og_url":"https:\/\/www.maitri.pl\/projekt\/klerycy-z-doume-kamerun-zakup-zestawu\/","og_site_name":"Ruch Maitri - Adopcja Serca pomoc Afryce","article_publisher":"https:\/\/www.facebook.com\/MAITRI.Adopcja.Serca.dzieci.Afryki\/","article_modified_time":"2023-02-10T11:24:52+00:00","og_image":[{"width":1202,"height":1600,"url":"https:\/\/www.maitri.pl\/wp-content\/uploads\/2021\/05\/zestaw-podrozny.jpeg","type":"image\/jpeg"}],"twitter_card":"summary_large_image","twitter_misc":{"Dur\u00e9e de lecture estim\u00e9e":"3 minutes"},"schema":{"@context":"https:\/\/schema.org","@graph":[{"@type":"WebPage","@id":"https:\/\/www.maitri.pl\/projekt\/klerycy-z-doume-kamerun-zakup-zestawu\/","url":"https:\/\/www.maitri.pl\/projekt\/klerycy-z-doume-kamerun-zakup-zestawu\/","name":"Klerycy prosz\u0105 o zakup zestawu liturgicznego dla 6 diakon\u00f3w z Doume","isPartOf":{"@id":"https:\/\/www.maitri.pl\/#website"},"primaryImageOfPage":{"@id":"https:\/\/www.maitri.pl\/projekt\/klerycy-z-doume-kamerun-zakup-zestawu\/#primaryimage"},"image":{"@id":"https:\/\/www.maitri.pl\/projekt\/klerycy-z-doume-kamerun-zakup-zestawu\/#primaryimage"},"thumbnailUrl":"https:\/\/www.maitri.pl\/wp-content\/uploads\/2021\/05\/zestaw-podrozny.jpeg","datePublished":"2021-05-10T13:38:08+00:00","dateModified":"2023-02-10T11:24:52+00:00","description":"Klerycy z Doume prosz\u0105 o zakup zestawu liturgicznego do podr\u00f3\u017cy dla 6 diakon\u00f3w z Doume. Jako kap\u0142ani b\u0119d\u0105 pracowa\u0107 w parafiach na prowincji.","breadcrumb":{"@id":"https:\/\/www.maitri.pl\/projekt\/klerycy-z-doume-kamerun-zakup-zestawu\/#breadcrumb"},"inLanguage":"fr-FR","potentialAction":[{"@type":"ReadAction","target":["https:\/\/www.maitri.pl\/projekt\/klerycy-z-doume-kamerun-zakup-zestawu\/"]}]},{"@type":"ImageObject","inLanguage":"fr-FR","@id":"https:\/\/www.maitri.pl\/projekt\/klerycy-z-doume-kamerun-zakup-zestawu\/#primaryimage","url":"https:\/\/www.maitri.pl\/wp-content\/uploads\/2021\/05\/zestaw-podrozny.jpeg","contentUrl":"https:\/\/www.maitri.pl\/wp-content\/uploads\/2021\/05\/zestaw-podrozny.jpeg","width":1202,"height":1600,"caption":"klerycy zestaw podr\u00f3\u017cny Maitri Adopcja Serca pomoc Afryce 01"},{"@type":"BreadcrumbList","@id":"https:\/\/www.maitri.pl\/projekt\/klerycy-z-doume-kamerun-zakup-zestawu\/#breadcrumb","itemListElement":[{"@type":"ListItem","position":1,"name":"Strona g\u0142\u00f3wna","item":"https:\/\/www.maitri.pl\/"},{"@type":"ListItem","position":2,"name":"Sklep","item":"https:\/\/www.maitri.pl\/sklep\/"},{"@type":"ListItem","position":3,"name":"Klerycy z Doume: zakup zestawu liturgicznego dla 6 diakon\u00f3w"}]},{"@type":"WebSite","@id":"https:\/\/www.maitri.pl\/#website","url":"https:\/\/www.maitri.pl\/","name":"Adopcja Serca Maitri \u2013 pomoc dzieciom w Afryce","description":"Adopcja Serca \u2013 adopcja na odleg\u0142o\u015b\u0107, pomoc Afryce, do\u017cywianie i edukacja w Afryce","publisher":{"@id":"https:\/\/www.maitri.pl\/#organization"},"potentialAction":[{"@type":"SearchAction","target":{"@type":"EntryPoint","urlTemplate":"https:\/\/www.maitri.pl\/?s={search_term_string}"},"query-input":{"@type":"PropertyValueSpecification","valueRequired":true,"valueName":"search_term_string"}}],"inLanguage":"fr-FR"},{"@type":"Organization","@id":"https:\/\/www.maitri.pl\/#organization","name":"Stowarzyszenie Ruchu Maitri","url":"https:\/\/www.maitri.pl\/","logo":{"@type":"ImageObject","inLanguage":"fr-FR","@id":"https:\/\/www.maitri.pl\/#\/schema\/logo\/image\/","url":"https:\/\/www.maitri.pl\/wp-content\/uploads\/2020\/04\/duze_logo-81.png","contentUrl":"https:\/\/www.maitri.pl\/wp-content\/uploads\/2020\/04\/duze_logo-81.png","width":339,"height":321,"caption":"Stowarzyszenie Ruchu Maitri"},"image":{"@id":"https:\/\/www.maitri.pl\/#\/schema\/logo\/image\/"},"sameAs":["https:\/\/www.facebook.com\/MAITRI.Adopcja.Serca.dzieci.Afryki\/"]}]}},"_links":{"self":[{"href":"https:\/\/www.maitri.pl\/fr\/wp-json\/wp\/v2\/product\/22637","targetHints":{"allow":["GET"]}}],"collection":[{"href":"https:\/\/www.maitri.pl\/fr\/wp-json\/wp\/v2\/product"}],"about":[{"href":"https:\/\/www.maitri.pl\/fr\/wp-json\/wp\/v2\/types\/product"}],"wp:featuredmedia":[{"embeddable":true,"href":"https:\/\/www.maitri.pl\/fr\/wp-json\/wp\/v2\/media\/22639"}],"wp:attachment":[{"href":"https:\/\/www.maitri.pl\/fr\/wp-json\/wp\/v2\/media?parent=22637"}],"wp:term":[{"taxonomy":"product_brand","embeddable":true,"href":"https:\/\/www.maitri.pl\/fr\/wp-json\/wp\/v2\/product_brand?post=22637"},{"taxonomy":"product_cat","embeddable":true,"href":"https:\/\/www.maitri.pl\/fr\/wp-json\/wp\/v2\/product_cat?post=22637"},{"taxonomy":"product_tag","embeddable":true,"href":"https:\/\/www.maitri.pl\/fr\/wp-json\/wp\/v2\/product_tag?post=22637"}],"curies":[{"name":"wp","href":"https:\/\/api.w.org\/{rel}","templated":true}]}}