{"id":22590,"date":"2021-04-29T15:06:06","date_gmt":"2021-04-29T13:06:06","guid":{"rendered":"https:\/\/www.maitri.pl\/?post_type=product&#038;p=22590"},"modified":"2023-02-10T12:25:06","modified_gmt":"2023-02-10T11:25:06","slug":"budowa-domu-dla-trzech-rodzin-z-misji-esseng","status":"publish","type":"product","link":"https:\/\/www.maitri.pl\/fr\/projekt\/budowa-domu-dla-trzech-rodzin-z-misji-esseng\/","title":{"rendered":"Budowa domu dla trzech bezdomnych rodzin z misji Esseng w Kamerunie"},"content":{"rendered":"<h4>Otoczeni bied\u0105 i pogard\u0105<\/h4>\n<p>W mojej pracy misyjnej wci\u0105\u017c spotykam si\u0119 z <a href=\"https:\/\/www.maitri.pl\/projekt\/fundusz-dozywianie-glodujacych-dzieci-2\/\" target=\"_blank\" rel=\"noopener\">bied\u0105 ludzk\u0105<\/a>, kt\u00f3rej w przer\u00f3\u017cny spos\u00f3b staram si\u0119 zaradza\u0107. Od trzech lat pokrywamy w\u0142a\u015bciwie ca\u0142o\u015bciowo potrzeby dw\u00f3ch rodzin. Dok\u0142adniej m\u00f3wi\u0105c dw\u00f3ch dziewczyn, chorych psychicznie, wychowuj\u0105cych po dwoje dzieci. Jedna z nich opiekuje si\u0119 r\u00f3wnie\u017c niesprawn\u0105 fizycznie mam\u0105. Obydwie rodziny zupe\u0142nie nie maj\u0105 gdzie mieszka\u0107. Jednej spali\u0142a si\u0119 chatka i tu\u0142a si\u0119 od domu do domu ze swoimi c\u00f3rkami (7 lat i 2 latka). Nawet \u017cywno\u015b\u0107, kt\u00f3r\u0105 co tydzie\u0144 otrzymuje z naszej misji, kradn\u0105 jej ludzie, u kt\u00f3rych nocuje, cz\u0119sto te\u017c jest przez nich bita. Konieczna jest budowa domu dla tych rodzin.<\/p>\n<h4>Tu\u0142aczka bez ko\u0144ca<\/h4>\n<p>Druga rodzina tak\u017ce tu\u0142a si\u0119 szukaj\u0105c k\u0105ta do spania. Obecnie mieszkaj\u0105 prawie pod go\u0142ym niebem, gdy\u017c wynaj\u0119ta chata, z wszystkich stron jest dziurawa i pewnie w nadchodz\u0105cej porze deszczu si\u0119 zwali. Trzecia kobieta, chocia\u017c jest inwalidk\u0105, po operacji nogi, gdzie wstawiali\u015bmy implant, jest nieco bardziej samodzielna, opiekuje si\u0119 swoim synkiem, kt\u00f3ry jest w adopcji medycznej i chorym bratem. Tak\u017ce nie maj\u0105 swojego domu.<\/p>\n<h4>Wymarzony w\u0142asny k\u0105t<\/h4>\n<p>Widzimy ogromn\u0105 potrzeb\u0119 wybudowania im domk\u00f3w, aby mieli sw\u00f3j k\u0105t, gdzie b\u0119d\u0105 mogli poczu\u0107 si\u0119 \u201eu siebie\u00a0\u00bb i bezpiecznie. Chcemy, aby to by\u0142y trzy mieszkania po\u0142\u0105czone, ale ka\u017cde z osobnym wej\u015bciem. Kuchnia i toaleta b\u0119dzie wsp\u00f3lna dla wszystkich. Ca\u0142o\u015b\u0107 koszt\u00f3w wynosi 7.000 Euro. Znalaz\u0142am ju\u017c ofiarodawc\u0119, kt\u00f3ry przeznaczy\u0142 400 \u20ac na zakup terenu oraz\u00a0 2.000 \u20ac na jedno mieszkanie. Bardzo Was prosimy o pomoc w budowie pozosta\u0142ych dw\u00f3ch mieszka\u0144 oraz kuchni i toalety 5.000 Euro. Budowa domu b\u0119dzie prze\u0142omem w \u017cyciu tych rodzin.<\/p>\n<h4>Ogr\u00f3dek zapewni \u017cywno\u015b\u0107<\/h4>\n<p>Kobiety te nie maj\u0105 zupe\u0142nie nic. Chcieli\u015bmy, aby daleka rodzina ofiarowa\u0142a im chocia\u017c parcele. Niestety mimo wielu pertraktacji, nie uda\u0142o si\u0119 nic osi\u0105gn\u0105\u0107. Postanowili\u015bmy zakupi\u0107 parcel\u0119 i na niej pobudowa\u0107 te domki w jednym ci\u0105gu. Chcieli\u015bmy zmniejszy\u0107 koszty, a tak\u017ce, aby dobrze zagospodarowa\u0107 teren. Parcela jest wi\u0119ksza (616 m2), co pozwoli im uprawia\u0107 ogr\u00f3d warzywny. Solidniejsza konstrukcja, bloki z gliny, na dobrym fundamencie z pustak\u00f3w, z mocnym tynkiem cementowym, zapewni wi\u0119ksz\u0105 trwa\u0142o\u015b\u0107 mieszka\u0144.\u00a0 Przysz\u0142e w\u0142a\u015bcicielki tych mieszka\u0144 zdeklarowa\u0142y si\u0119 dostarcza\u0107 wod\u0119 do budowy, jako ich wk\u0142ad w to dzie\u0142o.<\/p>\n<p>Ufamy, ze zamieszkanie w godnych warunkach, stabilno\u015b\u0107 miejsca, pomo\u017ce im bardziej zaj\u0105\u0107 si\u0119 dzie\u0107mi oraz by\u0107 bardziej niezale\u017cnymi od \u0142aski innych ludzi.<\/p>\n<h4><strong>Kosztorys<\/strong><\/h4>\n<table>\n<tbody>\n<tr>\n<td width=\"34\">Lp.<\/td>\n<td width=\"253\">Opis<\/td>\n<td width=\"108\">ilo\u015b\u0107<\/td>\n<td width=\"132\">Cena<\/td>\n<td width=\"132\">Kwota w walucie miejscowej<\/td>\n<\/tr>\n<tr>\n<td width=\"34\">&nbsp;<\/td>\n<td width=\"253\">piasek<\/td>\n<td width=\"108\">&nbsp;<\/td>\n<td width=\"132\">&nbsp;<\/td>\n<td width=\"132\">523.000 FCFA<\/td>\n<\/tr>\n<tr>\n<td width=\"34\">&nbsp;<\/td>\n<td width=\"253\">\u017cwir<\/td>\n<td width=\"108\">&nbsp;<\/td>\n<td width=\"132\">&nbsp;<\/td>\n<td width=\"132\">236.000 FCFA<\/td>\n<\/tr>\n<tr>\n<td width=\"34\">&nbsp;<\/td>\n<td width=\"253\">cement (50 kg)<\/td>\n<td width=\"108\">150 work\u00f3w<\/td>\n<td width=\"132\">4.600 FCFA<\/td>\n<td width=\"132\">690.000 FCFA<\/td>\n<\/tr>\n<tr>\n<td width=\"34\">&nbsp;<\/td>\n<td width=\"253\">Blacha<\/p>\n<p>+ gwo\u017adzie do blachy<\/td>\n<td width=\"108\">98 szt.<\/td>\n<td width=\"132\">4.000 FCFA<\/p>\n<p>&nbsp;<\/td>\n<td width=\"132\">392.000 FCFA<\/p>\n<p>26.000 FCFA<\/td>\n<\/tr>\n<tr>\n<td width=\"34\">&nbsp;<\/td>\n<td width=\"253\">Krokwie na dach<\/td>\n<td width=\"108\">150 szt.<\/td>\n<td width=\"132\">&nbsp;<\/td>\n<td width=\"132\">197.000 FCFA<\/td>\n<\/tr>\n<tr>\n<td width=\"34\">&nbsp;<\/td>\n<td width=\"253\">Drzwi i okna<\/td>\n<td width=\"108\">13 (10) szt.<\/td>\n<td width=\"132\">&nbsp;<\/td>\n<td width=\"132\">179.500 FCFA<\/td>\n<\/tr>\n<tr>\n<td width=\"34\">&nbsp;<\/td>\n<td width=\"253\">Druty zbrojeniowe 08<\/p>\n<p>Druty zbrojeniowe 06<\/td>\n<td width=\"108\">70<\/p>\n<p>25<\/td>\n<td width=\"132\">&nbsp;<\/td>\n<td width=\"132\">201.000 FCFA<\/p>\n<p>40.000 FCFA<\/td>\n<\/tr>\n<tr>\n<td width=\"34\">&nbsp;<\/td>\n<td width=\"253\">gwo\u017adzie<\/td>\n<td width=\"108\">8 paczek<\/td>\n<td width=\"132\">10.000 FCFA<\/td>\n<td width=\"132\">\u00a0 80.000 FCFA<\/td>\n<\/tr>\n<tr>\n<td width=\"34\">&nbsp;<\/td>\n<td width=\"253\">Bloki z gliny i pustaki do fundament\u00f3w<\/td>\n<td width=\"108\">4.800 szt.<\/td>\n<td width=\"132\">&nbsp;<\/td>\n<td width=\"132\">326.000 FCFA<\/td>\n<\/tr>\n<tr>\n<td width=\"34\">&nbsp;<\/td>\n<td width=\"253\">Transport materia\u0142\u00f3w budowlanych<\/td>\n<td width=\"108\">&nbsp;<\/td>\n<td width=\"132\">&nbsp;<\/td>\n<td width=\"132\">523.000 FCFA<\/td>\n<\/tr>\n<tr>\n<td width=\"34\">&nbsp;<\/td>\n<td width=\"253\">Farby + malowanie<\/td>\n<td width=\"108\">&nbsp;<\/td>\n<td width=\"132\">&nbsp;<\/td>\n<td width=\"132\">250.000 FCFA<\/td>\n<\/tr>\n<tr>\n<td width=\"34\">&nbsp;<\/td>\n<td width=\"253\">Prace budowlane<\/td>\n<td width=\"108\">&nbsp;<\/td>\n<td width=\"132\">&nbsp;<\/td>\n<td width=\"132\">900.000 FCFA<\/td>\n<\/tr>\n<tr>\n<td width=\"34\"><strong>\u00a0<\/strong><\/td>\n<td width=\"253\"><strong>PODSUMOWANIE<\/strong><\/td>\n<td width=\"108\"><strong>\u00a0<\/strong><\/td>\n<td width=\"132\"><strong>\u00a0<\/strong><\/td>\n<td width=\"132\"><strong>4.563.500 FCFA<\/strong><\/td>\n<\/tr>\n<\/tbody>\n<\/table>\n<h4><strong>Podsumowanie w miejscowej walucie &#8211; 4.404.400 frank\u00f3w CFA<\/strong><\/h4>\n<p>Siostra Barbara Pustu\u0142ka, <a href=\"https:\/\/www.karmelitanki.pl\/\" target=\"_blank\" rel=\"noopener noreferrer\">Zgromadzenie Si\u00f3str od Anio\u0142\u00f3w<\/a><\/p>\n<p><b style=\"font-size: large; color: #ff0000;\">Kwota: 5560 \u20ac <\/b><\/p>\n<p style=\"text-align: justify;\" align=\"JUSTIFY\"><span style=\"color: #808080;\">Stowarzyszenie Ruchu\u00a0<em>Maitri<\/em> przeznacza do 10% otrzymanych \u015brodk\u00f3w na koszty funkcjonowania biura i pozyskiwanie funduszy pomocowych. <\/span><\/p>\n<h2 style=\"text-align: justify;\" align=\"JUSTIFY\"><span style=\"color: #808080;\">Budowa domu dla trzech bezdomnych rodzin z misji Esseng w Kamerunie<\/span><\/h2>\n","protected":false},"excerpt":{"rendered":"<p><strong>Projekt:<\/strong> Siostra Barbara Pustu\u0142ka, <a href=\"https:\/\/www.karmelitanki.pl\/\" target=\"_blank\" rel=\"noopener noreferrer\">Zgromadzenie Si\u00f3str od Anio\u0142\u00f3w<\/a><br \/>\n<strong>Misja:<\/strong> Esseng, <a href=\"https:\/\/www.maitri.pl\/gdzie-pomagamy\/\" target=\"_blank\" rel=\"noopener noreferrer\">Kamerun<\/a><br \/>\n<strong>Kwota projektu:<\/strong> <span style=\"color: #ff0000;\"><strong>5560 \u20ac<\/strong><\/span><\/p>\n","protected":false},"featured_media":22591,"template":"","meta":[],"product_brand":[],"product_cat":[656],"product_tag":[663,658,829,665],"class_list":{"0":"post-22590","1":"product","2":"type-product","3":"status-publish","4":"has-post-thumbnail","6":"product_cat-bez-kategorii","7":"product_tag-esseng","8":"product_tag-kamerun","9":"product_tag-siostra-barbara-pustulka","10":"product_tag-zgromadzenie-siostr-od-aniolow","12":"first","13":"instock","14":"virtual","15":"purchasable","16":"product-type-simple"},"yoast_head":"<!-- This site is optimized with the Yoast SEO plugin v27.2 - https:\/\/yoast.com\/product\/yoast-seo-wordpress\/ -->\n<title>Budowa domu dla trzech bezdomnych rodzin z misji Esseng w Kamerunie<\/title>\n<meta name=\"description\" content=\"Budowa domu dla trzech bezdomnych rodzin z misji Esseng w Kamerunie. Tu\u0142aj\u0105 si\u0119 bez w\u0142asnego k\u0105ta, \u017cyj\u0105 w biedzie. Wsparcie mo\u017ce odmieni\u0107 ich \u017cycie.\" \/>\n<meta name=\"robots\" content=\"index, follow, max-snippet:-1, max-image-preview:large, max-video-preview:-1\" \/>\n<link rel=\"canonical\" href=\"https:\/\/www.maitri.pl\/projekt\/budowa-domu-dla-trzech-rodzin-z-misji-esseng\/\" \/>\n<meta property=\"og:locale\" content=\"fr_FR\" \/>\n<meta property=\"og:type\" content=\"article\" \/>\n<meta property=\"og:title\" content=\"Budowa domu dla trzech bezdomnych rodzin z misji Esseng w Kamerunie\" \/>\n<meta property=\"og:description\" content=\"Budowa domu dla trzech bezdomnych rodzin z misji Esseng w Kamerunie. Tu\u0142aj\u0105 si\u0119 bez w\u0142asnego k\u0105ta, \u017cyj\u0105 w biedzie. Wsparcie mo\u017ce odmieni\u0107 ich \u017cycie.\" \/>\n<meta property=\"og:url\" content=\"https:\/\/www.maitri.pl\/projekt\/budowa-domu-dla-trzech-rodzin-z-misji-esseng\/\" \/>\n<meta property=\"og:site_name\" content=\"Ruch Maitri - Adopcja Serca pomoc Afryce\" \/>\n<meta property=\"article:publisher\" content=\"https:\/\/www.facebook.com\/MAITRI.Adopcja.Serca.dzieci.Afryki\/\" \/>\n<meta property=\"article:modified_time\" content=\"2023-02-10T11:25:06+00:00\" \/>\n<meta property=\"og:image\" content=\"https:\/\/www.maitri.pl\/wp-content\/uploads\/2021\/04\/145-aniol..jpg\" \/>\n\t<meta property=\"og:image:width\" content=\"1024\" \/>\n\t<meta property=\"og:image:height\" content=\"768\" \/>\n\t<meta property=\"og:image:type\" content=\"image\/jpeg\" \/>\n<meta name=\"twitter:card\" content=\"summary_large_image\" \/>\n<meta name=\"twitter:label1\" content=\"Dur\u00e9e de lecture estim\u00e9e\" \/>\n\t<meta name=\"twitter:data1\" content=\"3 minutes\" \/>\n<script type=\"application\/ld+json\" class=\"yoast-schema-graph\">{\"@context\":\"https:\/\/schema.org\",\"@graph\":[{\"@type\":\"WebPage\",\"@id\":\"https:\/\/www.maitri.pl\/projekt\/budowa-domu-dla-trzech-rodzin-z-misji-esseng\/\",\"url\":\"https:\/\/www.maitri.pl\/projekt\/budowa-domu-dla-trzech-rodzin-z-misji-esseng\/\",\"name\":\"Budowa domu dla trzech bezdomnych rodzin z misji Esseng w Kamerunie\",\"isPartOf\":{\"@id\":\"https:\/\/www.maitri.pl\/#website\"},\"primaryImageOfPage\":{\"@id\":\"https:\/\/www.maitri.pl\/projekt\/budowa-domu-dla-trzech-rodzin-z-misji-esseng\/#primaryimage\"},\"image\":{\"@id\":\"https:\/\/www.maitri.pl\/projekt\/budowa-domu-dla-trzech-rodzin-z-misji-esseng\/#primaryimage\"},\"thumbnailUrl\":\"https:\/\/www.maitri.pl\/wp-content\/uploads\/2021\/04\/145-aniol..jpg\",\"datePublished\":\"2021-04-29T13:06:06+00:00\",\"dateModified\":\"2023-02-10T11:25:06+00:00\",\"description\":\"Budowa domu dla trzech bezdomnych rodzin z misji Esseng w Kamerunie. Tu\u0142aj\u0105 si\u0119 bez w\u0142asnego k\u0105ta, \u017cyj\u0105 w biedzie. Wsparcie mo\u017ce odmieni\u0107 ich \u017cycie.\",\"breadcrumb\":{\"@id\":\"https:\/\/www.maitri.pl\/projekt\/budowa-domu-dla-trzech-rodzin-z-misji-esseng\/#breadcrumb\"},\"inLanguage\":\"fr-FR\",\"potentialAction\":[{\"@type\":\"ReadAction\",\"target\":[\"https:\/\/www.maitri.pl\/projekt\/budowa-domu-dla-trzech-rodzin-z-misji-esseng\/\"]}]},{\"@type\":\"ImageObject\",\"inLanguage\":\"fr-FR\",\"@id\":\"https:\/\/www.maitri.pl\/projekt\/budowa-domu-dla-trzech-rodzin-z-misji-esseng\/#primaryimage\",\"url\":\"https:\/\/www.maitri.pl\/wp-content\/uploads\/2021\/04\/145-aniol..jpg\",\"contentUrl\":\"https:\/\/www.maitri.pl\/wp-content\/uploads\/2021\/04\/145-aniol..jpg\",\"width\":1024,\"height\":768,\"caption\":\"Budowa domu dla bezdomnych rodzin w misji Esseng Kamerun Ruch Maitri Adopcja Serca 01\"},{\"@type\":\"BreadcrumbList\",\"@id\":\"https:\/\/www.maitri.pl\/projekt\/budowa-domu-dla-trzech-rodzin-z-misji-esseng\/#breadcrumb\",\"itemListElement\":[{\"@type\":\"ListItem\",\"position\":1,\"name\":\"Strona g\u0142\u00f3wna\",\"item\":\"https:\/\/www.maitri.pl\/\"},{\"@type\":\"ListItem\",\"position\":2,\"name\":\"Sklep\",\"item\":\"https:\/\/www.maitri.pl\/sklep\/\"},{\"@type\":\"ListItem\",\"position\":3,\"name\":\"Budowa domu dla trzech bezdomnych rodzin z misji Esseng w Kamerunie\"}]},{\"@type\":\"WebSite\",\"@id\":\"https:\/\/www.maitri.pl\/#website\",\"url\":\"https:\/\/www.maitri.pl\/\",\"name\":\"Adopcja Serca Maitri \u2013 pomoc dzieciom w Afryce\",\"description\":\"Adopcja Serca \u2013 adopcja na odleg\u0142o\u015b\u0107, pomoc Afryce, do\u017cywianie i edukacja w Afryce\",\"publisher\":{\"@id\":\"https:\/\/www.maitri.pl\/#organization\"},\"potentialAction\":[{\"@type\":\"SearchAction\",\"target\":{\"@type\":\"EntryPoint\",\"urlTemplate\":\"https:\/\/www.maitri.pl\/?s={search_term_string}\"},\"query-input\":{\"@type\":\"PropertyValueSpecification\",\"valueRequired\":true,\"valueName\":\"search_term_string\"}}],\"inLanguage\":\"fr-FR\"},{\"@type\":\"Organization\",\"@id\":\"https:\/\/www.maitri.pl\/#organization\",\"name\":\"Stowarzyszenie Ruchu Maitri\",\"url\":\"https:\/\/www.maitri.pl\/\",\"logo\":{\"@type\":\"ImageObject\",\"inLanguage\":\"fr-FR\",\"@id\":\"https:\/\/www.maitri.pl\/#\/schema\/logo\/image\/\",\"url\":\"https:\/\/www.maitri.pl\/wp-content\/uploads\/2020\/04\/duze_logo-81.png\",\"contentUrl\":\"https:\/\/www.maitri.pl\/wp-content\/uploads\/2020\/04\/duze_logo-81.png\",\"width\":339,\"height\":321,\"caption\":\"Stowarzyszenie Ruchu Maitri\"},\"image\":{\"@id\":\"https:\/\/www.maitri.pl\/#\/schema\/logo\/image\/\"},\"sameAs\":[\"https:\/\/www.facebook.com\/MAITRI.Adopcja.Serca.dzieci.Afryki\/\"]}]}<\/script>\n<!-- \/ Yoast SEO plugin. -->","yoast_head_json":{"title":"Budowa domu dla trzech bezdomnych rodzin z misji Esseng w Kamerunie","description":"Budowa domu dla trzech bezdomnych rodzin z misji Esseng w Kamerunie. Tu\u0142aj\u0105 si\u0119 bez w\u0142asnego k\u0105ta, \u017cyj\u0105 w biedzie. Wsparcie mo\u017ce odmieni\u0107 ich \u017cycie.","robots":{"index":"index","follow":"follow","max-snippet":"max-snippet:-1","max-image-preview":"max-image-preview:large","max-video-preview":"max-video-preview:-1"},"canonical":"https:\/\/www.maitri.pl\/projekt\/budowa-domu-dla-trzech-rodzin-z-misji-esseng\/","og_locale":"fr_FR","og_type":"article","og_title":"Budowa domu dla trzech bezdomnych rodzin z misji Esseng w Kamerunie","og_description":"Budowa domu dla trzech bezdomnych rodzin z misji Esseng w Kamerunie. Tu\u0142aj\u0105 si\u0119 bez w\u0142asnego k\u0105ta, \u017cyj\u0105 w biedzie. Wsparcie mo\u017ce odmieni\u0107 ich \u017cycie.","og_url":"https:\/\/www.maitri.pl\/projekt\/budowa-domu-dla-trzech-rodzin-z-misji-esseng\/","og_site_name":"Ruch Maitri - Adopcja Serca pomoc Afryce","article_publisher":"https:\/\/www.facebook.com\/MAITRI.Adopcja.Serca.dzieci.Afryki\/","article_modified_time":"2023-02-10T11:25:06+00:00","og_image":[{"width":1024,"height":768,"url":"https:\/\/www.maitri.pl\/wp-content\/uploads\/2021\/04\/145-aniol..jpg","type":"image\/jpeg"}],"twitter_card":"summary_large_image","twitter_misc":{"Dur\u00e9e de lecture estim\u00e9e":"3 minutes"},"schema":{"@context":"https:\/\/schema.org","@graph":[{"@type":"WebPage","@id":"https:\/\/www.maitri.pl\/projekt\/budowa-domu-dla-trzech-rodzin-z-misji-esseng\/","url":"https:\/\/www.maitri.pl\/projekt\/budowa-domu-dla-trzech-rodzin-z-misji-esseng\/","name":"Budowa domu dla trzech bezdomnych rodzin z misji Esseng w Kamerunie","isPartOf":{"@id":"https:\/\/www.maitri.pl\/#website"},"primaryImageOfPage":{"@id":"https:\/\/www.maitri.pl\/projekt\/budowa-domu-dla-trzech-rodzin-z-misji-esseng\/#primaryimage"},"image":{"@id":"https:\/\/www.maitri.pl\/projekt\/budowa-domu-dla-trzech-rodzin-z-misji-esseng\/#primaryimage"},"thumbnailUrl":"https:\/\/www.maitri.pl\/wp-content\/uploads\/2021\/04\/145-aniol..jpg","datePublished":"2021-04-29T13:06:06+00:00","dateModified":"2023-02-10T11:25:06+00:00","description":"Budowa domu dla trzech bezdomnych rodzin z misji Esseng w Kamerunie. Tu\u0142aj\u0105 si\u0119 bez w\u0142asnego k\u0105ta, \u017cyj\u0105 w biedzie. Wsparcie mo\u017ce odmieni\u0107 ich \u017cycie.","breadcrumb":{"@id":"https:\/\/www.maitri.pl\/projekt\/budowa-domu-dla-trzech-rodzin-z-misji-esseng\/#breadcrumb"},"inLanguage":"fr-FR","potentialAction":[{"@type":"ReadAction","target":["https:\/\/www.maitri.pl\/projekt\/budowa-domu-dla-trzech-rodzin-z-misji-esseng\/"]}]},{"@type":"ImageObject","inLanguage":"fr-FR","@id":"https:\/\/www.maitri.pl\/projekt\/budowa-domu-dla-trzech-rodzin-z-misji-esseng\/#primaryimage","url":"https:\/\/www.maitri.pl\/wp-content\/uploads\/2021\/04\/145-aniol..jpg","contentUrl":"https:\/\/www.maitri.pl\/wp-content\/uploads\/2021\/04\/145-aniol..jpg","width":1024,"height":768,"caption":"Budowa domu dla bezdomnych rodzin w misji Esseng Kamerun Ruch Maitri Adopcja Serca 01"},{"@type":"BreadcrumbList","@id":"https:\/\/www.maitri.pl\/projekt\/budowa-domu-dla-trzech-rodzin-z-misji-esseng\/#breadcrumb","itemListElement":[{"@type":"ListItem","position":1,"name":"Strona g\u0142\u00f3wna","item":"https:\/\/www.maitri.pl\/"},{"@type":"ListItem","position":2,"name":"Sklep","item":"https:\/\/www.maitri.pl\/sklep\/"},{"@type":"ListItem","position":3,"name":"Budowa domu dla trzech bezdomnych rodzin z misji Esseng w Kamerunie"}]},{"@type":"WebSite","@id":"https:\/\/www.maitri.pl\/#website","url":"https:\/\/www.maitri.pl\/","name":"Adopcja Serca Maitri \u2013 pomoc dzieciom w Afryce","description":"Adopcja Serca \u2013 adopcja na odleg\u0142o\u015b\u0107, pomoc Afryce, do\u017cywianie i edukacja w Afryce","publisher":{"@id":"https:\/\/www.maitri.pl\/#organization"},"potentialAction":[{"@type":"SearchAction","target":{"@type":"EntryPoint","urlTemplate":"https:\/\/www.maitri.pl\/?s={search_term_string}"},"query-input":{"@type":"PropertyValueSpecification","valueRequired":true,"valueName":"search_term_string"}}],"inLanguage":"fr-FR"},{"@type":"Organization","@id":"https:\/\/www.maitri.pl\/#organization","name":"Stowarzyszenie Ruchu Maitri","url":"https:\/\/www.maitri.pl\/","logo":{"@type":"ImageObject","inLanguage":"fr-FR","@id":"https:\/\/www.maitri.pl\/#\/schema\/logo\/image\/","url":"https:\/\/www.maitri.pl\/wp-content\/uploads\/2020\/04\/duze_logo-81.png","contentUrl":"https:\/\/www.maitri.pl\/wp-content\/uploads\/2020\/04\/duze_logo-81.png","width":339,"height":321,"caption":"Stowarzyszenie Ruchu Maitri"},"image":{"@id":"https:\/\/www.maitri.pl\/#\/schema\/logo\/image\/"},"sameAs":["https:\/\/www.facebook.com\/MAITRI.Adopcja.Serca.dzieci.Afryki\/"]}]}},"_links":{"self":[{"href":"https:\/\/www.maitri.pl\/fr\/wp-json\/wp\/v2\/product\/22590","targetHints":{"allow":["GET"]}}],"collection":[{"href":"https:\/\/www.maitri.pl\/fr\/wp-json\/wp\/v2\/product"}],"about":[{"href":"https:\/\/www.maitri.pl\/fr\/wp-json\/wp\/v2\/types\/product"}],"wp:featuredmedia":[{"embeddable":true,"href":"https:\/\/www.maitri.pl\/fr\/wp-json\/wp\/v2\/media\/22591"}],"wp:attachment":[{"href":"https:\/\/www.maitri.pl\/fr\/wp-json\/wp\/v2\/media?parent=22590"}],"wp:term":[{"taxonomy":"product_brand","embeddable":true,"href":"https:\/\/www.maitri.pl\/fr\/wp-json\/wp\/v2\/product_brand?post=22590"},{"taxonomy":"product_cat","embeddable":true,"href":"https:\/\/www.maitri.pl\/fr\/wp-json\/wp\/v2\/product_cat?post=22590"},{"taxonomy":"product_tag","embeddable":true,"href":"https:\/\/www.maitri.pl\/fr\/wp-json\/wp\/v2\/product_tag?post=22590"}],"curies":[{"name":"wp","href":"https:\/\/api.w.org\/{rel}","templated":true}]}}