{"id":22540,"date":"2021-04-19T19:46:31","date_gmt":"2021-04-19T17:46:31","guid":{"rendered":"https:\/\/www.maitri.pl\/?post_type=product&#038;p=22540"},"modified":"2023-02-10T12:25:53","modified_gmt":"2023-02-10T11:25:53","slug":"instalacja-paneli-slonecznych-i-zakup-lodowki-dla-sierocinca-w-atoku","status":"publish","type":"product","link":"https:\/\/www.maitri.pl\/fr\/projekt\/instalacja-paneli-slonecznych-i-zakup-lodowki-dla-sierocinca-w-atoku\/","title":{"rendered":"Instalacja paneli s\u0142onecznych i zakup lod\u00f3wki dla sieroci\u0144ca w Atoku"},"content":{"rendered":"<h4>Tam nadal \u017cyj\u0105 bez pr\u0105du<\/h4>\n<p>W miejscowo\u015bci Atok nie ma elektryczno\u015bci, nie ma te\u017c sklep\u00f3w z \u017cywno\u015bci\u0105. Od kilku lat Nathalie Wamba opiekuje si\u0119 sierotami i dzie\u0107mi z plemiona Baka (od\u0142am Pigmej\u00f3w), kt\u00f3re w obozach w lesie nie chodzi\u0142y do \u200b\u200bszko\u0142y. Obecnie opiek\u0105 obj\u0119tych jest\u00a0 sze\u015bcioro pigmejskich dzieci. By lepiej prowadzi\u0107 dzie\u0142o wychowania dzieci,\u00a0 trzeba im zapewni\u0107 podstawowe potrzeby \u2013 dost\u0119p do wody, pr\u0105du, \u015bwiat\u0142a, co prze\u0142o\u017cy si\u0119 na ich zdrowie i edukacj\u0119. Je\u015bli by\u0142by pr\u0105d, sieroci\u0144cowi przyda\u0142aby si\u0119 r\u00f3wnie\u017c lod\u00f3wka. Obecnie w sieroci\u0144cu nie ma takich luksus\u00f3w. Instalacja paneli s\u0142onecznych i lod\u00f3wki z zamra\u017cark\u0105 pozwoli nam mie\u0107 \u015bwiat\u0142o i pozwoli nam zaoszcz\u0119dzi\u0107 du\u017co pieni\u0119dzy na jedzenie. Mo\u017cemy r\u00f3wnie\u017c mie\u0107 \u015bwie\u017ce produkty dla dzieci.<\/p>\n<h4>Podaruj dzieciom \u015bwiat\u0142o<\/h4>\n<p>Sierociniec \u017cyje zasadniczo darowiznami, a nasz bud\u017cet na \u017cywno\u015b\u0107 jest niestety bardzo niski. <a href=\"https:\/\/www.maitri.pl\/projekt\/fundusz-dozywianie-glodujacych-dzieci-2\/\" target=\"_blank\" rel=\"noopener\">Maitri od dw\u00f3ch lat udziela pomocy finansowej<\/a> w utrzymaniu naszych dzieci, wi\u0119c teraz maj\u0105 co je\u015b\u0107.\u00a0 Teraz pomy\u015bleli\u015bmy, by poprosi\u0107 o pomoc, kt\u00f3ra polepszy ich \u017cycie codzienne. Pani Nathalie nie jest finansowana przez innych, po\u015bwi\u0119ca swoj\u0105 nauczycielsk\u0105 pensj\u0119 i to co sama wypracowuje, aby nie\u015b\u0107 pomoc sierotom i ubogim z plemienia Baka. Sama nie mo\u017ce sobie pozwoli\u0107 na taki projekt, dlatego prosi o wsparcie i zrozumienie jej potrzeb. Wsparcie jej w tej dziedzinie by\u0142oby wielk\u0105 pomoc\u0105, przynosz\u0105c\u0105 owoce w dobrym wychowaniu przyj\u0119tych przez ni\u0105 dzieci. Bardzo dzi\u0119kujemy MAITRI za wszystko, co robicie dla Domu Dziecka ATOK BAKA. Dzieci b\u0119d\u0105 zdumione \u015bwiat\u0142em oraz tym, \u017ce wieczorem b\u0119d\u0105 mog\u0142y odrabia\u0107 lekcje i czyta\u0107. Brakuje nam s\u0142\u00f3w, by wyrazi\u0107 wdzi\u0119czno\u015b\u0107 dla Was wszystkich.<\/p>\n<h4><b>Kosztorys:<\/b><\/h4>\n<table>\n<tbody>\n<tr>\n<td width=\"34\">Lp.<\/td>\n<td width=\"265\">opis<\/td>\n<td width=\"86\">ilo\u015b\u0107<\/td>\n<td width=\"118\">cena<\/td>\n<td width=\"140\">Kwota w miejscowej walucie<\/td>\n<\/tr>\n<tr>\n<td width=\"34\">1<\/td>\n<td width=\"265\">inwertor<\/td>\n<td width=\"86\">1<\/td>\n<td width=\"118\">300.000 CFA<\/td>\n<td width=\"140\">300.000 CFA<\/td>\n<\/tr>\n<tr>\n<td width=\"34\">2<\/td>\n<td width=\"265\">baterie<\/td>\n<td width=\"86\">2<\/td>\n<td width=\"118\">200.000 CFA<\/td>\n<td width=\"140\">400.000 CFA<\/td>\n<\/tr>\n<tr>\n<td width=\"34\">3<\/td>\n<td width=\"265\">Panele s\u0142oneczne<\/td>\n<td width=\"86\">6<\/td>\n<td width=\"118\">100.000 CFA<\/td>\n<td width=\"140\">600.000 CFA<\/td>\n<\/tr>\n<tr>\n<td width=\"34\">4<\/td>\n<td width=\"265\">osprz\u0119t<\/td>\n<td width=\"86\">1 kpl<\/td>\n<td width=\"118\">150.000 CFA<\/td>\n<td width=\"140\">150.000 CFA<\/td>\n<\/tr>\n<tr>\n<td width=\"34\">5<\/td>\n<td width=\"265\">Prace instalacyjne<\/td>\n<td width=\"86\"><\/td>\n<td width=\"118\">200.000 CFA<\/td>\n<td width=\"140\">200.000 CFA<\/td>\n<\/tr>\n<tr>\n<td width=\"34\">6<\/td>\n<td width=\"265\">lod\u00f3wka<\/td>\n<td width=\"86\">1 szt.<\/td>\n<td width=\"118\">350.000 CFA<\/td>\n<td width=\"140\">350.000 CFA<\/td>\n<\/tr>\n<tr>\n<td width=\"34\"><\/td>\n<td width=\"265\"><strong>PODSUMOWANIE<\/strong><\/td>\n<td width=\"86\"><strong>\u00a0<\/strong><\/td>\n<td width=\"118\"><strong>\u00a0<\/strong><\/td>\n<td width=\"140\"><strong>2.000.000 CFA<\/strong><\/td>\n<\/tr>\n<tr>\n<td width=\"34\"><\/td>\n<td width=\"265\">Uzyskane \u015brodki finansowe<\/td>\n<td width=\"86\"><\/td>\n<td width=\"118\"><\/td>\n<td width=\"140\">886.000 CFA<\/td>\n<\/tr>\n<tr>\n<td width=\"34\"><\/td>\n<td width=\"265\"><strong>Na ca\u0142o\u015b\u0107 brakuje<\/strong><\/td>\n<td width=\"86\"><\/td>\n<td width=\"118\"><\/td>\n<td width=\"140\"><strong>1.114.000 CFA<\/strong><\/td>\n<\/tr>\n<\/tbody>\n<\/table>\n<p>w imieniu Pani Nathalie Wamba \u2013 ks. Franciszek Filipiec MIC, <a href=\"http:\/\/www.marianie.pl\/\" target=\"_blank\" rel=\"noopener noreferrer\">Zgromadzenie Marian\u00f3w<\/a><\/p>\n<p><b style=\"font-size: large; color: #ff0000;\">Kwota: 1890 \u20ac <\/b><\/p>\n<h3 style=\"text-align: center;\">Zbi\u00f3rka zako\u0144czona. Zebrana kwota: 1330 <b>\u20ac.<\/b><\/h3>\n<p style=\"text-align: justify;\"><strong>Podsumowanie w miejscowej walucie &#8211; 1.114.000 frank\u00f3w CFA<\/strong><\/p>\n<p style=\"text-align: justify;\" align=\"JUSTIFY\"><span style=\"color: #808080;\">Stowarzyszenie Ruchu\u00a0<em>Maitri<\/em> przeznacza do 10% otrzymanych \u015brodk\u00f3w na koszty funkcjonowania biura i pozyskiwanie funduszy pomocowych. <\/span><\/p>\n<h3 style=\"text-align: justify;\" align=\"JUSTIFY\"><span style=\"color: #808080;\">Instalacja paneli s\u0142onecznych i zakup lod\u00f3wki dla sieroci\u0144ca w Atoku<\/span><\/h3>\n","protected":false},"excerpt":{"rendered":"<p><strong>Projekt:<\/strong> ks. Franciszek Filipiec MIC, <a href=\"http:\/\/www.marianie.pl\/\" target=\"_blank\" rel=\"noopener noreferrer\">Zgromadzenie Marian\u00f3w<\/a><br \/>\n<strong>Misja:<\/strong> Atok,<a href=\"https:\/\/www.maitri.pl\/gdzie-pomagamy\/\" target=\"_blank\" rel=\"noopener noreferrer\"> Kamerun<\/a><br \/>\n<strong>Kwota projektu:<\/strong> <span style=\"color: #ff0000;\"><strong>1890 \u20ac<\/strong><\/span><\/p>\n","protected":false},"featured_media":22541,"template":"","meta":[],"product_brand":[],"product_cat":[656],"product_tag":[723,658,828,886],"class_list":{"0":"post-22540","1":"product","2":"type-product","3":"status-publish","4":"has-post-thumbnail","6":"product_cat-bez-kategorii","7":"product_tag-atok","8":"product_tag-kamerun","9":"product_tag-ks-franciszek-filipiec","10":"product_tag-nathalie-wemba","12":"first","13":"instock","14":"virtual","15":"purchasable","16":"product-type-simple"},"yoast_head":"<!-- This site is optimized with the Yoast SEO plugin v27.2 - https:\/\/yoast.com\/product\/yoast-seo-wordpress\/ -->\n<title>Instalacja paneli s\u0142onecznych i zakup lod\u00f3wki dla sieroci\u0144ca w Atoku<\/title>\n<meta name=\"description\" content=\"Instalacja paneli s\u0142onecznych i zakup lod\u00f3wki dla sieroci\u0144ca w Atoku. Podaruj \u015bwiat\u0142o dzieciom pozbawionym rodzic\u00f3w. Ksi\u0119\u017ca Marianie.\" \/>\n<meta name=\"robots\" content=\"index, follow, max-snippet:-1, max-image-preview:large, max-video-preview:-1\" \/>\n<link rel=\"canonical\" href=\"https:\/\/www.maitri.pl\/projekt\/instalacja-paneli-slonecznych-i-zakup-lodowki-dla-sierocinca-w-atoku\/\" \/>\n<meta property=\"og:locale\" content=\"fr_FR\" \/>\n<meta property=\"og:type\" content=\"article\" \/>\n<meta property=\"og:title\" content=\"Instalacja paneli s\u0142onecznych i zakup lod\u00f3wki dla sieroci\u0144ca w Atoku\" \/>\n<meta property=\"og:description\" content=\"Instalacja paneli s\u0142onecznych i zakup lod\u00f3wki dla sieroci\u0144ca w Atoku. Podaruj \u015bwiat\u0142o dzieciom pozbawionym rodzic\u00f3w. Ksi\u0119\u017ca Marianie.\" \/>\n<meta property=\"og:url\" content=\"https:\/\/www.maitri.pl\/projekt\/instalacja-paneli-slonecznych-i-zakup-lodowki-dla-sierocinca-w-atoku\/\" \/>\n<meta property=\"og:site_name\" content=\"Ruch Maitri - Adopcja Serca pomoc Afryce\" \/>\n<meta property=\"article:publisher\" content=\"https:\/\/www.facebook.com\/MAITRI.Adopcja.Serca.dzieci.Afryki\/\" \/>\n<meta property=\"article:modified_time\" content=\"2023-02-10T11:25:53+00:00\" \/>\n<meta property=\"og:image\" content=\"https:\/\/www.maitri.pl\/wp-content\/uploads\/2021\/04\/29-maria.-1.jpg\" \/>\n\t<meta property=\"og:image:width\" content=\"1181\" \/>\n\t<meta property=\"og:image:height\" content=\"787\" \/>\n\t<meta property=\"og:image:type\" content=\"image\/jpeg\" \/>\n<meta name=\"twitter:card\" content=\"summary_large_image\" \/>\n<meta name=\"twitter:label1\" content=\"Dur\u00e9e de lecture estim\u00e9e\" \/>\n\t<meta name=\"twitter:data1\" content=\"2 minutes\" \/>\n<script type=\"application\/ld+json\" class=\"yoast-schema-graph\">{\"@context\":\"https:\/\/schema.org\",\"@graph\":[{\"@type\":\"WebPage\",\"@id\":\"https:\/\/www.maitri.pl\/projekt\/instalacja-paneli-slonecznych-i-zakup-lodowki-dla-sierocinca-w-atoku\/\",\"url\":\"https:\/\/www.maitri.pl\/projekt\/instalacja-paneli-slonecznych-i-zakup-lodowki-dla-sierocinca-w-atoku\/\",\"name\":\"Instalacja paneli s\u0142onecznych i zakup lod\u00f3wki dla sieroci\u0144ca w Atoku\",\"isPartOf\":{\"@id\":\"https:\/\/www.maitri.pl\/#website\"},\"primaryImageOfPage\":{\"@id\":\"https:\/\/www.maitri.pl\/projekt\/instalacja-paneli-slonecznych-i-zakup-lodowki-dla-sierocinca-w-atoku\/#primaryimage\"},\"image\":{\"@id\":\"https:\/\/www.maitri.pl\/projekt\/instalacja-paneli-slonecznych-i-zakup-lodowki-dla-sierocinca-w-atoku\/#primaryimage\"},\"thumbnailUrl\":\"https:\/\/www.maitri.pl\/wp-content\/uploads\/2021\/04\/29-maria.-1.jpg\",\"datePublished\":\"2021-04-19T17:46:31+00:00\",\"dateModified\":\"2023-02-10T11:25:53+00:00\",\"description\":\"Instalacja paneli s\u0142onecznych i zakup lod\u00f3wki dla sieroci\u0144ca w Atoku. Podaruj \u015bwiat\u0142o dzieciom pozbawionym rodzic\u00f3w. Ksi\u0119\u017ca Marianie.\",\"breadcrumb\":{\"@id\":\"https:\/\/www.maitri.pl\/projekt\/instalacja-paneli-slonecznych-i-zakup-lodowki-dla-sierocinca-w-atoku\/#breadcrumb\"},\"inLanguage\":\"fr-FR\",\"potentialAction\":[{\"@type\":\"ReadAction\",\"target\":[\"https:\/\/www.maitri.pl\/projekt\/instalacja-paneli-slonecznych-i-zakup-lodowki-dla-sierocinca-w-atoku\/\"]}]},{\"@type\":\"ImageObject\",\"inLanguage\":\"fr-FR\",\"@id\":\"https:\/\/www.maitri.pl\/projekt\/instalacja-paneli-slonecznych-i-zakup-lodowki-dla-sierocinca-w-atoku\/#primaryimage\",\"url\":\"https:\/\/www.maitri.pl\/wp-content\/uploads\/2021\/04\/29-maria.-1.jpg\",\"contentUrl\":\"https:\/\/www.maitri.pl\/wp-content\/uploads\/2021\/04\/29-maria.-1.jpg\",\"width\":1181,\"height\":787,\"caption\":\"instalacja paneli s\u0142onecznych Ruch Maitri pomoc Afryce Adopcja Serca Kamerun Atok 02\"},{\"@type\":\"BreadcrumbList\",\"@id\":\"https:\/\/www.maitri.pl\/projekt\/instalacja-paneli-slonecznych-i-zakup-lodowki-dla-sierocinca-w-atoku\/#breadcrumb\",\"itemListElement\":[{\"@type\":\"ListItem\",\"position\":1,\"name\":\"Strona g\u0142\u00f3wna\",\"item\":\"https:\/\/www.maitri.pl\/\"},{\"@type\":\"ListItem\",\"position\":2,\"name\":\"Sklep\",\"item\":\"https:\/\/www.maitri.pl\/sklep\/\"},{\"@type\":\"ListItem\",\"position\":3,\"name\":\"Instalacja paneli s\u0142onecznych i zakup lod\u00f3wki dla sieroci\u0144ca w Atoku\"}]},{\"@type\":\"WebSite\",\"@id\":\"https:\/\/www.maitri.pl\/#website\",\"url\":\"https:\/\/www.maitri.pl\/\",\"name\":\"Adopcja Serca Maitri \u2013 pomoc dzieciom w Afryce\",\"description\":\"Adopcja Serca \u2013 adopcja na odleg\u0142o\u015b\u0107, pomoc Afryce, do\u017cywianie i edukacja w Afryce\",\"publisher\":{\"@id\":\"https:\/\/www.maitri.pl\/#organization\"},\"potentialAction\":[{\"@type\":\"SearchAction\",\"target\":{\"@type\":\"EntryPoint\",\"urlTemplate\":\"https:\/\/www.maitri.pl\/?s={search_term_string}\"},\"query-input\":{\"@type\":\"PropertyValueSpecification\",\"valueRequired\":true,\"valueName\":\"search_term_string\"}}],\"inLanguage\":\"fr-FR\"},{\"@type\":\"Organization\",\"@id\":\"https:\/\/www.maitri.pl\/#organization\",\"name\":\"Stowarzyszenie Ruchu Maitri\",\"url\":\"https:\/\/www.maitri.pl\/\",\"logo\":{\"@type\":\"ImageObject\",\"inLanguage\":\"fr-FR\",\"@id\":\"https:\/\/www.maitri.pl\/#\/schema\/logo\/image\/\",\"url\":\"https:\/\/www.maitri.pl\/wp-content\/uploads\/2020\/04\/duze_logo-81.png\",\"contentUrl\":\"https:\/\/www.maitri.pl\/wp-content\/uploads\/2020\/04\/duze_logo-81.png\",\"width\":339,\"height\":321,\"caption\":\"Stowarzyszenie Ruchu Maitri\"},\"image\":{\"@id\":\"https:\/\/www.maitri.pl\/#\/schema\/logo\/image\/\"},\"sameAs\":[\"https:\/\/www.facebook.com\/MAITRI.Adopcja.Serca.dzieci.Afryki\/\"]}]}<\/script>\n<!-- \/ Yoast SEO plugin. -->","yoast_head_json":{"title":"Instalacja paneli s\u0142onecznych i zakup lod\u00f3wki dla sieroci\u0144ca w Atoku","description":"Instalacja paneli s\u0142onecznych i zakup lod\u00f3wki dla sieroci\u0144ca w Atoku. Podaruj \u015bwiat\u0142o dzieciom pozbawionym rodzic\u00f3w. Ksi\u0119\u017ca Marianie.","robots":{"index":"index","follow":"follow","max-snippet":"max-snippet:-1","max-image-preview":"max-image-preview:large","max-video-preview":"max-video-preview:-1"},"canonical":"https:\/\/www.maitri.pl\/projekt\/instalacja-paneli-slonecznych-i-zakup-lodowki-dla-sierocinca-w-atoku\/","og_locale":"fr_FR","og_type":"article","og_title":"Instalacja paneli s\u0142onecznych i zakup lod\u00f3wki dla sieroci\u0144ca w Atoku","og_description":"Instalacja paneli s\u0142onecznych i zakup lod\u00f3wki dla sieroci\u0144ca w Atoku. Podaruj \u015bwiat\u0142o dzieciom pozbawionym rodzic\u00f3w. Ksi\u0119\u017ca Marianie.","og_url":"https:\/\/www.maitri.pl\/projekt\/instalacja-paneli-slonecznych-i-zakup-lodowki-dla-sierocinca-w-atoku\/","og_site_name":"Ruch Maitri - Adopcja Serca pomoc Afryce","article_publisher":"https:\/\/www.facebook.com\/MAITRI.Adopcja.Serca.dzieci.Afryki\/","article_modified_time":"2023-02-10T11:25:53+00:00","og_image":[{"width":1181,"height":787,"url":"https:\/\/www.maitri.pl\/wp-content\/uploads\/2021\/04\/29-maria.-1.jpg","type":"image\/jpeg"}],"twitter_card":"summary_large_image","twitter_misc":{"Dur\u00e9e de lecture estim\u00e9e":"2 minutes"},"schema":{"@context":"https:\/\/schema.org","@graph":[{"@type":"WebPage","@id":"https:\/\/www.maitri.pl\/projekt\/instalacja-paneli-slonecznych-i-zakup-lodowki-dla-sierocinca-w-atoku\/","url":"https:\/\/www.maitri.pl\/projekt\/instalacja-paneli-slonecznych-i-zakup-lodowki-dla-sierocinca-w-atoku\/","name":"Instalacja paneli s\u0142onecznych i zakup lod\u00f3wki dla sieroci\u0144ca w Atoku","isPartOf":{"@id":"https:\/\/www.maitri.pl\/#website"},"primaryImageOfPage":{"@id":"https:\/\/www.maitri.pl\/projekt\/instalacja-paneli-slonecznych-i-zakup-lodowki-dla-sierocinca-w-atoku\/#primaryimage"},"image":{"@id":"https:\/\/www.maitri.pl\/projekt\/instalacja-paneli-slonecznych-i-zakup-lodowki-dla-sierocinca-w-atoku\/#primaryimage"},"thumbnailUrl":"https:\/\/www.maitri.pl\/wp-content\/uploads\/2021\/04\/29-maria.-1.jpg","datePublished":"2021-04-19T17:46:31+00:00","dateModified":"2023-02-10T11:25:53+00:00","description":"Instalacja paneli s\u0142onecznych i zakup lod\u00f3wki dla sieroci\u0144ca w Atoku. Podaruj \u015bwiat\u0142o dzieciom pozbawionym rodzic\u00f3w. Ksi\u0119\u017ca Marianie.","breadcrumb":{"@id":"https:\/\/www.maitri.pl\/projekt\/instalacja-paneli-slonecznych-i-zakup-lodowki-dla-sierocinca-w-atoku\/#breadcrumb"},"inLanguage":"fr-FR","potentialAction":[{"@type":"ReadAction","target":["https:\/\/www.maitri.pl\/projekt\/instalacja-paneli-slonecznych-i-zakup-lodowki-dla-sierocinca-w-atoku\/"]}]},{"@type":"ImageObject","inLanguage":"fr-FR","@id":"https:\/\/www.maitri.pl\/projekt\/instalacja-paneli-slonecznych-i-zakup-lodowki-dla-sierocinca-w-atoku\/#primaryimage","url":"https:\/\/www.maitri.pl\/wp-content\/uploads\/2021\/04\/29-maria.-1.jpg","contentUrl":"https:\/\/www.maitri.pl\/wp-content\/uploads\/2021\/04\/29-maria.-1.jpg","width":1181,"height":787,"caption":"instalacja paneli s\u0142onecznych Ruch Maitri pomoc Afryce Adopcja Serca Kamerun Atok 02"},{"@type":"BreadcrumbList","@id":"https:\/\/www.maitri.pl\/projekt\/instalacja-paneli-slonecznych-i-zakup-lodowki-dla-sierocinca-w-atoku\/#breadcrumb","itemListElement":[{"@type":"ListItem","position":1,"name":"Strona g\u0142\u00f3wna","item":"https:\/\/www.maitri.pl\/"},{"@type":"ListItem","position":2,"name":"Sklep","item":"https:\/\/www.maitri.pl\/sklep\/"},{"@type":"ListItem","position":3,"name":"Instalacja paneli s\u0142onecznych i zakup lod\u00f3wki dla sieroci\u0144ca w Atoku"}]},{"@type":"WebSite","@id":"https:\/\/www.maitri.pl\/#website","url":"https:\/\/www.maitri.pl\/","name":"Adopcja Serca Maitri \u2013 pomoc dzieciom w Afryce","description":"Adopcja Serca \u2013 adopcja na odleg\u0142o\u015b\u0107, pomoc Afryce, do\u017cywianie i edukacja w Afryce","publisher":{"@id":"https:\/\/www.maitri.pl\/#organization"},"potentialAction":[{"@type":"SearchAction","target":{"@type":"EntryPoint","urlTemplate":"https:\/\/www.maitri.pl\/?s={search_term_string}"},"query-input":{"@type":"PropertyValueSpecification","valueRequired":true,"valueName":"search_term_string"}}],"inLanguage":"fr-FR"},{"@type":"Organization","@id":"https:\/\/www.maitri.pl\/#organization","name":"Stowarzyszenie Ruchu Maitri","url":"https:\/\/www.maitri.pl\/","logo":{"@type":"ImageObject","inLanguage":"fr-FR","@id":"https:\/\/www.maitri.pl\/#\/schema\/logo\/image\/","url":"https:\/\/www.maitri.pl\/wp-content\/uploads\/2020\/04\/duze_logo-81.png","contentUrl":"https:\/\/www.maitri.pl\/wp-content\/uploads\/2020\/04\/duze_logo-81.png","width":339,"height":321,"caption":"Stowarzyszenie Ruchu Maitri"},"image":{"@id":"https:\/\/www.maitri.pl\/#\/schema\/logo\/image\/"},"sameAs":["https:\/\/www.facebook.com\/MAITRI.Adopcja.Serca.dzieci.Afryki\/"]}]}},"_links":{"self":[{"href":"https:\/\/www.maitri.pl\/fr\/wp-json\/wp\/v2\/product\/22540","targetHints":{"allow":["GET"]}}],"collection":[{"href":"https:\/\/www.maitri.pl\/fr\/wp-json\/wp\/v2\/product"}],"about":[{"href":"https:\/\/www.maitri.pl\/fr\/wp-json\/wp\/v2\/types\/product"}],"wp:featuredmedia":[{"embeddable":true,"href":"https:\/\/www.maitri.pl\/fr\/wp-json\/wp\/v2\/media\/22541"}],"wp:attachment":[{"href":"https:\/\/www.maitri.pl\/fr\/wp-json\/wp\/v2\/media?parent=22540"}],"wp:term":[{"taxonomy":"product_brand","embeddable":true,"href":"https:\/\/www.maitri.pl\/fr\/wp-json\/wp\/v2\/product_brand?post=22540"},{"taxonomy":"product_cat","embeddable":true,"href":"https:\/\/www.maitri.pl\/fr\/wp-json\/wp\/v2\/product_cat?post=22540"},{"taxonomy":"product_tag","embeddable":true,"href":"https:\/\/www.maitri.pl\/fr\/wp-json\/wp\/v2\/product_tag?post=22540"}],"curies":[{"name":"wp","href":"https:\/\/api.w.org\/{rel}","templated":true}]}}