{"id":22525,"date":"2021-04-19T09:55:47","date_gmt":"2021-04-19T07:55:47","guid":{"rendered":"https:\/\/www.maitri.pl\/?post_type=product&#038;p=22525"},"modified":"2023-02-10T12:26:15","modified_gmt":"2023-02-10T11:26:15","slug":"walka-z-pandemia-kamerun","status":"publish","type":"product","link":"https:\/\/www.maitri.pl\/fr\/projekt\/walka-z-pandemia-kamerun\/","title":{"rendered":"Walka z pandemi\u0105: zakup lek\u00f3w dla o\u015brodka zdrowia w Ndelele w Kamerunie"},"content":{"rendered":"<h4>Pandemia dotar\u0142a na kameru\u0144sk\u0105 prowincj\u0119<\/h4>\n<p>Drodzy darczy\u0144cy. Zwracamy si\u0119 do Was, gdy\u017c bardzo potrzebujemy \u015brodk\u00f3w finansowych na dzia\u0142anie ratunkowe w zaczynaj\u0105cej si\u0119 u nas pandemii. Nasza przychodnia katolicka boryka si\u0119 z problemem kupna lek\u00f3w. Pa\u0144stwo nic nie pomaga, nie dostarcza nawet test\u00f3w. Mamy ich ograniczon\u0105 ilo\u015b\u0107. Na zam\u00f3wionych 500 test\u00f3w dostali\u015bmy tylko 100 i obecnie ju\u017c nie mamy mo\u017cno\u015bci testowania pacjent\u00f3w na koronawirus. Potrzebny jest zakup lek\u00f3w dla 100 os\u00f3b. Okres akcji nie jest okre\u015blony, bo choroba si\u0119 zaczyna i jak dalej b\u0119dzie si\u0119 rozwija\u0107. Trudno przewidzie\u0107 jak b\u0119dzie przebiega\u0107 walka z pandemi\u0105.<\/p>\n<h4>S\u0142u\u017cba zdrowia bez pomocy pa\u0144stwa<\/h4>\n<p>W naszej przychodni i szko\u0142ach \u015brednich wykonali\u015bmy dostarczone nam przez szpital powiatowy testy na koron\u0119. Wyniki napawaj\u0105 nas l\u0119kiem o to, co b\u0119dzie dalej. Na 100 test\u00f3w a\u017c 68 os\u00f3b mia\u0142o wynik pozytywny i ma\u0142e jak na razie objawy tej choroby. To najcz\u0119\u015bciej silny kaszel i katar, temperatura lekko podwy\u017cszona. Rozwi\u0105zaniem problemu jest zakup lek\u00f3w i wznowienie nacisk\u00f3w na higien\u0119 oraz noszenie masek. Tutaj izolacja jest s\u0142owem jakby z innej planety. Tak wygl\u0105da walka z pandemi\u0105 w Kamerunie.<\/p>\n<h4>Pomoc dla najbiedniejszych<\/h4>\n<p>To naszej przychodni zg\u0142aszaj\u0105 si\u0119 w 90% ludzie najbiedniejsi zawsze licz\u0105c na pomoc. My w miar\u0119 naszych mo\u017cliwo\u015bci udzielamy jej. To dzi\u0119ki <a href=\"https:\/\/www.maitri.pl\/projekty-pomocowe\/\" target=\"_blank\" rel=\"noopener\">pomocy Maitri<\/a> mo\u017cemy pomaga\u0107 by ludzie nie cierpieli. Ze \u015brodk\u00f3w, o kt\u00f3re prosimy tylko najbiedniejsi b\u0119d\u0105 korzysta\u0107 w leczeniu korony. Kochani dobroczy\u0144cy misji, bardzo Wam dzi\u0119kujemy i zapewniamy o pami\u0119ci w modlitwie. Ofiaruj\u0105ca Was Bogu przez r\u0119ce \u015aw. J\u00f3zefa, patrona naszej Przychodni Zdrowia i Po\u0142o\u017cnictwa w Ndelele, wdzi\u0119czna wsp\u00f3lnota Si\u00f3str Pasjonistek &#8211; s.Teodora Grudzi\u0144ska<\/p>\n<h4><strong>Kosztorys:<\/strong><\/h4>\n<table width=\"662\">\n<tbody>\n<tr>\n<td width=\"31\">LP<\/td>\n<td width=\"313\">OPIS<\/td>\n<td width=\"74\">ilo\u015b\u0107<\/td>\n<td width=\"102\">cena<\/td>\n<td width=\"143\">Kwota (w miejscowej walucie<\/td>\n<\/tr>\n<tr>\n<td width=\"31\">1<\/td>\n<td width=\"313\">Lek antybiotyk AZITHROMYCINE 500 mg tabletki na jedn\u0105 osob\u0119<\/td>\n<td width=\"74\">100 os\u00f3b<\/td>\n<td width=\"102\">13.000 FCFA<\/td>\n<td width=\"143\">1.300.000 frank\u00f3w CFA<\/td>\n<\/tr>\n<tr>\n<td width=\"31\">2<\/td>\n<td width=\"313\">CHLOROQUINE 100 mg, te\u017c na 1 leczenie<\/td>\n<td width=\"74\">100 os\u00f3b<\/td>\n<td width=\"102\">3.000 FCFA<\/td>\n<td width=\"143\">300.000 frank\u00f3w CFA<\/td>\n<\/tr>\n<tr>\n<td width=\"31\">3<\/td>\n<td width=\"313\">\u00a0ZINC 20 mg<\/td>\n<td width=\"74\">100 os\u00f3b<\/td>\n<td width=\"102\">1.500 FCFA<\/td>\n<td width=\"143\">150.000 frank\u00f3w CFA<\/td>\n<\/tr>\n<tr>\n<td width=\"31\">4<\/td>\n<td width=\"313\">Vit C 500<\/td>\n<td width=\"74\">100 os\u00f3b<\/td>\n<td width=\"102\">1.500 FCFA<\/td>\n<td width=\"143\">150.000 frank\u00f3w CFA<\/td>\n<\/tr>\n<tr>\n<td width=\"31\">5<\/td>\n<td width=\"313\">Badania laboratoryjne oraz konsultacja<\/td>\n<td width=\"74\">100 os\u00f3b<\/td>\n<td width=\"102\">1.000 FCFA<\/td>\n<td width=\"143\">100.000 frank\u00f3w CFA<\/td>\n<\/tr>\n<tr>\n<td width=\"31\"><\/td>\n<td width=\"313\"><strong>PODSUMOWANIE<\/strong><\/td>\n<td width=\"74\"><strong>\u00a0<\/strong><\/td>\n<td width=\"102\"><strong>\u00a0<\/strong><\/td>\n<td width=\"143\"><strong>2.000.000 frank\u00f3w CFA<\/strong><\/td>\n<\/tr>\n<\/tbody>\n<\/table>\n<p style=\"text-align: justify;\"><em>Siostra Teodora Grudzi\u0144ska, <a href=\"http:\/\/www.siostrypasjonistki.pl\/\">Zgromadzenie Si\u00f3str M\u0119ki Pana naszego Jezusa Chrystusa<\/a><\/em><\/p>\n<p style=\"text-align: justify;\"><span style=\"font-size: x-large;\"><span style=\"color: #ff0000;\"><b>Koszt Pomocy \u2013 3330 \u20ac<\/b><\/span> <\/span><\/p>\n<p style=\"text-align: justify;\"><span style=\"font-size: large;\"><em><span style=\"color: #999999;\"><span style=\"font-size: medium;\">Stowarzyszenie Ruchu Maitri przeznacza do 10% otrzymanych \u015brodk\u00f3w na koszty funkcjonowania biura i pozyskiwanie funduszy pomocowych.<\/span><\/span><\/em> <\/span><\/p>\n<h2 style=\"text-align: justify;\"><span style=\"color: #999999;\">Walka z pandemi\u0105: zakup lek\u00f3w dla o\u015brodka zdrowia w Ndelele w Kamerunie<\/span><\/h2>\n","protected":false},"excerpt":{"rendered":"<p><strong>Projekt: <\/strong><em>Siostra Teodora Grudzi\u0144ska, <a href=\"http:\/\/www.siostrypasjonistki.pl\/\">Zgromadzenie Si\u00f3str M\u0119ki Pana naszego Jezusa Chrystusa<\/a><\/em><br \/>\n<strong>Misja:<\/strong> Ndelele, Kamerun<br \/>\n<strong>Kwota projektu: <span style=\"color: #ff0000;\">3330<\/span><\/strong><span style=\"color: #ff0000;\"> <strong>\u20ac<\/strong><\/span><\/p>\n","protected":false},"featured_media":22529,"template":"","meta":[],"product_brand":[],"product_cat":[656],"product_tag":[658,774,814],"class_list":{"0":"post-22525","1":"product","2":"type-product","3":"status-publish","4":"has-post-thumbnail","6":"product_cat-bez-kategorii","7":"product_tag-kamerun","8":"product_tag-ndelele","9":"product_tag-siostra-teodora-grudzinska","11":"first","12":"instock","13":"virtual","14":"purchasable","15":"product-type-simple"},"yoast_head":"<!-- This site is optimized with the Yoast SEO plugin v27.2 - https:\/\/yoast.com\/product\/yoast-seo-wordpress\/ -->\n<title>Walka z pandemi\u0105: zakup lek\u00f3w dla o\u015brodka zdrowia w Ndelele<\/title>\n<meta name=\"description\" content=\"Walka z pandemi\u0105: zakup lek\u00f3w dla o\u015brodka zdrowia w Ndelele w Kamerunie. Misja Si\u00f3str Pasjonistek. Zanie\u015b z nami pomoc chorym i ubogim w Afryce.\" \/>\n<meta name=\"robots\" content=\"index, follow, max-snippet:-1, max-image-preview:large, max-video-preview:-1\" \/>\n<link rel=\"canonical\" href=\"https:\/\/www.maitri.pl\/projekt\/walka-z-pandemia-kamerun\/\" \/>\n<meta property=\"og:locale\" content=\"fr_FR\" \/>\n<meta property=\"og:type\" content=\"article\" \/>\n<meta property=\"og:title\" content=\"Walka z pandemi\u0105: zakup lek\u00f3w dla o\u015brodka zdrowia w Ndelele\" \/>\n<meta property=\"og:description\" content=\"Walka z pandemi\u0105: zakup lek\u00f3w dla o\u015brodka zdrowia w Ndelele w Kamerunie. Misja Si\u00f3str Pasjonistek. Zanie\u015b z nami pomoc chorym i ubogim w Afryce.\" \/>\n<meta property=\"og:url\" content=\"https:\/\/www.maitri.pl\/projekt\/walka-z-pandemia-kamerun\/\" \/>\n<meta property=\"og:site_name\" content=\"Ruch Maitri - Adopcja Serca pomoc Afryce\" \/>\n<meta property=\"article:publisher\" content=\"https:\/\/www.facebook.com\/MAITRI.Adopcja.Serca.dzieci.Afryki\/\" \/>\n<meta property=\"article:modified_time\" content=\"2023-02-10T11:26:15+00:00\" \/>\n<meta property=\"og:image\" content=\"https:\/\/www.maitri.pl\/wp-content\/uploads\/2021\/04\/113-pasjo.jpg\" \/>\n\t<meta property=\"og:image:width\" content=\"810\" \/>\n\t<meta property=\"og:image:height\" content=\"1080\" \/>\n\t<meta property=\"og:image:type\" content=\"image\/jpeg\" \/>\n<meta name=\"twitter:card\" content=\"summary_large_image\" \/>\n<meta name=\"twitter:label1\" content=\"Dur\u00e9e de lecture estim\u00e9e\" \/>\n\t<meta name=\"twitter:data1\" content=\"2 minutes\" \/>\n<script type=\"application\/ld+json\" class=\"yoast-schema-graph\">{\"@context\":\"https:\/\/schema.org\",\"@graph\":[{\"@type\":\"WebPage\",\"@id\":\"https:\/\/www.maitri.pl\/projekt\/walka-z-pandemia-kamerun\/\",\"url\":\"https:\/\/www.maitri.pl\/projekt\/walka-z-pandemia-kamerun\/\",\"name\":\"Walka z pandemi\u0105: zakup lek\u00f3w dla o\u015brodka zdrowia w Ndelele\",\"isPartOf\":{\"@id\":\"https:\/\/www.maitri.pl\/#website\"},\"primaryImageOfPage\":{\"@id\":\"https:\/\/www.maitri.pl\/projekt\/walka-z-pandemia-kamerun\/#primaryimage\"},\"image\":{\"@id\":\"https:\/\/www.maitri.pl\/projekt\/walka-z-pandemia-kamerun\/#primaryimage\"},\"thumbnailUrl\":\"https:\/\/www.maitri.pl\/wp-content\/uploads\/2021\/04\/113-pasjo.jpg\",\"datePublished\":\"2021-04-19T07:55:47+00:00\",\"dateModified\":\"2023-02-10T11:26:15+00:00\",\"description\":\"Walka z pandemi\u0105: zakup lek\u00f3w dla o\u015brodka zdrowia w Ndelele w Kamerunie. Misja Si\u00f3str Pasjonistek. Zanie\u015b z nami pomoc chorym i ubogim w Afryce.\",\"breadcrumb\":{\"@id\":\"https:\/\/www.maitri.pl\/projekt\/walka-z-pandemia-kamerun\/#breadcrumb\"},\"inLanguage\":\"fr-FR\",\"potentialAction\":[{\"@type\":\"ReadAction\",\"target\":[\"https:\/\/www.maitri.pl\/projekt\/walka-z-pandemia-kamerun\/\"]}]},{\"@type\":\"ImageObject\",\"inLanguage\":\"fr-FR\",\"@id\":\"https:\/\/www.maitri.pl\/projekt\/walka-z-pandemia-kamerun\/#primaryimage\",\"url\":\"https:\/\/www.maitri.pl\/wp-content\/uploads\/2021\/04\/113-pasjo.jpg\",\"contentUrl\":\"https:\/\/www.maitri.pl\/wp-content\/uploads\/2021\/04\/113-pasjo.jpg\",\"width\":810,\"height\":1080,\"caption\":\"Walka z pandemi\u0105: zakup lek\u00f3w dla o\u015brodka zdrowia w Ndelele 01 pomoc Afryce Ruch Maitri\"},{\"@type\":\"BreadcrumbList\",\"@id\":\"https:\/\/www.maitri.pl\/projekt\/walka-z-pandemia-kamerun\/#breadcrumb\",\"itemListElement\":[{\"@type\":\"ListItem\",\"position\":1,\"name\":\"Strona g\u0142\u00f3wna\",\"item\":\"https:\/\/www.maitri.pl\/\"},{\"@type\":\"ListItem\",\"position\":2,\"name\":\"Sklep\",\"item\":\"https:\/\/www.maitri.pl\/sklep\/\"},{\"@type\":\"ListItem\",\"position\":3,\"name\":\"Walka z pandemi\u0105: zakup lek\u00f3w dla o\u015brodka zdrowia w Ndelele w Kamerunie\"}]},{\"@type\":\"WebSite\",\"@id\":\"https:\/\/www.maitri.pl\/#website\",\"url\":\"https:\/\/www.maitri.pl\/\",\"name\":\"Adopcja Serca Maitri \u2013 pomoc dzieciom w Afryce\",\"description\":\"Adopcja Serca \u2013 adopcja na odleg\u0142o\u015b\u0107, pomoc Afryce, do\u017cywianie i edukacja w Afryce\",\"publisher\":{\"@id\":\"https:\/\/www.maitri.pl\/#organization\"},\"potentialAction\":[{\"@type\":\"SearchAction\",\"target\":{\"@type\":\"EntryPoint\",\"urlTemplate\":\"https:\/\/www.maitri.pl\/?s={search_term_string}\"},\"query-input\":{\"@type\":\"PropertyValueSpecification\",\"valueRequired\":true,\"valueName\":\"search_term_string\"}}],\"inLanguage\":\"fr-FR\"},{\"@type\":\"Organization\",\"@id\":\"https:\/\/www.maitri.pl\/#organization\",\"name\":\"Stowarzyszenie Ruchu Maitri\",\"url\":\"https:\/\/www.maitri.pl\/\",\"logo\":{\"@type\":\"ImageObject\",\"inLanguage\":\"fr-FR\",\"@id\":\"https:\/\/www.maitri.pl\/#\/schema\/logo\/image\/\",\"url\":\"https:\/\/www.maitri.pl\/wp-content\/uploads\/2020\/04\/duze_logo-81.png\",\"contentUrl\":\"https:\/\/www.maitri.pl\/wp-content\/uploads\/2020\/04\/duze_logo-81.png\",\"width\":339,\"height\":321,\"caption\":\"Stowarzyszenie Ruchu Maitri\"},\"image\":{\"@id\":\"https:\/\/www.maitri.pl\/#\/schema\/logo\/image\/\"},\"sameAs\":[\"https:\/\/www.facebook.com\/MAITRI.Adopcja.Serca.dzieci.Afryki\/\"]}]}<\/script>\n<!-- \/ Yoast SEO plugin. -->","yoast_head_json":{"title":"Walka z pandemi\u0105: zakup lek\u00f3w dla o\u015brodka zdrowia w Ndelele","description":"Walka z pandemi\u0105: zakup lek\u00f3w dla o\u015brodka zdrowia w Ndelele w Kamerunie. Misja Si\u00f3str Pasjonistek. Zanie\u015b z nami pomoc chorym i ubogim w Afryce.","robots":{"index":"index","follow":"follow","max-snippet":"max-snippet:-1","max-image-preview":"max-image-preview:large","max-video-preview":"max-video-preview:-1"},"canonical":"https:\/\/www.maitri.pl\/projekt\/walka-z-pandemia-kamerun\/","og_locale":"fr_FR","og_type":"article","og_title":"Walka z pandemi\u0105: zakup lek\u00f3w dla o\u015brodka zdrowia w Ndelele","og_description":"Walka z pandemi\u0105: zakup lek\u00f3w dla o\u015brodka zdrowia w Ndelele w Kamerunie. Misja Si\u00f3str Pasjonistek. Zanie\u015b z nami pomoc chorym i ubogim w Afryce.","og_url":"https:\/\/www.maitri.pl\/projekt\/walka-z-pandemia-kamerun\/","og_site_name":"Ruch Maitri - Adopcja Serca pomoc Afryce","article_publisher":"https:\/\/www.facebook.com\/MAITRI.Adopcja.Serca.dzieci.Afryki\/","article_modified_time":"2023-02-10T11:26:15+00:00","og_image":[{"width":810,"height":1080,"url":"https:\/\/www.maitri.pl\/wp-content\/uploads\/2021\/04\/113-pasjo.jpg","type":"image\/jpeg"}],"twitter_card":"summary_large_image","twitter_misc":{"Dur\u00e9e de lecture estim\u00e9e":"2 minutes"},"schema":{"@context":"https:\/\/schema.org","@graph":[{"@type":"WebPage","@id":"https:\/\/www.maitri.pl\/projekt\/walka-z-pandemia-kamerun\/","url":"https:\/\/www.maitri.pl\/projekt\/walka-z-pandemia-kamerun\/","name":"Walka z pandemi\u0105: zakup lek\u00f3w dla o\u015brodka zdrowia w Ndelele","isPartOf":{"@id":"https:\/\/www.maitri.pl\/#website"},"primaryImageOfPage":{"@id":"https:\/\/www.maitri.pl\/projekt\/walka-z-pandemia-kamerun\/#primaryimage"},"image":{"@id":"https:\/\/www.maitri.pl\/projekt\/walka-z-pandemia-kamerun\/#primaryimage"},"thumbnailUrl":"https:\/\/www.maitri.pl\/wp-content\/uploads\/2021\/04\/113-pasjo.jpg","datePublished":"2021-04-19T07:55:47+00:00","dateModified":"2023-02-10T11:26:15+00:00","description":"Walka z pandemi\u0105: zakup lek\u00f3w dla o\u015brodka zdrowia w Ndelele w Kamerunie. Misja Si\u00f3str Pasjonistek. Zanie\u015b z nami pomoc chorym i ubogim w Afryce.","breadcrumb":{"@id":"https:\/\/www.maitri.pl\/projekt\/walka-z-pandemia-kamerun\/#breadcrumb"},"inLanguage":"fr-FR","potentialAction":[{"@type":"ReadAction","target":["https:\/\/www.maitri.pl\/projekt\/walka-z-pandemia-kamerun\/"]}]},{"@type":"ImageObject","inLanguage":"fr-FR","@id":"https:\/\/www.maitri.pl\/projekt\/walka-z-pandemia-kamerun\/#primaryimage","url":"https:\/\/www.maitri.pl\/wp-content\/uploads\/2021\/04\/113-pasjo.jpg","contentUrl":"https:\/\/www.maitri.pl\/wp-content\/uploads\/2021\/04\/113-pasjo.jpg","width":810,"height":1080,"caption":"Walka z pandemi\u0105: zakup lek\u00f3w dla o\u015brodka zdrowia w Ndelele 01 pomoc Afryce Ruch Maitri"},{"@type":"BreadcrumbList","@id":"https:\/\/www.maitri.pl\/projekt\/walka-z-pandemia-kamerun\/#breadcrumb","itemListElement":[{"@type":"ListItem","position":1,"name":"Strona g\u0142\u00f3wna","item":"https:\/\/www.maitri.pl\/"},{"@type":"ListItem","position":2,"name":"Sklep","item":"https:\/\/www.maitri.pl\/sklep\/"},{"@type":"ListItem","position":3,"name":"Walka z pandemi\u0105: zakup lek\u00f3w dla o\u015brodka zdrowia w Ndelele w Kamerunie"}]},{"@type":"WebSite","@id":"https:\/\/www.maitri.pl\/#website","url":"https:\/\/www.maitri.pl\/","name":"Adopcja Serca Maitri \u2013 pomoc dzieciom w Afryce","description":"Adopcja Serca \u2013 adopcja na odleg\u0142o\u015b\u0107, pomoc Afryce, do\u017cywianie i edukacja w Afryce","publisher":{"@id":"https:\/\/www.maitri.pl\/#organization"},"potentialAction":[{"@type":"SearchAction","target":{"@type":"EntryPoint","urlTemplate":"https:\/\/www.maitri.pl\/?s={search_term_string}"},"query-input":{"@type":"PropertyValueSpecification","valueRequired":true,"valueName":"search_term_string"}}],"inLanguage":"fr-FR"},{"@type":"Organization","@id":"https:\/\/www.maitri.pl\/#organization","name":"Stowarzyszenie Ruchu Maitri","url":"https:\/\/www.maitri.pl\/","logo":{"@type":"ImageObject","inLanguage":"fr-FR","@id":"https:\/\/www.maitri.pl\/#\/schema\/logo\/image\/","url":"https:\/\/www.maitri.pl\/wp-content\/uploads\/2020\/04\/duze_logo-81.png","contentUrl":"https:\/\/www.maitri.pl\/wp-content\/uploads\/2020\/04\/duze_logo-81.png","width":339,"height":321,"caption":"Stowarzyszenie Ruchu Maitri"},"image":{"@id":"https:\/\/www.maitri.pl\/#\/schema\/logo\/image\/"},"sameAs":["https:\/\/www.facebook.com\/MAITRI.Adopcja.Serca.dzieci.Afryki\/"]}]}},"_links":{"self":[{"href":"https:\/\/www.maitri.pl\/fr\/wp-json\/wp\/v2\/product\/22525","targetHints":{"allow":["GET"]}}],"collection":[{"href":"https:\/\/www.maitri.pl\/fr\/wp-json\/wp\/v2\/product"}],"about":[{"href":"https:\/\/www.maitri.pl\/fr\/wp-json\/wp\/v2\/types\/product"}],"wp:featuredmedia":[{"embeddable":true,"href":"https:\/\/www.maitri.pl\/fr\/wp-json\/wp\/v2\/media\/22529"}],"wp:attachment":[{"href":"https:\/\/www.maitri.pl\/fr\/wp-json\/wp\/v2\/media?parent=22525"}],"wp:term":[{"taxonomy":"product_brand","embeddable":true,"href":"https:\/\/www.maitri.pl\/fr\/wp-json\/wp\/v2\/product_brand?post=22525"},{"taxonomy":"product_cat","embeddable":true,"href":"https:\/\/www.maitri.pl\/fr\/wp-json\/wp\/v2\/product_cat?post=22525"},{"taxonomy":"product_tag","embeddable":true,"href":"https:\/\/www.maitri.pl\/fr\/wp-json\/wp\/v2\/product_tag?post=22525"}],"curies":[{"name":"wp","href":"https:\/\/api.w.org\/{rel}","templated":true}]}}