{"id":22506,"date":"2021-04-14T16:58:22","date_gmt":"2021-04-14T14:58:22","guid":{"rendered":"https:\/\/www.maitri.pl\/?post_type=product&#038;p=22506"},"modified":"2023-02-10T12:26:22","modified_gmt":"2023-02-10T11:26:22","slug":"dozywianie-dzieci-ze-szkoly-podstawowej-w-doume-w-kamerunie","status":"publish","type":"product","link":"https:\/\/www.maitri.pl\/fr\/projekt\/dozywianie-dzieci-ze-szkoly-podstawowej-w-doume-w-kamerunie\/","title":{"rendered":"Do\u017cywianie dzieci ze szko\u0142y podstawowej w Doume w Kamerunie"},"content":{"rendered":"<h4>Do szko\u0142y z pustym \u017co\u0142\u0105dkiem<\/h4>\n<p>Pracuj\u0119 w tutejszej szkole podstawowej od kilku lat. Zauwa\u017cam jak wielk\u0105 rol\u0119 odgrywa do\u017cywianie dzieci, kt\u00f3re \u017cyj\u0105 w trudnych warunkach cz\u0119sto w lesie. Ich rodzice s\u0105 nieobecni przez kilka dni w tygodniu, a dzieci pozostawiane s\u0105 samym sobie. Problem dotyczy r\u00f3wnie\u017c dzieci z programu <a href=\"https:\/\/www.maitri.pl\/adopcja-serca\/\" target=\"_blank\" rel=\"noopener\">Adopcja Serca<\/a>. Same musz\u0105 si\u0119 zatroszczy\u0107 by mie\u0107 co\u015b do zjedzenia. St\u0105d nasza inicjatywa. Zorganizowa\u0142y\u015bmy do\u017cywianie dzieci ze szko\u0142y podstawowej.<\/p>\n<h4>Pomoc \u017cywno\u015bciowa dla najbiedniejszych<\/h4>\n<p>Dzi\u0119ki temu zapewniamy najbiedniejszym dzieciom 3 posi\u0142ki ciep\u0142e w tygodniu + 1 podwieczorek. Na \u015bwi\u0119ta dajemy bogatszy posi\u0142ek + nap\u00f3j i s\u0142odycze. Bardzo dzi\u0119kuj\u0119 w imieniu dzieci za pomoc. Jak wspomnia\u0142am, dzieciaki s\u0105 pozostawione samym sobie, pozbawione ciep\u0142a i opieki. Rodzice s\u0105 niestety zmuszeni s\u0105 do przebywania w polach usytuowanych daleko od domu w d\u017cungli. tylko w ten spos\u00f3b mog\u0105 cokolwiek zarobi\u0107, a i tak osi\u0105gane zarobki nie pozwalaj\u0105 na wy\u017cywienie wszystkich cz\u0142onk\u00f3w rodziny. Ofiarowanie ciep\u0142ego posi\u0142ku dzieciakom jest wielk\u0105 pomoc\u0105 i wsparciem. Tak mi zale\u017cy, \u017ceby dzieci by\u0142y dobrze od\u017cywione. Z ca\u0142ego serca dzi\u0119kuj\u0119 ofiarodawcom!<\/p>\n<p>Siostra Hanna Teresa Gnatowska, <a href=\"http:\/\/www.u-pallotynek.pl\/\" target=\"_blank\" rel=\"noopener\">Zgromadzenie Si\u00f3str Misjonarek Apostolstwa Katolickiego<\/a><\/p>\n<h4>Kosztorys<\/h4>\n<table>\n<tbody>\n<tr>\n<td width=\"34\">Lp<\/td>\n<td width=\"223\">opis<\/td>\n<td width=\"128\">ilo\u015b\u0107<\/td>\n<td width=\"129\">cena<\/td>\n<td width=\"129\">Kwota w walucie lokalnej<\/td>\n<\/tr>\n<tr>\n<td width=\"34\">1<\/td>\n<td width=\"223\">Ry\u017c 50 kg<\/td>\n<td width=\"128\">3 worki<\/td>\n<td width=\"129\">24.000 frank\u00f3w CFA<\/td>\n<td width=\"129\">72.000 frank\u00f3w CFA<\/td>\n<\/tr>\n<tr>\n<td width=\"34\">2<\/td>\n<td width=\"223\">Olej 20 l<\/td>\n<td width=\"128\">3 bidony<\/td>\n<td width=\"129\">24.000 frank\u00f3w CFA<\/td>\n<td width=\"129\">72.000 frank\u00f3w CFA<\/td>\n<\/tr>\n<tr>\n<td width=\"34\">3<\/td>\n<td width=\"223\">Cukier 50 kg<\/td>\n<td width=\"128\">2 worki<\/td>\n<td width=\"129\">40.000 frank\u00f3w CFA<\/td>\n<td width=\"129\">80.000 frank\u00f3w CFA<\/td>\n<\/tr>\n<tr>\n<td width=\"34\">4<\/td>\n<td width=\"223\">S\u00f3l<\/td>\n<td width=\"128\">1 op. (18 kg)<\/td>\n<td width=\"129\">3.500 frank\u00f3w CFA<\/td>\n<td width=\"129\">3.500 frank\u00f3w CFA<\/td>\n<\/tr>\n<tr>\n<td width=\"34\">5<\/td>\n<td width=\"223\">Mleko 25 kg<\/td>\n<td width=\"128\">2 worki<\/td>\n<td width=\"129\">44.000 frank\u00f3w CFA<\/td>\n<td width=\"129\">88.000 frank\u00f3w CFA<\/td>\n<\/tr>\n<tr>\n<td width=\"34\">6<\/td>\n<td width=\"223\">Sos pomidorowy<\/td>\n<td width=\"128\">5 karton\u00f3w<\/td>\n<td width=\"129\">28.000 frank\u00f3w CFA<\/td>\n<td width=\"129\">140.000 frank\u00f3w CFA<\/td>\n<\/tr>\n<tr>\n<td width=\"34\">7<\/td>\n<td width=\"223\">Ciastka<\/td>\n<td width=\"128\">10 karton\u00f3w<\/td>\n<td width=\"129\">5.000 frank\u00f3w CFA<\/td>\n<td width=\"129\">50.000 frank\u00f3w CFA<\/td>\n<\/tr>\n<tr>\n<td width=\"34\">8<\/td>\n<td width=\"223\">Bu\u0142ki, p\u0105czki x 2<\/td>\n<td width=\"128\">2<\/td>\n<td width=\"129\">24.000 frank\u00f3w CFA<\/td>\n<td width=\"129\">48.000 frank\u00f3w CFA<\/td>\n<\/tr>\n<tr>\n<td width=\"34\">9<\/td>\n<td width=\"223\">Makaron<\/td>\n<td width=\"128\">2 kartony<\/td>\n<td width=\"129\">12.500 frank\u00f3w CFA<\/td>\n<td width=\"129\">25.000 frank\u00f3w CFA<\/td>\n<\/tr>\n<tr>\n<td width=\"34\">10<\/td>\n<td width=\"223\">Mi\u0119so, ryby<\/td>\n<td width=\"128\">&nbsp;<\/td>\n<td width=\"129\">&nbsp;<\/td>\n<td width=\"129\">263.000 frank\u00f3w CFA<\/td>\n<\/tr>\n<tr>\n<td width=\"34\">11<\/td>\n<td width=\"223\">Konserwy rybne<\/td>\n<td width=\"128\">3 kartony<\/td>\n<td width=\"129\">18.500 frank\u00f3w CFA<\/td>\n<td width=\"129\">55.500 frank\u00f3w CFA<\/td>\n<\/tr>\n<tr>\n<td width=\"34\">12<\/td>\n<td width=\"223\">Orzeszki arachidowe<\/td>\n<td width=\"128\">8 work\u00f3w<\/td>\n<td width=\"129\">30.000 frank\u00f3w CFA<\/td>\n<td width=\"129\">240.000 frank\u00f3w CFA<\/td>\n<\/tr>\n<tr>\n<td width=\"34\">13<\/td>\n<td width=\"223\">Transport<\/td>\n<td width=\"128\">&nbsp;<\/td>\n<td width=\"129\">&nbsp;<\/td>\n<td width=\"129\">150.000 frank\u00f3w CFA<\/td>\n<\/tr>\n<tr>\n<td width=\"34\">14<\/td>\n<td width=\"223\">Pain (chleb)<\/td>\n<td width=\"128\">100 sztuk<\/td>\n<td width=\"129\">250 frank\u00f3w CFA<\/td>\n<td width=\"129\">25.000 frank\u00f3w CFA<\/td>\n<\/tr>\n<tr>\n<td width=\"34\">&nbsp;<\/td>\n<td width=\"223\"><strong>PODSUMOWANIE<\/strong><\/td>\n<td width=\"128\"><strong>\u00a0<\/strong><\/td>\n<td width=\"129\"><strong>\u00a0<\/strong><\/td>\n<td width=\"129\"><strong>1.132.000 frank\u00f3w CFA<\/strong><\/td>\n<\/tr>\n<\/tbody>\n<\/table>\n<p><b style=\"font-size: large; color: #ff0000;\">Kwota: 2220 \u20ac <\/b><\/p>\n<p style=\"text-align: justify;\"><strong>Podsumowanie w miejscowej walucie &#8211; 1.132.000 frank\u00f3w CFA<\/strong><\/p>\n<p style=\"text-align: justify;\" align=\"JUSTIFY\"><span style=\"color: #808080;\">Stowarzyszenie Ruchu\u00a0<em>Maitri<\/em> przeznacza do 10% otrzymanych \u015brodk\u00f3w na koszty funkcjonowania biura i pozyskiwanie funduszy pomocowych. <\/span><\/p>\n<h3 style=\"text-align: justify;\" align=\"JUSTIFY\"><span style=\"color: #808080;\">Do\u017cywianie dzieci ze szko\u0142y podstawowej w Doume w Kamerunie<\/span><\/h3>\n","protected":false},"excerpt":{"rendered":"<p><strong>Projekt:<\/strong> Siostra Hanna Teresa Gnatowska, <a href=\"http:\/\/www.u-pallotynek.pl\/\" target=\"_blank\" rel=\"noopener\">Zgromadzenie Si\u00f3str Misjonarek Apostolstwa Katolickiego<\/a><br \/>\n<strong>Misja:<\/strong> Doume, <a href=\"https:\/\/www.maitri.pl\/gdzie-pomagamy\/\" target=\"_blank\" rel=\"noopener noreferrer\">Kamerun<\/a><br \/>\n<strong>Zbierana kwota:<\/strong> <span style=\"color: #ff0000;\"><strong>2220 \u20ac<\/strong><\/span><\/p>\n","protected":false},"featured_media":22507,"template":"","meta":[],"product_brand":[],"product_cat":[656],"product_tag":[687,676,658,688],"class_list":{"0":"post-22506","1":"product","2":"type-product","3":"status-publish","4":"has-post-thumbnail","6":"product_cat-bez-kategorii","7":"product_tag-doume","8":"product_tag-dozywianie","9":"product_tag-kamerun","10":"product_tag-siostry-pallotynki","12":"first","13":"instock","14":"virtual","15":"purchasable","16":"product-type-simple"},"yoast_head":"<!-- This site is optimized with the Yoast SEO plugin v27.2 - https:\/\/yoast.com\/product\/yoast-seo-wordpress\/ -->\n<title>Do\u017cywianie dzieci ze szko\u0142y podstawowej w Doume w Kamerunie<\/title>\n<meta name=\"description\" content=\"Do\u017cywianie dzieci ze szko\u0142y podstawowej w Doume w Kamerunie. Uczniowie \u017cyj\u0105 w trudnych warunkach i cz\u0119sto nie dojadaj\u0105. Misja Si\u00f3str Pallotynek.\" \/>\n<meta name=\"robots\" content=\"index, follow, max-snippet:-1, max-image-preview:large, max-video-preview:-1\" \/>\n<link rel=\"canonical\" href=\"https:\/\/www.maitri.pl\/projekt\/dozywianie-dzieci-ze-szkoly-podstawowej-w-doume-w-kamerunie\/\" \/>\n<meta property=\"og:locale\" content=\"fr_FR\" \/>\n<meta property=\"og:type\" content=\"article\" \/>\n<meta property=\"og:title\" content=\"Do\u017cywianie dzieci ze szko\u0142y podstawowej w Doume w Kamerunie\" \/>\n<meta property=\"og:description\" content=\"Do\u017cywianie dzieci ze szko\u0142y podstawowej w Doume w Kamerunie. Uczniowie \u017cyj\u0105 w trudnych warunkach i cz\u0119sto nie dojadaj\u0105. Misja Si\u00f3str Pallotynek.\" \/>\n<meta property=\"og:url\" content=\"https:\/\/www.maitri.pl\/projekt\/dozywianie-dzieci-ze-szkoly-podstawowej-w-doume-w-kamerunie\/\" \/>\n<meta property=\"og:site_name\" content=\"Ruch Maitri - Adopcja Serca pomoc Afryce\" \/>\n<meta property=\"article:publisher\" content=\"https:\/\/www.facebook.com\/MAITRI.Adopcja.Serca.dzieci.Afryki\/\" \/>\n<meta property=\"article:modified_time\" content=\"2023-02-10T11:26:22+00:00\" \/>\n<meta property=\"og:image\" content=\"https:\/\/www.maitri.pl\/wp-content\/uploads\/2021\/04\/313-palls-Kamerun-dozywianie.jpg\" \/>\n\t<meta property=\"og:image:width\" content=\"2000\" \/>\n\t<meta property=\"og:image:height\" content=\"1500\" \/>\n\t<meta property=\"og:image:type\" content=\"image\/jpeg\" \/>\n<meta name=\"twitter:card\" content=\"summary_large_image\" \/>\n<meta name=\"twitter:label1\" content=\"Dur\u00e9e de lecture estim\u00e9e\" \/>\n\t<meta name=\"twitter:data1\" content=\"2 minutes\" \/>\n<script type=\"application\/ld+json\" class=\"yoast-schema-graph\">{\"@context\":\"https:\/\/schema.org\",\"@graph\":[{\"@type\":\"WebPage\",\"@id\":\"https:\/\/www.maitri.pl\/projekt\/dozywianie-dzieci-ze-szkoly-podstawowej-w-doume-w-kamerunie\/\",\"url\":\"https:\/\/www.maitri.pl\/projekt\/dozywianie-dzieci-ze-szkoly-podstawowej-w-doume-w-kamerunie\/\",\"name\":\"Do\u017cywianie dzieci ze szko\u0142y podstawowej w Doume w Kamerunie\",\"isPartOf\":{\"@id\":\"https:\/\/www.maitri.pl\/#website\"},\"primaryImageOfPage\":{\"@id\":\"https:\/\/www.maitri.pl\/projekt\/dozywianie-dzieci-ze-szkoly-podstawowej-w-doume-w-kamerunie\/#primaryimage\"},\"image\":{\"@id\":\"https:\/\/www.maitri.pl\/projekt\/dozywianie-dzieci-ze-szkoly-podstawowej-w-doume-w-kamerunie\/#primaryimage\"},\"thumbnailUrl\":\"https:\/\/www.maitri.pl\/wp-content\/uploads\/2021\/04\/313-palls-Kamerun-dozywianie.jpg\",\"datePublished\":\"2021-04-14T14:58:22+00:00\",\"dateModified\":\"2023-02-10T11:26:22+00:00\",\"description\":\"Do\u017cywianie dzieci ze szko\u0142y podstawowej w Doume w Kamerunie. Uczniowie \u017cyj\u0105 w trudnych warunkach i cz\u0119sto nie dojadaj\u0105. Misja Si\u00f3str Pallotynek.\",\"breadcrumb\":{\"@id\":\"https:\/\/www.maitri.pl\/projekt\/dozywianie-dzieci-ze-szkoly-podstawowej-w-doume-w-kamerunie\/#breadcrumb\"},\"inLanguage\":\"fr-FR\",\"potentialAction\":[{\"@type\":\"ReadAction\",\"target\":[\"https:\/\/www.maitri.pl\/projekt\/dozywianie-dzieci-ze-szkoly-podstawowej-w-doume-w-kamerunie\/\"]}]},{\"@type\":\"ImageObject\",\"inLanguage\":\"fr-FR\",\"@id\":\"https:\/\/www.maitri.pl\/projekt\/dozywianie-dzieci-ze-szkoly-podstawowej-w-doume-w-kamerunie\/#primaryimage\",\"url\":\"https:\/\/www.maitri.pl\/wp-content\/uploads\/2021\/04\/313-palls-Kamerun-dozywianie.jpg\",\"contentUrl\":\"https:\/\/www.maitri.pl\/wp-content\/uploads\/2021\/04\/313-palls-Kamerun-dozywianie.jpg\",\"width\":2000,\"height\":1500,\"caption\":\"Do\u017cywianie dzieci ze szko\u0142y podstawowej w Doume Ruch Maitri Pomoc Afryce Adopcja Serca 01\"},{\"@type\":\"BreadcrumbList\",\"@id\":\"https:\/\/www.maitri.pl\/projekt\/dozywianie-dzieci-ze-szkoly-podstawowej-w-doume-w-kamerunie\/#breadcrumb\",\"itemListElement\":[{\"@type\":\"ListItem\",\"position\":1,\"name\":\"Strona g\u0142\u00f3wna\",\"item\":\"https:\/\/www.maitri.pl\/\"},{\"@type\":\"ListItem\",\"position\":2,\"name\":\"Sklep\",\"item\":\"https:\/\/www.maitri.pl\/sklep\/\"},{\"@type\":\"ListItem\",\"position\":3,\"name\":\"Do\u017cywianie dzieci ze szko\u0142y podstawowej w Doume w Kamerunie\"}]},{\"@type\":\"WebSite\",\"@id\":\"https:\/\/www.maitri.pl\/#website\",\"url\":\"https:\/\/www.maitri.pl\/\",\"name\":\"Adopcja Serca Maitri \u2013 pomoc dzieciom w Afryce\",\"description\":\"Adopcja Serca \u2013 adopcja na odleg\u0142o\u015b\u0107, pomoc Afryce, do\u017cywianie i edukacja w Afryce\",\"publisher\":{\"@id\":\"https:\/\/www.maitri.pl\/#organization\"},\"potentialAction\":[{\"@type\":\"SearchAction\",\"target\":{\"@type\":\"EntryPoint\",\"urlTemplate\":\"https:\/\/www.maitri.pl\/?s={search_term_string}\"},\"query-input\":{\"@type\":\"PropertyValueSpecification\",\"valueRequired\":true,\"valueName\":\"search_term_string\"}}],\"inLanguage\":\"fr-FR\"},{\"@type\":\"Organization\",\"@id\":\"https:\/\/www.maitri.pl\/#organization\",\"name\":\"Stowarzyszenie Ruchu Maitri\",\"url\":\"https:\/\/www.maitri.pl\/\",\"logo\":{\"@type\":\"ImageObject\",\"inLanguage\":\"fr-FR\",\"@id\":\"https:\/\/www.maitri.pl\/#\/schema\/logo\/image\/\",\"url\":\"https:\/\/www.maitri.pl\/wp-content\/uploads\/2020\/04\/duze_logo-81.png\",\"contentUrl\":\"https:\/\/www.maitri.pl\/wp-content\/uploads\/2020\/04\/duze_logo-81.png\",\"width\":339,\"height\":321,\"caption\":\"Stowarzyszenie Ruchu Maitri\"},\"image\":{\"@id\":\"https:\/\/www.maitri.pl\/#\/schema\/logo\/image\/\"},\"sameAs\":[\"https:\/\/www.facebook.com\/MAITRI.Adopcja.Serca.dzieci.Afryki\/\"]}]}<\/script>\n<!-- \/ Yoast SEO plugin. -->","yoast_head_json":{"title":"Do\u017cywianie dzieci ze szko\u0142y podstawowej w Doume w Kamerunie","description":"Do\u017cywianie dzieci ze szko\u0142y podstawowej w Doume w Kamerunie. Uczniowie \u017cyj\u0105 w trudnych warunkach i cz\u0119sto nie dojadaj\u0105. Misja Si\u00f3str Pallotynek.","robots":{"index":"index","follow":"follow","max-snippet":"max-snippet:-1","max-image-preview":"max-image-preview:large","max-video-preview":"max-video-preview:-1"},"canonical":"https:\/\/www.maitri.pl\/projekt\/dozywianie-dzieci-ze-szkoly-podstawowej-w-doume-w-kamerunie\/","og_locale":"fr_FR","og_type":"article","og_title":"Do\u017cywianie dzieci ze szko\u0142y podstawowej w Doume w Kamerunie","og_description":"Do\u017cywianie dzieci ze szko\u0142y podstawowej w Doume w Kamerunie. Uczniowie \u017cyj\u0105 w trudnych warunkach i cz\u0119sto nie dojadaj\u0105. Misja Si\u00f3str Pallotynek.","og_url":"https:\/\/www.maitri.pl\/projekt\/dozywianie-dzieci-ze-szkoly-podstawowej-w-doume-w-kamerunie\/","og_site_name":"Ruch Maitri - Adopcja Serca pomoc Afryce","article_publisher":"https:\/\/www.facebook.com\/MAITRI.Adopcja.Serca.dzieci.Afryki\/","article_modified_time":"2023-02-10T11:26:22+00:00","og_image":[{"width":2000,"height":1500,"url":"https:\/\/www.maitri.pl\/wp-content\/uploads\/2021\/04\/313-palls-Kamerun-dozywianie.jpg","type":"image\/jpeg"}],"twitter_card":"summary_large_image","twitter_misc":{"Dur\u00e9e de lecture estim\u00e9e":"2 minutes"},"schema":{"@context":"https:\/\/schema.org","@graph":[{"@type":"WebPage","@id":"https:\/\/www.maitri.pl\/projekt\/dozywianie-dzieci-ze-szkoly-podstawowej-w-doume-w-kamerunie\/","url":"https:\/\/www.maitri.pl\/projekt\/dozywianie-dzieci-ze-szkoly-podstawowej-w-doume-w-kamerunie\/","name":"Do\u017cywianie dzieci ze szko\u0142y podstawowej w Doume w Kamerunie","isPartOf":{"@id":"https:\/\/www.maitri.pl\/#website"},"primaryImageOfPage":{"@id":"https:\/\/www.maitri.pl\/projekt\/dozywianie-dzieci-ze-szkoly-podstawowej-w-doume-w-kamerunie\/#primaryimage"},"image":{"@id":"https:\/\/www.maitri.pl\/projekt\/dozywianie-dzieci-ze-szkoly-podstawowej-w-doume-w-kamerunie\/#primaryimage"},"thumbnailUrl":"https:\/\/www.maitri.pl\/wp-content\/uploads\/2021\/04\/313-palls-Kamerun-dozywianie.jpg","datePublished":"2021-04-14T14:58:22+00:00","dateModified":"2023-02-10T11:26:22+00:00","description":"Do\u017cywianie dzieci ze szko\u0142y podstawowej w Doume w Kamerunie. Uczniowie \u017cyj\u0105 w trudnych warunkach i cz\u0119sto nie dojadaj\u0105. Misja Si\u00f3str Pallotynek.","breadcrumb":{"@id":"https:\/\/www.maitri.pl\/projekt\/dozywianie-dzieci-ze-szkoly-podstawowej-w-doume-w-kamerunie\/#breadcrumb"},"inLanguage":"fr-FR","potentialAction":[{"@type":"ReadAction","target":["https:\/\/www.maitri.pl\/projekt\/dozywianie-dzieci-ze-szkoly-podstawowej-w-doume-w-kamerunie\/"]}]},{"@type":"ImageObject","inLanguage":"fr-FR","@id":"https:\/\/www.maitri.pl\/projekt\/dozywianie-dzieci-ze-szkoly-podstawowej-w-doume-w-kamerunie\/#primaryimage","url":"https:\/\/www.maitri.pl\/wp-content\/uploads\/2021\/04\/313-palls-Kamerun-dozywianie.jpg","contentUrl":"https:\/\/www.maitri.pl\/wp-content\/uploads\/2021\/04\/313-palls-Kamerun-dozywianie.jpg","width":2000,"height":1500,"caption":"Do\u017cywianie dzieci ze szko\u0142y podstawowej w Doume Ruch Maitri Pomoc Afryce Adopcja Serca 01"},{"@type":"BreadcrumbList","@id":"https:\/\/www.maitri.pl\/projekt\/dozywianie-dzieci-ze-szkoly-podstawowej-w-doume-w-kamerunie\/#breadcrumb","itemListElement":[{"@type":"ListItem","position":1,"name":"Strona g\u0142\u00f3wna","item":"https:\/\/www.maitri.pl\/"},{"@type":"ListItem","position":2,"name":"Sklep","item":"https:\/\/www.maitri.pl\/sklep\/"},{"@type":"ListItem","position":3,"name":"Do\u017cywianie dzieci ze szko\u0142y podstawowej w Doume w Kamerunie"}]},{"@type":"WebSite","@id":"https:\/\/www.maitri.pl\/#website","url":"https:\/\/www.maitri.pl\/","name":"Adopcja Serca Maitri \u2013 pomoc dzieciom w Afryce","description":"Adopcja Serca \u2013 adopcja na odleg\u0142o\u015b\u0107, pomoc Afryce, do\u017cywianie i edukacja w Afryce","publisher":{"@id":"https:\/\/www.maitri.pl\/#organization"},"potentialAction":[{"@type":"SearchAction","target":{"@type":"EntryPoint","urlTemplate":"https:\/\/www.maitri.pl\/?s={search_term_string}"},"query-input":{"@type":"PropertyValueSpecification","valueRequired":true,"valueName":"search_term_string"}}],"inLanguage":"fr-FR"},{"@type":"Organization","@id":"https:\/\/www.maitri.pl\/#organization","name":"Stowarzyszenie Ruchu Maitri","url":"https:\/\/www.maitri.pl\/","logo":{"@type":"ImageObject","inLanguage":"fr-FR","@id":"https:\/\/www.maitri.pl\/#\/schema\/logo\/image\/","url":"https:\/\/www.maitri.pl\/wp-content\/uploads\/2020\/04\/duze_logo-81.png","contentUrl":"https:\/\/www.maitri.pl\/wp-content\/uploads\/2020\/04\/duze_logo-81.png","width":339,"height":321,"caption":"Stowarzyszenie Ruchu Maitri"},"image":{"@id":"https:\/\/www.maitri.pl\/#\/schema\/logo\/image\/"},"sameAs":["https:\/\/www.facebook.com\/MAITRI.Adopcja.Serca.dzieci.Afryki\/"]}]}},"_links":{"self":[{"href":"https:\/\/www.maitri.pl\/fr\/wp-json\/wp\/v2\/product\/22506","targetHints":{"allow":["GET"]}}],"collection":[{"href":"https:\/\/www.maitri.pl\/fr\/wp-json\/wp\/v2\/product"}],"about":[{"href":"https:\/\/www.maitri.pl\/fr\/wp-json\/wp\/v2\/types\/product"}],"wp:featuredmedia":[{"embeddable":true,"href":"https:\/\/www.maitri.pl\/fr\/wp-json\/wp\/v2\/media\/22507"}],"wp:attachment":[{"href":"https:\/\/www.maitri.pl\/fr\/wp-json\/wp\/v2\/media?parent=22506"}],"wp:term":[{"taxonomy":"product_brand","embeddable":true,"href":"https:\/\/www.maitri.pl\/fr\/wp-json\/wp\/v2\/product_brand?post=22506"},{"taxonomy":"product_cat","embeddable":true,"href":"https:\/\/www.maitri.pl\/fr\/wp-json\/wp\/v2\/product_cat?post=22506"},{"taxonomy":"product_tag","embeddable":true,"href":"https:\/\/www.maitri.pl\/fr\/wp-json\/wp\/v2\/product_tag?post=22506"}],"curies":[{"name":"wp","href":"https:\/\/api.w.org\/{rel}","templated":true}]}}