{"id":18913,"date":"2020-06-23T15:59:30","date_gmt":"2020-06-23T13:59:30","guid":{"rendered":"https:\/\/www.maitri.pl\/?post_type=product&#038;p=18913"},"modified":"2026-03-10T17:58:46","modified_gmt":"2026-03-10T16:58:46","slug":"fundusz-pomocy-ubogim-wplata-na-dowolny-projekt","status":"publish","type":"product","link":"https:\/\/www.maitri.pl\/fr\/projekt\/fundusz-pomocy-ubogim-wplata-na-dowolny-projekt\/","title":{"rendered":"Fundusz Pomocy Ubogim \u2013 wp\u0142ata na dowolny projekt"},"content":{"rendered":"<h2 class=\"highlight-subhead subhead\">Fundusz Pomocy Ubogim<\/h2>\n<p class=\"highlight-subhead subhead\">Przychodzimy na pomoc g\u0142oduj\u0105cym, niepe\u0142nosprawnym, sierotom i chorym poprzez Fundusz Pomocy Ubogim. Finansowane przez nas projekty pomocowe pozwoli\u0142y na ul\u017cenie w cierpieniu wielu os\u00f3b. Wsparli\u015bmy budow\u0119 studni, szk\u00f3\u0142, wyposa\u017canie szpitali, pracowni zawodowych i realizacj\u0119 wielu innych koniecznych prac i dzia\u0142a\u0144. Ruch Maitri niesie pomoc Afryce w 8 pa\u0144stwach, takich jak: Burundi, DR Kongo, Kamerun, Kongo, Madagaskar, Republika \u015arodkowoafryka\u0144ska, Rwanda, Togo. to tak\u017ce pomoc Azji, kt\u00f3ra obejmuje Indie, Nepal i Syri\u0119.<\/p>\n<h2>Wp\u0142acasz ile chcesz<\/h2>\n<p class=\"highlight-subhead subhead\">Wybieraj\u0105c ten Fundusz, ofiarodawca samodzielnie ustala wysoko\u015b\u0107 kwoty jednorazowej darowizny. Jednocze\u015bnie nie podejmuje decyzji o przeznaczeniu \u015brodk\u00f3w na konkretny projekt pomocy. Ze \u015brodk\u00f3w gromadzonych w ramach Funduszu Pomocy Ubogim finansujemy wiele dzia\u0142a\u0144 pomocowych. Twoja wp\u0142ata zostanie przeznaczona np. na zakupy lek\u00f3w do misyjnych przychodni zdrowia lub budow\u0119 studni. Dzi\u0119ki wsparciu z Polski mo\u017cemy prowadzi\u0107 akcje do\u017cywiania w Afryce. Wspieramy te\u017c dzieci w programie <a href=\"https:\/\/www.maitri.pl\/adopcja-serca\/\" target=\"_blank\" rel=\"noopener noreferrer\">Adopcja Serca<\/a>\u00a0oczekuj\u0105ce na Rodzic\u00f3w Adopcyjnych. Zobacz na co wydali\u015bmy pieni\u0105dze \u2013\u00a0<a href=\"https:\/\/www.maitri.pl\/projekty-zrealizowane-w-biezacym-roku\/\" target=\"_blank\" rel=\"noopener noreferrer\">projekty zrealizowane<\/a>.<\/p>\n<h2>Oni czekaj\u0105 na pomoc<\/h2>\n<p>Blisko miliard ludzi ludzi \u017cyje w g\u0142\u0119bokim ub\u00f3stwie \u2013 to najnowsze statystyki <a href=\"https:\/\/www.worldbank.org\/en\/topic\/poverty\" target=\"_blank\" rel=\"noopener noreferrer\">Banku \u015awiatowego<\/a>. Niedawne wydarzenia negatywnie wp\u0142yn\u0119\u0142y na fal\u0119 n\u0119dzy i cierpienia. Zw\u0142aszcza w krajach Globalnego Po\u0142udnia, gdzie Ruch Maitri i jego darczy\u0144cy nios\u0105 pomoc. Poprzez Fundusz Pomocy Ubogim mo\u017cesz wspiera\u0107 nasze dzia\u0142ania w miejscach pogr\u0105\u017conych w beznadziei i cierpieniu. Pom\u00f3\u017c nam zmieni\u0107 \u015bwiat na lepsze. \u015arodki, kt\u00f3re nam przeka\u017cesz trafi\u0105 do ubogich w 11 krajach \u015bwiata. Pomoc realizuj\u0105 zaprzyja\u017anieni z nami misjonarze i misjonarki. Opiekuj\u0105 si\u0119 lokalnymi spo\u0142eczno\u015bciami i znaj\u0105 ich potrzeby.<\/p>\n<h2>Jak dzia\u0142a Fundusz Pomocy Ubogim?<\/h2>\n<p>Misjonarki i misjonarze tacy, jak werbi\u015bci, Siostry od Anio\u0142\u00f3w, karmelitanki, katarzynki i pallotynki \u017cyj\u0105 w otoczeniu potrzebuj\u0105cych. Realizuj\u0105 program Adopcja Serca i najlepiej znaj\u0105 lokaln\u0105 ludno\u015b\u0107 i jej problemy i potrzeby. Ponad po\u0142owa mieszka\u0144c\u00f3w Afryki subsaharyjskiej jest trwale niedo\u017cywiona, nara\u017cona na przewlek\u0142e choroby i epidemie. Wsp\u00f3lnie zbieramy \u015brodki na realizacj\u0119 projekt\u00f3w pomocowych w misjach.<\/p>\n","protected":false},"excerpt":{"rendered":"<p>Wsp\u00f3lnie niesiemy pomoc ubogim w Afryce i Azji!<\/p>\n<p class=\"maitri-project-nr\"><strong>Fundusz zasilaj\u0105cy najtrudniejsze projekty pomocowe<br \/>\n<\/strong><\/p>\n<p><strong>Kwota projektu: <span style=\"color: #ff0000;\">450 000 z\u0142\/rok<\/span><\/strong><\/p>\n","protected":false},"featured_media":18918,"template":"","meta":[],"product_brand":[],"product_cat":[657],"product_tag":[823],"class_list":{"0":"post-18913","1":"product","2":"type-product","3":"status-publish","4":"has-post-thumbnail","6":"product_cat-projekty","7":"product_tag-fundusz-pomocy-ubogim","9":"first","10":"instock","11":"virtual","12":"purchasable","13":"product-type-simple"},"yoast_head":"<!-- This site is optimized with the Yoast SEO plugin v27.2 - https:\/\/yoast.com\/product\/yoast-seo-wordpress\/ -->\n<title>Fundusz Pomocy Ubogim - wp\u0142ata na dowolny projekt<\/title>\n<meta name=\"description\" content=\"Wspieraj\u0105c Fundusz Pomocy Ubogim samodzielnie ustalasz wysoko\u015b\u0107 kwoty jednorazowej darowizny. \u015arodki zostan\u0105 przekazane na jeden z projekt\u00f3w pomocowych.\" \/>\n<meta name=\"robots\" content=\"index, follow, max-snippet:-1, max-image-preview:large, max-video-preview:-1\" \/>\n<link rel=\"canonical\" href=\"https:\/\/www.maitri.pl\/projekt\/fundusz-pomocy-ubogim-wplata-na-dowolny-projekt\/\" \/>\n<meta property=\"og:locale\" content=\"fr_FR\" \/>\n<meta property=\"og:type\" content=\"article\" \/>\n<meta property=\"og:title\" content=\"Fundusz Pomocy Ubogim - wp\u0142ata na dowolny projekt\" \/>\n<meta property=\"og:description\" content=\"Wspieraj\u0105c Fundusz Pomocy Ubogim samodzielnie ustalasz wysoko\u015b\u0107 kwoty jednorazowej darowizny. \u015arodki zostan\u0105 przekazane na jeden z projekt\u00f3w pomocowych.\" \/>\n<meta property=\"og:url\" content=\"https:\/\/www.maitri.pl\/projekt\/fundusz-pomocy-ubogim-wplata-na-dowolny-projekt\/\" \/>\n<meta property=\"og:site_name\" content=\"Ruch Maitri - Adopcja Serca pomoc Afryce\" \/>\n<meta property=\"article:publisher\" content=\"https:\/\/www.facebook.com\/MAITRI.Adopcja.Serca.dzieci.Afryki\/\" \/>\n<meta property=\"article:modified_time\" content=\"2026-03-10T16:58:46+00:00\" \/>\n<meta property=\"og:image\" content=\"https:\/\/www.maitri.pl\/wp-content\/uploads\/2020\/06\/P6060074.jpg\" \/>\n\t<meta property=\"og:image:width\" content=\"1920\" \/>\n\t<meta property=\"og:image:height\" content=\"1440\" \/>\n\t<meta property=\"og:image:type\" content=\"image\/jpeg\" \/>\n<meta name=\"twitter:card\" content=\"summary_large_image\" \/>\n<meta name=\"twitter:label1\" content=\"Dur\u00e9e de lecture estim\u00e9e\" \/>\n\t<meta name=\"twitter:data1\" content=\"2 minutes\" \/>\n<script type=\"application\/ld+json\" class=\"yoast-schema-graph\">{\"@context\":\"https:\/\/schema.org\",\"@graph\":[{\"@type\":\"WebPage\",\"@id\":\"https:\/\/www.maitri.pl\/projekt\/fundusz-pomocy-ubogim-wplata-na-dowolny-projekt\/\",\"url\":\"https:\/\/www.maitri.pl\/projekt\/fundusz-pomocy-ubogim-wplata-na-dowolny-projekt\/\",\"name\":\"Fundusz Pomocy Ubogim - wp\u0142ata na dowolny projekt\",\"isPartOf\":{\"@id\":\"https:\/\/www.maitri.pl\/#website\"},\"primaryImageOfPage\":{\"@id\":\"https:\/\/www.maitri.pl\/projekt\/fundusz-pomocy-ubogim-wplata-na-dowolny-projekt\/#primaryimage\"},\"image\":{\"@id\":\"https:\/\/www.maitri.pl\/projekt\/fundusz-pomocy-ubogim-wplata-na-dowolny-projekt\/#primaryimage\"},\"thumbnailUrl\":\"https:\/\/www.maitri.pl\/wp-content\/uploads\/2020\/06\/P6060074.jpg\",\"datePublished\":\"2020-06-23T13:59:30+00:00\",\"dateModified\":\"2026-03-10T16:58:46+00:00\",\"description\":\"Wspieraj\u0105c Fundusz Pomocy Ubogim samodzielnie ustalasz wysoko\u015b\u0107 kwoty jednorazowej darowizny. \u015arodki zostan\u0105 przekazane na jeden z projekt\u00f3w pomocowych.\",\"breadcrumb\":{\"@id\":\"https:\/\/www.maitri.pl\/projekt\/fundusz-pomocy-ubogim-wplata-na-dowolny-projekt\/#breadcrumb\"},\"inLanguage\":\"fr-FR\",\"potentialAction\":[{\"@type\":\"ReadAction\",\"target\":[\"https:\/\/www.maitri.pl\/projekt\/fundusz-pomocy-ubogim-wplata-na-dowolny-projekt\/\"]}]},{\"@type\":\"ImageObject\",\"inLanguage\":\"fr-FR\",\"@id\":\"https:\/\/www.maitri.pl\/projekt\/fundusz-pomocy-ubogim-wplata-na-dowolny-projekt\/#primaryimage\",\"url\":\"https:\/\/www.maitri.pl\/wp-content\/uploads\/2020\/06\/P6060074.jpg\",\"contentUrl\":\"https:\/\/www.maitri.pl\/wp-content\/uploads\/2020\/06\/P6060074.jpg\",\"width\":1920,\"height\":1440,\"caption\":\"Fundusz Pomoc Ubogim Adopcja Serca Ruch Maitri Pomoc Afryce 01\"},{\"@type\":\"BreadcrumbList\",\"@id\":\"https:\/\/www.maitri.pl\/projekt\/fundusz-pomocy-ubogim-wplata-na-dowolny-projekt\/#breadcrumb\",\"itemListElement\":[{\"@type\":\"ListItem\",\"position\":1,\"name\":\"Strona g\u0142\u00f3wna\",\"item\":\"https:\/\/www.maitri.pl\/\"},{\"@type\":\"ListItem\",\"position\":2,\"name\":\"Sklep\",\"item\":\"https:\/\/www.maitri.pl\/sklep\/\"},{\"@type\":\"ListItem\",\"position\":3,\"name\":\"Fundusz Pomocy Ubogim \u2013 wp\u0142ata na dowolny projekt\"}]},{\"@type\":\"WebSite\",\"@id\":\"https:\/\/www.maitri.pl\/#website\",\"url\":\"https:\/\/www.maitri.pl\/\",\"name\":\"Adopcja Serca Maitri \u2013 pomoc dzieciom w Afryce\",\"description\":\"Adopcja Serca \u2013 adopcja na odleg\u0142o\u015b\u0107, pomoc Afryce, do\u017cywianie i edukacja w Afryce\",\"publisher\":{\"@id\":\"https:\/\/www.maitri.pl\/#organization\"},\"potentialAction\":[{\"@type\":\"SearchAction\",\"target\":{\"@type\":\"EntryPoint\",\"urlTemplate\":\"https:\/\/www.maitri.pl\/?s={search_term_string}\"},\"query-input\":{\"@type\":\"PropertyValueSpecification\",\"valueRequired\":true,\"valueName\":\"search_term_string\"}}],\"inLanguage\":\"fr-FR\"},{\"@type\":\"Organization\",\"@id\":\"https:\/\/www.maitri.pl\/#organization\",\"name\":\"Stowarzyszenie Ruchu Maitri\",\"url\":\"https:\/\/www.maitri.pl\/\",\"logo\":{\"@type\":\"ImageObject\",\"inLanguage\":\"fr-FR\",\"@id\":\"https:\/\/www.maitri.pl\/#\/schema\/logo\/image\/\",\"url\":\"https:\/\/www.maitri.pl\/wp-content\/uploads\/2020\/04\/duze_logo-81.png\",\"contentUrl\":\"https:\/\/www.maitri.pl\/wp-content\/uploads\/2020\/04\/duze_logo-81.png\",\"width\":339,\"height\":321,\"caption\":\"Stowarzyszenie Ruchu Maitri\"},\"image\":{\"@id\":\"https:\/\/www.maitri.pl\/#\/schema\/logo\/image\/\"},\"sameAs\":[\"https:\/\/www.facebook.com\/MAITRI.Adopcja.Serca.dzieci.Afryki\/\"]}]}<\/script>\n<!-- \/ Yoast SEO plugin. -->","yoast_head_json":{"title":"Fundusz Pomocy Ubogim - wp\u0142ata na dowolny projekt","description":"Wspieraj\u0105c Fundusz Pomocy Ubogim samodzielnie ustalasz wysoko\u015b\u0107 kwoty jednorazowej darowizny. \u015arodki zostan\u0105 przekazane na jeden z projekt\u00f3w pomocowych.","robots":{"index":"index","follow":"follow","max-snippet":"max-snippet:-1","max-image-preview":"max-image-preview:large","max-video-preview":"max-video-preview:-1"},"canonical":"https:\/\/www.maitri.pl\/projekt\/fundusz-pomocy-ubogim-wplata-na-dowolny-projekt\/","og_locale":"fr_FR","og_type":"article","og_title":"Fundusz Pomocy Ubogim - wp\u0142ata na dowolny projekt","og_description":"Wspieraj\u0105c Fundusz Pomocy Ubogim samodzielnie ustalasz wysoko\u015b\u0107 kwoty jednorazowej darowizny. \u015arodki zostan\u0105 przekazane na jeden z projekt\u00f3w pomocowych.","og_url":"https:\/\/www.maitri.pl\/projekt\/fundusz-pomocy-ubogim-wplata-na-dowolny-projekt\/","og_site_name":"Ruch Maitri - Adopcja Serca pomoc Afryce","article_publisher":"https:\/\/www.facebook.com\/MAITRI.Adopcja.Serca.dzieci.Afryki\/","article_modified_time":"2026-03-10T16:58:46+00:00","og_image":[{"width":1920,"height":1440,"url":"https:\/\/www.maitri.pl\/wp-content\/uploads\/2020\/06\/P6060074.jpg","type":"image\/jpeg"}],"twitter_card":"summary_large_image","twitter_misc":{"Dur\u00e9e de lecture estim\u00e9e":"2 minutes"},"schema":{"@context":"https:\/\/schema.org","@graph":[{"@type":"WebPage","@id":"https:\/\/www.maitri.pl\/projekt\/fundusz-pomocy-ubogim-wplata-na-dowolny-projekt\/","url":"https:\/\/www.maitri.pl\/projekt\/fundusz-pomocy-ubogim-wplata-na-dowolny-projekt\/","name":"Fundusz Pomocy Ubogim - wp\u0142ata na dowolny projekt","isPartOf":{"@id":"https:\/\/www.maitri.pl\/#website"},"primaryImageOfPage":{"@id":"https:\/\/www.maitri.pl\/projekt\/fundusz-pomocy-ubogim-wplata-na-dowolny-projekt\/#primaryimage"},"image":{"@id":"https:\/\/www.maitri.pl\/projekt\/fundusz-pomocy-ubogim-wplata-na-dowolny-projekt\/#primaryimage"},"thumbnailUrl":"https:\/\/www.maitri.pl\/wp-content\/uploads\/2020\/06\/P6060074.jpg","datePublished":"2020-06-23T13:59:30+00:00","dateModified":"2026-03-10T16:58:46+00:00","description":"Wspieraj\u0105c Fundusz Pomocy Ubogim samodzielnie ustalasz wysoko\u015b\u0107 kwoty jednorazowej darowizny. \u015arodki zostan\u0105 przekazane na jeden z projekt\u00f3w pomocowych.","breadcrumb":{"@id":"https:\/\/www.maitri.pl\/projekt\/fundusz-pomocy-ubogim-wplata-na-dowolny-projekt\/#breadcrumb"},"inLanguage":"fr-FR","potentialAction":[{"@type":"ReadAction","target":["https:\/\/www.maitri.pl\/projekt\/fundusz-pomocy-ubogim-wplata-na-dowolny-projekt\/"]}]},{"@type":"ImageObject","inLanguage":"fr-FR","@id":"https:\/\/www.maitri.pl\/projekt\/fundusz-pomocy-ubogim-wplata-na-dowolny-projekt\/#primaryimage","url":"https:\/\/www.maitri.pl\/wp-content\/uploads\/2020\/06\/P6060074.jpg","contentUrl":"https:\/\/www.maitri.pl\/wp-content\/uploads\/2020\/06\/P6060074.jpg","width":1920,"height":1440,"caption":"Fundusz Pomoc Ubogim Adopcja Serca Ruch Maitri Pomoc Afryce 01"},{"@type":"BreadcrumbList","@id":"https:\/\/www.maitri.pl\/projekt\/fundusz-pomocy-ubogim-wplata-na-dowolny-projekt\/#breadcrumb","itemListElement":[{"@type":"ListItem","position":1,"name":"Strona g\u0142\u00f3wna","item":"https:\/\/www.maitri.pl\/"},{"@type":"ListItem","position":2,"name":"Sklep","item":"https:\/\/www.maitri.pl\/sklep\/"},{"@type":"ListItem","position":3,"name":"Fundusz Pomocy Ubogim \u2013 wp\u0142ata na dowolny projekt"}]},{"@type":"WebSite","@id":"https:\/\/www.maitri.pl\/#website","url":"https:\/\/www.maitri.pl\/","name":"Adopcja Serca Maitri \u2013 pomoc dzieciom w Afryce","description":"Adopcja Serca \u2013 adopcja na odleg\u0142o\u015b\u0107, pomoc Afryce, do\u017cywianie i edukacja w Afryce","publisher":{"@id":"https:\/\/www.maitri.pl\/#organization"},"potentialAction":[{"@type":"SearchAction","target":{"@type":"EntryPoint","urlTemplate":"https:\/\/www.maitri.pl\/?s={search_term_string}"},"query-input":{"@type":"PropertyValueSpecification","valueRequired":true,"valueName":"search_term_string"}}],"inLanguage":"fr-FR"},{"@type":"Organization","@id":"https:\/\/www.maitri.pl\/#organization","name":"Stowarzyszenie Ruchu Maitri","url":"https:\/\/www.maitri.pl\/","logo":{"@type":"ImageObject","inLanguage":"fr-FR","@id":"https:\/\/www.maitri.pl\/#\/schema\/logo\/image\/","url":"https:\/\/www.maitri.pl\/wp-content\/uploads\/2020\/04\/duze_logo-81.png","contentUrl":"https:\/\/www.maitri.pl\/wp-content\/uploads\/2020\/04\/duze_logo-81.png","width":339,"height":321,"caption":"Stowarzyszenie Ruchu Maitri"},"image":{"@id":"https:\/\/www.maitri.pl\/#\/schema\/logo\/image\/"},"sameAs":["https:\/\/www.facebook.com\/MAITRI.Adopcja.Serca.dzieci.Afryki\/"]}]}},"_links":{"self":[{"href":"https:\/\/www.maitri.pl\/fr\/wp-json\/wp\/v2\/product\/18913","targetHints":{"allow":["GET"]}}],"collection":[{"href":"https:\/\/www.maitri.pl\/fr\/wp-json\/wp\/v2\/product"}],"about":[{"href":"https:\/\/www.maitri.pl\/fr\/wp-json\/wp\/v2\/types\/product"}],"wp:featuredmedia":[{"embeddable":true,"href":"https:\/\/www.maitri.pl\/fr\/wp-json\/wp\/v2\/media\/18918"}],"wp:attachment":[{"href":"https:\/\/www.maitri.pl\/fr\/wp-json\/wp\/v2\/media?parent=18913"}],"wp:term":[{"taxonomy":"product_brand","embeddable":true,"href":"https:\/\/www.maitri.pl\/fr\/wp-json\/wp\/v2\/product_brand?post=18913"},{"taxonomy":"product_cat","embeddable":true,"href":"https:\/\/www.maitri.pl\/fr\/wp-json\/wp\/v2\/product_cat?post=18913"},{"taxonomy":"product_tag","embeddable":true,"href":"https:\/\/www.maitri.pl\/fr\/wp-json\/wp\/v2\/product_tag?post=18913"}],"curies":[{"name":"wp","href":"https:\/\/api.w.org\/{rel}","templated":true}]}}