{"id":18812,"date":"2020-06-08T17:20:24","date_gmt":"2020-06-08T15:20:24","guid":{"rendered":"https:\/\/www.maitri.pl\/?post_type=product&#038;p=18812"},"modified":"2026-03-10T17:52:37","modified_gmt":"2026-03-10T16:52:37","slug":"fundusz-dozywianie-glodujacych-dzieci-2","status":"publish","type":"product","link":"https:\/\/www.maitri.pl\/fr\/projekt\/fundusz-dozywianie-glodujacych-dzieci-2\/","title":{"rendered":"Fundusz do\u017cywiania g\u0142oduj\u0105cych dzieci"},"content":{"rendered":"<h2>Do\u017cywianie dzieci w krajach Globalnego Po\u0142udnia<\/h2>\n<p><strong>Fundusz do\u017cywiania g\u0142oduj\u0105cych dzieci to kwesta na ratowanie najm\u0142odszych od g\u0142odu. <\/strong>Z ofiarowanych przez darczy\u0144c\u00f3w pieni\u0119dzy finansujemy do\u017cywianie dzieci <a href=\"https:\/\/www.maitri.pl\/biuletyn-informacyjny-my-a-trzeci-swiat\/\" target=\"_blank\" rel=\"noopener noreferrer\">w krajach Afryki subsaharyjskiej<\/a>. Dzi\u0119ki ofiarodawcom mo\u017cemy wspiera\u0107 misyjne o\u015brodki do\u017cywiania oraz akcj\u0119 dostarczania posi\u0142k\u00f3w w przedszkolach i szko\u0142ach. <strong>W ramach akcji do\u017cywiania dzieci wsp\u00f3\u0142pracujemy z plac\u00f3wkami misyjnymi\u00a0 w 5 krajach afryka\u0144skich tj. Rwanda , DR Konga, Burundi, Madagaskar, Kamerun, pomoc trafia tak\u017ce do <a href=\"https:\/\/www.maitri.pl\/projekt\/fundusz-pomocy-dla-aleppo-w-syrii-2\/\" target=\"_blank\" rel=\"noopener noreferrer\">Syrii<\/a>.\u00a0<\/strong> Je\u015bli nie decydujesz si\u0119 na wsparcie konkretnego projektu przeka\u017c sw\u00f3j datek <em>Fundusz do\u017cywiania g\u0142oduj\u0105cych dzieci<\/em>, a my znajdziemy najbardziej potrzebuj\u0105cych. <strong>Pom\u00f3\u017c w zakupie \u017cywno\u015bci dla ubogich.<\/strong><\/p>\n<p><img loading=\"lazy\" decoding=\"async\" class=\"wp-image-18443 alignleft\" src=\"https:\/\/www.maitri.pl\/wp-content\/uploads\/2020\/04\/home-projekty-pomocowe-300x228.jpg\" alt=\"Fundusz do\u017cywiania g\u0142oduj\u0105cych dzieci\" width=\"622\" height=\"473\" srcset=\"https:\/\/www.maitri.pl\/wp-content\/uploads\/2020\/04\/home-projekty-pomocowe-300x228.jpg 300w, https:\/\/www.maitri.pl\/wp-content\/uploads\/2020\/04\/home-projekty-pomocowe-768x583.jpg 768w, https:\/\/www.maitri.pl\/wp-content\/uploads\/2020\/04\/home-projekty-pomocowe-600x455.jpg 600w, https:\/\/www.maitri.pl\/wp-content\/uploads\/2020\/04\/home-projekty-pomocowe.jpg 800w\" sizes=\"auto, (max-width: 622px) 100vw, 622px\" \/><\/p>\n<h4>Problem g\u0142odu i niedo\u017cywienia w Afryce subsaharyjskiej<\/h4>\n<p>W prostym, nieurozmaiconym po\u017cywieniu sk\u0142adaj\u0105cym si\u0119 g\u0142\u00f3wnie z manioku, fasoli, kukurydzy i li\u015bci, brakuje wielu niezb\u0119dnych sk\u0142adnik\u00f3w, przede wszystkim bia\u0142ka i witamin. W krajach Afryki subsaharyjskiej jest wiele zag\u0142odzonych dzieci, kt\u00f3re mi\u0119sa ani mleka nie jedz\u0105 prawie nigdy. Dziecko nie jest pierwszoplanowym cz\u0142onkiem rodziny, kt\u00f3ra zazwyczaj jada jeden posi\u0142ek dziennie. Najpierw musz\u0105 po\u017cywi\u0107 si\u0119 starsi, pracuj\u0105cy ca\u0142y dzie\u0144 w polu. Po\u017cywienia nie wystarcza, aby si\u0119 nasyci\u0107. Mieszka\u0144cy nie gromadz\u0105 zapas\u00f3w, zjadaj\u0105 co wyro\u015bnie lub co znajd\u0105 i upoluj\u0105. Cz\u0119stym powodem g\u0142odu s\u0105 migracje zwi\u0105zane z wojnami domowymi, kl\u0119ski nieurodzaju, susze, powodzie.<\/p>\n<p>Smutnym, ale prawdziwym powodem niedo\u017cywienia dzieci jest te\u017c brak znajomo\u015bci zasad prawid\u0142owego \u017cywienia w\u015br\u00f3d mieszka\u0144c\u00f3w. Matki cz\u0119sto samotnie wychowuj\u0105ce dzieci przynosz\u0105 je do o\u015brodk\u00f3w do\u017cywiania, prosz\u0105c o pomoc. Szczeg\u00f3lnie wiele zag\u0142odzonych dzieci jest w\u015br\u00f3d sierot oraz w obozach uchod\u017ac\u00f3w, zw\u0142aszcza gdy \u017cyj\u0105 same, bez opieki doros\u0142ych. Organizm pozbawiony bia\u0142ka, zasilany ubogo w w\u0119glowodany \u201ezjada sam siebie\u201d, wynikiem jest opuchlizna g\u0142odowa (<a href=\"https:\/\/pl.wikipedia.org\/wiki\/Kwashiorkor\" target=\"_blank\" rel=\"noopener noreferrer\">kwashiorkor<\/a>). Inn\u0105 chorob\u0105 rozpoznawan\u0105 u zag\u0142odzonych dzieci jest marazm, wi\u0105\u017c\u0105cy si\u0119 z znacznie op\u00f3\u017anionym rozwojem fizycznym i intelektualnym dziecka. Dzieci, kt\u00f3re zapad\u0142y na te choroby znajduj\u0105 pomoc w ramach specjalistycznej terapii w misyjnych o\u015brodkach do\u017cywiania, wspieranych przez Ruch \u00ab\u00a0Maitri\u00a0\u00bb.<\/p>\n<p>Dzieci ucz\u0119szczaj\u0105ce do szk\u00f3\u0142 i przedszkoli z regu\u0142y nie jedz\u0105 \u017cadnego porannego posi\u0142ku. Rodzice i opiekunowie z powodu ub\u00f3stwa nie s\u0105 w stanie zapewni\u0107 im \u015bniadania. Jadaj\u0105 jeden wieczorny posi\u0142ek dziennie. W trakcie zaj\u0119\u0107 dzieci s\u0105 g\u0142odne i maj\u0105 problemy z aktywnym udzia\u0142em i koncentracj\u0105. Szansa dla nich s\u0105 posi\u0142ki w szkole. Dzi\u0119ki <em>Funduszowi do\u017cywiania<\/em> mo\u017cemy wspiera\u0107 akcje do\u017cywiania dzieci w plac\u00f3wkach o\u015bwiatowych. <strong>Zobacz jak wydajemy pieni\u0105dze z Funduszu do\u017cywiania<\/strong> &#8211; <a href=\"https:\/\/www.maitri.pl\/projekty-zrealizowane\/\">projekty zrealizowane<\/a>. Poni\u017cej przedstawiamy projekty, na kt\u00f3re obecnie staramy si\u0119 zebra\u0107 fundusze:<\/p>\n","protected":false},"excerpt":{"rendered":"<p><strong>Projekt:<\/strong> Do\u017cywianie g\u0142oduj\u0105cych dzieci<br \/>\n<strong>Miejsce:<\/strong> O\u015brodki do\u017cywiania w krajach Afryki Subsaharyjskiej i Nepalu<\/p>\n<p><strong>Wystarczy ok 440 z\u0142 , aby zapewni\u0107 1 potrzebuj\u0105cemu \u017cywno\u015b\u0107 przez ca\u0142y rok (ok. 0,25\u20ac\/dzie\u0144)<br \/>\n<\/strong><\/p>\n<p><strong>Kwota projektu: <span style=\"color: #ff0000;\">\u00a0422 000 z\u0142\/rok<\/span><\/strong><\/p>\n","protected":false},"featured_media":23550,"template":"","meta":[],"product_brand":[],"product_cat":[657],"product_tag":[676],"class_list":{"0":"post-18812","1":"product","2":"type-product","3":"status-publish","4":"has-post-thumbnail","6":"product_cat-projekty","7":"product_tag-dozywianie","9":"first","10":"instock","11":"virtual","12":"purchasable","13":"product-type-simple"},"yoast_head":"<!-- This site is optimized with the Yoast SEO plugin v27.2 - https:\/\/yoast.com\/product\/yoast-seo-wordpress\/ -->\n<title>Do\u017cywianie g\u0142oduj\u0105cych dzieci - wesprzyj nasz fundusz<\/title>\n<meta name=\"description\" content=\"Przyjd\u017a na pomoc g\u0142oduj\u0105cym. Wesprzyj razem z nami do\u017cywianie w 7 krajach \u015bwiata. Fundusz do\u017cywiania g\u0142oduj\u0105cych prowadzi akcje w w krajach Afryki i Azji.\" \/>\n<meta name=\"robots\" content=\"index, follow, max-snippet:-1, max-image-preview:large, max-video-preview:-1\" \/>\n<link rel=\"canonical\" href=\"https:\/\/www.maitri.pl\/projekt\/fundusz-dozywianie-glodujacych-dzieci-2\/\" \/>\n<meta property=\"og:locale\" content=\"fr_FR\" \/>\n<meta property=\"og:type\" content=\"article\" \/>\n<meta property=\"og:title\" content=\"Do\u017cywianie g\u0142oduj\u0105cych dzieci - wesprzyj nasz fundusz\" \/>\n<meta property=\"og:description\" content=\"Przyjd\u017a na pomoc g\u0142oduj\u0105cym. Wesprzyj razem z nami do\u017cywianie w 7 krajach \u015bwiata. Fundusz do\u017cywiania g\u0142oduj\u0105cych prowadzi akcje w w krajach Afryki i Azji.\" \/>\n<meta property=\"og:url\" content=\"https:\/\/www.maitri.pl\/projekt\/fundusz-dozywianie-glodujacych-dzieci-2\/\" \/>\n<meta property=\"og:site_name\" content=\"Ruch Maitri - Adopcja Serca pomoc Afryce\" \/>\n<meta property=\"article:publisher\" content=\"https:\/\/www.facebook.com\/MAITRI.Adopcja.Serca.dzieci.Afryki\/\" \/>\n<meta property=\"article:modified_time\" content=\"2026-03-10T16:52:37+00:00\" \/>\n<meta property=\"og:image\" content=\"https:\/\/www.maitri.pl\/wp-content\/uploads\/2021\/10\/DSC0021-gourai-boulai.jpg\" \/>\n\t<meta property=\"og:image:width\" content=\"2256\" \/>\n\t<meta property=\"og:image:height\" content=\"1500\" \/>\n\t<meta property=\"og:image:type\" content=\"image\/jpeg\" \/>\n<meta name=\"twitter:card\" content=\"summary_large_image\" \/>\n<meta name=\"twitter:label1\" content=\"Dur\u00e9e de lecture estim\u00e9e\" \/>\n\t<meta name=\"twitter:data1\" content=\"3 minutes\" \/>\n<script type=\"application\/ld+json\" class=\"yoast-schema-graph\">{\"@context\":\"https:\/\/schema.org\",\"@graph\":[{\"@type\":\"WebPage\",\"@id\":\"https:\/\/www.maitri.pl\/projekt\/fundusz-dozywianie-glodujacych-dzieci-2\/\",\"url\":\"https:\/\/www.maitri.pl\/projekt\/fundusz-dozywianie-glodujacych-dzieci-2\/\",\"name\":\"Do\u017cywianie g\u0142oduj\u0105cych dzieci - wesprzyj nasz fundusz\",\"isPartOf\":{\"@id\":\"https:\/\/www.maitri.pl\/#website\"},\"primaryImageOfPage\":{\"@id\":\"https:\/\/www.maitri.pl\/projekt\/fundusz-dozywianie-glodujacych-dzieci-2\/#primaryimage\"},\"image\":{\"@id\":\"https:\/\/www.maitri.pl\/projekt\/fundusz-dozywianie-glodujacych-dzieci-2\/#primaryimage\"},\"thumbnailUrl\":\"https:\/\/www.maitri.pl\/wp-content\/uploads\/2021\/10\/DSC0021-gourai-boulai.jpg\",\"datePublished\":\"2020-06-08T15:20:24+00:00\",\"dateModified\":\"2026-03-10T16:52:37+00:00\",\"description\":\"Przyjd\u017a na pomoc g\u0142oduj\u0105cym. Wesprzyj razem z nami do\u017cywianie w 7 krajach \u015bwiata. Fundusz do\u017cywiania g\u0142oduj\u0105cych prowadzi akcje w w krajach Afryki i Azji.\",\"breadcrumb\":{\"@id\":\"https:\/\/www.maitri.pl\/projekt\/fundusz-dozywianie-glodujacych-dzieci-2\/#breadcrumb\"},\"inLanguage\":\"fr-FR\",\"potentialAction\":[{\"@type\":\"ReadAction\",\"target\":[\"https:\/\/www.maitri.pl\/projekt\/fundusz-dozywianie-glodujacych-dzieci-2\/\"]}]},{\"@type\":\"ImageObject\",\"inLanguage\":\"fr-FR\",\"@id\":\"https:\/\/www.maitri.pl\/projekt\/fundusz-dozywianie-glodujacych-dzieci-2\/#primaryimage\",\"url\":\"https:\/\/www.maitri.pl\/wp-content\/uploads\/2021\/10\/DSC0021-gourai-boulai.jpg\",\"contentUrl\":\"https:\/\/www.maitri.pl\/wp-content\/uploads\/2021\/10\/DSC0021-gourai-boulai.jpg\",\"width\":2256,\"height\":1500,\"caption\":\"Posi\u0142ek dla dziecka - ka\u017cda z\u0142ot\u00f3wka pomaga! Ruch Maitri pomoc Afryce Adopcja Serca pomoc ubogim pomoc humanitarna 01\"},{\"@type\":\"BreadcrumbList\",\"@id\":\"https:\/\/www.maitri.pl\/projekt\/fundusz-dozywianie-glodujacych-dzieci-2\/#breadcrumb\",\"itemListElement\":[{\"@type\":\"ListItem\",\"position\":1,\"name\":\"Strona g\u0142\u00f3wna\",\"item\":\"https:\/\/www.maitri.pl\/\"},{\"@type\":\"ListItem\",\"position\":2,\"name\":\"Sklep\",\"item\":\"https:\/\/www.maitri.pl\/sklep\/\"},{\"@type\":\"ListItem\",\"position\":3,\"name\":\"Fundusz do\u017cywiania g\u0142oduj\u0105cych dzieci\"}]},{\"@type\":\"WebSite\",\"@id\":\"https:\/\/www.maitri.pl\/#website\",\"url\":\"https:\/\/www.maitri.pl\/\",\"name\":\"Adopcja Serca Maitri \u2013 pomoc dzieciom w Afryce\",\"description\":\"Adopcja Serca \u2013 adopcja na odleg\u0142o\u015b\u0107, pomoc Afryce, do\u017cywianie i edukacja w Afryce\",\"publisher\":{\"@id\":\"https:\/\/www.maitri.pl\/#organization\"},\"potentialAction\":[{\"@type\":\"SearchAction\",\"target\":{\"@type\":\"EntryPoint\",\"urlTemplate\":\"https:\/\/www.maitri.pl\/?s={search_term_string}\"},\"query-input\":{\"@type\":\"PropertyValueSpecification\",\"valueRequired\":true,\"valueName\":\"search_term_string\"}}],\"inLanguage\":\"fr-FR\"},{\"@type\":\"Organization\",\"@id\":\"https:\/\/www.maitri.pl\/#organization\",\"name\":\"Stowarzyszenie Ruchu Maitri\",\"url\":\"https:\/\/www.maitri.pl\/\",\"logo\":{\"@type\":\"ImageObject\",\"inLanguage\":\"fr-FR\",\"@id\":\"https:\/\/www.maitri.pl\/#\/schema\/logo\/image\/\",\"url\":\"https:\/\/www.maitri.pl\/wp-content\/uploads\/2020\/04\/duze_logo-81.png\",\"contentUrl\":\"https:\/\/www.maitri.pl\/wp-content\/uploads\/2020\/04\/duze_logo-81.png\",\"width\":339,\"height\":321,\"caption\":\"Stowarzyszenie Ruchu Maitri\"},\"image\":{\"@id\":\"https:\/\/www.maitri.pl\/#\/schema\/logo\/image\/\"},\"sameAs\":[\"https:\/\/www.facebook.com\/MAITRI.Adopcja.Serca.dzieci.Afryki\/\"]}]}<\/script>\n<!-- \/ Yoast SEO plugin. -->","yoast_head_json":{"title":"Do\u017cywianie g\u0142oduj\u0105cych dzieci - wesprzyj nasz fundusz","description":"Przyjd\u017a na pomoc g\u0142oduj\u0105cym. Wesprzyj razem z nami do\u017cywianie w 7 krajach \u015bwiata. Fundusz do\u017cywiania g\u0142oduj\u0105cych prowadzi akcje w w krajach Afryki i Azji.","robots":{"index":"index","follow":"follow","max-snippet":"max-snippet:-1","max-image-preview":"max-image-preview:large","max-video-preview":"max-video-preview:-1"},"canonical":"https:\/\/www.maitri.pl\/projekt\/fundusz-dozywianie-glodujacych-dzieci-2\/","og_locale":"fr_FR","og_type":"article","og_title":"Do\u017cywianie g\u0142oduj\u0105cych dzieci - wesprzyj nasz fundusz","og_description":"Przyjd\u017a na pomoc g\u0142oduj\u0105cym. Wesprzyj razem z nami do\u017cywianie w 7 krajach \u015bwiata. Fundusz do\u017cywiania g\u0142oduj\u0105cych prowadzi akcje w w krajach Afryki i Azji.","og_url":"https:\/\/www.maitri.pl\/projekt\/fundusz-dozywianie-glodujacych-dzieci-2\/","og_site_name":"Ruch Maitri - Adopcja Serca pomoc Afryce","article_publisher":"https:\/\/www.facebook.com\/MAITRI.Adopcja.Serca.dzieci.Afryki\/","article_modified_time":"2026-03-10T16:52:37+00:00","og_image":[{"width":2256,"height":1500,"url":"https:\/\/www.maitri.pl\/wp-content\/uploads\/2021\/10\/DSC0021-gourai-boulai.jpg","type":"image\/jpeg"}],"twitter_card":"summary_large_image","twitter_misc":{"Dur\u00e9e de lecture estim\u00e9e":"3 minutes"},"schema":{"@context":"https:\/\/schema.org","@graph":[{"@type":"WebPage","@id":"https:\/\/www.maitri.pl\/projekt\/fundusz-dozywianie-glodujacych-dzieci-2\/","url":"https:\/\/www.maitri.pl\/projekt\/fundusz-dozywianie-glodujacych-dzieci-2\/","name":"Do\u017cywianie g\u0142oduj\u0105cych dzieci - wesprzyj nasz fundusz","isPartOf":{"@id":"https:\/\/www.maitri.pl\/#website"},"primaryImageOfPage":{"@id":"https:\/\/www.maitri.pl\/projekt\/fundusz-dozywianie-glodujacych-dzieci-2\/#primaryimage"},"image":{"@id":"https:\/\/www.maitri.pl\/projekt\/fundusz-dozywianie-glodujacych-dzieci-2\/#primaryimage"},"thumbnailUrl":"https:\/\/www.maitri.pl\/wp-content\/uploads\/2021\/10\/DSC0021-gourai-boulai.jpg","datePublished":"2020-06-08T15:20:24+00:00","dateModified":"2026-03-10T16:52:37+00:00","description":"Przyjd\u017a na pomoc g\u0142oduj\u0105cym. Wesprzyj razem z nami do\u017cywianie w 7 krajach \u015bwiata. Fundusz do\u017cywiania g\u0142oduj\u0105cych prowadzi akcje w w krajach Afryki i Azji.","breadcrumb":{"@id":"https:\/\/www.maitri.pl\/projekt\/fundusz-dozywianie-glodujacych-dzieci-2\/#breadcrumb"},"inLanguage":"fr-FR","potentialAction":[{"@type":"ReadAction","target":["https:\/\/www.maitri.pl\/projekt\/fundusz-dozywianie-glodujacych-dzieci-2\/"]}]},{"@type":"ImageObject","inLanguage":"fr-FR","@id":"https:\/\/www.maitri.pl\/projekt\/fundusz-dozywianie-glodujacych-dzieci-2\/#primaryimage","url":"https:\/\/www.maitri.pl\/wp-content\/uploads\/2021\/10\/DSC0021-gourai-boulai.jpg","contentUrl":"https:\/\/www.maitri.pl\/wp-content\/uploads\/2021\/10\/DSC0021-gourai-boulai.jpg","width":2256,"height":1500,"caption":"Posi\u0142ek dla dziecka - ka\u017cda z\u0142ot\u00f3wka pomaga! Ruch Maitri pomoc Afryce Adopcja Serca pomoc ubogim pomoc humanitarna 01"},{"@type":"BreadcrumbList","@id":"https:\/\/www.maitri.pl\/projekt\/fundusz-dozywianie-glodujacych-dzieci-2\/#breadcrumb","itemListElement":[{"@type":"ListItem","position":1,"name":"Strona g\u0142\u00f3wna","item":"https:\/\/www.maitri.pl\/"},{"@type":"ListItem","position":2,"name":"Sklep","item":"https:\/\/www.maitri.pl\/sklep\/"},{"@type":"ListItem","position":3,"name":"Fundusz do\u017cywiania g\u0142oduj\u0105cych dzieci"}]},{"@type":"WebSite","@id":"https:\/\/www.maitri.pl\/#website","url":"https:\/\/www.maitri.pl\/","name":"Adopcja Serca Maitri \u2013 pomoc dzieciom w Afryce","description":"Adopcja Serca \u2013 adopcja na odleg\u0142o\u015b\u0107, pomoc Afryce, do\u017cywianie i edukacja w Afryce","publisher":{"@id":"https:\/\/www.maitri.pl\/#organization"},"potentialAction":[{"@type":"SearchAction","target":{"@type":"EntryPoint","urlTemplate":"https:\/\/www.maitri.pl\/?s={search_term_string}"},"query-input":{"@type":"PropertyValueSpecification","valueRequired":true,"valueName":"search_term_string"}}],"inLanguage":"fr-FR"},{"@type":"Organization","@id":"https:\/\/www.maitri.pl\/#organization","name":"Stowarzyszenie Ruchu Maitri","url":"https:\/\/www.maitri.pl\/","logo":{"@type":"ImageObject","inLanguage":"fr-FR","@id":"https:\/\/www.maitri.pl\/#\/schema\/logo\/image\/","url":"https:\/\/www.maitri.pl\/wp-content\/uploads\/2020\/04\/duze_logo-81.png","contentUrl":"https:\/\/www.maitri.pl\/wp-content\/uploads\/2020\/04\/duze_logo-81.png","width":339,"height":321,"caption":"Stowarzyszenie Ruchu Maitri"},"image":{"@id":"https:\/\/www.maitri.pl\/#\/schema\/logo\/image\/"},"sameAs":["https:\/\/www.facebook.com\/MAITRI.Adopcja.Serca.dzieci.Afryki\/"]}]}},"_links":{"self":[{"href":"https:\/\/www.maitri.pl\/fr\/wp-json\/wp\/v2\/product\/18812","targetHints":{"allow":["GET"]}}],"collection":[{"href":"https:\/\/www.maitri.pl\/fr\/wp-json\/wp\/v2\/product"}],"about":[{"href":"https:\/\/www.maitri.pl\/fr\/wp-json\/wp\/v2\/types\/product"}],"wp:featuredmedia":[{"embeddable":true,"href":"https:\/\/www.maitri.pl\/fr\/wp-json\/wp\/v2\/media\/23550"}],"wp:attachment":[{"href":"https:\/\/www.maitri.pl\/fr\/wp-json\/wp\/v2\/media?parent=18812"}],"wp:term":[{"taxonomy":"product_brand","embeddable":true,"href":"https:\/\/www.maitri.pl\/fr\/wp-json\/wp\/v2\/product_brand?post=18812"},{"taxonomy":"product_cat","embeddable":true,"href":"https:\/\/www.maitri.pl\/fr\/wp-json\/wp\/v2\/product_cat?post=18812"},{"taxonomy":"product_tag","embeddable":true,"href":"https:\/\/www.maitri.pl\/fr\/wp-json\/wp\/v2\/product_tag?post=18812"}],"curies":[{"name":"wp","href":"https:\/\/api.w.org\/{rel}","templated":true}]}}