{"id":1115,"date":"2017-04-13T14:35:54","date_gmt":"2017-04-13T12:35:54","guid":{"rendered":"https:\/\/www.maitri.pl\/produkt\/adopcja-serca-semestr-nauki-dla-dziecka-z-afryki\/"},"modified":"2026-03-10T18:28:39","modified_gmt":"2026-03-10T17:28:39","slug":"adopcja-krotkoterminowa","status":"publish","type":"product","link":"https:\/\/www.maitri.pl\/fr\/projekt\/adopcja-krotkoterminowa\/","title":{"rendered":"Adopcja kr\u00f3tkoterminowa na odleg\u0142o\u015b\u0107  &#8211; op\u0142a\u0107 jeden semestr nauki dla dziecka z Afryki"},"content":{"rendered":"<h3 data-start=\"151\" data-end=\"208\">Adopcja Serca \u2013 adopcja kr\u00f3tkoterminowa i anonimowa<\/h3>\n<p data-start=\"210\" data-end=\"646\">Je\u015bli nie mo\u017cesz lub nie chcesz jeszcze podejmowa\u0107 decyzji o d\u0142ugoterminowym wsparciu, mo\u017cesz pom\u00f3c w inny spos\u00f3b. Adopcja kr\u00f3tkoterminowa to <strong data-start=\"352\" data-end=\"391\">jednorazowa, anonimowa forma pomocy<\/strong>, dzi\u0119ki kt\u00f3rej dziecko z Afryki mo\u017ce rozpocz\u0105\u0107 lub kontynuowa\u0107 nauk\u0119, nawet je\u015bli nie ma jeszcze przypisanego sta\u0142ego Rodzica Adopcyjnego. Twoja wp\u0142ata pozwala nam zapewni\u0107 dziecku edukacj\u0119, wy\u017cywienie i podstawow\u0105 opiek\u0119 w ramach programu Adopcja Serca.<\/p>\n<h3 data-start=\"648\" data-end=\"671\">Jak mo\u017cesz pom\u00f3c?<\/h3>\n<p data-start=\"673\" data-end=\"732\">Mo\u017cesz op\u0142aci\u0107 udzia\u0142 dziecka w programie na wybrany okres:<\/p>\n<ul>\n<li data-start=\"735\" data-end=\"764\"><strong data-start=\"735\" data-end=\"754\">1 miesi\u0105c nauki<\/strong> \u2013 95 z\u0142<\/li>\n<li data-start=\"735\" data-end=\"764\"><strong data-start=\"767\" data-end=\"786\">1 semestr nauki<\/strong> \u2013 570 z\u0142<\/li>\n<\/ul>\n<p data-start=\"799\" data-end=\"1026\">Wp\u0142aty realizowane s\u0105 w ramach Funduszu Solidarno\u015bciowego i trafiaj\u0105 do dzieci z najbiedniejszych rodzin, cz\u0119sto sierot lub tzw. dzieci ulicy. Dzi\u0119ki temu mog\u0105 one uczy\u0107 si\u0119 nieprzerwanie, czekaj\u0105c na obj\u0119cie d\u0142ugoterminow\u0105 opiek\u0105.<\/p>\n<h3 data-start=\"1028\" data-end=\"1059\">Chcesz pom\u00f3c d\u0142ugofalowo?<\/h3>\n<p data-start=\"1061\" data-end=\"1339\">Osobom, kt\u00f3re chcia\u0142yby nawi\u0105za\u0107 trwa\u0142\u0105 relacj\u0119 z podopiecznym, proponujemy <a href=\"https:\/\/www.maitri.pl\/adopcja-serca\/\"><strong data-start=\"1137\" data-end=\"1169\">d\u0142ugoterminow\u0105 Adopcj\u0119 Serca<\/strong><\/a> \u2013 opiek\u0119 nad konkretnym dzieckiem, znanym z imienia i nazwiska, z mo\u017cliwo\u015bci\u0105 kontaktu listownego. Aby do\u0142\u0105czy\u0107 do programu, wystarczy wype\u0142ni\u0107 deklaracj\u0119 przyst\u0105pienia &#8211; <a href=\"https:\/\/www.maitri.pl\/deklaracja\/\">deklaracja<\/a>.<\/p>\n<div id=\"attachment_26360\" style=\"width: 810px\" class=\"wp-caption aligncenter\"><img loading=\"lazy\" decoding=\"async\" aria-describedby=\"caption-attachment-26360\" class=\" wp-image-26360\" src=\"https:\/\/www.maitri.pl\/wp-content\/uploads\/2023\/04\/20100202-AFRYKA-10719-1024x682.jpg\" alt=\"Do\u017cywianie osieroconych niemowl\u0105t oraz chorych w O\u015brodku Zdrowia w Buraniro Burundi Ruch Maitri Adocpja Serca Adopcja Duchowa Burundi pomoc Afryce 05\" width=\"800\" height=\"533\" srcset=\"https:\/\/www.maitri.pl\/wp-content\/uploads\/2023\/04\/20100202-AFRYKA-10719-1024x682.jpg 1024w, https:\/\/www.maitri.pl\/wp-content\/uploads\/2023\/04\/20100202-AFRYKA-10719-300x200.jpg 300w, https:\/\/www.maitri.pl\/wp-content\/uploads\/2023\/04\/20100202-AFRYKA-10719-768x511.jpg 768w, https:\/\/www.maitri.pl\/wp-content\/uploads\/2023\/04\/20100202-AFRYKA-10719-1536x1022.jpg 1536w, https:\/\/www.maitri.pl\/wp-content\/uploads\/2023\/04\/20100202-AFRYKA-10719-600x399.jpg 600w\" sizes=\"auto, (max-width: 800px) 100vw, 800px\" \/><p id=\"caption-attachment-26360\" class=\"wp-caption-text\"><strong>Do\u017cywianie osieroconych niemowl\u0105t oraz chorych w O\u015brodku Zdrowia w Buraniro Burundi<\/strong><\/p><\/div>\n<h3 style=\"text-align: center;\"><strong>Wp\u0142aty na ten cel prosimy kierowa\u0107 na rachunek:<\/strong><\/h3>\n<h4 style=\"text-align: center;\"><strong>Wp\u0142aty w z\u0142ot\u00f3wkach:<\/strong><\/h4>\n<p style=\"text-align: center;\">34 1240 1255 1111 0010 4395 6330<\/p>\n<h4 style=\"text-align: center;\"><strong>Wp\u0142aty w \u20acuro:<\/strong><\/h4>\n<p style=\"text-align: center;\">IBAN: PL 77 1940 1076 3241 3249 0000 0000<\/p>\n<p style=\"text-align: center;\">SWIFT: AGRIPLPR Credit Agricole Bank Polska S.A.<\/p>\n<p style=\"text-align: center;\"><strong>Nazwa Rachunku:<\/strong> Stowarzyszenie Ruchu MAITRI<\/p>\n<p style=\"text-align: center;\"><strong>Tytu\u0142 wp\u0142aty:<\/strong> Adopcja kr\u00f3tkoterminowa na odleg\u0142o\u015b\u0107 &#8211; semestr nauki<\/p>\n<h4 style=\"text-align: left;\"><span style=\"color: #999999;\">Stowarzyszenie Ruchu <em>Maitri<\/em> przeznacza do 10% otrzymanych \u015brodk\u00f3w na koszty funkcjonowania biura i pozyskiwanie funduszy pomocowych.<\/span><\/h4>\n","protected":false},"excerpt":{"rendered":"<p><strong>Projekt:<\/strong> Adopcja kr\u00f3tkoterminowa na odleg\u0142o\u015b\u0107 &#8211; op\u0142acam semestr nauki jednego dziecka z Afryki<br \/>\n<strong>Koszt\u00a0 na jeden miesi\u0105c:<\/strong><span style=\"color: #ff0000;\"><strong> 95 z\u0142<\/strong><\/span><br \/>\n<strong>Koszt udzia\u0142u dziecka w programie na jeden semestr:<\/strong> <span style=\"color: #ff0000;\"><strong>570 z\u0142 <\/strong><\/span><br \/>\n<strong><span style=\"color: #ff0000;\">Kwota projektu: 79.800 z\u0142 <\/span><\/strong><span style=\"color: #808080;\">(op\u0142ata za udzia\u0142 w programie 70 dzieci przez 2 semestry)<\/span><\/p>\n","protected":false},"featured_media":18106,"template":"","meta":[],"product_brand":[],"product_cat":[657],"product_tag":[758,744,759,760,706],"class_list":{"0":"post-1115","1":"product","2":"type-product","3":"status-publish","4":"has-post-thumbnail","6":"product_cat-projekty","7":"product_tag-adopcja-na-odleglosc","8":"product_tag-adopcja-serca-ruch-maitri","9":"product_tag-dzieci-z-afryki","10":"product_tag-edukacja","11":"product_tag-pomoc-afryce-ruch-maitri","13":"first","14":"instock","15":"virtual","16":"purchasable","17":"product-type-simple"},"yoast_head":"<!-- This site is optimized with the Yoast SEO plugin v27.2 - https:\/\/yoast.com\/product\/yoast-seo-wordpress\/ -->\n<title>Adopcja kr\u00f3tkoterminowa na odleg\u0142o\u015b\u0107 - op\u0142a\u0107 semestr nauki dla dziecka z Afryki<\/title>\n<meta name=\"description\" content=\"Adopcja kr\u00f3tkoterminowa na odleg\u0142o\u015b\u0107 - op\u0142a\u0107 jeden semestr nauki dla dziecka z Afryki! Pom\u00f3\u017c dzieciom, za kilka lat wyro\u015bnie z nich zdolna m\u0142odzie\u017c.\" \/>\n<meta name=\"robots\" content=\"index, follow, max-snippet:-1, max-image-preview:large, max-video-preview:-1\" \/>\n<link rel=\"canonical\" href=\"https:\/\/www.maitri.pl\/projekt\/adopcja-krotkoterminowa\/\" \/>\n<meta property=\"og:locale\" content=\"fr_FR\" \/>\n<meta property=\"og:type\" content=\"article\" \/>\n<meta property=\"og:title\" content=\"Adopcja kr\u00f3tkoterminowa na odleg\u0142o\u015b\u0107 - op\u0142a\u0107 semestr nauki dla dziecka z Afryki\" \/>\n<meta property=\"og:description\" content=\"Adopcja kr\u00f3tkoterminowa na odleg\u0142o\u015b\u0107 - op\u0142a\u0107 jeden semestr nauki dla dziecka z Afryki! Pom\u00f3\u017c dzieciom, za kilka lat wyro\u015bnie z nich zdolna m\u0142odzie\u017c.\" \/>\n<meta property=\"og:url\" content=\"https:\/\/www.maitri.pl\/projekt\/adopcja-krotkoterminowa\/\" \/>\n<meta property=\"og:site_name\" content=\"Ruch Maitri - Adopcja Serca pomoc Afryce\" \/>\n<meta property=\"article:publisher\" content=\"https:\/\/www.facebook.com\/MAITRI.Adopcja.Serca.dzieci.Afryki\/\" \/>\n<meta property=\"article:modified_time\" content=\"2026-03-10T17:28:39+00:00\" \/>\n<meta property=\"og:image\" content=\"https:\/\/www.maitri.pl\/wp-content\/uploads\/2020\/04\/DSCF8185-001-1.jpg\" \/>\n\t<meta property=\"og:image:width\" content=\"533\" \/>\n\t<meta property=\"og:image:height\" content=\"533\" \/>\n\t<meta property=\"og:image:type\" content=\"image\/jpeg\" \/>\n<meta name=\"twitter:card\" content=\"summary_large_image\" \/>\n<meta name=\"twitter:label1\" content=\"Dur\u00e9e de lecture estim\u00e9e\" \/>\n\t<meta name=\"twitter:data1\" content=\"2 minutes\" \/>\n<script type=\"application\/ld+json\" class=\"yoast-schema-graph\">{\"@context\":\"https:\/\/schema.org\",\"@graph\":[{\"@type\":\"WebPage\",\"@id\":\"https:\/\/www.maitri.pl\/projekt\/adopcja-krotkoterminowa\/\",\"url\":\"https:\/\/www.maitri.pl\/projekt\/adopcja-krotkoterminowa\/\",\"name\":\"Adopcja kr\u00f3tkoterminowa na odleg\u0142o\u015b\u0107 - op\u0142a\u0107 semestr nauki dla dziecka z Afryki\",\"isPartOf\":{\"@id\":\"https:\/\/www.maitri.pl\/#website\"},\"primaryImageOfPage\":{\"@id\":\"https:\/\/www.maitri.pl\/projekt\/adopcja-krotkoterminowa\/#primaryimage\"},\"image\":{\"@id\":\"https:\/\/www.maitri.pl\/projekt\/adopcja-krotkoterminowa\/#primaryimage\"},\"thumbnailUrl\":\"https:\/\/www.maitri.pl\/wp-content\/uploads\/2020\/04\/DSCF8185-001-1.jpg\",\"datePublished\":\"2017-04-13T12:35:54+00:00\",\"dateModified\":\"2026-03-10T17:28:39+00:00\",\"description\":\"Adopcja kr\u00f3tkoterminowa na odleg\u0142o\u015b\u0107 - op\u0142a\u0107 jeden semestr nauki dla dziecka z Afryki! Pom\u00f3\u017c dzieciom, za kilka lat wyro\u015bnie z nich zdolna m\u0142odzie\u017c.\",\"breadcrumb\":{\"@id\":\"https:\/\/www.maitri.pl\/projekt\/adopcja-krotkoterminowa\/#breadcrumb\"},\"inLanguage\":\"fr-FR\",\"potentialAction\":[{\"@type\":\"ReadAction\",\"target\":[\"https:\/\/www.maitri.pl\/projekt\/adopcja-krotkoterminowa\/\"]}]},{\"@type\":\"ImageObject\",\"inLanguage\":\"fr-FR\",\"@id\":\"https:\/\/www.maitri.pl\/projekt\/adopcja-krotkoterminowa\/#primaryimage\",\"url\":\"https:\/\/www.maitri.pl\/wp-content\/uploads\/2020\/04\/DSCF8185-001-1.jpg\",\"contentUrl\":\"https:\/\/www.maitri.pl\/wp-content\/uploads\/2020\/04\/DSCF8185-001-1.jpg\",\"width\":533,\"height\":533,\"caption\":\"Adopcja Serca kr\u00f3tkoterminowa - op\u0142a\u0107 jeden semestr nauki dla dziecka z Afryki\"},{\"@type\":\"BreadcrumbList\",\"@id\":\"https:\/\/www.maitri.pl\/projekt\/adopcja-krotkoterminowa\/#breadcrumb\",\"itemListElement\":[{\"@type\":\"ListItem\",\"position\":1,\"name\":\"Strona g\u0142\u00f3wna\",\"item\":\"https:\/\/www.maitri.pl\/\"},{\"@type\":\"ListItem\",\"position\":2,\"name\":\"Sklep\",\"item\":\"https:\/\/www.maitri.pl\/sklep\/\"},{\"@type\":\"ListItem\",\"position\":3,\"name\":\"Adopcja kr\u00f3tkoterminowa na odleg\u0142o\u015b\u0107 &#8211; op\u0142a\u0107 jeden semestr nauki dla dziecka z Afryki\"}]},{\"@type\":\"WebSite\",\"@id\":\"https:\/\/www.maitri.pl\/#website\",\"url\":\"https:\/\/www.maitri.pl\/\",\"name\":\"Adopcja Serca Maitri \u2013 pomoc dzieciom w Afryce\",\"description\":\"Adopcja Serca \u2013 adopcja na odleg\u0142o\u015b\u0107, pomoc Afryce, do\u017cywianie i edukacja w Afryce\",\"publisher\":{\"@id\":\"https:\/\/www.maitri.pl\/#organization\"},\"potentialAction\":[{\"@type\":\"SearchAction\",\"target\":{\"@type\":\"EntryPoint\",\"urlTemplate\":\"https:\/\/www.maitri.pl\/?s={search_term_string}\"},\"query-input\":{\"@type\":\"PropertyValueSpecification\",\"valueRequired\":true,\"valueName\":\"search_term_string\"}}],\"inLanguage\":\"fr-FR\"},{\"@type\":\"Organization\",\"@id\":\"https:\/\/www.maitri.pl\/#organization\",\"name\":\"Stowarzyszenie Ruchu Maitri\",\"url\":\"https:\/\/www.maitri.pl\/\",\"logo\":{\"@type\":\"ImageObject\",\"inLanguage\":\"fr-FR\",\"@id\":\"https:\/\/www.maitri.pl\/#\/schema\/logo\/image\/\",\"url\":\"https:\/\/www.maitri.pl\/wp-content\/uploads\/2020\/04\/duze_logo-81.png\",\"contentUrl\":\"https:\/\/www.maitri.pl\/wp-content\/uploads\/2020\/04\/duze_logo-81.png\",\"width\":339,\"height\":321,\"caption\":\"Stowarzyszenie Ruchu Maitri\"},\"image\":{\"@id\":\"https:\/\/www.maitri.pl\/#\/schema\/logo\/image\/\"},\"sameAs\":[\"https:\/\/www.facebook.com\/MAITRI.Adopcja.Serca.dzieci.Afryki\/\"]}]}<\/script>\n<!-- \/ Yoast SEO plugin. -->","yoast_head_json":{"title":"Adopcja kr\u00f3tkoterminowa na odleg\u0142o\u015b\u0107 - op\u0142a\u0107 semestr nauki dla dziecka z Afryki","description":"Adopcja kr\u00f3tkoterminowa na odleg\u0142o\u015b\u0107 - op\u0142a\u0107 jeden semestr nauki dla dziecka z Afryki! Pom\u00f3\u017c dzieciom, za kilka lat wyro\u015bnie z nich zdolna m\u0142odzie\u017c.","robots":{"index":"index","follow":"follow","max-snippet":"max-snippet:-1","max-image-preview":"max-image-preview:large","max-video-preview":"max-video-preview:-1"},"canonical":"https:\/\/www.maitri.pl\/projekt\/adopcja-krotkoterminowa\/","og_locale":"fr_FR","og_type":"article","og_title":"Adopcja kr\u00f3tkoterminowa na odleg\u0142o\u015b\u0107 - op\u0142a\u0107 semestr nauki dla dziecka z Afryki","og_description":"Adopcja kr\u00f3tkoterminowa na odleg\u0142o\u015b\u0107 - op\u0142a\u0107 jeden semestr nauki dla dziecka z Afryki! Pom\u00f3\u017c dzieciom, za kilka lat wyro\u015bnie z nich zdolna m\u0142odzie\u017c.","og_url":"https:\/\/www.maitri.pl\/projekt\/adopcja-krotkoterminowa\/","og_site_name":"Ruch Maitri - Adopcja Serca pomoc Afryce","article_publisher":"https:\/\/www.facebook.com\/MAITRI.Adopcja.Serca.dzieci.Afryki\/","article_modified_time":"2026-03-10T17:28:39+00:00","og_image":[{"width":533,"height":533,"url":"https:\/\/www.maitri.pl\/wp-content\/uploads\/2020\/04\/DSCF8185-001-1.jpg","type":"image\/jpeg"}],"twitter_card":"summary_large_image","twitter_misc":{"Dur\u00e9e de lecture estim\u00e9e":"2 minutes"},"schema":{"@context":"https:\/\/schema.org","@graph":[{"@type":"WebPage","@id":"https:\/\/www.maitri.pl\/projekt\/adopcja-krotkoterminowa\/","url":"https:\/\/www.maitri.pl\/projekt\/adopcja-krotkoterminowa\/","name":"Adopcja kr\u00f3tkoterminowa na odleg\u0142o\u015b\u0107 - op\u0142a\u0107 semestr nauki dla dziecka z Afryki","isPartOf":{"@id":"https:\/\/www.maitri.pl\/#website"},"primaryImageOfPage":{"@id":"https:\/\/www.maitri.pl\/projekt\/adopcja-krotkoterminowa\/#primaryimage"},"image":{"@id":"https:\/\/www.maitri.pl\/projekt\/adopcja-krotkoterminowa\/#primaryimage"},"thumbnailUrl":"https:\/\/www.maitri.pl\/wp-content\/uploads\/2020\/04\/DSCF8185-001-1.jpg","datePublished":"2017-04-13T12:35:54+00:00","dateModified":"2026-03-10T17:28:39+00:00","description":"Adopcja kr\u00f3tkoterminowa na odleg\u0142o\u015b\u0107 - op\u0142a\u0107 jeden semestr nauki dla dziecka z Afryki! Pom\u00f3\u017c dzieciom, za kilka lat wyro\u015bnie z nich zdolna m\u0142odzie\u017c.","breadcrumb":{"@id":"https:\/\/www.maitri.pl\/projekt\/adopcja-krotkoterminowa\/#breadcrumb"},"inLanguage":"fr-FR","potentialAction":[{"@type":"ReadAction","target":["https:\/\/www.maitri.pl\/projekt\/adopcja-krotkoterminowa\/"]}]},{"@type":"ImageObject","inLanguage":"fr-FR","@id":"https:\/\/www.maitri.pl\/projekt\/adopcja-krotkoterminowa\/#primaryimage","url":"https:\/\/www.maitri.pl\/wp-content\/uploads\/2020\/04\/DSCF8185-001-1.jpg","contentUrl":"https:\/\/www.maitri.pl\/wp-content\/uploads\/2020\/04\/DSCF8185-001-1.jpg","width":533,"height":533,"caption":"Adopcja Serca kr\u00f3tkoterminowa - op\u0142a\u0107 jeden semestr nauki dla dziecka z Afryki"},{"@type":"BreadcrumbList","@id":"https:\/\/www.maitri.pl\/projekt\/adopcja-krotkoterminowa\/#breadcrumb","itemListElement":[{"@type":"ListItem","position":1,"name":"Strona g\u0142\u00f3wna","item":"https:\/\/www.maitri.pl\/"},{"@type":"ListItem","position":2,"name":"Sklep","item":"https:\/\/www.maitri.pl\/sklep\/"},{"@type":"ListItem","position":3,"name":"Adopcja kr\u00f3tkoterminowa na odleg\u0142o\u015b\u0107 &#8211; op\u0142a\u0107 jeden semestr nauki dla dziecka z Afryki"}]},{"@type":"WebSite","@id":"https:\/\/www.maitri.pl\/#website","url":"https:\/\/www.maitri.pl\/","name":"Adopcja Serca Maitri \u2013 pomoc dzieciom w Afryce","description":"Adopcja Serca \u2013 adopcja na odleg\u0142o\u015b\u0107, pomoc Afryce, do\u017cywianie i edukacja w Afryce","publisher":{"@id":"https:\/\/www.maitri.pl\/#organization"},"potentialAction":[{"@type":"SearchAction","target":{"@type":"EntryPoint","urlTemplate":"https:\/\/www.maitri.pl\/?s={search_term_string}"},"query-input":{"@type":"PropertyValueSpecification","valueRequired":true,"valueName":"search_term_string"}}],"inLanguage":"fr-FR"},{"@type":"Organization","@id":"https:\/\/www.maitri.pl\/#organization","name":"Stowarzyszenie Ruchu Maitri","url":"https:\/\/www.maitri.pl\/","logo":{"@type":"ImageObject","inLanguage":"fr-FR","@id":"https:\/\/www.maitri.pl\/#\/schema\/logo\/image\/","url":"https:\/\/www.maitri.pl\/wp-content\/uploads\/2020\/04\/duze_logo-81.png","contentUrl":"https:\/\/www.maitri.pl\/wp-content\/uploads\/2020\/04\/duze_logo-81.png","width":339,"height":321,"caption":"Stowarzyszenie Ruchu Maitri"},"image":{"@id":"https:\/\/www.maitri.pl\/#\/schema\/logo\/image\/"},"sameAs":["https:\/\/www.facebook.com\/MAITRI.Adopcja.Serca.dzieci.Afryki\/"]}]}},"_links":{"self":[{"href":"https:\/\/www.maitri.pl\/fr\/wp-json\/wp\/v2\/product\/1115","targetHints":{"allow":["GET"]}}],"collection":[{"href":"https:\/\/www.maitri.pl\/fr\/wp-json\/wp\/v2\/product"}],"about":[{"href":"https:\/\/www.maitri.pl\/fr\/wp-json\/wp\/v2\/types\/product"}],"wp:featuredmedia":[{"embeddable":true,"href":"https:\/\/www.maitri.pl\/fr\/wp-json\/wp\/v2\/media\/18106"}],"wp:attachment":[{"href":"https:\/\/www.maitri.pl\/fr\/wp-json\/wp\/v2\/media?parent=1115"}],"wp:term":[{"taxonomy":"product_brand","embeddable":true,"href":"https:\/\/www.maitri.pl\/fr\/wp-json\/wp\/v2\/product_brand?post=1115"},{"taxonomy":"product_cat","embeddable":true,"href":"https:\/\/www.maitri.pl\/fr\/wp-json\/wp\/v2\/product_cat?post=1115"},{"taxonomy":"product_tag","embeddable":true,"href":"https:\/\/www.maitri.pl\/fr\/wp-json\/wp\/v2\/product_tag?post=1115"}],"curies":[{"name":"wp","href":"https:\/\/api.w.org\/{rel}","templated":true}]}}