{"id":22493,"date":"2021-04-14T16:43:05","date_gmt":"2021-04-14T14:43:05","guid":{"rendered":"https:\/\/www.maitri.pl\/?post_type=product&#038;p=22493"},"modified":"2023-02-10T12:26:30","modified_gmt":"2023-02-10T11:26:30","slug":"pomoc-dla-uczniow-z-republiki-srodkowafrykanskiej","status":"publish","type":"product","link":"https:\/\/www.maitri.pl\/en\/projekt\/pomoc-dla-uczniow-z-republiki-srodkowafrykanskiej\/","title":{"rendered":"Pomoc dla uczni\u00f3w z ogarni\u0119tej wojn\u0105 Republiki \u015arodkowoafryka\u0144skiej"},"content":{"rendered":"<h4>Dorastaj\u0105 na wojnie<\/h4>\n<p>Dzia\u0142ania rebelianckich grup zbrojnych na terenie Republiki \u015arodkowoafryka\u0144skiej wp\u0142ywaj\u0105 negatywnie na edukacj\u0119 dzieci i m\u0142odzie\u017cy. Ostatnie zamieszki, kt\u00f3re trwa\u0142y od listopada 2020 r. spowodowa\u0142y ponowne zamkni\u0119cie szk\u00f3\u0142, a tak\u017ce utrat\u0119 dobytku \u017cycia tysi\u0119cy os\u00f3b. Ludzie uciekali do buszu b\u0105d\u017a chronili si\u0119 przy parafiach. Co gorsza r\u00f3wnie\u017c i nauczyciele byli zmuszeni wr\u00f3ci\u0107 do stolicy aby chroni\u0107 si\u0119 tam przed rebeliantami. Potrzebna jest pomoc dla uczni\u00f3w.<\/p>\n<h4>Dzieci-\u017co\u0142nierze<\/h4>\n<p>Od stycznia 2021 r. rz\u0105d RCA wraz z organizacj\u0105 militarn\u0105 MINUSCA zepchn\u0105\u0142 rebeliant\u00f3w na granic\u0119 z Kongiem i z Kamerunem, co spowodowa\u0142o, \u017ce cz\u0119\u015b\u0107 szk\u00f3\u0142 zosta\u0142o otwartych na nowo. Zar\u00f3wno rz\u0105d jak i misje religijne nawo\u0142uj\u0105 do pomocy w powrocie dzieci do szk\u00f3\u0142, ze wzgl\u0119du na bardzo niepokoj\u0105ce zjawisko uczestnictwa dzieci w r\u00f3\u017cnych rebelianckich grupach zbrojnych, w bandyckich organizacjach (tzw. dzieci-\u017co\u0142nierze). Jednak cz\u0119sto rodzice, kt\u00f3rzy stracili ca\u0142y sw\u00f3j dobytek, nie chc\u0105 puszcza\u0107 swoich dzieci do szk\u00f3\u0142 z wielu powod\u00f3w &#8211; ze wzgl\u0119du na strach przed rebeliantami, brak pieni\u0119dzy lub chc\u0105 aby dzieci pomog\u0142y im odbudowa\u0107 domy.<\/p>\n<h4>Potrzebna pomoc dla 500 uczni\u00f3w<\/h4>\n<p>Projekt ma na celu wesprze\u0107 ekonomicznie rodzic\u00f3w aby pu\u015bcili <a href=\"https:\/\/www.maitri.pl\/adopcja-serca\/\" target=\"_blank\" rel=\"noopener\">dzieci do szk\u00f3\u0142<\/a>. Chodzi o zakup potrzebnych materia\u0142\u00f3w i op\u0142ata za szko\u0142\u0119. Projekt b\u0119dzie sk\u0142ada\u0142 si\u0119 z kilku element\u00f3w. To przede wszystkim wznowienie i wzmocnienie zaj\u0119\u0107 w szko\u0142ach w prefekturze Nana-Mambere, poprzez u\u015bwiadamianie rodzic\u00f3w na temat wa\u017cno\u015bci edukacji oraz wsparcie materialne dzieci w materia\u0142y edukacyjne, ubranie, rodzaju szko\u0142y. W projekcie we\u017amie udzia\u0142 500 uczni\u00f3w. Projekt b\u0119dzie prowadzony w prefekturze Nana-Mambere, kt\u00f3ra najbardziej ucierpia\u0142a w ostatnich zamieszkach. Animatorzy w wioskach, kt\u00f3re nale\u017c\u0105 terytorialnie do danej szko\u0142y b\u0119d\u0105 przeprowadza\u0107 rozmowy z mieszka\u0144cami na temat wa\u017cno\u015bci edukacji dzieci. W dyskusjach b\u0119d\u0105 brali udzia\u0142 r\u00f3wnie\u017c nauczyciele. Nast\u0119pnie dzieci zapisane do danej szko\u0142y otrzymaj\u0105 wyprawki a dyrektor szko\u0142y otrzyma czesne za dzieci zapisane do projektu.<\/p>\n<h4>Permanentny konflikt<\/h4>\n<p>Republika \u015arodkowoafryka\u0144ska jest w trakcie permanentnego konfliktu od 2013 r. Konsekwencj\u0105 dla populacji jest \u017cycie w ci\u0105g\u0142ym strachu. Cz\u0119ste zamykanie szk\u00f3\u0142, g\u0142\u00f3d ca\u0142ych rodzin, utrudniony dost\u0119p do opieki medycznej i podstawowych produkt\u00f3w \u017cywieniowych i gospodarczych. Pa\u0144stwo plasuje si\u0119 na 188 miejscu ze 189 kraj\u00f3w w rankingu wska\u017anika rozwoju spo\u0142ecznego. Wszystkie te czynniki wsp\u00f3lnie powoduj\u0105, \u017ce coraz wi\u0119cej dzieci bierze udzia\u0142 w konfliktach wewn\u0119trznych. Brak edukacji i perspektyw na przysz\u0142o\u015b\u0107 sprzyja wzrostowi przemocy, wykorzystywa\u0144 seksualnych, morderstw na tle etnicznym i bardzo gro\u017anego zjawiska \u201edzieci-\u017co\u0142nierzy&#8221;.<\/p>\n<p>500 dzieci kt\u00f3re maj\u0105 by\u0107 obj\u0119te projektem b\u0119d\u0105 stanowi\u0107 kolejny krok w stron\u0119 stabilizacji ca\u0142ego pa\u0144stwa. To z braku edukacji ci\u0105gle zaostrzaj\u0105 si\u0119 konflikty w RCA. Cz\u0119sto nadal s\u0105 one t\u0142umaczone czarami i zabobonami. Bardzo wa\u017cne jest miejsce projektu. Ca\u0142a prefektura Nana -Mambere bardzo ucierpia\u0142a ze wzgl\u0119du na ataki rebeliant\u00f3w. W szczeg\u00f3lno\u015bci miejscowo\u015bci le\u017c\u0105ce wzd\u0142u\u017c drogi: Bouar-Boali-Bossembele i Yaloke sta\u0142y si\u0119 miejscem walk mi\u0119dzy wojskami rz\u0105dowymi a rebeliantami. To tamte rodziny i spo\u0142eczno\u015bci najbardziej ucierpia\u0142y w konflikcie. Dlatego tak wa\u017cny jest powr\u00f3t tych dzieci do szk\u00f3\u0142!<\/p>\n<h4><strong>Kosztorys:<\/strong><\/h4>\n<table>\n<tbody>\n<tr>\n<td colspan=\"2\" width=\"39\">Nr<\/td>\n<td width=\"344\"><strong>OPIS<\/strong><\/td>\n<td colspan=\"2\" width=\"71\">Liczba jednostek<\/td>\n<td width=\"104\">Koszt za jednostk\u0119\u00a0\u00a0\u00a0\u00a0\u00a0\u00a0\u00a0\u00a0\u00a0\u00a0 (waluta lokalna)<\/td>\n<td width=\"114\"><strong>Kwota\u00a0\u00a0\u00a0\u00a0\u00a0\u00a0\u00a0\u00a0\u00a0\u00a0\u00a0\u00a0\u00a0\u00a0\u00a0\u00a0\u00a0\u00a0 <\/strong>(waluta lokalna)<\/td>\n<\/tr>\n<tr>\n<td width=\"38\">&nbsp;<\/p>\n<p>01<\/td>\n<td colspan=\"3\" width=\"346\">&nbsp;<\/p>\n<p>zeszyty, d\u0142ugopisy, kreda<\/td>\n<td width=\"70\">&nbsp;<\/p>\n<p>500<\/td>\n<td width=\"104\">&nbsp;<\/p>\n<p>5.000 CFA<\/td>\n<td width=\"114\">&nbsp;<\/p>\n<p>2.500.000 CFA<\/td>\n<\/tr>\n<tr>\n<td width=\"38\">&nbsp;<\/p>\n<p>02<\/td>\n<td colspan=\"3\" width=\"346\">&nbsp;<\/p>\n<p>plecak<\/td>\n<td width=\"70\">500<\/td>\n<td width=\"104\">5.000 CFA<\/td>\n<td width=\"114\">&nbsp;<\/p>\n<p>2.500.000 CFA<\/td>\n<\/tr>\n<tr>\n<td width=\"38\">3<\/td>\n<td colspan=\"3\" width=\"346\">&nbsp;<\/p>\n<p>ksi\u0105\u017cki<\/td>\n<td width=\"70\">500<\/td>\n<td width=\"104\">1.000 CFA<\/td>\n<td width=\"114\">&nbsp;<\/p>\n<p>500.000 CFA<\/td>\n<\/tr>\n<tr>\n<td width=\"38\">4<\/td>\n<td colspan=\"3\" width=\"346\">Czesne za szko\u0142\u0119<\/td>\n<td width=\"70\">500<\/td>\n<td width=\"104\">5.000 CFA<\/td>\n<td width=\"114\">2.500.000 CFA<\/td>\n<\/tr>\n<tr>\n<td width=\"38\"><\/td>\n<td colspan=\"3\" width=\"346\"><strong>\u00a0<\/strong><\/p>\n<p><strong>Podsumowanie <\/strong>(waluta lokalna)<\/td>\n<td width=\"70\">&nbsp;<\/p>\n<p>&nbsp;<\/td>\n<td width=\"104\"><\/td>\n<td width=\"114\">&nbsp;<\/p>\n<p><strong>8.000.000 CFA<\/strong><\/td>\n<\/tr>\n<tr>\n<td width=\"33\"><\/td>\n<td width=\"1\"><\/td>\n<td width=\"257\"><\/td>\n<td width=\"1\"><\/td>\n<td width=\"69\"><\/td>\n<td width=\"91\"><\/td>\n<td width=\"98\"><\/td>\n<\/tr>\n<\/tbody>\n<\/table>\n<p>&nbsp;<\/p>\n<p>Serdecznie prosz\u0119 o wsparcie tego projektu.<\/p>\n<p>Izabela Cywa, <a href=\"https:\/\/www.facebook.com\/ongi3drca\/\" target=\"_blank\" rel=\"noopener\">Inicjatywa na rzecz Demokracji oraz Zr\u00f3wnowa\u017conego Rozwoju<\/a><\/p>\n<p><b style=\"font-size: large; color: #ff0000;\">Kwota: 13.570 \u20ac <\/b><\/p>\n<p style=\"text-align: justify;\"><strong>Podsumowanie w miejscowej walucie &#8211; 8.000.000 frank\u00f3w CFA<\/strong><\/p>\n<p style=\"text-align: justify;\" align=\"JUSTIFY\"><span style=\"color: #808080;\">Stowarzyszenie Ruchu\u00a0<em>Maitri<\/em> przeznacza do 10% otrzymanych \u015brodk\u00f3w na koszty funkcjonowania biura i pozyskiwanie funduszy pomocowych. <\/span><\/p>\n<h3 style=\"text-align: justify;\" align=\"JUSTIFY\"><span style=\"color: #808080;\">Pomoc dla uczni\u00f3w z ogarni\u0119tej wojn\u0105 Republiki \u015arodkowoafryka\u0144skiej<\/span><\/h3>\n","protected":false},"excerpt":{"rendered":"<p><strong>Projekt:<\/strong> Izabela Cywa, <a href=\"https:\/\/www.facebook.com\/ongi3drca\/\" target=\"_blank\" rel=\"noopener\">Inicjatywa na rzecz Demokracji oraz Zr\u00f3wnowa\u017conego Rozwoju<\/a><br \/>\n<strong>Misja:<\/strong> Nana Mambere, <a href=\"https:\/\/www.maitri.pl\/gdzie-pomagamy\/\" target=\"_blank\" rel=\"noopener\">Republika \u015arodkowoafryka\u0144ska<\/a><br \/>\n<strong>Zbierana kwota:<\/strong> <span style=\"color: #ff0000;\"><strong>13.570 \u20ac<\/strong><\/span><\/p>\n","protected":false},"featured_media":22494,"template":"","meta":[],"product_brand":[],"product_cat":[656],"product_tag":[883,885,884,700],"class_list":{"0":"post-22493","1":"product","2":"type-product","3":"status-publish","4":"has-post-thumbnail","6":"product_cat-bez-kategorii","7":"product_tag-inicjatywa-na-rzecz-demokracji-i-zrownowazonego-rozwoju","8":"product_tag-izabela-cywa","9":"product_tag-nana-mambere","10":"product_tag-republika-srodkowoafrykanska","12":"first","13":"instock","14":"virtual","15":"purchasable","16":"product-type-simple"},"yoast_head":"<!-- This site is optimized with the Yoast SEO plugin v27.4 - https:\/\/yoast.com\/product\/yoast-seo-wordpress\/ -->\n<title>Pomoc dla uczni\u00f3w z ogarni\u0119tej wojn\u0105 Republiki \u015arodkowoafryka\u0144skiej<\/title>\n<meta name=\"description\" content=\"Potrzebna pomoc dla uczni\u00f3w z ogarni\u0119tej wojn\u0105 Republiki \u015arodkowoafryka\u0144skiej! \u015arodki finansowe na op\u0142acenie czesnego i przygotowanie wyprawek szkolnych.\" \/>\n<meta name=\"robots\" content=\"index, follow, max-snippet:-1, max-image-preview:large, max-video-preview:-1\" \/>\n<link rel=\"canonical\" href=\"https:\/\/www.maitri.pl\/projekt\/pomoc-dla-uczniow-z-republiki-srodkowafrykanskiej\/\" \/>\n<meta property=\"og:locale\" content=\"en_US\" \/>\n<meta property=\"og:type\" content=\"article\" \/>\n<meta property=\"og:title\" content=\"Pomoc dla uczni\u00f3w z ogarni\u0119tej wojn\u0105 Republiki \u015arodkowoafryka\u0144skiej\" \/>\n<meta property=\"og:description\" content=\"Potrzebna pomoc dla uczni\u00f3w z ogarni\u0119tej wojn\u0105 Republiki \u015arodkowoafryka\u0144skiej! \u015arodki finansowe na op\u0142acenie czesnego i przygotowanie wyprawek szkolnych.\" \/>\n<meta property=\"og:url\" content=\"https:\/\/www.maitri.pl\/projekt\/pomoc-dla-uczniow-z-republiki-srodkowafrykanskiej\/\" \/>\n<meta property=\"og:site_name\" content=\"Ruch Maitri - Adopcja Serca pomoc Afryce\" \/>\n<meta property=\"article:publisher\" content=\"https:\/\/www.facebook.com\/MAITRI.Adopcja.Serca.dzieci.Afryki\/\" \/>\n<meta property=\"article:modified_time\" content=\"2023-02-10T11:26:30+00:00\" \/>\n<meta property=\"og:image\" content=\"https:\/\/www.maitri.pl\/wp-content\/uploads\/2021\/04\/01-idroz-2.jpeg\" \/>\n\t<meta property=\"og:image:width\" content=\"1600\" \/>\n\t<meta property=\"og:image:height\" content=\"1200\" \/>\n\t<meta property=\"og:image:type\" content=\"image\/jpeg\" \/>\n<meta name=\"twitter:card\" content=\"summary_large_image\" \/>\n<meta name=\"twitter:label1\" content=\"Est. reading time\" \/>\n\t<meta name=\"twitter:data1\" content=\"3 minutes\" \/>\n<script type=\"application\/ld+json\" class=\"yoast-schema-graph\">{\"@context\":\"https:\\\/\\\/schema.org\",\"@graph\":[{\"@type\":\"WebPage\",\"@id\":\"https:\\\/\\\/www.maitri.pl\\\/projekt\\\/pomoc-dla-uczniow-z-republiki-srodkowafrykanskiej\\\/\",\"url\":\"https:\\\/\\\/www.maitri.pl\\\/projekt\\\/pomoc-dla-uczniow-z-republiki-srodkowafrykanskiej\\\/\",\"name\":\"Pomoc dla uczni\u00f3w z ogarni\u0119tej wojn\u0105 Republiki \u015arodkowoafryka\u0144skiej\",\"isPartOf\":{\"@id\":\"https:\\\/\\\/www.maitri.pl\\\/#website\"},\"primaryImageOfPage\":{\"@id\":\"https:\\\/\\\/www.maitri.pl\\\/projekt\\\/pomoc-dla-uczniow-z-republiki-srodkowafrykanskiej\\\/#primaryimage\"},\"image\":{\"@id\":\"https:\\\/\\\/www.maitri.pl\\\/projekt\\\/pomoc-dla-uczniow-z-republiki-srodkowafrykanskiej\\\/#primaryimage\"},\"thumbnailUrl\":\"https:\\\/\\\/www.maitri.pl\\\/wp-content\\\/uploads\\\/2021\\\/04\\\/01-idroz-2.jpeg\",\"datePublished\":\"2021-04-14T14:43:05+00:00\",\"dateModified\":\"2023-02-10T11:26:30+00:00\",\"description\":\"Potrzebna pomoc dla uczni\u00f3w z ogarni\u0119tej wojn\u0105 Republiki \u015arodkowoafryka\u0144skiej! \u015arodki finansowe na op\u0142acenie czesnego i przygotowanie wyprawek szkolnych.\",\"breadcrumb\":{\"@id\":\"https:\\\/\\\/www.maitri.pl\\\/projekt\\\/pomoc-dla-uczniow-z-republiki-srodkowafrykanskiej\\\/#breadcrumb\"},\"inLanguage\":\"en-US\",\"potentialAction\":[{\"@type\":\"ReadAction\",\"target\":[\"https:\\\/\\\/www.maitri.pl\\\/projekt\\\/pomoc-dla-uczniow-z-republiki-srodkowafrykanskiej\\\/\"]}]},{\"@type\":\"ImageObject\",\"inLanguage\":\"en-US\",\"@id\":\"https:\\\/\\\/www.maitri.pl\\\/projekt\\\/pomoc-dla-uczniow-z-republiki-srodkowafrykanskiej\\\/#primaryimage\",\"url\":\"https:\\\/\\\/www.maitri.pl\\\/wp-content\\\/uploads\\\/2021\\\/04\\\/01-idroz-2.jpeg\",\"contentUrl\":\"https:\\\/\\\/www.maitri.pl\\\/wp-content\\\/uploads\\\/2021\\\/04\\\/01-idroz-2.jpeg\",\"width\":1600,\"height\":1200,\"caption\":\"Pomoc dla uczni\u00f3w z ogarni\u0119tej wojn\u0105 Republiki \u015arodkowoafryka\u0144skiej 01 Ruch Maitri Adopcja Serca\"},{\"@type\":\"BreadcrumbList\",\"@id\":\"https:\\\/\\\/www.maitri.pl\\\/projekt\\\/pomoc-dla-uczniow-z-republiki-srodkowafrykanskiej\\\/#breadcrumb\",\"itemListElement\":[{\"@type\":\"ListItem\",\"position\":1,\"name\":\"Strona g\u0142\u00f3wna\",\"item\":\"https:\\\/\\\/www.maitri.pl\\\/en\\\/\"},{\"@type\":\"ListItem\",\"position\":2,\"name\":\"Sklep\",\"item\":\"https:\\\/\\\/www.maitri.pl\\\/sklep\\\/\"},{\"@type\":\"ListItem\",\"position\":3,\"name\":\"Pomoc dla uczni\u00f3w z ogarni\u0119tej wojn\u0105 Republiki \u015arodkowoafryka\u0144skiej\"}]},{\"@type\":\"WebSite\",\"@id\":\"https:\\\/\\\/www.maitri.pl\\\/#website\",\"url\":\"https:\\\/\\\/www.maitri.pl\\\/\",\"name\":\"Adopcja Serca Maitri \u2013 pomoc dzieciom w Afryce\",\"description\":\"Adopcja Serca \u2013 adopcja na odleg\u0142o\u015b\u0107, pomoc Afryce, do\u017cywianie i edukacja w Afryce\",\"publisher\":{\"@id\":\"https:\\\/\\\/www.maitri.pl\\\/#organization\"},\"potentialAction\":[{\"@type\":\"SearchAction\",\"target\":{\"@type\":\"EntryPoint\",\"urlTemplate\":\"https:\\\/\\\/www.maitri.pl\\\/?s={search_term_string}\"},\"query-input\":{\"@type\":\"PropertyValueSpecification\",\"valueRequired\":true,\"valueName\":\"search_term_string\"}}],\"inLanguage\":\"en-US\"},{\"@type\":\"Organization\",\"@id\":\"https:\\\/\\\/www.maitri.pl\\\/#organization\",\"name\":\"Stowarzyszenie Ruchu Maitri\",\"url\":\"https:\\\/\\\/www.maitri.pl\\\/\",\"logo\":{\"@type\":\"ImageObject\",\"inLanguage\":\"en-US\",\"@id\":\"https:\\\/\\\/www.maitri.pl\\\/#\\\/schema\\\/logo\\\/image\\\/\",\"url\":\"https:\\\/\\\/www.maitri.pl\\\/wp-content\\\/uploads\\\/2020\\\/04\\\/duze_logo-81.png\",\"contentUrl\":\"https:\\\/\\\/www.maitri.pl\\\/wp-content\\\/uploads\\\/2020\\\/04\\\/duze_logo-81.png\",\"width\":339,\"height\":321,\"caption\":\"Stowarzyszenie Ruchu Maitri\"},\"image\":{\"@id\":\"https:\\\/\\\/www.maitri.pl\\\/#\\\/schema\\\/logo\\\/image\\\/\"},\"sameAs\":[\"https:\\\/\\\/www.facebook.com\\\/MAITRI.Adopcja.Serca.dzieci.Afryki\\\/\"]}]}<\/script>\n<!-- \/ Yoast SEO plugin. -->","yoast_head_json":{"title":"Pomoc dla uczni\u00f3w z ogarni\u0119tej wojn\u0105 Republiki \u015arodkowoafryka\u0144skiej","description":"Potrzebna pomoc dla uczni\u00f3w z ogarni\u0119tej wojn\u0105 Republiki \u015arodkowoafryka\u0144skiej! \u015arodki finansowe na op\u0142acenie czesnego i przygotowanie wyprawek szkolnych.","robots":{"index":"index","follow":"follow","max-snippet":"max-snippet:-1","max-image-preview":"max-image-preview:large","max-video-preview":"max-video-preview:-1"},"canonical":"https:\/\/www.maitri.pl\/projekt\/pomoc-dla-uczniow-z-republiki-srodkowafrykanskiej\/","og_locale":"en_US","og_type":"article","og_title":"Pomoc dla uczni\u00f3w z ogarni\u0119tej wojn\u0105 Republiki \u015arodkowoafryka\u0144skiej","og_description":"Potrzebna pomoc dla uczni\u00f3w z ogarni\u0119tej wojn\u0105 Republiki \u015arodkowoafryka\u0144skiej! \u015arodki finansowe na op\u0142acenie czesnego i przygotowanie wyprawek szkolnych.","og_url":"https:\/\/www.maitri.pl\/projekt\/pomoc-dla-uczniow-z-republiki-srodkowafrykanskiej\/","og_site_name":"Ruch Maitri - Adopcja Serca pomoc Afryce","article_publisher":"https:\/\/www.facebook.com\/MAITRI.Adopcja.Serca.dzieci.Afryki\/","article_modified_time":"2023-02-10T11:26:30+00:00","og_image":[{"width":1600,"height":1200,"url":"https:\/\/www.maitri.pl\/wp-content\/uploads\/2021\/04\/01-idroz-2.jpeg","type":"image\/jpeg"}],"twitter_card":"summary_large_image","twitter_misc":{"Est. reading time":"3 minutes"},"schema":{"@context":"https:\/\/schema.org","@graph":[{"@type":"WebPage","@id":"https:\/\/www.maitri.pl\/projekt\/pomoc-dla-uczniow-z-republiki-srodkowafrykanskiej\/","url":"https:\/\/www.maitri.pl\/projekt\/pomoc-dla-uczniow-z-republiki-srodkowafrykanskiej\/","name":"Pomoc dla uczni\u00f3w z ogarni\u0119tej wojn\u0105 Republiki \u015arodkowoafryka\u0144skiej","isPartOf":{"@id":"https:\/\/www.maitri.pl\/#website"},"primaryImageOfPage":{"@id":"https:\/\/www.maitri.pl\/projekt\/pomoc-dla-uczniow-z-republiki-srodkowafrykanskiej\/#primaryimage"},"image":{"@id":"https:\/\/www.maitri.pl\/projekt\/pomoc-dla-uczniow-z-republiki-srodkowafrykanskiej\/#primaryimage"},"thumbnailUrl":"https:\/\/www.maitri.pl\/wp-content\/uploads\/2021\/04\/01-idroz-2.jpeg","datePublished":"2021-04-14T14:43:05+00:00","dateModified":"2023-02-10T11:26:30+00:00","description":"Potrzebna pomoc dla uczni\u00f3w z ogarni\u0119tej wojn\u0105 Republiki \u015arodkowoafryka\u0144skiej! \u015arodki finansowe na op\u0142acenie czesnego i przygotowanie wyprawek szkolnych.","breadcrumb":{"@id":"https:\/\/www.maitri.pl\/projekt\/pomoc-dla-uczniow-z-republiki-srodkowafrykanskiej\/#breadcrumb"},"inLanguage":"en-US","potentialAction":[{"@type":"ReadAction","target":["https:\/\/www.maitri.pl\/projekt\/pomoc-dla-uczniow-z-republiki-srodkowafrykanskiej\/"]}]},{"@type":"ImageObject","inLanguage":"en-US","@id":"https:\/\/www.maitri.pl\/projekt\/pomoc-dla-uczniow-z-republiki-srodkowafrykanskiej\/#primaryimage","url":"https:\/\/www.maitri.pl\/wp-content\/uploads\/2021\/04\/01-idroz-2.jpeg","contentUrl":"https:\/\/www.maitri.pl\/wp-content\/uploads\/2021\/04\/01-idroz-2.jpeg","width":1600,"height":1200,"caption":"Pomoc dla uczni\u00f3w z ogarni\u0119tej wojn\u0105 Republiki \u015arodkowoafryka\u0144skiej 01 Ruch Maitri Adopcja Serca"},{"@type":"BreadcrumbList","@id":"https:\/\/www.maitri.pl\/projekt\/pomoc-dla-uczniow-z-republiki-srodkowafrykanskiej\/#breadcrumb","itemListElement":[{"@type":"ListItem","position":1,"name":"Strona g\u0142\u00f3wna","item":"https:\/\/www.maitri.pl\/en\/"},{"@type":"ListItem","position":2,"name":"Sklep","item":"https:\/\/www.maitri.pl\/sklep\/"},{"@type":"ListItem","position":3,"name":"Pomoc dla uczni\u00f3w z ogarni\u0119tej wojn\u0105 Republiki \u015arodkowoafryka\u0144skiej"}]},{"@type":"WebSite","@id":"https:\/\/www.maitri.pl\/#website","url":"https:\/\/www.maitri.pl\/","name":"Adopcja Serca Maitri \u2013 pomoc dzieciom w Afryce","description":"Adopcja Serca \u2013 adopcja na odleg\u0142o\u015b\u0107, pomoc Afryce, do\u017cywianie i edukacja w Afryce","publisher":{"@id":"https:\/\/www.maitri.pl\/#organization"},"potentialAction":[{"@type":"SearchAction","target":{"@type":"EntryPoint","urlTemplate":"https:\/\/www.maitri.pl\/?s={search_term_string}"},"query-input":{"@type":"PropertyValueSpecification","valueRequired":true,"valueName":"search_term_string"}}],"inLanguage":"en-US"},{"@type":"Organization","@id":"https:\/\/www.maitri.pl\/#organization","name":"Stowarzyszenie Ruchu Maitri","url":"https:\/\/www.maitri.pl\/","logo":{"@type":"ImageObject","inLanguage":"en-US","@id":"https:\/\/www.maitri.pl\/#\/schema\/logo\/image\/","url":"https:\/\/www.maitri.pl\/wp-content\/uploads\/2020\/04\/duze_logo-81.png","contentUrl":"https:\/\/www.maitri.pl\/wp-content\/uploads\/2020\/04\/duze_logo-81.png","width":339,"height":321,"caption":"Stowarzyszenie Ruchu Maitri"},"image":{"@id":"https:\/\/www.maitri.pl\/#\/schema\/logo\/image\/"},"sameAs":["https:\/\/www.facebook.com\/MAITRI.Adopcja.Serca.dzieci.Afryki\/"]}]}},"_links":{"self":[{"href":"https:\/\/www.maitri.pl\/en\/wp-json\/wp\/v2\/product\/22493","targetHints":{"allow":["GET"]}}],"collection":[{"href":"https:\/\/www.maitri.pl\/en\/wp-json\/wp\/v2\/product"}],"about":[{"href":"https:\/\/www.maitri.pl\/en\/wp-json\/wp\/v2\/types\/product"}],"wp:featuredmedia":[{"embeddable":true,"href":"https:\/\/www.maitri.pl\/en\/wp-json\/wp\/v2\/media\/22494"}],"wp:attachment":[{"href":"https:\/\/www.maitri.pl\/en\/wp-json\/wp\/v2\/media?parent=22493"}],"wp:term":[{"taxonomy":"product_brand","embeddable":true,"href":"https:\/\/www.maitri.pl\/en\/wp-json\/wp\/v2\/product_brand?post=22493"},{"taxonomy":"product_cat","embeddable":true,"href":"https:\/\/www.maitri.pl\/en\/wp-json\/wp\/v2\/product_cat?post=22493"},{"taxonomy":"product_tag","embeddable":true,"href":"https:\/\/www.maitri.pl\/en\/wp-json\/wp\/v2\/product_tag?post=22493"}],"curies":[{"name":"wp","href":"https:\/\/api.w.org\/{rel}","templated":true}]}}