{"id":20342,"date":"2020-06-26T09:11:37","date_gmt":"2020-06-26T07:11:37","guid":{"rendered":"https:\/\/www.maitri.pl\/?page_id=20342"},"modified":"2020-06-26T09:11:37","modified_gmt":"2020-06-26T07:11:37","slug":"catholic-seminarians","status":"publish","type":"page","link":"https:\/\/www.maitri.pl\/en\/catholic-seminarians\/","title":{"rendered":"Catholic Seminarians"},"content":{"rendered":"<div class=\"wpb-content-wrapper\"><p>[vc_row content_width=&#8221;grid&#8221; css=&#8221;.vc_custom_1586969951523{padding-top: 65px !important;padding-bottom: 100px !important;}&#8221;][vc_column][vc_column_text css=&#8221;.vc_custom_1593155436007{padding-right: 10px !important;padding-left: 10px !important;}&#8221;]<\/p>\n<h2 style=\"text-align: center;\">Catholic Seminarians<\/h2>\n<p>[\/vc_column_text]<div class=\"edgtf-separator-holder clearfix  edgtf-separator-center\">\n\t<div class=\"edgtf-separator\" style=\"border-color: #ffff00;width: 55px;border-bottom-width: 3px;margin-top: 25px;margin-bottom: 25px\"><\/div>\n<\/div>\n[vc_empty_space height=&#8221;14px&#8221;][vc_column_text]<strong>Have a Heart Adoption Catholic Seminarians programme<\/strong> has been established to support the students of a theological seminary. The scheme was initiated in 2009 by Jan Ozga, the Bishop of Doume-Abong Mbang Diocese in Cameroon. The participants are young secondary school graduates who have a vocation to the priesthood. The annual cost of the Higher Theological Seminary in Bertoua is around \u20ac1000, approximately \u20ac85 a month. The education at the seminary lasts 9 years after which the candidates are consecrated and ordained to the priesthood.<\/p>\n<p>The Seminary programme includes:<\/p>\n<ul>\n<li>One year introductory\u00a0course<\/li>\n<li>Three years \u2013 philosophy<\/li>\n<li>One-year internship in a parish of the diocese<\/li>\n<li>Three years of the theology<\/li>\n<li>One year diaconate and the internship in a parish<\/li>\n<\/ul>\n<p>Like with all our Have a Heart Adoption programmes, the adoptive parent receives a file with all the details and information about the child including photos. There is a possibility to exchange the letters and create a long lasting relationship with your child.<\/p>\n<p><strong>Please contact our <a href=\"https:\/\/www.maitri.pl\/en\/contact-coordination-office\/\">main office in Gdansk<\/a>, if you wish to join the programme.<\/strong>[\/vc_column_text][vc_empty_space height=&#8221;25px&#8221;][vc_single_image image=&#8221;17530&#8243; img_size=&#8221;full&#8221; alignment=&#8221;center&#8221;][\/vc_column][\/vc_row]<\/p>\n<\/div>","protected":false},"excerpt":{"rendered":"<p>[vc_row content_width=&#8221;grid&#8221; css=&#8221;.vc_custom_1586969951523{padding-top: 65px !important;padding-bottom: 100px !important;}&#8221;][vc_column][vc_column_text css=&#8221;.vc_custom_1593155436007{padding-right: 10px !important;padding-left: 10px !important;}&#8221;] Catholic Seminarians [\/vc_column_text][vc_empty_space height=&#8221;14px&#8221;][vc_column_text]Have a Heart Adoption Catholic Seminarians programme has been established to support the students of a theological seminary. The scheme was initiated in 2009 by Jan Ozga, the Bishop of Doume-Abong Mbang Diocese in Cameroon. The participants are young secondary&#8230;<\/p>\n","protected":false},"author":1,"featured_media":0,"parent":0,"menu_order":0,"comment_status":"closed","ping_status":"closed","template":"full-width.php","meta":{"footnotes":""},"class_list":["post-20342","page","type-page","status-publish","hentry"],"yoast_head":"<!-- This site is optimized with the Yoast SEO plugin v27.4 - https:\/\/yoast.com\/product\/yoast-seo-wordpress\/ -->\n<title>Catholic Seminarians &#8211; Ruch Maitri - Adopcja Serca pomoc Afryce<\/title>\n<meta name=\"robots\" content=\"index, follow, max-snippet:-1, max-image-preview:large, max-video-preview:-1\" \/>\n<link rel=\"canonical\" href=\"https:\/\/www.maitri.pl\/en\/catholic-seminarians\/\" \/>\n<meta property=\"og:locale\" content=\"en_US\" \/>\n<meta property=\"og:type\" content=\"article\" \/>\n<meta property=\"og:title\" content=\"Catholic Seminarians &#8211; Ruch Maitri - Adopcja Serca pomoc Afryce\" \/>\n<meta property=\"og:description\" content=\"[vc_row content_width=&#8221;grid&#8221; css=&#8221;.vc_custom_1586969951523{padding-top: 65px !important;padding-bottom: 100px !important;}&#8221;][vc_column][vc_column_text css=&#8221;.vc_custom_1593155436007{padding-right: 10px !important;padding-left: 10px !important;}&#8221;] Catholic Seminarians [\/vc_column_text][vc_empty_space height=&#8221;14px&#8221;][vc_column_text]Have a Heart Adoption Catholic Seminarians programme has been established to support the students of a theological seminary. The scheme was initiated in 2009 by Jan Ozga, the Bishop of Doume-Abong Mbang Diocese in Cameroon. The participants are young secondary...\" \/>\n<meta property=\"og:url\" content=\"https:\/\/www.maitri.pl\/en\/catholic-seminarians\/\" \/>\n<meta property=\"og:site_name\" content=\"Ruch Maitri - Adopcja Serca pomoc Afryce\" \/>\n<meta property=\"article:publisher\" content=\"https:\/\/www.facebook.com\/MAITRI.Adopcja.Serca.dzieci.Afryki\/\" \/>\n<meta name=\"twitter:card\" content=\"summary_large_image\" \/>\n<meta name=\"twitter:label1\" content=\"Est. reading time\" \/>\n\t<meta name=\"twitter:data1\" content=\"1 minute\" \/>\n<script type=\"application\/ld+json\" class=\"yoast-schema-graph\">{\"@context\":\"https:\\\/\\\/schema.org\",\"@graph\":[{\"@type\":\"WebPage\",\"@id\":\"https:\\\/\\\/www.maitri.pl\\\/en\\\/catholic-seminarians\\\/\",\"url\":\"https:\\\/\\\/www.maitri.pl\\\/en\\\/catholic-seminarians\\\/\",\"name\":\"Catholic Seminarians &#8211; Ruch Maitri - Adopcja Serca pomoc Afryce\",\"isPartOf\":{\"@id\":\"https:\\\/\\\/www.maitri.pl\\\/#website\"},\"datePublished\":\"2020-06-26T07:11:37+00:00\",\"breadcrumb\":{\"@id\":\"https:\\\/\\\/www.maitri.pl\\\/en\\\/catholic-seminarians\\\/#breadcrumb\"},\"inLanguage\":\"en-US\",\"potentialAction\":[{\"@type\":\"ReadAction\",\"target\":[\"https:\\\/\\\/www.maitri.pl\\\/en\\\/catholic-seminarians\\\/\"]}]},{\"@type\":\"BreadcrumbList\",\"@id\":\"https:\\\/\\\/www.maitri.pl\\\/en\\\/catholic-seminarians\\\/#breadcrumb\",\"itemListElement\":[{\"@type\":\"ListItem\",\"position\":1,\"name\":\"Strona g\u0142\u00f3wna\",\"item\":\"https:\\\/\\\/www.maitri.pl\\\/en\\\/\"},{\"@type\":\"ListItem\",\"position\":2,\"name\":\"Catholic Seminarians\"}]},{\"@type\":\"WebSite\",\"@id\":\"https:\\\/\\\/www.maitri.pl\\\/#website\",\"url\":\"https:\\\/\\\/www.maitri.pl\\\/\",\"name\":\"Adopcja Serca Maitri \u2013 pomoc dzieciom w Afryce\",\"description\":\"Adopcja Serca \u2013 adopcja na odleg\u0142o\u015b\u0107, pomoc Afryce, do\u017cywianie i edukacja w Afryce\",\"publisher\":{\"@id\":\"https:\\\/\\\/www.maitri.pl\\\/#organization\"},\"potentialAction\":[{\"@type\":\"SearchAction\",\"target\":{\"@type\":\"EntryPoint\",\"urlTemplate\":\"https:\\\/\\\/www.maitri.pl\\\/?s={search_term_string}\"},\"query-input\":{\"@type\":\"PropertyValueSpecification\",\"valueRequired\":true,\"valueName\":\"search_term_string\"}}],\"inLanguage\":\"en-US\"},{\"@type\":\"Organization\",\"@id\":\"https:\\\/\\\/www.maitri.pl\\\/#organization\",\"name\":\"Stowarzyszenie Ruchu Maitri\",\"url\":\"https:\\\/\\\/www.maitri.pl\\\/\",\"logo\":{\"@type\":\"ImageObject\",\"inLanguage\":\"en-US\",\"@id\":\"https:\\\/\\\/www.maitri.pl\\\/#\\\/schema\\\/logo\\\/image\\\/\",\"url\":\"https:\\\/\\\/www.maitri.pl\\\/wp-content\\\/uploads\\\/2020\\\/04\\\/duze_logo-81.png\",\"contentUrl\":\"https:\\\/\\\/www.maitri.pl\\\/wp-content\\\/uploads\\\/2020\\\/04\\\/duze_logo-81.png\",\"width\":339,\"height\":321,\"caption\":\"Stowarzyszenie Ruchu Maitri\"},\"image\":{\"@id\":\"https:\\\/\\\/www.maitri.pl\\\/#\\\/schema\\\/logo\\\/image\\\/\"},\"sameAs\":[\"https:\\\/\\\/www.facebook.com\\\/MAITRI.Adopcja.Serca.dzieci.Afryki\\\/\"]}]}<\/script>\n<!-- \/ Yoast SEO plugin. -->","yoast_head_json":{"title":"Catholic Seminarians &#8211; Ruch Maitri - Adopcja Serca pomoc Afryce","robots":{"index":"index","follow":"follow","max-snippet":"max-snippet:-1","max-image-preview":"max-image-preview:large","max-video-preview":"max-video-preview:-1"},"canonical":"https:\/\/www.maitri.pl\/en\/catholic-seminarians\/","og_locale":"en_US","og_type":"article","og_title":"Catholic Seminarians &#8211; Ruch Maitri - Adopcja Serca pomoc Afryce","og_description":"[vc_row content_width=&#8221;grid&#8221; css=&#8221;.vc_custom_1586969951523{padding-top: 65px !important;padding-bottom: 100px !important;}&#8221;][vc_column][vc_column_text css=&#8221;.vc_custom_1593155436007{padding-right: 10px !important;padding-left: 10px !important;}&#8221;] Catholic Seminarians [\/vc_column_text][vc_empty_space height=&#8221;14px&#8221;][vc_column_text]Have a Heart Adoption Catholic Seminarians programme has been established to support the students of a theological seminary. The scheme was initiated in 2009 by Jan Ozga, the Bishop of Doume-Abong Mbang Diocese in Cameroon. The participants are young secondary...","og_url":"https:\/\/www.maitri.pl\/en\/catholic-seminarians\/","og_site_name":"Ruch Maitri - Adopcja Serca pomoc Afryce","article_publisher":"https:\/\/www.facebook.com\/MAITRI.Adopcja.Serca.dzieci.Afryki\/","twitter_card":"summary_large_image","twitter_misc":{"Est. reading time":"1 minute"},"schema":{"@context":"https:\/\/schema.org","@graph":[{"@type":"WebPage","@id":"https:\/\/www.maitri.pl\/en\/catholic-seminarians\/","url":"https:\/\/www.maitri.pl\/en\/catholic-seminarians\/","name":"Catholic Seminarians &#8211; Ruch Maitri - Adopcja Serca pomoc Afryce","isPartOf":{"@id":"https:\/\/www.maitri.pl\/#website"},"datePublished":"2020-06-26T07:11:37+00:00","breadcrumb":{"@id":"https:\/\/www.maitri.pl\/en\/catholic-seminarians\/#breadcrumb"},"inLanguage":"en-US","potentialAction":[{"@type":"ReadAction","target":["https:\/\/www.maitri.pl\/en\/catholic-seminarians\/"]}]},{"@type":"BreadcrumbList","@id":"https:\/\/www.maitri.pl\/en\/catholic-seminarians\/#breadcrumb","itemListElement":[{"@type":"ListItem","position":1,"name":"Strona g\u0142\u00f3wna","item":"https:\/\/www.maitri.pl\/en\/"},{"@type":"ListItem","position":2,"name":"Catholic Seminarians"}]},{"@type":"WebSite","@id":"https:\/\/www.maitri.pl\/#website","url":"https:\/\/www.maitri.pl\/","name":"Adopcja Serca Maitri \u2013 pomoc dzieciom w Afryce","description":"Adopcja Serca \u2013 adopcja na odleg\u0142o\u015b\u0107, pomoc Afryce, do\u017cywianie i edukacja w Afryce","publisher":{"@id":"https:\/\/www.maitri.pl\/#organization"},"potentialAction":[{"@type":"SearchAction","target":{"@type":"EntryPoint","urlTemplate":"https:\/\/www.maitri.pl\/?s={search_term_string}"},"query-input":{"@type":"PropertyValueSpecification","valueRequired":true,"valueName":"search_term_string"}}],"inLanguage":"en-US"},{"@type":"Organization","@id":"https:\/\/www.maitri.pl\/#organization","name":"Stowarzyszenie Ruchu Maitri","url":"https:\/\/www.maitri.pl\/","logo":{"@type":"ImageObject","inLanguage":"en-US","@id":"https:\/\/www.maitri.pl\/#\/schema\/logo\/image\/","url":"https:\/\/www.maitri.pl\/wp-content\/uploads\/2020\/04\/duze_logo-81.png","contentUrl":"https:\/\/www.maitri.pl\/wp-content\/uploads\/2020\/04\/duze_logo-81.png","width":339,"height":321,"caption":"Stowarzyszenie Ruchu Maitri"},"image":{"@id":"https:\/\/www.maitri.pl\/#\/schema\/logo\/image\/"},"sameAs":["https:\/\/www.facebook.com\/MAITRI.Adopcja.Serca.dzieci.Afryki\/"]}]}},"_links":{"self":[{"href":"https:\/\/www.maitri.pl\/en\/wp-json\/wp\/v2\/pages\/20342","targetHints":{"allow":["GET"]}}],"collection":[{"href":"https:\/\/www.maitri.pl\/en\/wp-json\/wp\/v2\/pages"}],"about":[{"href":"https:\/\/www.maitri.pl\/en\/wp-json\/wp\/v2\/types\/page"}],"author":[{"embeddable":true,"href":"https:\/\/www.maitri.pl\/en\/wp-json\/wp\/v2\/users\/1"}],"replies":[{"embeddable":true,"href":"https:\/\/www.maitri.pl\/en\/wp-json\/wp\/v2\/comments?post=20342"}],"version-history":[{"count":1,"href":"https:\/\/www.maitri.pl\/en\/wp-json\/wp\/v2\/pages\/20342\/revisions"}],"predecessor-version":[{"id":20343,"href":"https:\/\/www.maitri.pl\/en\/wp-json\/wp\/v2\/pages\/20342\/revisions\/20343"}],"wp:attachment":[{"href":"https:\/\/www.maitri.pl\/en\/wp-json\/wp\/v2\/media?parent=20342"}],"curies":[{"name":"wp","href":"https:\/\/api.w.org\/{rel}","templated":true}]}}