{"id":20332,"date":"2020-06-26T09:02:18","date_gmt":"2020-06-26T07:02:18","guid":{"rendered":"https:\/\/www.maitri.pl\/?page_id=20332"},"modified":"2020-06-26T09:02:18","modified_gmt":"2020-06-26T07:02:18","slug":"disabled-children","status":"publish","type":"page","link":"https:\/\/www.maitri.pl\/en\/disabled-children\/","title":{"rendered":"Disabled Children"},"content":{"rendered":"<div class=\"wpb-content-wrapper\"><p>[vc_row content_width=&#8221;grid&#8221; css=&#8221;.vc_custom_1586969951523{padding-top: 65px !important;padding-bottom: 100px !important;}&#8221;][vc_column][vc_column_text css=&#8221;.vc_custom_1593154855453{padding-right: 10px !important;padding-left: 10px !important;}&#8221;]<\/p>\n<h2 style=\"text-align: center;\">Disabled Children<\/h2>\n<p>[\/vc_column_text]<div class=\"edgtf-separator-holder clearfix  edgtf-separator-center\">\n\t<div class=\"edgtf-separator\" style=\"border-color: #ffff00;width: 55px;border-bottom-width: 3px;margin-top: 25px;margin-bottom: 25px\"><\/div>\n<\/div>\n[vc_empty_space height=&#8221;14px&#8221;][vc_column_text]<strong>Have a Heart Adoption Disabled Children programme<\/strong> is focused on ensuring that physically and mentally disabled children have access to rehabilitation and schools and their living conditions are improved. The situation of those with disabilities in Sub-Saharan Africa is tragic, especially in rural areas. They suffer from social exclusion and receive no rehabilitation treatments or education. Stigmatisation exists in large scale. The main reason is the lack of knowledge about the disabilities and the needs of the disabled. Disabilities cause the fear in society and result in prohibiting the disabled community from obtaining an education, proper health care, getting the job and receiving financial support. The Maitri launched Have a Heart Adoption Disabled Children programme in 2011 in cooperation with The Congregation of Sisters of Angels (Congregation Sororum Angelorum) who run the missionary centre in Nyakinama, Rwanda. In the beginning of 2017, the program was launched in the Latin Parish of St. Francis in Aleppo, Syria.<\/p>\n<p>We provide the support till the school graduation or the age of 21. The monthly fee is \u20ac26. Your donation covers expenses of rehabilitation, purchase of prostheses and boarding school fees. The children with significant disabilities are taught how to cope with the challenges of everyday life.<\/p>\n<p>Like with all our Have a Heart Adoption programmes, the adoptive parent receives a file with all the details and information about the child including photos. There is a possibility to exchange the letters and create a long lasting relationship with your child.<\/p>\n<p><strong>Please submit <a href=\"https:\/\/www.maitri.pl\/deklaracja\/\">the registration form<\/a>, if you wish to join the programme.<\/strong>[\/vc_column_text][vc_empty_space height=&#8221;25px&#8221;][vc_single_image image=&#8221;17514&#8243; img_size=&#8221;full&#8221; alignment=&#8221;center&#8221;][vc_empty_space height=&#8221;25px&#8221;][vc_single_image image=&#8221;17515&#8243; img_size=&#8221;full&#8221; alignment=&#8221;center&#8221;][\/vc_column][\/vc_row]<\/p>\n<\/div>","protected":false},"excerpt":{"rendered":"<p>[vc_row content_width=&#8221;grid&#8221; css=&#8221;.vc_custom_1586969951523{padding-top: 65px !important;padding-bottom: 100px !important;}&#8221;][vc_column][vc_column_text css=&#8221;.vc_custom_1593154855453{padding-right: 10px !important;padding-left: 10px !important;}&#8221;] Disabled Children [\/vc_column_text][vc_empty_space height=&#8221;14px&#8221;][vc_column_text]Have a Heart Adoption Disabled Children programme is focused on ensuring that physically and mentally disabled children have access to rehabilitation and schools and their living conditions are improved. The situation of those with disabilities in Sub-Saharan Africa is tragic,&#8230;<\/p>\n","protected":false},"author":1,"featured_media":0,"parent":0,"menu_order":0,"comment_status":"closed","ping_status":"closed","template":"full-width.php","meta":{"footnotes":""},"class_list":["post-20332","page","type-page","status-publish","hentry"],"yoast_head":"<!-- This site is optimized with the Yoast SEO plugin v27.4 - https:\/\/yoast.com\/product\/yoast-seo-wordpress\/ -->\n<title>Disabled Children &#8211; Ruch Maitri - Adopcja Serca pomoc Afryce<\/title>\n<meta name=\"robots\" content=\"index, follow, max-snippet:-1, max-image-preview:large, max-video-preview:-1\" \/>\n<link rel=\"canonical\" href=\"https:\/\/www.maitri.pl\/en\/disabled-children\/\" \/>\n<meta property=\"og:locale\" content=\"en_US\" \/>\n<meta property=\"og:type\" content=\"article\" \/>\n<meta property=\"og:title\" content=\"Disabled Children &#8211; Ruch Maitri - Adopcja Serca pomoc Afryce\" \/>\n<meta property=\"og:description\" content=\"[vc_row content_width=&#8221;grid&#8221; css=&#8221;.vc_custom_1586969951523{padding-top: 65px !important;padding-bottom: 100px !important;}&#8221;][vc_column][vc_column_text css=&#8221;.vc_custom_1593154855453{padding-right: 10px !important;padding-left: 10px !important;}&#8221;] Disabled Children [\/vc_column_text][vc_empty_space height=&#8221;14px&#8221;][vc_column_text]Have a Heart Adoption Disabled Children programme is focused on ensuring that physically and mentally disabled children have access to rehabilitation and schools and their living conditions are improved. The situation of those with disabilities in Sub-Saharan Africa is tragic,...\" \/>\n<meta property=\"og:url\" content=\"https:\/\/www.maitri.pl\/en\/disabled-children\/\" \/>\n<meta property=\"og:site_name\" content=\"Ruch Maitri - Adopcja Serca pomoc Afryce\" \/>\n<meta property=\"article:publisher\" content=\"https:\/\/www.facebook.com\/MAITRI.Adopcja.Serca.dzieci.Afryki\/\" \/>\n<meta name=\"twitter:card\" content=\"summary_large_image\" \/>\n<meta name=\"twitter:label1\" content=\"Est. reading time\" \/>\n\t<meta name=\"twitter:data1\" content=\"2 minutes\" \/>\n<script type=\"application\/ld+json\" class=\"yoast-schema-graph\">{\"@context\":\"https:\\\/\\\/schema.org\",\"@graph\":[{\"@type\":\"WebPage\",\"@id\":\"https:\\\/\\\/www.maitri.pl\\\/en\\\/disabled-children\\\/\",\"url\":\"https:\\\/\\\/www.maitri.pl\\\/en\\\/disabled-children\\\/\",\"name\":\"Disabled Children &#8211; Ruch Maitri - Adopcja Serca pomoc Afryce\",\"isPartOf\":{\"@id\":\"https:\\\/\\\/www.maitri.pl\\\/#website\"},\"datePublished\":\"2020-06-26T07:02:18+00:00\",\"breadcrumb\":{\"@id\":\"https:\\\/\\\/www.maitri.pl\\\/en\\\/disabled-children\\\/#breadcrumb\"},\"inLanguage\":\"en-US\",\"potentialAction\":[{\"@type\":\"ReadAction\",\"target\":[\"https:\\\/\\\/www.maitri.pl\\\/en\\\/disabled-children\\\/\"]}]},{\"@type\":\"BreadcrumbList\",\"@id\":\"https:\\\/\\\/www.maitri.pl\\\/en\\\/disabled-children\\\/#breadcrumb\",\"itemListElement\":[{\"@type\":\"ListItem\",\"position\":1,\"name\":\"Strona g\u0142\u00f3wna\",\"item\":\"https:\\\/\\\/www.maitri.pl\\\/en\\\/\"},{\"@type\":\"ListItem\",\"position\":2,\"name\":\"Disabled Children\"}]},{\"@type\":\"WebSite\",\"@id\":\"https:\\\/\\\/www.maitri.pl\\\/#website\",\"url\":\"https:\\\/\\\/www.maitri.pl\\\/\",\"name\":\"Adopcja Serca Maitri \u2013 pomoc dzieciom w Afryce\",\"description\":\"Adopcja Serca \u2013 adopcja na odleg\u0142o\u015b\u0107, pomoc Afryce, do\u017cywianie i edukacja w Afryce\",\"publisher\":{\"@id\":\"https:\\\/\\\/www.maitri.pl\\\/#organization\"},\"potentialAction\":[{\"@type\":\"SearchAction\",\"target\":{\"@type\":\"EntryPoint\",\"urlTemplate\":\"https:\\\/\\\/www.maitri.pl\\\/?s={search_term_string}\"},\"query-input\":{\"@type\":\"PropertyValueSpecification\",\"valueRequired\":true,\"valueName\":\"search_term_string\"}}],\"inLanguage\":\"en-US\"},{\"@type\":\"Organization\",\"@id\":\"https:\\\/\\\/www.maitri.pl\\\/#organization\",\"name\":\"Stowarzyszenie Ruchu Maitri\",\"url\":\"https:\\\/\\\/www.maitri.pl\\\/\",\"logo\":{\"@type\":\"ImageObject\",\"inLanguage\":\"en-US\",\"@id\":\"https:\\\/\\\/www.maitri.pl\\\/#\\\/schema\\\/logo\\\/image\\\/\",\"url\":\"https:\\\/\\\/www.maitri.pl\\\/wp-content\\\/uploads\\\/2020\\\/04\\\/duze_logo-81.png\",\"contentUrl\":\"https:\\\/\\\/www.maitri.pl\\\/wp-content\\\/uploads\\\/2020\\\/04\\\/duze_logo-81.png\",\"width\":339,\"height\":321,\"caption\":\"Stowarzyszenie Ruchu Maitri\"},\"image\":{\"@id\":\"https:\\\/\\\/www.maitri.pl\\\/#\\\/schema\\\/logo\\\/image\\\/\"},\"sameAs\":[\"https:\\\/\\\/www.facebook.com\\\/MAITRI.Adopcja.Serca.dzieci.Afryki\\\/\"]}]}<\/script>\n<!-- \/ Yoast SEO plugin. -->","yoast_head_json":{"title":"Disabled Children &#8211; Ruch Maitri - Adopcja Serca pomoc Afryce","robots":{"index":"index","follow":"follow","max-snippet":"max-snippet:-1","max-image-preview":"max-image-preview:large","max-video-preview":"max-video-preview:-1"},"canonical":"https:\/\/www.maitri.pl\/en\/disabled-children\/","og_locale":"en_US","og_type":"article","og_title":"Disabled Children &#8211; Ruch Maitri - Adopcja Serca pomoc Afryce","og_description":"[vc_row content_width=&#8221;grid&#8221; css=&#8221;.vc_custom_1586969951523{padding-top: 65px !important;padding-bottom: 100px !important;}&#8221;][vc_column][vc_column_text css=&#8221;.vc_custom_1593154855453{padding-right: 10px !important;padding-left: 10px !important;}&#8221;] Disabled Children [\/vc_column_text][vc_empty_space height=&#8221;14px&#8221;][vc_column_text]Have a Heart Adoption Disabled Children programme is focused on ensuring that physically and mentally disabled children have access to rehabilitation and schools and their living conditions are improved. The situation of those with disabilities in Sub-Saharan Africa is tragic,...","og_url":"https:\/\/www.maitri.pl\/en\/disabled-children\/","og_site_name":"Ruch Maitri - Adopcja Serca pomoc Afryce","article_publisher":"https:\/\/www.facebook.com\/MAITRI.Adopcja.Serca.dzieci.Afryki\/","twitter_card":"summary_large_image","twitter_misc":{"Est. reading time":"2 minutes"},"schema":{"@context":"https:\/\/schema.org","@graph":[{"@type":"WebPage","@id":"https:\/\/www.maitri.pl\/en\/disabled-children\/","url":"https:\/\/www.maitri.pl\/en\/disabled-children\/","name":"Disabled Children &#8211; Ruch Maitri - Adopcja Serca pomoc Afryce","isPartOf":{"@id":"https:\/\/www.maitri.pl\/#website"},"datePublished":"2020-06-26T07:02:18+00:00","breadcrumb":{"@id":"https:\/\/www.maitri.pl\/en\/disabled-children\/#breadcrumb"},"inLanguage":"en-US","potentialAction":[{"@type":"ReadAction","target":["https:\/\/www.maitri.pl\/en\/disabled-children\/"]}]},{"@type":"BreadcrumbList","@id":"https:\/\/www.maitri.pl\/en\/disabled-children\/#breadcrumb","itemListElement":[{"@type":"ListItem","position":1,"name":"Strona g\u0142\u00f3wna","item":"https:\/\/www.maitri.pl\/en\/"},{"@type":"ListItem","position":2,"name":"Disabled Children"}]},{"@type":"WebSite","@id":"https:\/\/www.maitri.pl\/#website","url":"https:\/\/www.maitri.pl\/","name":"Adopcja Serca Maitri \u2013 pomoc dzieciom w Afryce","description":"Adopcja Serca \u2013 adopcja na odleg\u0142o\u015b\u0107, pomoc Afryce, do\u017cywianie i edukacja w Afryce","publisher":{"@id":"https:\/\/www.maitri.pl\/#organization"},"potentialAction":[{"@type":"SearchAction","target":{"@type":"EntryPoint","urlTemplate":"https:\/\/www.maitri.pl\/?s={search_term_string}"},"query-input":{"@type":"PropertyValueSpecification","valueRequired":true,"valueName":"search_term_string"}}],"inLanguage":"en-US"},{"@type":"Organization","@id":"https:\/\/www.maitri.pl\/#organization","name":"Stowarzyszenie Ruchu Maitri","url":"https:\/\/www.maitri.pl\/","logo":{"@type":"ImageObject","inLanguage":"en-US","@id":"https:\/\/www.maitri.pl\/#\/schema\/logo\/image\/","url":"https:\/\/www.maitri.pl\/wp-content\/uploads\/2020\/04\/duze_logo-81.png","contentUrl":"https:\/\/www.maitri.pl\/wp-content\/uploads\/2020\/04\/duze_logo-81.png","width":339,"height":321,"caption":"Stowarzyszenie Ruchu Maitri"},"image":{"@id":"https:\/\/www.maitri.pl\/#\/schema\/logo\/image\/"},"sameAs":["https:\/\/www.facebook.com\/MAITRI.Adopcja.Serca.dzieci.Afryki\/"]}]}},"_links":{"self":[{"href":"https:\/\/www.maitri.pl\/en\/wp-json\/wp\/v2\/pages\/20332","targetHints":{"allow":["GET"]}}],"collection":[{"href":"https:\/\/www.maitri.pl\/en\/wp-json\/wp\/v2\/pages"}],"about":[{"href":"https:\/\/www.maitri.pl\/en\/wp-json\/wp\/v2\/types\/page"}],"author":[{"embeddable":true,"href":"https:\/\/www.maitri.pl\/en\/wp-json\/wp\/v2\/users\/1"}],"replies":[{"embeddable":true,"href":"https:\/\/www.maitri.pl\/en\/wp-json\/wp\/v2\/comments?post=20332"}],"version-history":[{"count":1,"href":"https:\/\/www.maitri.pl\/en\/wp-json\/wp\/v2\/pages\/20332\/revisions"}],"predecessor-version":[{"id":20333,"href":"https:\/\/www.maitri.pl\/en\/wp-json\/wp\/v2\/pages\/20332\/revisions\/20333"}],"wp:attachment":[{"href":"https:\/\/www.maitri.pl\/en\/wp-json\/wp\/v2\/media?parent=20332"}],"curies":[{"name":"wp","href":"https:\/\/api.w.org\/{rel}","templated":true}]}}