{"id":20328,"date":"2020-06-26T08:58:06","date_gmt":"2020-06-26T06:58:06","guid":{"rendered":"https:\/\/www.maitri.pl\/?page_id=20328"},"modified":"2020-06-26T08:58:38","modified_gmt":"2020-06-26T06:58:38","slug":"school-of-life-skills","status":"publish","type":"page","link":"https:\/\/www.maitri.pl\/en\/school-of-life-skills\/","title":{"rendered":"School of Life Skills"},"content":{"rendered":"<div class=\"wpb-content-wrapper\"><p>[vc_row content_width=&#8221;grid&#8221; css=&#8221;.vc_custom_1586969951523{padding-top: 65px !important;padding-bottom: 100px !important;}&#8221;][vc_column][vc_column_text css=&#8221;.vc_custom_1593154587630{padding-right: 10px !important;padding-left: 10px !important;}&#8221;]<\/p>\n<h2 style=\"text-align: center;\">School of Life Skills<\/h2>\n<p>[\/vc_column_text]<div class=\"edgtf-separator-holder clearfix  edgtf-separator-center\">\n\t<div class=\"edgtf-separator\" style=\"border-color: #ffff00;width: 55px;border-bottom-width: 3px;margin-top: 25px;margin-bottom: 25px\"><\/div>\n<\/div>\n[vc_empty_space height=&#8221;14px&#8221;][vc_column_text]<strong>Have a Heart Adoption \u2013 School of Life Skills programme<\/strong> has been established to provide life-skills education for adolescents with no formal qualifications that would enable them to deal effectively with the challenges of everyday life. Girls take sewing, knitting, crocheting, embroidery and cooking classes and boys master carpentry skills. During the 2\/3 years course, they learn how to make stools, chairs, tables, coffins and other wooden objects required by the local communities. Both groups are also taught how to read and write. The project started off in 2003 by the Pallotine Sisters in the missionary centre based in Masaka, Rwanda. A few years later similar projects were initiated in Buraniro (Burundi, Sisters of the Order of the Holy Spirit), Djouth (Cameroon, Sisters of the Most Holy Soul of Christ the Lord), Rutshuru (Congo, Pallottine Fathers). The monthly fee is \u20ac15.<\/p>\n<p>The situation of the adolescents who are to take part in the programme is carefully examined before the enrolment. The School of Life Skills programme helps orphans, young people with disabilities or those coming from no-income families who don\u2019t own the land therefore unable to support themselves from agriculture. Your donations help to cover a large number of expenses. To start the project off, we need to build the toilets, renovate and equip the workshops. We have to supply wardrobes, tables, chairs, sewing machines, carpentry equipment and any other utensils needed to carry the classes. The project also covers costs of purchasing textiles, threads, sewing accessories, carpentry materials and the teachers\u2019 salaries. In Solaris Center (Djouth, Cameroon), we also cover the costs of boarding school for the young girls. The primary purpose of the School of Life Skills programme is to teach all the necessary life skills. In this way, the young people are able to support themselves after the graduation. There is an opportunity for the adoptive parents to buy the tools for their children once they finish the school.<\/p>\n<p>Like with all our Have a Heart Adoption programmes, the adoptive parent receives a file with all the details and information about the child including photos. There is a possibility to exchange the letters and create a long lasting relationship with your child.<\/p>\n<p><strong>Please submit <a href=\"https:\/\/www.maitri.pl\/deklaracja\/\">the registration form<\/a>, if you wish to join the programme.<\/strong>[\/vc_column_text][vc_empty_space height=&#8221;25px&#8221;][vc_single_image image=&#8221;17507&#8243; img_size=&#8221;full&#8221; alignment=&#8221;center&#8221;][vc_empty_space height=&#8221;25px&#8221;][vc_single_image image=&#8221;17508&#8243; img_size=&#8221;full&#8221; alignment=&#8221;center&#8221;][\/vc_column][\/vc_row]<\/p>\n<\/div>","protected":false},"excerpt":{"rendered":"<p>[vc_row content_width=&#8221;grid&#8221; css=&#8221;.vc_custom_1586969951523{padding-top: 65px !important;padding-bottom: 100px !important;}&#8221;][vc_column][vc_column_text css=&#8221;.vc_custom_1593154587630{padding-right: 10px !important;padding-left: 10px !important;}&#8221;] School of Life Skills [\/vc_column_text][vc_empty_space height=&#8221;14px&#8221;][vc_column_text]Have a Heart Adoption \u2013 School of Life Skills programme has been established to provide life-skills education for adolescents with no formal qualifications that would enable them to deal effectively with the challenges of everyday life. Girls take&#8230;<\/p>\n","protected":false},"author":1,"featured_media":0,"parent":0,"menu_order":0,"comment_status":"closed","ping_status":"closed","template":"full-width.php","meta":{"footnotes":""},"class_list":["post-20328","page","type-page","status-publish","hentry"],"yoast_head":"<!-- This site is optimized with the Yoast SEO plugin v27.4 - https:\/\/yoast.com\/product\/yoast-seo-wordpress\/ -->\n<title>School of Life Skills &#8211; Ruch Maitri - Adopcja Serca pomoc Afryce<\/title>\n<meta name=\"robots\" content=\"index, follow, max-snippet:-1, max-image-preview:large, max-video-preview:-1\" \/>\n<link rel=\"canonical\" href=\"https:\/\/www.maitri.pl\/en\/school-of-life-skills\/\" \/>\n<meta property=\"og:locale\" content=\"en_US\" \/>\n<meta property=\"og:type\" content=\"article\" \/>\n<meta property=\"og:title\" content=\"School of Life Skills &#8211; Ruch Maitri - Adopcja Serca pomoc Afryce\" \/>\n<meta property=\"og:description\" content=\"[vc_row content_width=&#8221;grid&#8221; css=&#8221;.vc_custom_1586969951523{padding-top: 65px !important;padding-bottom: 100px !important;}&#8221;][vc_column][vc_column_text css=&#8221;.vc_custom_1593154587630{padding-right: 10px !important;padding-left: 10px !important;}&#8221;] School of Life Skills [\/vc_column_text][vc_empty_space height=&#8221;14px&#8221;][vc_column_text]Have a Heart Adoption \u2013 School of Life Skills programme has been established to provide life-skills education for adolescents with no formal qualifications that would enable them to deal effectively with the challenges of everyday life. Girls take...\" \/>\n<meta property=\"og:url\" content=\"https:\/\/www.maitri.pl\/en\/school-of-life-skills\/\" \/>\n<meta property=\"og:site_name\" content=\"Ruch Maitri - Adopcja Serca pomoc Afryce\" \/>\n<meta property=\"article:publisher\" content=\"https:\/\/www.facebook.com\/MAITRI.Adopcja.Serca.dzieci.Afryki\/\" \/>\n<meta property=\"article:modified_time\" content=\"2020-06-26T06:58:38+00:00\" \/>\n<meta name=\"twitter:card\" content=\"summary_large_image\" \/>\n<meta name=\"twitter:label1\" content=\"Est. reading time\" \/>\n\t<meta name=\"twitter:data1\" content=\"2 minutes\" \/>\n<script type=\"application\/ld+json\" class=\"yoast-schema-graph\">{\"@context\":\"https:\\\/\\\/schema.org\",\"@graph\":[{\"@type\":\"WebPage\",\"@id\":\"https:\\\/\\\/www.maitri.pl\\\/en\\\/school-of-life-skills\\\/\",\"url\":\"https:\\\/\\\/www.maitri.pl\\\/en\\\/school-of-life-skills\\\/\",\"name\":\"School of Life Skills &#8211; Ruch Maitri - Adopcja Serca pomoc Afryce\",\"isPartOf\":{\"@id\":\"https:\\\/\\\/www.maitri.pl\\\/#website\"},\"datePublished\":\"2020-06-26T06:58:06+00:00\",\"dateModified\":\"2020-06-26T06:58:38+00:00\",\"breadcrumb\":{\"@id\":\"https:\\\/\\\/www.maitri.pl\\\/en\\\/school-of-life-skills\\\/#breadcrumb\"},\"inLanguage\":\"en-US\",\"potentialAction\":[{\"@type\":\"ReadAction\",\"target\":[\"https:\\\/\\\/www.maitri.pl\\\/en\\\/school-of-life-skills\\\/\"]}]},{\"@type\":\"BreadcrumbList\",\"@id\":\"https:\\\/\\\/www.maitri.pl\\\/en\\\/school-of-life-skills\\\/#breadcrumb\",\"itemListElement\":[{\"@type\":\"ListItem\",\"position\":1,\"name\":\"Strona g\u0142\u00f3wna\",\"item\":\"https:\\\/\\\/www.maitri.pl\\\/en\\\/\"},{\"@type\":\"ListItem\",\"position\":2,\"name\":\"School of Life Skills\"}]},{\"@type\":\"WebSite\",\"@id\":\"https:\\\/\\\/www.maitri.pl\\\/#website\",\"url\":\"https:\\\/\\\/www.maitri.pl\\\/\",\"name\":\"Adopcja Serca Maitri \u2013 pomoc dzieciom w Afryce\",\"description\":\"Adopcja Serca \u2013 adopcja na odleg\u0142o\u015b\u0107, pomoc Afryce, do\u017cywianie i edukacja w Afryce\",\"publisher\":{\"@id\":\"https:\\\/\\\/www.maitri.pl\\\/#organization\"},\"potentialAction\":[{\"@type\":\"SearchAction\",\"target\":{\"@type\":\"EntryPoint\",\"urlTemplate\":\"https:\\\/\\\/www.maitri.pl\\\/?s={search_term_string}\"},\"query-input\":{\"@type\":\"PropertyValueSpecification\",\"valueRequired\":true,\"valueName\":\"search_term_string\"}}],\"inLanguage\":\"en-US\"},{\"@type\":\"Organization\",\"@id\":\"https:\\\/\\\/www.maitri.pl\\\/#organization\",\"name\":\"Stowarzyszenie Ruchu Maitri\",\"url\":\"https:\\\/\\\/www.maitri.pl\\\/\",\"logo\":{\"@type\":\"ImageObject\",\"inLanguage\":\"en-US\",\"@id\":\"https:\\\/\\\/www.maitri.pl\\\/#\\\/schema\\\/logo\\\/image\\\/\",\"url\":\"https:\\\/\\\/www.maitri.pl\\\/wp-content\\\/uploads\\\/2020\\\/04\\\/duze_logo-81.png\",\"contentUrl\":\"https:\\\/\\\/www.maitri.pl\\\/wp-content\\\/uploads\\\/2020\\\/04\\\/duze_logo-81.png\",\"width\":339,\"height\":321,\"caption\":\"Stowarzyszenie Ruchu Maitri\"},\"image\":{\"@id\":\"https:\\\/\\\/www.maitri.pl\\\/#\\\/schema\\\/logo\\\/image\\\/\"},\"sameAs\":[\"https:\\\/\\\/www.facebook.com\\\/MAITRI.Adopcja.Serca.dzieci.Afryki\\\/\"]}]}<\/script>\n<!-- \/ Yoast SEO plugin. -->","yoast_head_json":{"title":"School of Life Skills &#8211; Ruch Maitri - Adopcja Serca pomoc Afryce","robots":{"index":"index","follow":"follow","max-snippet":"max-snippet:-1","max-image-preview":"max-image-preview:large","max-video-preview":"max-video-preview:-1"},"canonical":"https:\/\/www.maitri.pl\/en\/school-of-life-skills\/","og_locale":"en_US","og_type":"article","og_title":"School of Life Skills &#8211; Ruch Maitri - Adopcja Serca pomoc Afryce","og_description":"[vc_row content_width=&#8221;grid&#8221; css=&#8221;.vc_custom_1586969951523{padding-top: 65px !important;padding-bottom: 100px !important;}&#8221;][vc_column][vc_column_text css=&#8221;.vc_custom_1593154587630{padding-right: 10px !important;padding-left: 10px !important;}&#8221;] School of Life Skills [\/vc_column_text][vc_empty_space height=&#8221;14px&#8221;][vc_column_text]Have a Heart Adoption \u2013 School of Life Skills programme has been established to provide life-skills education for adolescents with no formal qualifications that would enable them to deal effectively with the challenges of everyday life. Girls take...","og_url":"https:\/\/www.maitri.pl\/en\/school-of-life-skills\/","og_site_name":"Ruch Maitri - Adopcja Serca pomoc Afryce","article_publisher":"https:\/\/www.facebook.com\/MAITRI.Adopcja.Serca.dzieci.Afryki\/","article_modified_time":"2020-06-26T06:58:38+00:00","twitter_card":"summary_large_image","twitter_misc":{"Est. reading time":"2 minutes"},"schema":{"@context":"https:\/\/schema.org","@graph":[{"@type":"WebPage","@id":"https:\/\/www.maitri.pl\/en\/school-of-life-skills\/","url":"https:\/\/www.maitri.pl\/en\/school-of-life-skills\/","name":"School of Life Skills &#8211; Ruch Maitri - Adopcja Serca pomoc Afryce","isPartOf":{"@id":"https:\/\/www.maitri.pl\/#website"},"datePublished":"2020-06-26T06:58:06+00:00","dateModified":"2020-06-26T06:58:38+00:00","breadcrumb":{"@id":"https:\/\/www.maitri.pl\/en\/school-of-life-skills\/#breadcrumb"},"inLanguage":"en-US","potentialAction":[{"@type":"ReadAction","target":["https:\/\/www.maitri.pl\/en\/school-of-life-skills\/"]}]},{"@type":"BreadcrumbList","@id":"https:\/\/www.maitri.pl\/en\/school-of-life-skills\/#breadcrumb","itemListElement":[{"@type":"ListItem","position":1,"name":"Strona g\u0142\u00f3wna","item":"https:\/\/www.maitri.pl\/en\/"},{"@type":"ListItem","position":2,"name":"School of Life Skills"}]},{"@type":"WebSite","@id":"https:\/\/www.maitri.pl\/#website","url":"https:\/\/www.maitri.pl\/","name":"Adopcja Serca Maitri \u2013 pomoc dzieciom w Afryce","description":"Adopcja Serca \u2013 adopcja na odleg\u0142o\u015b\u0107, pomoc Afryce, do\u017cywianie i edukacja w Afryce","publisher":{"@id":"https:\/\/www.maitri.pl\/#organization"},"potentialAction":[{"@type":"SearchAction","target":{"@type":"EntryPoint","urlTemplate":"https:\/\/www.maitri.pl\/?s={search_term_string}"},"query-input":{"@type":"PropertyValueSpecification","valueRequired":true,"valueName":"search_term_string"}}],"inLanguage":"en-US"},{"@type":"Organization","@id":"https:\/\/www.maitri.pl\/#organization","name":"Stowarzyszenie Ruchu Maitri","url":"https:\/\/www.maitri.pl\/","logo":{"@type":"ImageObject","inLanguage":"en-US","@id":"https:\/\/www.maitri.pl\/#\/schema\/logo\/image\/","url":"https:\/\/www.maitri.pl\/wp-content\/uploads\/2020\/04\/duze_logo-81.png","contentUrl":"https:\/\/www.maitri.pl\/wp-content\/uploads\/2020\/04\/duze_logo-81.png","width":339,"height":321,"caption":"Stowarzyszenie Ruchu Maitri"},"image":{"@id":"https:\/\/www.maitri.pl\/#\/schema\/logo\/image\/"},"sameAs":["https:\/\/www.facebook.com\/MAITRI.Adopcja.Serca.dzieci.Afryki\/"]}]}},"_links":{"self":[{"href":"https:\/\/www.maitri.pl\/en\/wp-json\/wp\/v2\/pages\/20328","targetHints":{"allow":["GET"]}}],"collection":[{"href":"https:\/\/www.maitri.pl\/en\/wp-json\/wp\/v2\/pages"}],"about":[{"href":"https:\/\/www.maitri.pl\/en\/wp-json\/wp\/v2\/types\/page"}],"author":[{"embeddable":true,"href":"https:\/\/www.maitri.pl\/en\/wp-json\/wp\/v2\/users\/1"}],"replies":[{"embeddable":true,"href":"https:\/\/www.maitri.pl\/en\/wp-json\/wp\/v2\/comments?post=20328"}],"version-history":[{"count":2,"href":"https:\/\/www.maitri.pl\/en\/wp-json\/wp\/v2\/pages\/20328\/revisions"}],"predecessor-version":[{"id":20330,"href":"https:\/\/www.maitri.pl\/en\/wp-json\/wp\/v2\/pages\/20328\/revisions\/20330"}],"wp:attachment":[{"href":"https:\/\/www.maitri.pl\/en\/wp-json\/wp\/v2\/media?parent=20328"}],"curies":[{"name":"wp","href":"https:\/\/api.w.org\/{rel}","templated":true}]}}