{"id":20316,"date":"2020-06-26T08:38:44","date_gmt":"2020-06-26T06:38:44","guid":{"rendered":"https:\/\/www.maitri.pl\/?page_id=20316"},"modified":"2020-07-01T14:58:49","modified_gmt":"2020-07-01T12:58:49","slug":"have-a-heart-adoption-programme-description","status":"publish","type":"page","link":"https:\/\/www.maitri.pl\/en\/have-a-heart-adoption-programme-description\/","title":{"rendered":"Have a Heart Adoption programme description"},"content":{"rendered":"<div class=\"wpb-content-wrapper\"><p>[vc_row content_width=&#8221;grid&#8221; css=&#8221;.vc_custom_1586968512924{padding-top: 65px !important;}&#8221;][vc_column][vc_column_text css=&#8221;.vc_custom_1593153018918{padding-right: 10px !important;padding-left: 10px !important;}&#8221;]<\/p>\n<h2 style=\"text-align: center;\">Have a Heart Adoption programme description<\/h2>\n<p>[\/vc_column_text][vc_empty_space height=&#8221;14px&#8221;]\n<p class=\"edgtf-section-subtitle\" style=\"text-align:center\">\n\tIn Africa almost half of residents live in extreme poverty. They are exposed to starvation and suffering. This issue touches prominently the youngest ones. Often their parents cannot afford proper education or staples. Due to \u201cHave a Heart Adoption\u201d programme we are able to help children in need.<\/p><div class=\"edgtf-separator-holder clearfix  edgtf-separator-center\">\n\t<div class=\"edgtf-separator\" style=\"border-color: #ffff00;width: 55px;border-bottom-width: 3px;margin-top: 25px;margin-bottom: 25px\"><\/div>\n<\/div>\n[\/vc_column][\/vc_row][vc_row content_width=&#8221;grid&#8221; css=&#8221;.vc_custom_1586968505421{padding-top: 50px !important;padding-bottom: 50px !important;background-color: #f7f4ef !important;}&#8221;][vc_column width=&#8221;1\/4&#8243;][vc_single_image image=&#8221;17467&#8243; img_size=&#8221;full&#8221;][\/vc_column][vc_column width=&#8221;3\/4&#8243;][vc_column_text]<\/p>\n<h3>Have a Heart Adoption programme description &#8211; Primary School<\/h3>\n<p>This programme is dedicated to the youngest children in the primary schools or those who have not started their education yet. The monthly fee is \u20ac13. Your donation covers school fees up to the graduation as well as aftercare. We also provide the children with the nutritious food supporting their healthy growth. The Maitri launched the scheme in 1996 in cooperation with the Congregation of Pallottine Priests and Sisters, in response to the consequences of genocide in Rwanda. So far, the programme has been implemented in 8 countries.[\/vc_column_text][vc_empty_space height=&#8221;18px&#8221;]<a itemprop=\"url\" href=\"https:\/\/www.maitri.pl\/en\/primary-school\/\" target=\"_blank\"  class=\"edgtf-btn edgtf-btn-small edgtf-btn-solid\"  >\n\t<span class=\"edgtf-btn-text\">Read more<\/span>\n    <\/a>[\/vc_column][\/vc_row][vc_row content_width=&#8221;grid&#8221; css=&#8221;.vc_custom_1586968528788{padding-top: 50px !important;padding-bottom: 50px !important;}&#8221;][vc_column width=&#8221;1\/4&#8243;][vc_single_image image=&#8221;17472&#8243; img_size=&#8221;full&#8221;][\/vc_column][vc_column width=&#8221;3\/4&#8243;][vc_column_text]<\/p>\n<h3>Have a Heart Adoption &#8211; Secondary School<\/h3>\n<p>This 6-year programme is aimed at children and youth attending secondary schools. The monthly fee is \u20ac17. Your donation covers school fees up to the graduation and any other related expenses. The Maitri launched this scheme in 1994 as a response to the tragic situation of people living in Rwanda, Congo and Burundi after the genocide and the wars.[\/vc_column_text][vc_empty_space height=&#8221;18px&#8221;]<a itemprop=\"url\" href=\"https:\/\/www.maitri.pl\/en\/secondary-school\/\" target=\"_blank\"  class=\"edgtf-btn edgtf-btn-small edgtf-btn-solid\"  >\n\t<span class=\"edgtf-btn-text\">Read more<\/span>\n    <\/a>[\/vc_column][\/vc_row][vc_row content_width=&#8221;grid&#8221; css=&#8221;.vc_custom_1586968538531{padding-top: 50px !important;padding-bottom: 50px !important;background-color: #f7f4ef !important;}&#8221;][vc_column width=&#8221;1\/4&#8243;][vc_single_image image=&#8221;17475&#8243; img_size=&#8221;full&#8221;][\/vc_column][vc_column width=&#8221;3\/4&#8243;][vc_column_text]<\/p>\n<h3>Have a Heart Adoption &#8211; School of Life Skills<\/h3>\n<p>The aim of this programme is to provide life-skills education for adolescents with no formal qualifications that would enable them to deal effectively with the challenges of everyday life. The monthly fee is \u20ac15. We provide the support for 2 or 3 years, depending on the scope of the school training programme. The young people learn carpentry, sewing, embroidery and cooking. At the end of the course, they are given the tools necessary\u00a0to continue the work.[\/vc_column_text][vc_empty_space height=&#8221;18px&#8221;]<a itemprop=\"url\" href=\"https:\/\/www.maitri.pl\/en\/school-of-life-skills\/\" target=\"_blank\"  class=\"edgtf-btn edgtf-btn-small edgtf-btn-solid\"  >\n\t<span class=\"edgtf-btn-text\">Read more<\/span>\n    <\/a>[\/vc_column][\/vc_row][vc_row content_width=&#8221;grid&#8221; css=&#8221;.vc_custom_1586968565981{padding-top: 50px !important;padding-bottom: 50px !important;}&#8221;][vc_column width=&#8221;1\/4&#8243;][vc_single_image image=&#8221;17476&#8243; img_size=&#8221;full&#8221;][\/vc_column][vc_column width=&#8221;3\/4&#8243;][vc_column_text]<\/p>\n<h3>Have a Heart Adoption &#8211; Disabled Children<\/h3>\n<p>This programme is focused on ensuring that physically and mentally disabled children have access to rehabilitation and schools and their living conditions are improved. We provide the support till the school graduation or the age of 21. The monthly fee is \u20ac26. Your donation covers expenses of rehabilitation, purchase of prostheses and boarding school fees. The children with significant disabilities are taught how to cope with the challenges of everyday life.[\/vc_column_text][vc_empty_space height=&#8221;18px&#8221;]<a itemprop=\"url\" href=\"https:\/\/www.maitri.pl\/en\/disabled-children\/\" target=\"_blank\"  class=\"edgtf-btn edgtf-btn-small edgtf-btn-solid\"  >\n\t<span class=\"edgtf-btn-text\">Read more<\/span>\n    <\/a>[\/vc_column][\/vc_row][vc_row content_width=&#8221;grid&#8221; css=&#8221;.vc_custom_1586968578084{padding-top: 50px !important;padding-bottom: 50px !important;background-color: #f7f4ef !important;}&#8221;][vc_column width=&#8221;1\/4&#8243;][vc_single_image image=&#8221;17476&#8243; img_size=&#8221;full&#8221;][\/vc_column][vc_column width=&#8221;3\/4&#8243;][vc_column_text]<\/p>\n<h3>Have a Heart Adoption &#8211; Visually Impaired Children<\/h3>\n<p>The goal of this programme is to provide an education to the children with sight loss and prepare them to cope with everyday life. The monthly fee is \u20ac26. Your donation covers boarding school fees and any other related expenses. The Maitri launched the programme in 2013 in cooperation with the missionary centre of Polish Franciscan Sisters who run a school for the visually impaired kids in Kibeho, in Rwanda.[\/vc_column_text][vc_empty_space height=&#8221;18px&#8221;]<a itemprop=\"url\" href=\"https:\/\/www.maitri.pl\/en\/visually-impaired-children\/\" target=\"_blank\"  class=\"edgtf-btn edgtf-btn-small edgtf-btn-solid\"  >\n\t<span class=\"edgtf-btn-text\">Read more<\/span>\n    <\/a>[\/vc_column][\/vc_row][vc_row content_width=&#8221;grid&#8221; css=&#8221;.vc_custom_1586968585758{padding-top: 50px !important;padding-bottom: 50px !important;}&#8221;][vc_column width=&#8221;1\/4&#8243;][vc_single_image image=&#8221;20317&#8243; img_size=&#8221;full&#8221;][\/vc_column][vc_column width=&#8221;3\/4&#8243;][vc_column_text]<\/p>\n<h3>Have a Heart Adoption &#8211; University Students<\/h3>\n<p>The aim of this 3-6 years programme is to enable the participants of Have a Heart Adoption \u2013 Secondary School programme to continue their education at the university. The annual student costs are around \u20ac400-\u20ac1000, depending on the country, the level of education and the field of study. The contribution may reach \u20ac85 per month if the adoptive parent decides to pay for a student accommodation and food in addition to the school fees. The Maitri has been running the students support programme in Congo and Cameroon since 2010.[\/vc_column_text][vc_empty_space height=&#8221;18px&#8221;]<a itemprop=\"url\" href=\"https:\/\/www.maitri.pl\/en\/university-students\/\" target=\"_blank\"  class=\"edgtf-btn edgtf-btn-small edgtf-btn-solid\"  >\n\t<span class=\"edgtf-btn-text\">Read more<\/span>\n    <\/a>[\/vc_column][\/vc_row][vc_row content_width=&#8221;grid&#8221; css=&#8221;.vc_custom_1586970152708{padding-top: 50px !important;padding-bottom: 100px !important;background-color: #f7f4ef !important;}&#8221;][vc_column width=&#8221;1\/4&#8243;][vc_single_image image=&#8221;20317&#8243; img_size=&#8221;full&#8221;][\/vc_column][vc_column width=&#8221;3\/4&#8243;][vc_column_text]<\/p>\n<h3>Have a Heart Adoption &#8211; Catholic Seminarians<\/h3>\n<p>This programme was initiated in 2009 by Jan Ozga, the Bishop of Doume-Abong Mbang Diocese in Cameroon. The participants are young secondary school graduates who have a vocation to the priesthood. The annual cost of the Higher Theological Seminary in Bertoua is around \u20ac1000, approximately \u20ac85 a month. The education at the seminary lasts 9 years after which the candidates are consecrated and ordained to the priesthood.[\/vc_column_text][vc_empty_space height=&#8221;18px&#8221;]<a itemprop=\"url\" href=\"https:\/\/www.maitri.pl\/en\/catholic-seminarians\/\" target=\"_blank\"  class=\"edgtf-btn edgtf-btn-small edgtf-btn-solid\"  >\n\t<span class=\"edgtf-btn-text\">Read more<\/span>\n    <\/a>[\/vc_column][\/vc_row]<\/p>\n<\/div>","protected":false},"excerpt":{"rendered":"<p>[vc_row content_width=&#8221;grid&#8221; css=&#8221;.vc_custom_1586968512924{padding-top: 65px !important;}&#8221;][vc_column][vc_column_text css=&#8221;.vc_custom_1593153018918{padding-right: 10px !important;padding-left: 10px !important;}&#8221;] Have a Heart Adoption programme description [\/vc_column_text][vc_empty_space height=&#8221;14px&#8221;][\/vc_column][\/vc_row][vc_row content_width=&#8221;grid&#8221; css=&#8221;.vc_custom_1586968505421{padding-top: 50px !important;padding-bottom: 50px !important;background-color: #f7f4ef !important;}&#8221;][vc_column width=&#8221;1\/4&#8243;][vc_single_image image=&#8221;17467&#8243; img_size=&#8221;full&#8221;][\/vc_column][vc_column width=&#8221;3\/4&#8243;][vc_column_text] Have a Heart Adoption programme description &#8211; Primary School This programme is dedicated to the youngest children in the primary schools or those who have&#8230;<\/p>\n","protected":false},"author":1,"featured_media":0,"parent":0,"menu_order":0,"comment_status":"closed","ping_status":"closed","template":"full-width.php","meta":{"footnotes":""},"class_list":["post-20316","page","type-page","status-publish","hentry"],"yoast_head":"<!-- This site is optimized with the Yoast SEO plugin v27.4 - https:\/\/yoast.com\/product\/yoast-seo-wordpress\/ -->\n<title>Have a Heart Adoption programme description &#8211; Ruch Maitri - Adopcja Serca pomoc Afryce<\/title>\n<meta name=\"robots\" content=\"index, follow, max-snippet:-1, max-image-preview:large, max-video-preview:-1\" \/>\n<link rel=\"canonical\" href=\"https:\/\/www.maitri.pl\/en\/have-a-heart-adoption-programme-description\/\" \/>\n<meta property=\"og:locale\" content=\"en_US\" \/>\n<meta property=\"og:type\" content=\"article\" \/>\n<meta property=\"og:title\" content=\"Have a Heart Adoption programme description &#8211; Ruch Maitri - Adopcja Serca pomoc Afryce\" \/>\n<meta property=\"og:description\" content=\"[vc_row content_width=&#8221;grid&#8221; css=&#8221;.vc_custom_1586968512924{padding-top: 65px !important;}&#8221;][vc_column][vc_column_text css=&#8221;.vc_custom_1593153018918{padding-right: 10px !important;padding-left: 10px !important;}&#8221;] Have a Heart Adoption programme description [\/vc_column_text][vc_empty_space height=&#8221;14px&#8221;][\/vc_column][\/vc_row][vc_row content_width=&#8221;grid&#8221; css=&#8221;.vc_custom_1586968505421{padding-top: 50px !important;padding-bottom: 50px !important;background-color: #f7f4ef !important;}&#8221;][vc_column width=&#8221;1\/4&#8243;][vc_single_image image=&#8221;17467&#8243; img_size=&#8221;full&#8221;][\/vc_column][vc_column width=&#8221;3\/4&#8243;][vc_column_text] Have a Heart Adoption programme description &#8211; Primary School This programme is dedicated to the youngest children in the primary schools or those who have...\" \/>\n<meta property=\"og:url\" content=\"https:\/\/www.maitri.pl\/en\/have-a-heart-adoption-programme-description\/\" \/>\n<meta property=\"og:site_name\" content=\"Ruch Maitri - Adopcja Serca pomoc Afryce\" \/>\n<meta property=\"article:publisher\" content=\"https:\/\/www.facebook.com\/MAITRI.Adopcja.Serca.dzieci.Afryki\/\" \/>\n<meta property=\"article:modified_time\" content=\"2020-07-01T12:58:49+00:00\" \/>\n<meta name=\"twitter:card\" content=\"summary_large_image\" \/>\n<meta name=\"twitter:label1\" content=\"Est. reading time\" \/>\n\t<meta name=\"twitter:data1\" content=\"6 minutes\" \/>\n<script type=\"application\/ld+json\" class=\"yoast-schema-graph\">{\"@context\":\"https:\\\/\\\/schema.org\",\"@graph\":[{\"@type\":\"WebPage\",\"@id\":\"https:\\\/\\\/www.maitri.pl\\\/en\\\/have-a-heart-adoption-programme-description\\\/\",\"url\":\"https:\\\/\\\/www.maitri.pl\\\/en\\\/have-a-heart-adoption-programme-description\\\/\",\"name\":\"Have a Heart Adoption programme description &#8211; Ruch Maitri - Adopcja Serca pomoc Afryce\",\"isPartOf\":{\"@id\":\"https:\\\/\\\/www.maitri.pl\\\/#website\"},\"datePublished\":\"2020-06-26T06:38:44+00:00\",\"dateModified\":\"2020-07-01T12:58:49+00:00\",\"breadcrumb\":{\"@id\":\"https:\\\/\\\/www.maitri.pl\\\/en\\\/have-a-heart-adoption-programme-description\\\/#breadcrumb\"},\"inLanguage\":\"en-US\",\"potentialAction\":[{\"@type\":\"ReadAction\",\"target\":[\"https:\\\/\\\/www.maitri.pl\\\/en\\\/have-a-heart-adoption-programme-description\\\/\"]}]},{\"@type\":\"BreadcrumbList\",\"@id\":\"https:\\\/\\\/www.maitri.pl\\\/en\\\/have-a-heart-adoption-programme-description\\\/#breadcrumb\",\"itemListElement\":[{\"@type\":\"ListItem\",\"position\":1,\"name\":\"Strona g\u0142\u00f3wna\",\"item\":\"https:\\\/\\\/www.maitri.pl\\\/en\\\/\"},{\"@type\":\"ListItem\",\"position\":2,\"name\":\"Have a Heart Adoption programme description\"}]},{\"@type\":\"WebSite\",\"@id\":\"https:\\\/\\\/www.maitri.pl\\\/#website\",\"url\":\"https:\\\/\\\/www.maitri.pl\\\/\",\"name\":\"Adopcja Serca Maitri \u2013 pomoc dzieciom w Afryce\",\"description\":\"Adopcja Serca \u2013 adopcja na odleg\u0142o\u015b\u0107, pomoc Afryce, do\u017cywianie i edukacja w Afryce\",\"publisher\":{\"@id\":\"https:\\\/\\\/www.maitri.pl\\\/#organization\"},\"potentialAction\":[{\"@type\":\"SearchAction\",\"target\":{\"@type\":\"EntryPoint\",\"urlTemplate\":\"https:\\\/\\\/www.maitri.pl\\\/?s={search_term_string}\"},\"query-input\":{\"@type\":\"PropertyValueSpecification\",\"valueRequired\":true,\"valueName\":\"search_term_string\"}}],\"inLanguage\":\"en-US\"},{\"@type\":\"Organization\",\"@id\":\"https:\\\/\\\/www.maitri.pl\\\/#organization\",\"name\":\"Stowarzyszenie Ruchu Maitri\",\"url\":\"https:\\\/\\\/www.maitri.pl\\\/\",\"logo\":{\"@type\":\"ImageObject\",\"inLanguage\":\"en-US\",\"@id\":\"https:\\\/\\\/www.maitri.pl\\\/#\\\/schema\\\/logo\\\/image\\\/\",\"url\":\"https:\\\/\\\/www.maitri.pl\\\/wp-content\\\/uploads\\\/2020\\\/04\\\/duze_logo-81.png\",\"contentUrl\":\"https:\\\/\\\/www.maitri.pl\\\/wp-content\\\/uploads\\\/2020\\\/04\\\/duze_logo-81.png\",\"width\":339,\"height\":321,\"caption\":\"Stowarzyszenie Ruchu Maitri\"},\"image\":{\"@id\":\"https:\\\/\\\/www.maitri.pl\\\/#\\\/schema\\\/logo\\\/image\\\/\"},\"sameAs\":[\"https:\\\/\\\/www.facebook.com\\\/MAITRI.Adopcja.Serca.dzieci.Afryki\\\/\"]}]}<\/script>\n<!-- \/ Yoast SEO plugin. -->","yoast_head_json":{"title":"Have a Heart Adoption programme description &#8211; Ruch Maitri - Adopcja Serca pomoc Afryce","robots":{"index":"index","follow":"follow","max-snippet":"max-snippet:-1","max-image-preview":"max-image-preview:large","max-video-preview":"max-video-preview:-1"},"canonical":"https:\/\/www.maitri.pl\/en\/have-a-heart-adoption-programme-description\/","og_locale":"en_US","og_type":"article","og_title":"Have a Heart Adoption programme description &#8211; Ruch Maitri - Adopcja Serca pomoc Afryce","og_description":"[vc_row content_width=&#8221;grid&#8221; css=&#8221;.vc_custom_1586968512924{padding-top: 65px !important;}&#8221;][vc_column][vc_column_text css=&#8221;.vc_custom_1593153018918{padding-right: 10px !important;padding-left: 10px !important;}&#8221;] Have a Heart Adoption programme description [\/vc_column_text][vc_empty_space height=&#8221;14px&#8221;][\/vc_column][\/vc_row][vc_row content_width=&#8221;grid&#8221; css=&#8221;.vc_custom_1586968505421{padding-top: 50px !important;padding-bottom: 50px !important;background-color: #f7f4ef !important;}&#8221;][vc_column width=&#8221;1\/4&#8243;][vc_single_image image=&#8221;17467&#8243; img_size=&#8221;full&#8221;][\/vc_column][vc_column width=&#8221;3\/4&#8243;][vc_column_text] Have a Heart Adoption programme description &#8211; Primary School This programme is dedicated to the youngest children in the primary schools or those who have...","og_url":"https:\/\/www.maitri.pl\/en\/have-a-heart-adoption-programme-description\/","og_site_name":"Ruch Maitri - Adopcja Serca pomoc Afryce","article_publisher":"https:\/\/www.facebook.com\/MAITRI.Adopcja.Serca.dzieci.Afryki\/","article_modified_time":"2020-07-01T12:58:49+00:00","twitter_card":"summary_large_image","twitter_misc":{"Est. reading time":"6 minutes"},"schema":{"@context":"https:\/\/schema.org","@graph":[{"@type":"WebPage","@id":"https:\/\/www.maitri.pl\/en\/have-a-heart-adoption-programme-description\/","url":"https:\/\/www.maitri.pl\/en\/have-a-heart-adoption-programme-description\/","name":"Have a Heart Adoption programme description &#8211; Ruch Maitri - Adopcja Serca pomoc Afryce","isPartOf":{"@id":"https:\/\/www.maitri.pl\/#website"},"datePublished":"2020-06-26T06:38:44+00:00","dateModified":"2020-07-01T12:58:49+00:00","breadcrumb":{"@id":"https:\/\/www.maitri.pl\/en\/have-a-heart-adoption-programme-description\/#breadcrumb"},"inLanguage":"en-US","potentialAction":[{"@type":"ReadAction","target":["https:\/\/www.maitri.pl\/en\/have-a-heart-adoption-programme-description\/"]}]},{"@type":"BreadcrumbList","@id":"https:\/\/www.maitri.pl\/en\/have-a-heart-adoption-programme-description\/#breadcrumb","itemListElement":[{"@type":"ListItem","position":1,"name":"Strona g\u0142\u00f3wna","item":"https:\/\/www.maitri.pl\/en\/"},{"@type":"ListItem","position":2,"name":"Have a Heart Adoption programme description"}]},{"@type":"WebSite","@id":"https:\/\/www.maitri.pl\/#website","url":"https:\/\/www.maitri.pl\/","name":"Adopcja Serca Maitri \u2013 pomoc dzieciom w Afryce","description":"Adopcja Serca \u2013 adopcja na odleg\u0142o\u015b\u0107, pomoc Afryce, do\u017cywianie i edukacja w Afryce","publisher":{"@id":"https:\/\/www.maitri.pl\/#organization"},"potentialAction":[{"@type":"SearchAction","target":{"@type":"EntryPoint","urlTemplate":"https:\/\/www.maitri.pl\/?s={search_term_string}"},"query-input":{"@type":"PropertyValueSpecification","valueRequired":true,"valueName":"search_term_string"}}],"inLanguage":"en-US"},{"@type":"Organization","@id":"https:\/\/www.maitri.pl\/#organization","name":"Stowarzyszenie Ruchu Maitri","url":"https:\/\/www.maitri.pl\/","logo":{"@type":"ImageObject","inLanguage":"en-US","@id":"https:\/\/www.maitri.pl\/#\/schema\/logo\/image\/","url":"https:\/\/www.maitri.pl\/wp-content\/uploads\/2020\/04\/duze_logo-81.png","contentUrl":"https:\/\/www.maitri.pl\/wp-content\/uploads\/2020\/04\/duze_logo-81.png","width":339,"height":321,"caption":"Stowarzyszenie Ruchu Maitri"},"image":{"@id":"https:\/\/www.maitri.pl\/#\/schema\/logo\/image\/"},"sameAs":["https:\/\/www.facebook.com\/MAITRI.Adopcja.Serca.dzieci.Afryki\/"]}]}},"_links":{"self":[{"href":"https:\/\/www.maitri.pl\/en\/wp-json\/wp\/v2\/pages\/20316","targetHints":{"allow":["GET"]}}],"collection":[{"href":"https:\/\/www.maitri.pl\/en\/wp-json\/wp\/v2\/pages"}],"about":[{"href":"https:\/\/www.maitri.pl\/en\/wp-json\/wp\/v2\/types\/page"}],"author":[{"embeddable":true,"href":"https:\/\/www.maitri.pl\/en\/wp-json\/wp\/v2\/users\/1"}],"replies":[{"embeddable":true,"href":"https:\/\/www.maitri.pl\/en\/wp-json\/wp\/v2\/comments?post=20316"}],"version-history":[{"count":12,"href":"https:\/\/www.maitri.pl\/en\/wp-json\/wp\/v2\/pages\/20316\/revisions"}],"predecessor-version":[{"id":20521,"href":"https:\/\/www.maitri.pl\/en\/wp-json\/wp\/v2\/pages\/20316\/revisions\/20521"}],"wp:attachment":[{"href":"https:\/\/www.maitri.pl\/en\/wp-json\/wp\/v2\/media?parent=20316"}],"curies":[{"name":"wp","href":"https:\/\/api.w.org\/{rel}","templated":true}]}}