{"id":20298,"date":"2020-06-24T12:25:29","date_gmt":"2020-06-24T10:25:29","guid":{"rendered":"https:\/\/www.maitri.pl\/?page_id=20298"},"modified":"2020-07-15T09:20:29","modified_gmt":"2020-07-15T07:20:29","slug":"sponsor-a-child","status":"publish","type":"page","link":"https:\/\/www.maitri.pl\/en\/sponsor-a-child\/","title":{"rendered":"Sponsor a Child"},"content":{"rendered":"<div class=\"wpb-content-wrapper\"><p>[vc_row content_width=&#8221;grid&#8221; css=&#8221;.vc_custom_1594797179825{padding-bottom: 50px !important;}&#8221;][vc_column][vc_empty_space height=&#8221;65px&#8221;][vc_column_text css=&#8221;.vc_custom_1592994277443{padding-right: 10px !important;padding-left: 10px !important;}&#8221;]<\/p>\n<h2 style=\"text-align: center;\">Have a Heart Adoption &#8211; descriptions of programs<\/h2>\n<p>[\/vc_column_text][vc_empty_space height=&#8221;14px&#8221;]\n<p class=\"edgtf-section-subtitle\" style=\"text-align:center\">\n\t\u201cHave a Heart Adoption\u201d programme is an opportunity for making significant changes in African children lives. Your donation can provide them with education, health care and daily meals. Below you may find out more about our programs.<\/p><div class=\"edgtf-separator-holder clearfix  edgtf-separator-center\">\n\t<div class=\"edgtf-separator\" style=\"border-color: #ffff00;width: 55px;border-bottom-width: 3px;margin-top: 25px;margin-bottom: 25px\"><\/div>\n<\/div>\n[vc_empty_space height=&#8221;14px&#8221;][vc_row_inner content_width=&#8221;grid&#8221; css=&#8221;.vc_custom_1586438118895{padding-bottom: 25px !important;}&#8221;][vc_column_inner offset=&#8221;vc_col-lg-4 vc_col-md-4 vc_col-xs-12&#8243;][vc_single_image image=&#8221;17440&#8243; img_size=&#8221;large&#8221; onclick=&#8221;custom_link&#8221; link=&#8221;https:\/\/www.maitri.pl\/en\/primary-school\/&#8221;][vc_empty_space height=&#8221;25px&#8221;][vc_column_text]<\/p>\n<h4 style=\"text-align: center; line-height: 30px;\"><a href=\"https:\/\/www.maitri.pl\/en\/primary-school\/\" target=\"_blank\" rel=\"noopener noreferrer\">Have a Heart Adoption<br \/>\nPrimary School<br \/>\n13 \u20ac\/monthly<\/a><\/h4>\n<h3><\/h3>\n<p>[\/vc_column_text][vc_empty_space height=&#8221;18px&#8221;][\/vc_column_inner][vc_column_inner offset=&#8221;vc_col-lg-4 vc_col-md-4 vc_col-xs-12&#8243;][vc_single_image image=&#8221;17441&#8243; img_size=&#8221;large&#8221; onclick=&#8221;custom_link&#8221; link=&#8221;https:\/\/www.maitri.pl\/en\/secondary-school\/&#8221;][vc_empty_space height=&#8221;25px&#8221;][vc_column_text]<\/p>\n<h4 style=\"text-align: center; line-height: 30px;\"><a href=\"https:\/\/www.maitri.pl\/en\/secondary-school\/\" target=\"_blank\" rel=\"noopener noreferrer\">Have a Heart Adoption<br \/>\nSecondary School<br \/>\n17 \u20ac\/monthly<\/a><\/h4>\n<h3><\/h3>\n<p>[\/vc_column_text][vc_empty_space height=&#8221;18px&#8221;][\/vc_column_inner][vc_column_inner offset=&#8221;vc_col-lg-4 vc_col-md-4 vc_col-xs-12&#8243;][vc_single_image image=&#8221;17439&#8243; img_size=&#8221;large&#8221; onclick=&#8221;custom_link&#8221; link=&#8221;https:\/\/www.maitri.pl\/en\/school-of-life-skills\/&#8221;][vc_empty_space height=&#8221;25px&#8221;][vc_column_text]<\/p>\n<h4 style=\"text-align: center; line-height: 30px;\"><a href=\"https:\/\/www.maitri.pl\/en\/school-of-life-skills\/\" target=\"_blank\" rel=\"noopener noreferrer\">Have a Heart Adoption<br \/>\nSchool of Life Skills<br \/>\n15 \u20ac\/monthly<\/a><\/h4>\n<p>[\/vc_column_text][vc_empty_space height=&#8221;18px&#8221;][\/vc_column_inner][\/vc_row_inner][vc_row_inner content_width=&#8221;grid&#8221; content_aligment=&#8221;center&#8221;][vc_column_inner]<a itemprop=\"url\" href=\"https:\/\/www.maitri.pl\/en\/have-a-heart-adoption-programme-description\/\" target=\"_self\"  class=\"edgtf-btn edgtf-btn-huge-full-width edgtf-btn-solid\"  >\n\t<span class=\"edgtf-btn-text\">Description of all programs<\/span>\n    <\/a>[\/vc_column_inner][\/vc_row_inner][\/vc_column][\/vc_row][vc_row content_width=&#8221;grid&#8221; css=&#8221;.vc_custom_1594797533251{background-color: #f7f4ef !important;}&#8221;][vc_column][vc_empty_space height=&#8221;50px&#8221;][vc_column_text css=&#8221;.vc_custom_1592993060675{padding-right: 10px !important;padding-left: 10px !important;}&#8221;]<\/p>\n<h2 style=\"text-align: center;\">Have a Heart Adoption<\/h2>\n<p>[\/vc_column_text]<div class=\"edgtf-separator-holder clearfix  edgtf-separator-center\">\n\t<div class=\"edgtf-separator\" style=\"border-color: #ffff00;width: 55px;border-bottom-width: 3px;margin-top: 25px;margin-bottom: 25px\"><\/div>\n<\/div>\n[vc_empty_space height=&#8221;14px&#8221;][vc_row_inner content_width=&#8221;grid&#8221; content_aligment=&#8221;center&#8221;][vc_column_inner width=&#8221;1\/2&#8243;][vc_column_text]<\/p>\n<h3 style=\"text-align: center;\">Contact us to learn more<\/h3>\n<p>[\/vc_column_text][vc_column_text]<span class=\"equalizer-inner\">Fill in <a href=\"https:\/\/www.maitri.pl\/en\/contact-coordination-office\/\">the contact form<\/a>\u00a0or call us on <a href=\"tel:+48585203050\">+48 58 520 30 50<\/a> if you require any further information.<\/span>[\/vc_column_text][vc_empty_space height=&#8221;25px&#8221;][\/vc_column_inner][vc_column_inner width=&#8221;1\/2&#8243;][vc_column_text]<\/p>\n<h3 style=\"text-align: center;\">Fill in the registration form on-line<\/h3>\n<p>[\/vc_column_text][vc_column_text]<span class=\"equalizer-inner\">Please submit <a href=\"https:\/\/www.maitri.pl\/deklaracja\/\">the registration form<\/a> if you are interested in the sponsorship through the Have a Heart Adoption programme. We will\u00a0contact you shortly after receiving\u00a0your declaration.<\/span>[\/vc_column_text][\/vc_column_inner][\/vc_row_inner][\/vc_column][\/vc_row][vc_row content_width=&#8221;grid&#8221; css=&#8221;.vc_custom_1594797620854{padding-top: 50px !important;padding-bottom: 50px !important;}&#8221;][vc_column][vc_empty_space height=&#8221;50px&#8221;][vc_column_text css=&#8221;.vc_custom_1592994466963{padding-right: 10px !important;padding-left: 10px !important;}&#8221;]<\/p>\n<h2 style=\"text-align: center;\">How to join &#8220;Have a Heart Adoption&#8221; programme?<\/h2>\n<p>[\/vc_column_text]<div class=\"edgtf-separator-holder clearfix  edgtf-separator-center\">\n\t<div class=\"edgtf-separator\" style=\"border-color: #ffff00;width: 55px;border-bottom-width: 3px;margin-top: 25px;margin-bottom: 25px\"><\/div>\n<\/div>\n[vc_column_text]Please follow the steps listed below to sponsor a child in Africa:<\/p>\n<ol>\n<li style=\"list-style-type: none;\">\n<ol>\n<li>Fill in <a href=\"https:\/\/www.maitri.pl\/deklaracja\/\">the registration form<\/a><\/li>\n<li>Select the programme type from the multiple options included.<\/li>\n<li>Transfer 3 months donation to our <a href=\"https:\/\/www.maitri.pl\/deklaracja\/\">bank account<\/a>\u00a0to\u00a0confirm participation in the programme. Bank details included\u00a0below:<\/li>\n<\/ol>\n<\/li>\n<\/ol>\n<p><strong>Recipient:<\/strong> Stowarzyszenie Ruchu MAITRI<br \/>\nUl. ks. J\u00f3zefa Zator Przytockiego 3<br \/>\n80-245 Gda\u0144sk<br \/>\nPoland<\/p>\n<p><strong>The bank account in EUR:<\/strong><br \/>\nPL 33 1160 2202 0000 0002 5567 7854<br \/>\nSWIFT: BIGBPLPW<\/p>\n<p>By participating in the Have a Heart Adoption programme, you voluntarily agree to pay the monthly fees which are spent on education, nutrition and medical care of the children you decided to sponsor. To speed up the registration process, please send us the confirmation of the transfer. As soon as we receive all the details from you, one of our coordinators will reach out to you with the welcome pack. The pack includes the\u00a0photo of your child, his\/her story and further information on where your sponsored child lives. You will receive regular updates about your child and will be able to exchange letters with them as well.<\/p>\n<p>If you don\u2019t wish to take part in the long-term sponsorship, you can still help by making a one-time donation through our Poverty Aid Fund. The fund aims to support the children who are still waiting for long-term sponsors through Have a Heart Adoption programme.<\/p>\n<p>Join Have a Heart Adoption programme today and see what difference you can make![\/vc_column_text][vc_row_inner content_width=&#8221;grid&#8221; content_aligment=&#8221;center&#8221; css=&#8221;.vc_custom_1586961271314{padding-top: 50px !important;}&#8221;][vc_column_inner]<a itemprop=\"url\" href=\"https:\/\/www.maitri.pl\/deklaracja\/\" target=\"_self\"  class=\"edgtf-btn edgtf-btn-huge-full-width edgtf-btn-solid\"  >\n\t<span class=\"edgtf-btn-text\">Declaration on - line<\/span>\n    <\/a>[\/vc_column_inner][\/vc_row_inner][vc_empty_space height=&#8221;100px&#8221;][\/vc_column][\/vc_row]<\/p>\n<\/div>","protected":false},"excerpt":{"rendered":"<p>[vc_row content_width=&#8221;grid&#8221; css=&#8221;.vc_custom_1594797179825{padding-bottom: 50px !important;}&#8221;][vc_column][vc_empty_space height=&#8221;65px&#8221;][vc_column_text css=&#8221;.vc_custom_1592994277443{padding-right: 10px !important;padding-left: 10px !important;}&#8221;] Have a Heart Adoption &#8211; descriptions of programs [\/vc_column_text][vc_empty_space height=&#8221;14px&#8221;][vc_empty_space height=&#8221;14px&#8221;][vc_row_inner content_width=&#8221;grid&#8221; css=&#8221;.vc_custom_1586438118895{padding-bottom: 25px !important;}&#8221;][vc_column_inner offset=&#8221;vc_col-lg-4 vc_col-md-4 vc_col-xs-12&#8243;][vc_single_image image=&#8221;17440&#8243; img_size=&#8221;large&#8221; onclick=&#8221;custom_link&#8221; link=&#8221;https:\/\/www.maitri.pl\/en\/primary-school\/&#8221;][vc_empty_space height=&#8221;25px&#8221;][vc_column_text] Have a Heart Adoption Primary School 13 \u20ac\/monthly [\/vc_column_text][vc_empty_space height=&#8221;18px&#8221;][\/vc_column_inner][vc_column_inner offset=&#8221;vc_col-lg-4 vc_col-md-4 vc_col-xs-12&#8243;][vc_single_image image=&#8221;17441&#8243; img_size=&#8221;large&#8221; onclick=&#8221;custom_link&#8221; link=&#8221;https:\/\/www.maitri.pl\/en\/secondary-school\/&#8221;][vc_empty_space height=&#8221;25px&#8221;][vc_column_text] Have a Heart&#8230;<\/p>\n","protected":false},"author":1,"featured_media":0,"parent":0,"menu_order":0,"comment_status":"closed","ping_status":"closed","template":"full-width.php","meta":{"footnotes":""},"class_list":["post-20298","page","type-page","status-publish","hentry"],"yoast_head":"<!-- This site is optimized with the Yoast SEO plugin v27.4 - https:\/\/yoast.com\/product\/yoast-seo-wordpress\/ -->\n<title>Sponsor a Child &#8211; Ruch Maitri - Adopcja Serca pomoc Afryce<\/title>\n<meta name=\"robots\" content=\"index, follow, max-snippet:-1, max-image-preview:large, max-video-preview:-1\" \/>\n<link rel=\"canonical\" href=\"https:\/\/www.maitri.pl\/en\/sponsor-a-child\/\" \/>\n<meta property=\"og:locale\" content=\"en_US\" \/>\n<meta property=\"og:type\" content=\"article\" \/>\n<meta property=\"og:title\" content=\"Sponsor a Child &#8211; Ruch Maitri - Adopcja Serca pomoc Afryce\" \/>\n<meta property=\"og:description\" content=\"[vc_row content_width=&#8221;grid&#8221; css=&#8221;.vc_custom_1594797179825{padding-bottom: 50px !important;}&#8221;][vc_column][vc_empty_space height=&#8221;65px&#8221;][vc_column_text css=&#8221;.vc_custom_1592994277443{padding-right: 10px !important;padding-left: 10px !important;}&#8221;] Have a Heart Adoption &#8211; descriptions of programs [\/vc_column_text][vc_empty_space height=&#8221;14px&#8221;][vc_empty_space height=&#8221;14px&#8221;][vc_row_inner content_width=&#8221;grid&#8221; css=&#8221;.vc_custom_1586438118895{padding-bottom: 25px !important;}&#8221;][vc_column_inner offset=&#8221;vc_col-lg-4 vc_col-md-4 vc_col-xs-12&#8243;][vc_single_image image=&#8221;17440&#8243; img_size=&#8221;large&#8221; onclick=&#8221;custom_link&#8221; link=&#8221;https:\/\/www.maitri.pl\/en\/primary-school\/&#8221;][vc_empty_space height=&#8221;25px&#8221;][vc_column_text] Have a Heart Adoption Primary School 13 \u20ac\/monthly [\/vc_column_text][vc_empty_space height=&#8221;18px&#8221;][\/vc_column_inner][vc_column_inner offset=&#8221;vc_col-lg-4 vc_col-md-4 vc_col-xs-12&#8243;][vc_single_image image=&#8221;17441&#8243; img_size=&#8221;large&#8221; onclick=&#8221;custom_link&#8221; link=&#8221;https:\/\/www.maitri.pl\/en\/secondary-school\/&#8221;][vc_empty_space height=&#8221;25px&#8221;][vc_column_text] Have a Heart...\" \/>\n<meta property=\"og:url\" content=\"https:\/\/www.maitri.pl\/en\/sponsor-a-child\/\" \/>\n<meta property=\"og:site_name\" content=\"Ruch Maitri - Adopcja Serca pomoc Afryce\" \/>\n<meta property=\"article:publisher\" content=\"https:\/\/www.facebook.com\/MAITRI.Adopcja.Serca.dzieci.Afryki\/\" \/>\n<meta property=\"article:modified_time\" content=\"2020-07-15T07:20:29+00:00\" \/>\n<meta name=\"twitter:card\" content=\"summary_large_image\" \/>\n<meta name=\"twitter:label1\" content=\"Est. reading time\" \/>\n\t<meta name=\"twitter:data1\" content=\"4 minutes\" \/>\n<script type=\"application\/ld+json\" class=\"yoast-schema-graph\">{\"@context\":\"https:\\\/\\\/schema.org\",\"@graph\":[{\"@type\":\"WebPage\",\"@id\":\"https:\\\/\\\/www.maitri.pl\\\/en\\\/sponsor-a-child\\\/\",\"url\":\"https:\\\/\\\/www.maitri.pl\\\/en\\\/sponsor-a-child\\\/\",\"name\":\"Sponsor a Child &#8211; Ruch Maitri - Adopcja Serca pomoc Afryce\",\"isPartOf\":{\"@id\":\"https:\\\/\\\/www.maitri.pl\\\/#website\"},\"datePublished\":\"2020-06-24T10:25:29+00:00\",\"dateModified\":\"2020-07-15T07:20:29+00:00\",\"breadcrumb\":{\"@id\":\"https:\\\/\\\/www.maitri.pl\\\/en\\\/sponsor-a-child\\\/#breadcrumb\"},\"inLanguage\":\"en-US\",\"potentialAction\":[{\"@type\":\"ReadAction\",\"target\":[\"https:\\\/\\\/www.maitri.pl\\\/en\\\/sponsor-a-child\\\/\"]}]},{\"@type\":\"BreadcrumbList\",\"@id\":\"https:\\\/\\\/www.maitri.pl\\\/en\\\/sponsor-a-child\\\/#breadcrumb\",\"itemListElement\":[{\"@type\":\"ListItem\",\"position\":1,\"name\":\"Strona g\u0142\u00f3wna\",\"item\":\"https:\\\/\\\/www.maitri.pl\\\/en\\\/\"},{\"@type\":\"ListItem\",\"position\":2,\"name\":\"Sponsor a Child\"}]},{\"@type\":\"WebSite\",\"@id\":\"https:\\\/\\\/www.maitri.pl\\\/#website\",\"url\":\"https:\\\/\\\/www.maitri.pl\\\/\",\"name\":\"Adopcja Serca Maitri \u2013 pomoc dzieciom w Afryce\",\"description\":\"Adopcja Serca \u2013 adopcja na odleg\u0142o\u015b\u0107, pomoc Afryce, do\u017cywianie i edukacja w Afryce\",\"publisher\":{\"@id\":\"https:\\\/\\\/www.maitri.pl\\\/#organization\"},\"potentialAction\":[{\"@type\":\"SearchAction\",\"target\":{\"@type\":\"EntryPoint\",\"urlTemplate\":\"https:\\\/\\\/www.maitri.pl\\\/?s={search_term_string}\"},\"query-input\":{\"@type\":\"PropertyValueSpecification\",\"valueRequired\":true,\"valueName\":\"search_term_string\"}}],\"inLanguage\":\"en-US\"},{\"@type\":\"Organization\",\"@id\":\"https:\\\/\\\/www.maitri.pl\\\/#organization\",\"name\":\"Stowarzyszenie Ruchu Maitri\",\"url\":\"https:\\\/\\\/www.maitri.pl\\\/\",\"logo\":{\"@type\":\"ImageObject\",\"inLanguage\":\"en-US\",\"@id\":\"https:\\\/\\\/www.maitri.pl\\\/#\\\/schema\\\/logo\\\/image\\\/\",\"url\":\"https:\\\/\\\/www.maitri.pl\\\/wp-content\\\/uploads\\\/2020\\\/04\\\/duze_logo-81.png\",\"contentUrl\":\"https:\\\/\\\/www.maitri.pl\\\/wp-content\\\/uploads\\\/2020\\\/04\\\/duze_logo-81.png\",\"width\":339,\"height\":321,\"caption\":\"Stowarzyszenie Ruchu Maitri\"},\"image\":{\"@id\":\"https:\\\/\\\/www.maitri.pl\\\/#\\\/schema\\\/logo\\\/image\\\/\"},\"sameAs\":[\"https:\\\/\\\/www.facebook.com\\\/MAITRI.Adopcja.Serca.dzieci.Afryki\\\/\"]}]}<\/script>\n<!-- \/ Yoast SEO plugin. -->","yoast_head_json":{"title":"Sponsor a Child &#8211; Ruch Maitri - Adopcja Serca pomoc Afryce","robots":{"index":"index","follow":"follow","max-snippet":"max-snippet:-1","max-image-preview":"max-image-preview:large","max-video-preview":"max-video-preview:-1"},"canonical":"https:\/\/www.maitri.pl\/en\/sponsor-a-child\/","og_locale":"en_US","og_type":"article","og_title":"Sponsor a Child &#8211; Ruch Maitri - Adopcja Serca pomoc Afryce","og_description":"[vc_row content_width=&#8221;grid&#8221; css=&#8221;.vc_custom_1594797179825{padding-bottom: 50px !important;}&#8221;][vc_column][vc_empty_space height=&#8221;65px&#8221;][vc_column_text css=&#8221;.vc_custom_1592994277443{padding-right: 10px !important;padding-left: 10px !important;}&#8221;] Have a Heart Adoption &#8211; descriptions of programs [\/vc_column_text][vc_empty_space height=&#8221;14px&#8221;][vc_empty_space height=&#8221;14px&#8221;][vc_row_inner content_width=&#8221;grid&#8221; css=&#8221;.vc_custom_1586438118895{padding-bottom: 25px !important;}&#8221;][vc_column_inner offset=&#8221;vc_col-lg-4 vc_col-md-4 vc_col-xs-12&#8243;][vc_single_image image=&#8221;17440&#8243; img_size=&#8221;large&#8221; onclick=&#8221;custom_link&#8221; link=&#8221;https:\/\/www.maitri.pl\/en\/primary-school\/&#8221;][vc_empty_space height=&#8221;25px&#8221;][vc_column_text] Have a Heart Adoption Primary School 13 \u20ac\/monthly [\/vc_column_text][vc_empty_space height=&#8221;18px&#8221;][\/vc_column_inner][vc_column_inner offset=&#8221;vc_col-lg-4 vc_col-md-4 vc_col-xs-12&#8243;][vc_single_image image=&#8221;17441&#8243; img_size=&#8221;large&#8221; onclick=&#8221;custom_link&#8221; link=&#8221;https:\/\/www.maitri.pl\/en\/secondary-school\/&#8221;][vc_empty_space height=&#8221;25px&#8221;][vc_column_text] Have a Heart...","og_url":"https:\/\/www.maitri.pl\/en\/sponsor-a-child\/","og_site_name":"Ruch Maitri - Adopcja Serca pomoc Afryce","article_publisher":"https:\/\/www.facebook.com\/MAITRI.Adopcja.Serca.dzieci.Afryki\/","article_modified_time":"2020-07-15T07:20:29+00:00","twitter_card":"summary_large_image","twitter_misc":{"Est. reading time":"4 minutes"},"schema":{"@context":"https:\/\/schema.org","@graph":[{"@type":"WebPage","@id":"https:\/\/www.maitri.pl\/en\/sponsor-a-child\/","url":"https:\/\/www.maitri.pl\/en\/sponsor-a-child\/","name":"Sponsor a Child &#8211; Ruch Maitri - Adopcja Serca pomoc Afryce","isPartOf":{"@id":"https:\/\/www.maitri.pl\/#website"},"datePublished":"2020-06-24T10:25:29+00:00","dateModified":"2020-07-15T07:20:29+00:00","breadcrumb":{"@id":"https:\/\/www.maitri.pl\/en\/sponsor-a-child\/#breadcrumb"},"inLanguage":"en-US","potentialAction":[{"@type":"ReadAction","target":["https:\/\/www.maitri.pl\/en\/sponsor-a-child\/"]}]},{"@type":"BreadcrumbList","@id":"https:\/\/www.maitri.pl\/en\/sponsor-a-child\/#breadcrumb","itemListElement":[{"@type":"ListItem","position":1,"name":"Strona g\u0142\u00f3wna","item":"https:\/\/www.maitri.pl\/en\/"},{"@type":"ListItem","position":2,"name":"Sponsor a Child"}]},{"@type":"WebSite","@id":"https:\/\/www.maitri.pl\/#website","url":"https:\/\/www.maitri.pl\/","name":"Adopcja Serca Maitri \u2013 pomoc dzieciom w Afryce","description":"Adopcja Serca \u2013 adopcja na odleg\u0142o\u015b\u0107, pomoc Afryce, do\u017cywianie i edukacja w Afryce","publisher":{"@id":"https:\/\/www.maitri.pl\/#organization"},"potentialAction":[{"@type":"SearchAction","target":{"@type":"EntryPoint","urlTemplate":"https:\/\/www.maitri.pl\/?s={search_term_string}"},"query-input":{"@type":"PropertyValueSpecification","valueRequired":true,"valueName":"search_term_string"}}],"inLanguage":"en-US"},{"@type":"Organization","@id":"https:\/\/www.maitri.pl\/#organization","name":"Stowarzyszenie Ruchu Maitri","url":"https:\/\/www.maitri.pl\/","logo":{"@type":"ImageObject","inLanguage":"en-US","@id":"https:\/\/www.maitri.pl\/#\/schema\/logo\/image\/","url":"https:\/\/www.maitri.pl\/wp-content\/uploads\/2020\/04\/duze_logo-81.png","contentUrl":"https:\/\/www.maitri.pl\/wp-content\/uploads\/2020\/04\/duze_logo-81.png","width":339,"height":321,"caption":"Stowarzyszenie Ruchu Maitri"},"image":{"@id":"https:\/\/www.maitri.pl\/#\/schema\/logo\/image\/"},"sameAs":["https:\/\/www.facebook.com\/MAITRI.Adopcja.Serca.dzieci.Afryki\/"]}]}},"_links":{"self":[{"href":"https:\/\/www.maitri.pl\/en\/wp-json\/wp\/v2\/pages\/20298","targetHints":{"allow":["GET"]}}],"collection":[{"href":"https:\/\/www.maitri.pl\/en\/wp-json\/wp\/v2\/pages"}],"about":[{"href":"https:\/\/www.maitri.pl\/en\/wp-json\/wp\/v2\/types\/page"}],"author":[{"embeddable":true,"href":"https:\/\/www.maitri.pl\/en\/wp-json\/wp\/v2\/users\/1"}],"replies":[{"embeddable":true,"href":"https:\/\/www.maitri.pl\/en\/wp-json\/wp\/v2\/comments?post=20298"}],"version-history":[{"count":19,"href":"https:\/\/www.maitri.pl\/en\/wp-json\/wp\/v2\/pages\/20298\/revisions"}],"predecessor-version":[{"id":20619,"href":"https:\/\/www.maitri.pl\/en\/wp-json\/wp\/v2\/pages\/20298\/revisions\/20619"}],"wp:attachment":[{"href":"https:\/\/www.maitri.pl\/en\/wp-json\/wp\/v2\/media?parent=20298"}],"curies":[{"name":"wp","href":"https:\/\/api.w.org\/{rel}","templated":true}]}}